{"id":247253,"date":"2025-05-15T12:47:53","date_gmt":"2025-05-15T11:47:53","guid":{"rendered":"https:\/\/www.directhealthcaregroup.com\/?page_id=247253"},"modified":"2025-09-04T16:43:29","modified_gmt":"2025-09-04T15:43:29","slug":"huoltopyyntoilmoitus-nostamisen-ja-siirtamisen-apuvalineet","status":"publish","type":"page","link":"https:\/\/www.directhealthcaregroup.com\/fi\/huoltopyyntoilmoitus-nostamisen-ja-siirtamisen-apuvalineet\/","title":{"rendered":"Huoltopyynt\u00f6ilmoitus &#8211; nostamisen ja siirt\u00e4misen apuv\u00e4lineet"},"content":{"rendered":"\n<h2 class=\"wp-block-heading\"><\/h2>\n\n\n\n<script>\ndocument.addEventListener(\"DOMContentLoaded\", function () {\n    const observer = new MutationObserver(function (mutations) {\n        mutations.forEach(function (mutation) {\n            const errors = document.querySelectorAll(\".vfb-error-message\");\n            errors.forEach(function (error) {\n                if (error.textContent.includes(\"This value is required\")) {\n                    error.textContent = \"T\u00e4m\u00e4 kentt\u00e4 on pakollinen.\";\n                }\n            });\n        });\n    });\n\n    observer.observe(document.body, {\n        childList: true,\n        subtree: true\n    });\n});\n<\/script>\n\n\n\n<div style=\"height:50px\" aria-hidden=\"true\" class=\"wp-block-spacer\"><\/div>\n\n\n<form method=\"post\" enctype=\"multipart\/form-data\" id=\"vfbp-form-87\" class=\"vfbp-form\"><div style=\"display:none;\"><label for=\"vfbp-EMAIL-AN8fuQyoDLXem\">If you are human, leave this field blank.<\/label><input size=\"25\" autocomplete=\"off\" type=\"text\" name=\"vfbp-EMAIL-AN8fuQyoDLXem\" value=\"\" id=\"\"><\/div><input type=\"hidden\" name=\"_vfb-timestamp-87\" value=\"1776924349\" id=\"\"><input type=\"hidden\" name=\"_vfb-form-id\" value=\"87\" id=\"\"><div class=\"vfb-form-group vfb-col-12\"><div><div class=\"\">Huoltopyynt\u00f6ilmoitus - nostamisen ja siirt\u00e4misen apuv\u00e4lineet<\/div><span class=\"vfb-help-block\">T\u00e4yt\u00e4 lomake soveltuvin osin.\r\n\r\nHuolto arkisin klo 8-16, puh. 030 640 40 45, huolto(at)medimattress.fi.<\/span><\/div><\/div><div class=\"vfb-col-12 vfb-fieldType-heading\" id=\"vfbField1218\"><\/div><div class=\"vfb-clearfix\"><\/div><div class=\"vfb-form-group vfb-col-12\"><div><div class=\"\">Asiakkaan yhteystiedot<\/div><\/div><\/div><div class=\"vfb-col-12 vfb-fieldType-heading\" id=\"vfbField1219\"><\/div><div class=\"vfb-clearfix\"><\/div><div class=\"vfb-col-12 vfb-fieldType-text\" id=\"vfbField1220\"><div class=\"vfb-form-group\"><label for=\"vfb-field-1220\" class=\"vfb-control-label\">Nimi <span class=\"vfb-required-asterisk\">*<\/span><\/label><div><input id=\"vfb-field-1220\" class=\"vfb-form-control\" placeholder=\"\" required=\"required\" type=\"text\" name=\"vfb-field-1220\" value=\"\"><\/div><\/div><\/div><div class=\"vfb-clearfix\"><\/div><div class=\"vfb-col-12 vfb-fieldType-text\" id=\"vfbField1221\"><div class=\"vfb-form-group\"><label for=\"vfb-field-1221\" class=\"vfb-control-label\">Toimipaikka<\/label><div><input id=\"vfb-field-1221\" class=\"vfb-form-control\" placeholder=\"\" type=\"text\" name=\"vfb-field-1221\" value=\"\"><\/div><\/div><\/div><div class=\"vfb-clearfix\"><\/div><div class=\"vfb-col-12 vfb-fieldType-text\" id=\"vfbField1222\"><div class=\"vfb-form-group\"><label for=\"vfb-field-1222\" class=\"vfb-control-label\">Osasto<\/label><div><input id=\"vfb-field-1222\" class=\"vfb-form-control\" placeholder=\"\" type=\"text\" name=\"vfb-field-1222\" value=\"\"><\/div><\/div><\/div><div class=\"vfb-clearfix\"><\/div><div class=\"vfb-col-12 vfb-fieldType-text\" id=\"vfbField1223\"><div class=\"vfb-form-group\"><label for=\"vfb-field-1223\" class=\"vfb-control-label\">L\u00e4hiosoite <span class=\"vfb-required-asterisk\">*<\/span><\/label><div><input id=\"vfb-field-1223\" class=\"vfb-form-control\" placeholder=\"\" required=\"required\" type=\"text\" name=\"vfb-field-1223\" value=\"\"><\/div><\/div><\/div><div class=\"vfb-clearfix\"><\/div><div class=\"vfb-col-12 vfb-fieldType-text\" id=\"vfbField1224\"><div class=\"vfb-form-group\"><label for=\"vfb-field-1224\" class=\"vfb-control-label\">Postinumero <span class=\"vfb-required-asterisk\">*<\/span><\/label><div><input id=\"vfb-field-1224\" class=\"vfb-form-control\" placeholder=\"\" required=\"required\" type=\"text\" name=\"vfb-field-1224\" value=\"\"><\/div><\/div><\/div><div class=\"vfb-clearfix\"><\/div><div class=\"vfb-col-12 vfb-fieldType-text\" id=\"vfbField1225\"><div class=\"vfb-form-group\"><label for=\"vfb-field-1225\" class=\"vfb-control-label\">Postitoimipaikka <span class=\"vfb-required-asterisk\">*<\/span><\/label><div><input id=\"vfb-field-1225\" class=\"vfb-form-control\" placeholder=\"\" required=\"required\" type=\"text\" name=\"vfb-field-1225\" value=\"\"><\/div><\/div><\/div><div class=\"vfb-clearfix\"><\/div><div class=\"vfb-col-12 vfb-fieldType-text\" id=\"vfbField1226\"><div class=\"vfb-form-group\"><label for=\"vfb-field-1226\" class=\"vfb-control-label\">Puhelinnumero <span class=\"vfb-required-asterisk\">*<\/span><\/label><div><input id=\"vfb-field-1226\" class=\"vfb-form-control\" placeholder=\"\" required=\"required\" type=\"text\" name=\"vfb-field-1226\" value=\"\"><\/div><\/div><\/div><div class=\"vfb-clearfix\"><\/div><div class=\"vfb-col-12 vfb-fieldType-email\" id=\"vfbField1227\"><div class=\"vfb-form-group\"><label for=\"vfb-field-1227\" class=\"vfb-control-label\">S\u00e4hk\u00f6posti <span class=\"vfb-required-asterisk\">*<\/span><\/label><div><input id=\"vfb-field-1227\" class=\"vfb-form-control\" placeholder=\"\" required=\"required\" type=\"email\" name=\"vfb-field-1227\" value=\"\"><\/div><\/div><\/div><div class=\"vfb-clearfix\"><\/div><div class=\"vfb-form-group vfb-col-12\"><div><div class=\"\">Jos laite on muussa osoitteessa, niin t\u00e4yt\u00e4 alla olevat tiedot<\/div><\/div><\/div><div class=\"vfb-col-12 vfb-fieldType-heading\" id=\"vfbField1228\"><\/div><div class=\"vfb-clearfix\"><\/div><div class=\"vfb-col-12 vfb-fieldType-text\" id=\"vfbField1229\"><div class=\"vfb-form-group\"><label for=\"vfb-field-1229\" class=\"vfb-control-label\">Nimi<\/label><div><input id=\"vfb-field-1229\" class=\"vfb-form-control\" placeholder=\"\" type=\"text\" name=\"vfb-field-1229\" value=\"\"><\/div><\/div><\/div><div class=\"vfb-clearfix\"><\/div><div class=\"vfb-col-12 vfb-fieldType-text\" id=\"vfbField1230\"><div class=\"vfb-form-group\"><label for=\"vfb-field-1230\" class=\"vfb-control-label\">L\u00e4hiosoite<\/label><div><input id=\"vfb-field-1230\" class=\"vfb-form-control\" placeholder=\"\" type=\"text\" name=\"vfb-field-1230\" value=\"\"><\/div><\/div><\/div><div class=\"vfb-clearfix\"><\/div><div class=\"vfb-col-12 vfb-fieldType-text\" id=\"vfbField1231\"><div class=\"vfb-form-group\"><label for=\"vfb-field-1231\" class=\"vfb-control-label\">Postinumero<\/label><div><input id=\"vfb-field-1231\" class=\"vfb-form-control\" placeholder=\"\" type=\"text\" name=\"vfb-field-1231\" value=\"\"><\/div><\/div><\/div><div class=\"vfb-clearfix\"><\/div><div class=\"vfb-col-12 vfb-fieldType-text\" id=\"vfbField1232\"><div class=\"vfb-form-group\"><label for=\"vfb-field-1232\" class=\"vfb-control-label\">Postitoimipaikka<\/label><div><input id=\"vfb-field-1232\" class=\"vfb-form-control\" placeholder=\"\" type=\"text\" name=\"vfb-field-1232\" value=\"\"><\/div><\/div><\/div><div class=\"vfb-clearfix\"><\/div><div class=\"vfb-col-12 vfb-fieldType-text\" id=\"vfbField1233\"><div class=\"vfb-form-group\"><label for=\"vfb-field-1233\" class=\"vfb-control-label\">Puhelinnumero<\/label><div><input id=\"vfb-field-1233\" class=\"vfb-form-control\" placeholder=\"\" type=\"text\" name=\"vfb-field-1233\" value=\"\"><\/div><\/div><\/div><div class=\"vfb-clearfix\"><\/div><div class=\"vfb-col-12 vfb-fieldType-email\" id=\"vfbField1234\"><div class=\"vfb-form-group\"><label for=\"vfb-field-1234\" class=\"vfb-control-label\">S\u00e4hk\u00f6posti<\/label><div><input id=\"vfb-field-1234\" class=\"vfb-form-control\" placeholder=\"\" type=\"email\" name=\"vfb-field-1234\" value=\"\"><\/div><\/div><\/div><div class=\"vfb-clearfix\"><\/div><div class=\"vfb-form-group vfb-col-12\"><div><div class=\"\">Laitteen tiedot<\/div><\/div><\/div><div class=\"vfb-col-12 vfb-fieldType-heading\" id=\"vfbField1235\"><\/div><div class=\"vfb-clearfix\"><\/div><div class=\"vfb-col-12 vfb-fieldType-radio\" id=\"vfbField1237\"><label for=\"vfb-field-1237\" class=\"vfb-control-label\">Valitse laite <span class=\"vfb-required-asterisk\">*<\/span><\/label><div><div class=\"vfb-radio\"><label><input id=\"vfb-field-1237-0\" class=\"\" placeholder=\"\" required=\"required\" type=\"radio\" name=\"vfb-field-1237\" value=\"Raizer-nostotuoli\">Raizer-nostotuoli<\/label><\/div><div class=\"vfb-radio\"><label><input id=\"vfb-field-1237-1\" class=\"\" placeholder=\"\" required=\"required\" type=\"radio\" name=\"vfb-field-1237\" value=\"Bure&trade;-k&auml;velyp&ouml;yt&auml;\">Bure\u2122-k\u00e4velyp\u00f6yt\u00e4<\/label><\/div><div class=\"vfb-radio\"><label><input id=\"vfb-field-1237-2\" class=\"\" placeholder=\"\" required=\"required\" type=\"radio\" name=\"vfb-field-1237\" value=\"MiniLift-seisomanojanostin\">MiniLift-seisomanojanostin<\/label><\/div><div class=\"vfb-radio\"><label><input id=\"vfb-field-1237-3\" class=\"\" placeholder=\"\" required=\"required\" type=\"radio\" name=\"vfb-field-1237\" value=\"Carina-potilasnostin\">Carina-potilasnostin<\/label><\/div><div class=\"vfb-radio\"><label><input id=\"vfb-field-1237-4\" class=\"\" placeholder=\"\" required=\"required\" type=\"radio\" name=\"vfb-field-1237\" value=\"Eva-potilasnostin\">Eva-potilasnostin<\/label><\/div><div class=\"vfb-radio\"><label><input id=\"vfb-field-1237-5\" class=\"\" placeholder=\"\" required=\"required\" type=\"radio\" name=\"vfb-field-1237\" value=\"Vega-potilasnostin\">Vega-potilasnostin<\/label><\/div><div class=\"vfb-radio\"><label><input id=\"vfb-field-1237-6\" class=\"\" placeholder=\"\" required=\"required\" type=\"radio\" name=\"vfb-field-1237\" value=\"Muu\">Muu<\/label><\/div><\/div><\/div><div class=\"vfb-clearfix\"><\/div><div class=\"vfb-col-12 vfb-fieldType-text\" id=\"vfbField1238\"><div class=\"vfb-form-group\"><label for=\"vfb-field-1238\" class=\"vfb-control-label\">Jos valitsit laitteeksi \u201cMuu\u201d, t\u00e4yt\u00e4 alla oleva kentt\u00e4 tarkentaaksesi laite<\/label><div><input id=\"vfb-field-1238\" class=\"vfb-form-control\" placeholder=\"\" type=\"text\" name=\"vfb-field-1238\" value=\"\"><\/div><\/div><\/div><div class=\"vfb-clearfix\"><\/div><div class=\"vfb-col-12 vfb-fieldType-textarea\" id=\"vfbField1239\"><div class=\"vfb-form-group\"><label for=\"vfb-field-1239\" class=\"vfb-control-label\">Lyhyt kuvaus huollon tarpeesta<\/label><div><textarea id=\"vfb-field-1239\" class=\"vfb-form-control\" placeholder=\"\" rows=\"12\" name=\"vfb-field-1239\" cols=\"50\"><\/textarea><\/div><\/div><\/div><div class=\"vfb-clearfix\"><\/div><div class=\"vfb-col-12 vfb-fieldType-checkbox\" id=\"vfbField1240\"><label for=\"vfb-field-1240\" class=\"vfb-control-label\">Huoltopyynn\u00f6n vahvistaminen <span class=\"vfb-required-asterisk\">*<\/span><\/label><div><div class=\"vfb-checkbox\"><label><input id=\"vfb-field-1240-0\" class=\"\" placeholder=\"\" data-vfb-multiple=\"vfb-field-1240\" required=\"required\" type=\"checkbox\" name=\"vfb-field-1240[0]\" value=\"1\"><p>Vahvistan huoltopyynn\u00f6n ja hyv\u00e4ksyn <a href=\"https:\/\/www.directhealthcaregroup.com\/app\/uploads\/MediMattressin-tietosuojaseloste-A4-4-12-2019.pdf\" target=\"_blank\">tietosuojaselosteen<\/a>.<\/p><\/label><\/div><\/div><\/div><div class=\"vfb-clearfix\"><\/div><div class=\"vfb-col-12 vfb-fieldType-submit\" id=\"vfbField1241\"><button id=\"vfb-field-1241\" class=\" btn btn-primary\" placeholder=\"\" type=\"submit\" name=\"_vfb-submit\">L\u00e4het\u00e4<\/button><\/div><div class=\"vfb-clearfix\"><\/div><\/form>\n\n\n\n<p><\/p>\n","protected":false},"excerpt":{"rendered":"","protected":false},"author":102,"featured_media":0,"parent":0,"menu_order":0,"comment_status":"closed","ping_status":"closed","template":"","meta":{"_acf_changed":false,"footnotes":""},"class_list":["post-247253","page","type-page","status-publish","hentry"],"acf":[],"yoast_head":"<!-- This site is optimized with the Yoast SEO plugin v27.4 - https:\/\/yoast.com\/product\/yoast-seo-wordpress\/ -->\n<title>Huoltopyynt\u00f6ilmoitus - nostamisen ja siirt\u00e4misen apuv\u00e4lineet | DHG<\/title>\n<meta name=\"robots\" content=\"index, follow, max-snippet:-1, max-image-preview:large, max-video-preview:-1\" \/>\n<link rel=\"canonical\" href=\"https:\/\/www.directhealthcaregroup.com\/fi\/huoltopyyntoilmoitus-nostamisen-ja-siirtamisen-apuvalineet\/\" \/>\n<meta property=\"og:locale\" content=\"fi_FI\" \/>\n<meta property=\"og:type\" content=\"article\" \/>\n<meta property=\"og:title\" content=\"Huoltopyynt\u00f6ilmoitus - nostamisen ja siirt\u00e4misen apuv\u00e4lineet | DHG\" \/>\n<meta property=\"og:url\" content=\"https:\/\/www.directhealthcaregroup.com\/fi\/huoltopyyntoilmoitus-nostamisen-ja-siirtamisen-apuvalineet\/\" \/>\n<meta property=\"og:site_name\" content=\"DHG\" \/>\n<meta property=\"article:modified_time\" content=\"2025-09-04T15:43:29+00:00\" \/>\n<meta name=\"twitter:card\" content=\"summary_large_image\" \/>\n<script type=\"application\/ld+json\" class=\"yoast-schema-graph\">{\"@context\":\"https:\\\/\\\/schema.org\",\"@graph\":[{\"@type\":\"WebPage\",\"@id\":\"https:\\\/\\\/www.directhealthcaregroup.com\\\/fi\\\/huoltopyyntoilmoitus-nostamisen-ja-siirtamisen-apuvalineet\\\/\",\"url\":\"https:\\\/\\\/www.directhealthcaregroup.com\\\/fi\\\/huoltopyyntoilmoitus-nostamisen-ja-siirtamisen-apuvalineet\\\/\",\"name\":\"Huoltopyynt\u00f6ilmoitus - nostamisen ja siirt\u00e4misen apuv\u00e4lineet | DHG\",\"isPartOf\":{\"@id\":\"https:\\\/\\\/www.directhealthcaregroup.com\\\/#website\"},\"datePublished\":\"2025-05-15T11:47:53+00:00\",\"dateModified\":\"2025-09-04T15:43:29+00:00\",\"breadcrumb\":{\"@id\":\"https:\\\/\\\/www.directhealthcaregroup.com\\\/fi\\\/huoltopyyntoilmoitus-nostamisen-ja-siirtamisen-apuvalineet\\\/#breadcrumb\"},\"inLanguage\":\"fi\",\"potentialAction\":[{\"@type\":\"ReadAction\",\"target\":[\"https:\\\/\\\/www.directhealthcaregroup.com\\\/fi\\\/huoltopyyntoilmoitus-nostamisen-ja-siirtamisen-apuvalineet\\\/\"]}]},{\"@type\":\"BreadcrumbList\",\"@id\":\"https:\\\/\\\/www.directhealthcaregroup.com\\\/fi\\\/huoltopyyntoilmoitus-nostamisen-ja-siirtamisen-apuvalineet\\\/#breadcrumb\",\"itemListElement\":[{\"@type\":\"ListItem\",\"position\":1,\"name\":\"Home\",\"item\":\"https:\\\/\\\/www.directhealthcaregroup.com\\\/fi\\\/\"},{\"@type\":\"ListItem\",\"position\":2,\"name\":\"Huoltopyynt\u00f6ilmoitus &#8211; nostamisen ja siirt\u00e4misen apuv\u00e4lineet\"}]},{\"@type\":\"WebSite\",\"@id\":\"https:\\\/\\\/www.directhealthcaregroup.com\\\/#website\",\"url\":\"https:\\\/\\\/www.directhealthcaregroup.com\\\/\",\"name\":\"DHG\",\"description\":\"Moving Health Forward\",\"publisher\":{\"@id\":\"https:\\\/\\\/www.directhealthcaregroup.com\\\/#organization\"},\"potentialAction\":[{\"@type\":\"SearchAction\",\"target\":{\"@type\":\"EntryPoint\",\"urlTemplate\":\"https:\\\/\\\/www.directhealthcaregroup.com\\\/?s={search_term_string}\"},\"query-input\":{\"@type\":\"PropertyValueSpecification\",\"valueRequired\":true,\"valueName\":\"search_term_string\"}}],\"inLanguage\":\"fi\"},{\"@type\":\"Organization\",\"@id\":\"https:\\\/\\\/www.directhealthcaregroup.com\\\/#organization\",\"name\":\"Direct Healthcare Group\",\"url\":\"https:\\\/\\\/www.directhealthcaregroup.com\\\/\",\"logo\":{\"@type\":\"ImageObject\",\"inLanguage\":\"fi\",\"@id\":\"https:\\\/\\\/www.directhealthcaregroup.com\\\/#\\\/schema\\\/logo\\\/image\\\/\",\"url\":\"https:\\\/\\\/directhealthcaregroup.com\\\/app\\\/uploads\\\/dhg-logo.png\",\"contentUrl\":\"https:\\\/\\\/directhealthcaregroup.com\\\/app\\\/uploads\\\/dhg-logo.png\",\"width\":556,\"height\":240,\"caption\":\"Direct Healthcare Group\"},\"image\":{\"@id\":\"https:\\\/\\\/www.directhealthcaregroup.com\\\/#\\\/schema\\\/logo\\\/image\\\/\"}}]}<\/script>\n<!-- \/ Yoast SEO plugin. -->","yoast_head_json":{"title":"Huoltopyynt\u00f6ilmoitus - nostamisen ja siirt\u00e4misen apuv\u00e4lineet | DHG","robots":{"index":"index","follow":"follow","max-snippet":"max-snippet:-1","max-image-preview":"max-image-preview:large","max-video-preview":"max-video-preview:-1"},"canonical":"https:\/\/www.directhealthcaregroup.com\/fi\/huoltopyyntoilmoitus-nostamisen-ja-siirtamisen-apuvalineet\/","og_locale":"fi_FI","og_type":"article","og_title":"Huoltopyynt\u00f6ilmoitus - nostamisen ja siirt\u00e4misen apuv\u00e4lineet | DHG","og_url":"https:\/\/www.directhealthcaregroup.com\/fi\/huoltopyyntoilmoitus-nostamisen-ja-siirtamisen-apuvalineet\/","og_site_name":"DHG","article_modified_time":"2025-09-04T15:43:29+00:00","twitter_card":"summary_large_image","schema":{"@context":"https:\/\/schema.org","@graph":[{"@type":"WebPage","@id":"https:\/\/www.directhealthcaregroup.com\/fi\/huoltopyyntoilmoitus-nostamisen-ja-siirtamisen-apuvalineet\/","url":"https:\/\/www.directhealthcaregroup.com\/fi\/huoltopyyntoilmoitus-nostamisen-ja-siirtamisen-apuvalineet\/","name":"Huoltopyynt\u00f6ilmoitus - nostamisen ja siirt\u00e4misen apuv\u00e4lineet | DHG","isPartOf":{"@id":"https:\/\/www.directhealthcaregroup.com\/#website"},"datePublished":"2025-05-15T11:47:53+00:00","dateModified":"2025-09-04T15:43:29+00:00","breadcrumb":{"@id":"https:\/\/www.directhealthcaregroup.com\/fi\/huoltopyyntoilmoitus-nostamisen-ja-siirtamisen-apuvalineet\/#breadcrumb"},"inLanguage":"fi","potentialAction":[{"@type":"ReadAction","target":["https:\/\/www.directhealthcaregroup.com\/fi\/huoltopyyntoilmoitus-nostamisen-ja-siirtamisen-apuvalineet\/"]}]},{"@type":"BreadcrumbList","@id":"https:\/\/www.directhealthcaregroup.com\/fi\/huoltopyyntoilmoitus-nostamisen-ja-siirtamisen-apuvalineet\/#breadcrumb","itemListElement":[{"@type":"ListItem","position":1,"name":"Home","item":"https:\/\/www.directhealthcaregroup.com\/fi\/"},{"@type":"ListItem","position":2,"name":"Huoltopyynt\u00f6ilmoitus &#8211; nostamisen ja siirt\u00e4misen apuv\u00e4lineet"}]},{"@type":"WebSite","@id":"https:\/\/www.directhealthcaregroup.com\/#website","url":"https:\/\/www.directhealthcaregroup.com\/","name":"DHG","description":"Moving Health Forward","publisher":{"@id":"https:\/\/www.directhealthcaregroup.com\/#organization"},"potentialAction":[{"@type":"SearchAction","target":{"@type":"EntryPoint","urlTemplate":"https:\/\/www.directhealthcaregroup.com\/?s={search_term_string}"},"query-input":{"@type":"PropertyValueSpecification","valueRequired":true,"valueName":"search_term_string"}}],"inLanguage":"fi"},{"@type":"Organization","@id":"https:\/\/www.directhealthcaregroup.com\/#organization","name":"Direct Healthcare Group","url":"https:\/\/www.directhealthcaregroup.com\/","logo":{"@type":"ImageObject","inLanguage":"fi","@id":"https:\/\/www.directhealthcaregroup.com\/#\/schema\/logo\/image\/","url":"https:\/\/directhealthcaregroup.com\/app\/uploads\/dhg-logo.png","contentUrl":"https:\/\/directhealthcaregroup.com\/app\/uploads\/dhg-logo.png","width":556,"height":240,"caption":"Direct Healthcare Group"},"image":{"@id":"https:\/\/www.directhealthcaregroup.com\/#\/schema\/logo\/image\/"}}]}},"_links":{"self":[{"href":"https:\/\/www.directhealthcaregroup.com\/fi\/wp-json\/wp\/v2\/pages\/247253","targetHints":{"allow":["GET"]}}],"collection":[{"href":"https:\/\/www.directhealthcaregroup.com\/fi\/wp-json\/wp\/v2\/pages"}],"about":[{"href":"https:\/\/www.directhealthcaregroup.com\/fi\/wp-json\/wp\/v2\/types\/page"}],"author":[{"embeddable":true,"href":"https:\/\/www.directhealthcaregroup.com\/fi\/wp-json\/wp\/v2\/users\/102"}],"replies":[{"embeddable":true,"href":"https:\/\/www.directhealthcaregroup.com\/fi\/wp-json\/wp\/v2\/comments?post=247253"}],"version-history":[{"count":8,"href":"https:\/\/www.directhealthcaregroup.com\/fi\/wp-json\/wp\/v2\/pages\/247253\/revisions"}],"predecessor-version":[{"id":250071,"href":"https:\/\/www.directhealthcaregroup.com\/fi\/wp-json\/wp\/v2\/pages\/247253\/revisions\/250071"}],"wp:attachment":[{"href":"https:\/\/www.directhealthcaregroup.com\/fi\/wp-json\/wp\/v2\/media?parent=247253"}],"curies":[{"name":"wp","href":"https:\/\/api.w.org\/{rel}","templated":true}]}}