{"id":247320,"date":"2025-05-19T09:19:47","date_gmt":"2025-05-19T08:19:47","guid":{"rendered":"https:\/\/www.directhealthcaregroup.com\/?page_id=247320"},"modified":"2025-08-26T12:48:15","modified_gmt":"2025-08-26T11:48:15","slug":"yhteydenottolomake","status":"publish","type":"page","link":"https:\/\/www.directhealthcaregroup.com\/fi\/yhteydenottolomake\/","title":{"rendered":"Yhteydenottolomake"},"content":{"rendered":"\n<script>\ndocument.addEventListener(\"DOMContentLoaded\", function () {\n    const observer = new MutationObserver(function (mutations) {\n        mutations.forEach(function (mutation) {\n            const errors = document.querySelectorAll(\".vfb-error-message\");\n            errors.forEach(function (error) {\n                if (error.textContent.includes(\"This value is required\")) {\n                    error.textContent = \"T\u00e4m\u00e4 kentt\u00e4 on pakollinen.\";\n                }\n            });\n        });\n    });\n\n    observer.observe(document.body, {\n        childList: true,\n        subtree: true\n    });\n});\n<\/script>\n\n\n\n<p class=\"has-medium-font-size\">Onko sinulla kysytt\u00e4v\u00e4\u00e4 tai haluatko antaa palautetta? L\u00e4het\u00e4 meille viesti helposti alla olevan lomakkeen kautta.<\/p>\n\n\n\n<div style=\"height:10px\" aria-hidden=\"true\" class=\"wp-block-spacer\"><\/div>\n\n\n\n<p><\/p>\n\n\n\n<form method=\"post\" enctype=\"multipart\/form-data\" id=\"vfbp-form-88\" class=\"vfbp-form\"><div style=\"display:none;\"><label for=\"vfbp-EMAIL-AN8fuQyoDLXem\">If you are human, leave this field blank.<\/label><input size=\"25\" autocomplete=\"off\" type=\"text\" name=\"vfbp-EMAIL-AN8fuQyoDLXem\" value=\"\" id=\"\"><\/div><input type=\"hidden\" name=\"_vfb-timestamp-88\" value=\"1775687899\" id=\"\"><input type=\"hidden\" name=\"_vfb-form-id\" value=\"88\" id=\"\"><div class=\"vfb-col-12 vfb-fieldType-text\" id=\"vfbField1243\"><div class=\"vfb-form-group\"><label for=\"vfb-field-1243\" class=\"vfb-control-label\">Nimi <span class=\"vfb-required-asterisk\">*<\/span><\/label><div><input id=\"vfb-field-1243\" class=\"vfb-form-control\" placeholder=\"\" required=\"required\" type=\"text\" name=\"vfb-field-1243\" value=\"\"><\/div><\/div><\/div><div class=\"vfb-clearfix\"><\/div><div class=\"vfb-col-12 vfb-fieldType-text\" id=\"vfbField1244\"><div class=\"vfb-form-group\"><label for=\"vfb-field-1244\" class=\"vfb-control-label\">Yritys<\/label><div><input id=\"vfb-field-1244\" class=\"vfb-form-control\" placeholder=\"\" type=\"text\" name=\"vfb-field-1244\" value=\"\"><\/div><\/div><\/div><div class=\"vfb-clearfix\"><\/div><div class=\"vfb-col-12 vfb-fieldType-text\" id=\"vfbField1245\"><div class=\"vfb-form-group\"><label for=\"vfb-field-1245\" class=\"vfb-control-label\">Puhelin<\/label><div><input id=\"vfb-field-1245\" class=\"vfb-form-control\" placeholder=\"\" type=\"text\" name=\"vfb-field-1245\" value=\"\"><\/div><\/div><\/div><div class=\"vfb-clearfix\"><\/div><div class=\"vfb-col-12 vfb-fieldType-email\" id=\"vfbField1247\"><div class=\"vfb-form-group\"><label for=\"vfb-field-1247\" class=\"vfb-control-label\">S\u00e4hk\u00f6posti <span class=\"vfb-required-asterisk\">*<\/span><\/label><div><input id=\"vfb-field-1247\" class=\"vfb-form-control\" placeholder=\"\" required=\"required\" type=\"email\" name=\"vfb-field-1247\" value=\"\"><\/div><\/div><\/div><div class=\"vfb-clearfix\"><\/div><div class=\"vfb-col-12 vfb-fieldType-select\" id=\"vfbField1248\"><label for=\"vfb-field-1248\" class=\"vfb-control-label\">Aihe <span class=\"vfb-required-asterisk\">*<\/span><\/label><div><div class=\"vfb-form-group\"><select id=\"vfb-field-1248\" class=\"vfb-form-control\" placeholder=\"\" required=\"required\" name=\"vfb-field-1248\"><option value=\"\" selected=\"selected\"><\/option><option value=\"Palaute\">Palaute<\/option><option value=\"Myynti\">Myynti<\/option><option value=\"Reklamaatio\">Reklamaatio<\/option><option value=\"Laskutus\">Laskutus<\/option><option value=\"Muu\">Muu<\/option><\/select><\/div><\/div><\/div><div class=\"vfb-clearfix\"><\/div><div class=\"vfb-col-12 vfb-fieldType-textarea\" id=\"vfbField1249\"><div class=\"vfb-form-group\"><label for=\"vfb-field-1249\" class=\"vfb-control-label\">Viesti <span class=\"vfb-required-asterisk\">*<\/span><\/label><div><textarea id=\"vfb-field-1249\" class=\"vfb-form-control\" placeholder=\"\" required=\"required\" rows=\"12\" name=\"vfb-field-1249\" cols=\"50\"><\/textarea><\/div><\/div><\/div><div class=\"vfb-clearfix\"><\/div><div class=\"vfb-col-12 vfb-fieldType-checkbox\" id=\"vfbField1250\"><label for=\"vfb-field-1250\" class=\"vfb-control-label\">Yhteydenoton vahvistaminen <span class=\"vfb-required-asterisk\">*<\/span><\/label><div><div class=\"vfb-checkbox\"><label><input id=\"vfb-field-1250-0\" class=\"\" placeholder=\"\" data-vfb-multiple=\"vfb-field-1250\" required=\"required\" type=\"checkbox\" name=\"vfb-field-1250[0]\" value=\"1\"><p>Vahvistan yhteydenoton ja hyv\u00e4ksyn <a href=\"https:\/\/www.directhealthcaregroup.com\/app\/uploads\/MediMattressin-tietosuojaseloste-A4-4-12-2019.pdf\" target=\"_blank\">tietosuojaselosteen<\/a>.<\/p><\/label><\/div><\/div><\/div><div class=\"vfb-clearfix\"><\/div><div class=\"vfb-col-12 vfb-fieldType-submit\" id=\"vfbField1251\"><button id=\"vfb-field-1251\" class=\" btn btn-primary\" placeholder=\"\" type=\"submit\" name=\"_vfb-submit\">L\u00e4het\u00e4<\/button><\/div><div class=\"vfb-clearfix\"><\/div><\/form>\n","protected":false},"excerpt":{"rendered":"<p>Onko sinulla kysytt\u00e4v\u00e4\u00e4 tai haluatko antaa palautetta? L\u00e4het\u00e4 meille viesti helposti alla olevan lomakkeen kautta.<\/p>\n","protected":false},"author":102,"featured_media":0,"parent":0,"menu_order":0,"comment_status":"closed","ping_status":"closed","template":"","meta":{"_acf_changed":false,"footnotes":""},"class_list":["post-247320","page","type-page","status-publish","hentry"],"acf":[],"yoast_head":"<!-- This site is optimized with the Yoast SEO plugin v26.6 - https:\/\/yoast.com\/wordpress\/plugins\/seo\/ -->\n<title>Yhteydenottolomake | DHG<\/title>\n<meta name=\"robots\" content=\"index, follow, max-snippet:-1, max-image-preview:large, max-video-preview:-1\" \/>\n<link rel=\"canonical\" href=\"https:\/\/www.directhealthcaregroup.com\/fi\/yhteydenottolomake\/\" \/>\n<meta property=\"og:locale\" content=\"fi_FI\" \/>\n<meta property=\"og:type\" content=\"article\" \/>\n<meta property=\"og:title\" content=\"Yhteydenottolomake | DHG\" \/>\n<meta property=\"og:description\" content=\"Onko sinulla kysytt\u00e4v\u00e4\u00e4 tai haluatko antaa palautetta? L\u00e4het\u00e4 meille viesti helposti alla olevan lomakkeen kautta.\" \/>\n<meta property=\"og:url\" content=\"https:\/\/www.directhealthcaregroup.com\/fi\/yhteydenottolomake\/\" \/>\n<meta property=\"og:site_name\" content=\"DHG\" \/>\n<meta property=\"article:modified_time\" content=\"2025-08-26T11:48:15+00:00\" \/>\n<meta name=\"twitter:card\" content=\"summary_large_image\" \/>\n<script type=\"application\/ld+json\" class=\"yoast-schema-graph\">{\"@context\":\"https:\/\/schema.org\",\"@graph\":[{\"@type\":\"WebPage\",\"@id\":\"https:\/\/www.directhealthcaregroup.com\/fi\/yhteydenottolomake\/\",\"url\":\"https:\/\/www.directhealthcaregroup.com\/fi\/yhteydenottolomake\/\",\"name\":\"Yhteydenottolomake | DHG\",\"isPartOf\":{\"@id\":\"https:\/\/www.directhealthcaregroup.com\/#website\"},\"datePublished\":\"2025-05-19T08:19:47+00:00\",\"dateModified\":\"2025-08-26T11:48:15+00:00\",\"breadcrumb\":{\"@id\":\"https:\/\/www.directhealthcaregroup.com\/fi\/yhteydenottolomake\/#breadcrumb\"},\"inLanguage\":\"fi\",\"potentialAction\":[{\"@type\":\"ReadAction\",\"target\":[\"https:\/\/www.directhealthcaregroup.com\/fi\/yhteydenottolomake\/\"]}]},{\"@type\":\"BreadcrumbList\",\"@id\":\"https:\/\/www.directhealthcaregroup.com\/fi\/yhteydenottolomake\/#breadcrumb\",\"itemListElement\":[{\"@type\":\"ListItem\",\"position\":1,\"name\":\"Home\",\"item\":\"https:\/\/www.directhealthcaregroup.com\/fi\/\"},{\"@type\":\"ListItem\",\"position\":2,\"name\":\"Yhteydenottolomake\"}]},{\"@type\":\"WebSite\",\"@id\":\"https:\/\/www.directhealthcaregroup.com\/#website\",\"url\":\"https:\/\/www.directhealthcaregroup.com\/\",\"name\":\"DHG\",\"description\":\"Moving Health Forward\",\"publisher\":{\"@id\":\"https:\/\/www.directhealthcaregroup.com\/#organization\"},\"potentialAction\":[{\"@type\":\"SearchAction\",\"target\":{\"@type\":\"EntryPoint\",\"urlTemplate\":\"https:\/\/www.directhealthcaregroup.com\/?s={search_term_string}\"},\"query-input\":{\"@type\":\"PropertyValueSpecification\",\"valueRequired\":true,\"valueName\":\"search_term_string\"}}],\"inLanguage\":\"fi\"},{\"@type\":\"Organization\",\"@id\":\"https:\/\/www.directhealthcaregroup.com\/#organization\",\"name\":\"Direct Healthcare Group\",\"url\":\"https:\/\/www.directhealthcaregroup.com\/\",\"logo\":{\"@type\":\"ImageObject\",\"inLanguage\":\"fi\",\"@id\":\"https:\/\/www.directhealthcaregroup.com\/#\/schema\/logo\/image\/\",\"url\":\"https:\/\/directhealthcaregroup.com\/app\/uploads\/dhg-logo.png\",\"contentUrl\":\"https:\/\/directhealthcaregroup.com\/app\/uploads\/dhg-logo.png\",\"width\":556,\"height\":240,\"caption\":\"Direct Healthcare Group\"},\"image\":{\"@id\":\"https:\/\/www.directhealthcaregroup.com\/#\/schema\/logo\/image\/\"}}]}<\/script>\n<!-- \/ Yoast SEO plugin. -->","yoast_head_json":{"title":"Yhteydenottolomake | DHG","robots":{"index":"index","follow":"follow","max-snippet":"max-snippet:-1","max-image-preview":"max-image-preview:large","max-video-preview":"max-video-preview:-1"},"canonical":"https:\/\/www.directhealthcaregroup.com\/fi\/yhteydenottolomake\/","og_locale":"fi_FI","og_type":"article","og_title":"Yhteydenottolomake | DHG","og_description":"Onko sinulla kysytt\u00e4v\u00e4\u00e4 tai haluatko antaa palautetta? L\u00e4het\u00e4 meille viesti helposti alla olevan lomakkeen kautta.","og_url":"https:\/\/www.directhealthcaregroup.com\/fi\/yhteydenottolomake\/","og_site_name":"DHG","article_modified_time":"2025-08-26T11:48:15+00:00","twitter_card":"summary_large_image","schema":{"@context":"https:\/\/schema.org","@graph":[{"@type":"WebPage","@id":"https:\/\/www.directhealthcaregroup.com\/fi\/yhteydenottolomake\/","url":"https:\/\/www.directhealthcaregroup.com\/fi\/yhteydenottolomake\/","name":"Yhteydenottolomake | DHG","isPartOf":{"@id":"https:\/\/www.directhealthcaregroup.com\/#website"},"datePublished":"2025-05-19T08:19:47+00:00","dateModified":"2025-08-26T11:48:15+00:00","breadcrumb":{"@id":"https:\/\/www.directhealthcaregroup.com\/fi\/yhteydenottolomake\/#breadcrumb"},"inLanguage":"fi","potentialAction":[{"@type":"ReadAction","target":["https:\/\/www.directhealthcaregroup.com\/fi\/yhteydenottolomake\/"]}]},{"@type":"BreadcrumbList","@id":"https:\/\/www.directhealthcaregroup.com\/fi\/yhteydenottolomake\/#breadcrumb","itemListElement":[{"@type":"ListItem","position":1,"name":"Home","item":"https:\/\/www.directhealthcaregroup.com\/fi\/"},{"@type":"ListItem","position":2,"name":"Yhteydenottolomake"}]},{"@type":"WebSite","@id":"https:\/\/www.directhealthcaregroup.com\/#website","url":"https:\/\/www.directhealthcaregroup.com\/","name":"DHG","description":"Moving Health Forward","publisher":{"@id":"https:\/\/www.directhealthcaregroup.com\/#organization"},"potentialAction":[{"@type":"SearchAction","target":{"@type":"EntryPoint","urlTemplate":"https:\/\/www.directhealthcaregroup.com\/?s={search_term_string}"},"query-input":{"@type":"PropertyValueSpecification","valueRequired":true,"valueName":"search_term_string"}}],"inLanguage":"fi"},{"@type":"Organization","@id":"https:\/\/www.directhealthcaregroup.com\/#organization","name":"Direct Healthcare Group","url":"https:\/\/www.directhealthcaregroup.com\/","logo":{"@type":"ImageObject","inLanguage":"fi","@id":"https:\/\/www.directhealthcaregroup.com\/#\/schema\/logo\/image\/","url":"https:\/\/directhealthcaregroup.com\/app\/uploads\/dhg-logo.png","contentUrl":"https:\/\/directhealthcaregroup.com\/app\/uploads\/dhg-logo.png","width":556,"height":240,"caption":"Direct Healthcare Group"},"image":{"@id":"https:\/\/www.directhealthcaregroup.com\/#\/schema\/logo\/image\/"}}]}},"_links":{"self":[{"href":"https:\/\/www.directhealthcaregroup.com\/fi\/wp-json\/wp\/v2\/pages\/247320","targetHints":{"allow":["GET"]}}],"collection":[{"href":"https:\/\/www.directhealthcaregroup.com\/fi\/wp-json\/wp\/v2\/pages"}],"about":[{"href":"https:\/\/www.directhealthcaregroup.com\/fi\/wp-json\/wp\/v2\/types\/page"}],"author":[{"embeddable":true,"href":"https:\/\/www.directhealthcaregroup.com\/fi\/wp-json\/wp\/v2\/users\/102"}],"replies":[{"embeddable":true,"href":"https:\/\/www.directhealthcaregroup.com\/fi\/wp-json\/wp\/v2\/comments?post=247320"}],"version-history":[{"count":14,"href":"https:\/\/www.directhealthcaregroup.com\/fi\/wp-json\/wp\/v2\/pages\/247320\/revisions"}],"predecessor-version":[{"id":247366,"href":"https:\/\/www.directhealthcaregroup.com\/fi\/wp-json\/wp\/v2\/pages\/247320\/revisions\/247366"}],"wp:attachment":[{"href":"https:\/\/www.directhealthcaregroup.com\/fi\/wp-json\/wp\/v2\/media?parent=247320"}],"curies":[{"name":"wp","href":"https:\/\/api.w.org\/{rel}","templated":true}]}}