{"id":247886,"date":"2017-12-07T15:41:32","date_gmt":"2017-12-07T15:41:32","guid":{"rendered":"https:\/\/www.directhealthcaregroup.com\/advancing-movement-health\/"},"modified":"2025-09-22T12:01:46","modified_gmt":"2025-09-22T11:01:46","slug":"advancing-movement-health","status":"publish","type":"page","link":"https:\/\/www.directhealthcaregroup.com\/fi\/","title":{"rendered":"Advancing Movement &#038; Health"},"content":{"rendered":"<p class=\"lead\" style=\"text-align: center;\">DHG Suomi \/ MediMattress Oy toimittaa potilasturvallisia, tutkittuja ja toimivia l\u00e4\u00e4kint\u00e4laitteita terveydenhuoltoon. DHG Suomi \/ MediMattress Oy on erikoistunut potilasturvallisten ja tutkitusti vaikuttavimpien painehaavoja ennaltaehk\u00e4isevien ja hoitavien ratkaisujen valmistukseen. Valikoimaamme kuuluu innovatiivisia ja palkittuja tuotteita, kuten painehaavamakuualustoja sek\u00e4 nostamisen, siirt\u00e4misen ja asentohoidon apuv\u00e4lineit\u00e4 ja p\u00e4\u00e4llisi\u00e4.<\/p>\n\n\n<p><\/p>\n","protected":false},"excerpt":{"rendered":"<p>DHG Suomi \/ MediMattress Oy toimittaa potilasturvallisia, tutkittuja ja toimivia l\u00e4\u00e4kint\u00e4laitteita terveydenhuoltoon. DHG Suomi \/ MediMattress Oy on erikoistunut potilasturvallisten ja tutkitusti vaikuttavimpien painehaavoja ennaltaehk\u00e4isevien ja hoitavien ratkaisujen valmistukseen. Valikoimaamme kuuluu innovatiivisia ja palkittuja tuotteita, kuten painehaavamakuualustoja sek\u00e4 nostamisen, siirt\u00e4misen ja asentohoidon apuv\u00e4lineit\u00e4 ja p\u00e4\u00e4llisi\u00e4.<\/p>\n","protected":false},"author":1,"featured_media":0,"parent":0,"menu_order":0,"comment_status":"closed","ping_status":"closed","template":"","meta":{"_acf_changed":false,"footnotes":""},"class_list":["post-247886","page","type-page","status-publish","hentry"],"acf":[],"yoast_head":"<!-- This site is optimized with the Yoast SEO plugin v27.4 - https:\/\/yoast.com\/product\/yoast-seo-wordpress\/ -->\n<title>Advancing Movement &amp; Health | DHG<\/title>\n<meta name=\"description\" content=\"DHG Suomi \/ MediMattress Oy toimittaa potilasturvallisia, tutkittuja ja toimivia l\u00e4\u00e4kint\u00e4laitteita terveydenhuoltoon. DHG Suomi \/ MediMattress Oy on erikoistunut potilasturvallisten ja tutkitusti vaikuttavimpien painehaavoja ennaltaehk\u00e4isevien ja hoitavien ratkaisujen valmistukseen. Valikoimaamme kuuluu innovatiivisia ja palkittuja tuotteita, kuten painehaavamakuualustoja sek\u00e4 nostamisen, siirt\u00e4misen ja asentohoidon apuv\u00e4lineit\u00e4 ja p\u00e4\u00e4llisi\u00e4.\" \/>\n<meta name=\"robots\" content=\"index, follow, max-snippet:-1, max-image-preview:large, max-video-preview:-1\" \/>\n<link rel=\"canonical\" href=\"https:\/\/www.directhealthcaregroup.com\/fi\/\" \/>\n<meta property=\"og:locale\" content=\"fi_FI\" \/>\n<meta property=\"og:type\" content=\"article\" \/>\n<meta property=\"og:title\" content=\"Advancing Movement &amp; Health | DHG\" \/>\n<meta property=\"og:description\" content=\"DHG Suomi \/ MediMattress Oy toimittaa potilasturvallisia, tutkittuja ja toimivia l\u00e4\u00e4kint\u00e4laitteita terveydenhuoltoon. DHG Suomi \/ MediMattress Oy on erikoistunut potilasturvallisten ja tutkitusti vaikuttavimpien painehaavoja ennaltaehk\u00e4isevien ja hoitavien ratkaisujen valmistukseen. Valikoimaamme kuuluu innovatiivisia ja palkittuja tuotteita, kuten painehaavamakuualustoja sek\u00e4 nostamisen, siirt\u00e4misen ja asentohoidon apuv\u00e4lineit\u00e4 ja p\u00e4\u00e4llisi\u00e4.\" \/>\n<meta property=\"og:url\" content=\"https:\/\/www.directhealthcaregroup.com\/fi\/\" \/>\n<meta property=\"og:site_name\" content=\"DHG\" \/>\n<meta property=\"article:modified_time\" content=\"2025-09-22T11:01:46+00:00\" \/>\n<meta name=\"twitter:card\" content=\"summary_large_image\" \/>\n<script type=\"application\/ld+json\" class=\"yoast-schema-graph\">{\"@context\":\"https:\\\/\\\/schema.org\",\"@graph\":[{\"@type\":\"WebPage\",\"@id\":\"https:\\\/\\\/www.directhealthcaregroup.com\\\/fi\\\/\",\"url\":\"https:\\\/\\\/www.directhealthcaregroup.com\\\/fi\\\/\",\"name\":\"Advancing Movement & Health | DHG\",\"isPartOf\":{\"@id\":\"https:\\\/\\\/www.directhealthcaregroup.com\\\/#website\"},\"datePublished\":\"2017-12-07T15:41:32+00:00\",\"dateModified\":\"2025-09-22T11:01:46+00:00\",\"description\":\"DHG Suomi \\\/ MediMattress Oy toimittaa potilasturvallisia, tutkittuja ja toimivia l\u00e4\u00e4kint\u00e4laitteita terveydenhuoltoon. DHG Suomi \\\/ MediMattress Oy on erikoistunut potilasturvallisten ja tutkitusti vaikuttavimpien painehaavoja ennaltaehk\u00e4isevien ja hoitavien ratkaisujen valmistukseen. Valikoimaamme kuuluu innovatiivisia ja palkittuja tuotteita, kuten painehaavamakuualustoja sek\u00e4 nostamisen, siirt\u00e4misen ja asentohoidon apuv\u00e4lineit\u00e4 ja p\u00e4\u00e4llisi\u00e4.\",\"breadcrumb\":{\"@id\":\"https:\\\/\\\/www.directhealthcaregroup.com\\\/fi\\\/#breadcrumb\"},\"inLanguage\":\"fi\",\"potentialAction\":[{\"@type\":\"ReadAction\",\"target\":[\"https:\\\/\\\/www.directhealthcaregroup.com\\\/fi\\\/\"]}]},{\"@type\":\"BreadcrumbList\",\"@id\":\"https:\\\/\\\/www.directhealthcaregroup.com\\\/fi\\\/#breadcrumb\",\"itemListElement\":[{\"@type\":\"ListItem\",\"position\":1,\"name\":\"Home\",\"item\":\"https:\\\/\\\/www.directhealthcaregroup.com\\\/fi\\\/\"},{\"@type\":\"ListItem\",\"position\":2,\"name\":\"Advancing Movement &#038; Health\"}]},{\"@type\":\"WebSite\",\"@id\":\"https:\\\/\\\/www.directhealthcaregroup.com\\\/#website\",\"url\":\"https:\\\/\\\/www.directhealthcaregroup.com\\\/\",\"name\":\"DHG\",\"description\":\"Moving Health Forward\",\"publisher\":{\"@id\":\"https:\\\/\\\/www.directhealthcaregroup.com\\\/#organization\"},\"potentialAction\":[{\"@type\":\"SearchAction\",\"target\":{\"@type\":\"EntryPoint\",\"urlTemplate\":\"https:\\\/\\\/www.directhealthcaregroup.com\\\/?s={search_term_string}\"},\"query-input\":{\"@type\":\"PropertyValueSpecification\",\"valueRequired\":true,\"valueName\":\"search_term_string\"}}],\"inLanguage\":\"fi\"},{\"@type\":\"Organization\",\"@id\":\"https:\\\/\\\/www.directhealthcaregroup.com\\\/#organization\",\"name\":\"Direct Healthcare Group\",\"url\":\"https:\\\/\\\/www.directhealthcaregroup.com\\\/\",\"logo\":{\"@type\":\"ImageObject\",\"inLanguage\":\"fi\",\"@id\":\"https:\\\/\\\/www.directhealthcaregroup.com\\\/#\\\/schema\\\/logo\\\/image\\\/\",\"url\":\"https:\\\/\\\/directhealthcaregroup.com\\\/app\\\/uploads\\\/dhg-logo.png\",\"contentUrl\":\"https:\\\/\\\/directhealthcaregroup.com\\\/app\\\/uploads\\\/dhg-logo.png\",\"width\":556,\"height\":240,\"caption\":\"Direct Healthcare Group\"},\"image\":{\"@id\":\"https:\\\/\\\/www.directhealthcaregroup.com\\\/#\\\/schema\\\/logo\\\/image\\\/\"}}]}<\/script>\n<!-- \/ Yoast SEO plugin. -->","yoast_head_json":{"title":"Advancing Movement & Health | DHG","description":"DHG Suomi \/ MediMattress Oy toimittaa potilasturvallisia, tutkittuja ja toimivia l\u00e4\u00e4kint\u00e4laitteita terveydenhuoltoon. DHG Suomi \/ MediMattress Oy on erikoistunut potilasturvallisten ja tutkitusti vaikuttavimpien painehaavoja ennaltaehk\u00e4isevien ja hoitavien ratkaisujen valmistukseen. Valikoimaamme kuuluu innovatiivisia ja palkittuja tuotteita, kuten painehaavamakuualustoja sek\u00e4 nostamisen, siirt\u00e4misen ja asentohoidon apuv\u00e4lineit\u00e4 ja p\u00e4\u00e4llisi\u00e4.","robots":{"index":"index","follow":"follow","max-snippet":"max-snippet:-1","max-image-preview":"max-image-preview:large","max-video-preview":"max-video-preview:-1"},"canonical":"https:\/\/www.directhealthcaregroup.com\/fi\/","og_locale":"fi_FI","og_type":"article","og_title":"Advancing Movement & Health | DHG","og_description":"DHG Suomi \/ MediMattress Oy toimittaa potilasturvallisia, tutkittuja ja toimivia l\u00e4\u00e4kint\u00e4laitteita terveydenhuoltoon. DHG Suomi \/ MediMattress Oy on erikoistunut potilasturvallisten ja tutkitusti vaikuttavimpien painehaavoja ennaltaehk\u00e4isevien ja hoitavien ratkaisujen valmistukseen. Valikoimaamme kuuluu innovatiivisia ja palkittuja tuotteita, kuten painehaavamakuualustoja sek\u00e4 nostamisen, siirt\u00e4misen ja asentohoidon apuv\u00e4lineit\u00e4 ja p\u00e4\u00e4llisi\u00e4.","og_url":"https:\/\/www.directhealthcaregroup.com\/fi\/","og_site_name":"DHG","article_modified_time":"2025-09-22T11:01:46+00:00","twitter_card":"summary_large_image","schema":{"@context":"https:\/\/schema.org","@graph":[{"@type":"WebPage","@id":"https:\/\/www.directhealthcaregroup.com\/fi\/","url":"https:\/\/www.directhealthcaregroup.com\/fi\/","name":"Advancing Movement & Health | DHG","isPartOf":{"@id":"https:\/\/www.directhealthcaregroup.com\/#website"},"datePublished":"2017-12-07T15:41:32+00:00","dateModified":"2025-09-22T11:01:46+00:00","description":"DHG Suomi \/ MediMattress Oy toimittaa potilasturvallisia, tutkittuja ja toimivia l\u00e4\u00e4kint\u00e4laitteita terveydenhuoltoon. DHG Suomi \/ MediMattress Oy on erikoistunut potilasturvallisten ja tutkitusti vaikuttavimpien painehaavoja ennaltaehk\u00e4isevien ja hoitavien ratkaisujen valmistukseen. Valikoimaamme kuuluu innovatiivisia ja palkittuja tuotteita, kuten painehaavamakuualustoja sek\u00e4 nostamisen, siirt\u00e4misen ja asentohoidon apuv\u00e4lineit\u00e4 ja p\u00e4\u00e4llisi\u00e4.","breadcrumb":{"@id":"https:\/\/www.directhealthcaregroup.com\/fi\/#breadcrumb"},"inLanguage":"fi","potentialAction":[{"@type":"ReadAction","target":["https:\/\/www.directhealthcaregroup.com\/fi\/"]}]},{"@type":"BreadcrumbList","@id":"https:\/\/www.directhealthcaregroup.com\/fi\/#breadcrumb","itemListElement":[{"@type":"ListItem","position":1,"name":"Home","item":"https:\/\/www.directhealthcaregroup.com\/fi\/"},{"@type":"ListItem","position":2,"name":"Advancing Movement &#038; Health"}]},{"@type":"WebSite","@id":"https:\/\/www.directhealthcaregroup.com\/#website","url":"https:\/\/www.directhealthcaregroup.com\/","name":"DHG","description":"Moving Health Forward","publisher":{"@id":"https:\/\/www.directhealthcaregroup.com\/#organization"},"potentialAction":[{"@type":"SearchAction","target":{"@type":"EntryPoint","urlTemplate":"https:\/\/www.directhealthcaregroup.com\/?s={search_term_string}"},"query-input":{"@type":"PropertyValueSpecification","valueRequired":true,"valueName":"search_term_string"}}],"inLanguage":"fi"},{"@type":"Organization","@id":"https:\/\/www.directhealthcaregroup.com\/#organization","name":"Direct Healthcare Group","url":"https:\/\/www.directhealthcaregroup.com\/","logo":{"@type":"ImageObject","inLanguage":"fi","@id":"https:\/\/www.directhealthcaregroup.com\/#\/schema\/logo\/image\/","url":"https:\/\/directhealthcaregroup.com\/app\/uploads\/dhg-logo.png","contentUrl":"https:\/\/directhealthcaregroup.com\/app\/uploads\/dhg-logo.png","width":556,"height":240,"caption":"Direct Healthcare Group"},"image":{"@id":"https:\/\/www.directhealthcaregroup.com\/#\/schema\/logo\/image\/"}}]}},"_links":{"self":[{"href":"https:\/\/www.directhealthcaregroup.com\/fi\/wp-json\/wp\/v2\/pages\/247886","targetHints":{"allow":["GET"]}}],"collection":[{"href":"https:\/\/www.directhealthcaregroup.com\/fi\/wp-json\/wp\/v2\/pages"}],"about":[{"href":"https:\/\/www.directhealthcaregroup.com\/fi\/wp-json\/wp\/v2\/types\/page"}],"author":[{"embeddable":true,"href":"https:\/\/www.directhealthcaregroup.com\/fi\/wp-json\/wp\/v2\/users\/1"}],"replies":[{"embeddable":true,"href":"https:\/\/www.directhealthcaregroup.com\/fi\/wp-json\/wp\/v2\/comments?post=247886"}],"version-history":[{"count":7,"href":"https:\/\/www.directhealthcaregroup.com\/fi\/wp-json\/wp\/v2\/pages\/247886\/revisions"}],"predecessor-version":[{"id":250888,"href":"https:\/\/www.directhealthcaregroup.com\/fi\/wp-json\/wp\/v2\/pages\/247886\/revisions\/250888"}],"wp:attachment":[{"href":"https:\/\/www.directhealthcaregroup.com\/fi\/wp-json\/wp\/v2\/media?parent=247886"}],"curies":[{"name":"wp","href":"https:\/\/api.w.org\/{rel}","templated":true}]}}