{"id":249885,"date":"2025-08-26T15:28:53","date_gmt":"2025-08-26T14:28:53","guid":{"rendered":"https:\/\/www.directhealthcaregroup.com\/?page_id=249885"},"modified":"2025-08-26T15:28:54","modified_gmt":"2025-08-26T14:28:54","slug":"nostamisen-ja-siirtamisen-apuvalineiden-vuokrauslomake","status":"publish","type":"page","link":"https:\/\/www.directhealthcaregroup.com\/fi\/nostamisen-ja-siirtamisen-apuvalineiden-vuokrauslomake\/","title":{"rendered":"Nostamisen ja siirt\u00e4misen apuv\u00e4lineiden vuokrauslomake"},"content":{"rendered":"\n<script>\ndocument.addEventListener(\"DOMContentLoaded\", function () {\n    const observer = new MutationObserver(function (mutations) {\n        mutations.forEach(function (mutation) {\n            const errors = document.querySelectorAll(\".vfb-error-message\");\n            errors.forEach(function (error) {\n                if (error.textContent.includes(\"This value is required\")) {\n                    error.textContent = \"T\u00e4m\u00e4 kentt\u00e4 on pakollinen.\";\n                }\n            });\n        });\n    });\n\n    observer.observe(document.body, {\n        childList: true,\n        subtree: true\n    });\n});\n<\/script>\n\n\n<form method=\"post\" enctype=\"multipart\/form-data\" id=\"vfbp-form-90\" class=\"vfbp-form\"><div style=\"display:none;\"><label for=\"vfbp-EMAIL-AN8fuQyoDLXem\">If you are human, leave this field blank.<\/label><input size=\"25\" autocomplete=\"off\" type=\"text\" name=\"vfbp-EMAIL-AN8fuQyoDLXem\" value=\"\" id=\"\"><\/div><input type=\"hidden\" name=\"_vfb-timestamp-90\" value=\"1777518642\" id=\"\"><input type=\"hidden\" name=\"_vfb-form-id\" value=\"90\" id=\"\"><div class=\"vfb-form-group vfb-col-12\"><div><div class=\"\">Nostamisen ja siirt\u00e4misen apuv\u00e4lineiden vuokrauslomake<\/div><span class=\"vfb-help-block\">T\u00e4yt\u00e4 vuokrauslomake soveltuvin osin.\r\n\r\n&nbsp;<\/span><\/div><\/div><div class=\"vfb-col-12 vfb-fieldType-heading\" id=\"vfbField1264\"><\/div><div class=\"vfb-clearfix\"><\/div><div class=\"vfb-col-12 vfb-fieldType-radio\" id=\"vfbField1277\"><label for=\"vfb-field-1277\" class=\"vfb-control-label\">Valitse vuokrattava tuote <span class=\"vfb-required-asterisk\">*<\/span><\/label><div><div class=\"vfb-radio\"><label><input id=\"vfb-field-1277-0\" class=\"\" placeholder=\"\" required=\"required\" type=\"radio\" name=\"vfb-field-1277\" value=\"Raizer-nostotuoli\">Raizer-nostotuoli<\/label><\/div><div class=\"vfb-radio\"><label><input id=\"vfb-field-1277-2\" class=\"\" placeholder=\"\" required=\"required\" type=\"radio\" name=\"vfb-field-1277\" value=\"Muu\">Muu<\/label><\/div><\/div><\/div><div class=\"vfb-clearfix\"><\/div><div class=\"vfb-col-12 vfb-fieldType-text\" id=\"vfbField1278\"><div class=\"vfb-form-group\"><label for=\"vfb-field-1278\" class=\"vfb-control-label\">Jos valitsit tuotteeksi \u201cMuu\u201d, t\u00e4yt\u00e4 alla oleva kentt\u00e4 tarkentaaksesi tuotteen nimi.<\/label><div><input id=\"vfb-field-1278\" class=\"vfb-form-control\" placeholder=\"\" type=\"text\" name=\"vfb-field-1278\" value=\"\"><\/div><\/div><\/div><div class=\"vfb-clearfix\"><\/div><div class=\"vfb-col-12 vfb-fieldType-date\" id=\"vfbField1266\"><div class=\"vfb-form-group\"><label for=\"vfb-field-1266\" class=\"vfb-control-label\">Vuokrauksen aloitusp\u00e4iv\u00e4m\u00e4\u00e4r\u00e4 <span class=\"vfb-required-asterisk\">*<\/span><\/label><div><input id=\"vfb-field-1266\" class=\"vfb-form-control\" placeholder=\"\" required=\"required\" data-provide=\"datepicker\" data-date-format=\"dd\/mm\/yyyy\" data-date-week-start=\"1\" data-date-start-view=\"0\" data-date-language=\"fi\" type=\"text\" name=\"vfb-field-1266\" value=\"\"><\/div><\/div><\/div><div class=\"vfb-clearfix\"><\/div><div class=\"vfb-col-12 vfb-fieldType-date\" id=\"vfbField1267\"><div class=\"vfb-form-group\"><label for=\"vfb-field-1267\" class=\"vfb-control-label\">Vuokrauksen p\u00e4\u00e4ttymisp\u00e4iv\u00e4m\u00e4\u00e4r\u00e4<\/label><div><input id=\"vfb-field-1267\" class=\"vfb-form-control\" placeholder=\"\" data-provide=\"datepicker\" data-date-format=\"dd\/mm\/yyyy\" data-date-week-start=\"1\" data-date-start-view=\"0\" data-date-language=\"fi\" type=\"text\" name=\"vfb-field-1267\" value=\"\"><\/div><\/div><\/div><div class=\"vfb-clearfix\"><\/div><div class=\"vfb-col-12 vfb-fieldType-text\" id=\"vfbField1268\"><div class=\"vfb-form-group\"><label for=\"vfb-field-1268\" class=\"vfb-control-label\">Toimituspaikka (sairaala ym.) <span class=\"vfb-required-asterisk\">*<\/span><\/label><div><input id=\"vfb-field-1268\" class=\"vfb-form-control\" placeholder=\"\" required=\"required\" type=\"text\" name=\"vfb-field-1268\" value=\"\"><\/div><\/div><\/div><div class=\"vfb-clearfix\"><\/div><div class=\"vfb-col-12 vfb-fieldType-text\" id=\"vfbField1269\"><div class=\"vfb-form-group\"><label for=\"vfb-field-1269\" class=\"vfb-control-label\">Osasto \/ kustannuspaikka <span class=\"vfb-required-asterisk\">*<\/span><\/label><div><input id=\"vfb-field-1269\" class=\"vfb-form-control\" placeholder=\"\" required=\"required\" type=\"text\" name=\"vfb-field-1269\" value=\"\"><\/div><\/div><\/div><div class=\"vfb-clearfix\"><\/div><div class=\"vfb-col-12 vfb-fieldType-text\" id=\"vfbField1270\"><div class=\"vfb-form-group\"><label for=\"vfb-field-1270\" class=\"vfb-control-label\">Laskutuksen kustannuspaikka \/ sopimustiedot<\/label><div><input id=\"vfb-field-1270\" class=\"vfb-form-control\" placeholder=\"\" type=\"text\" name=\"vfb-field-1270\" value=\"\"><\/div><\/div><\/div><div class=\"vfb-clearfix\"><\/div><div class=\"vfb-col-12 vfb-fieldType-text\" id=\"vfbField1271\"><div class=\"vfb-form-group\"><label for=\"vfb-field-1271\" class=\"vfb-control-label\">L\u00e4hiosoite <span class=\"vfb-required-asterisk\">*<\/span><\/label><div><input id=\"vfb-field-1271\" class=\"vfb-form-control\" placeholder=\"\" required=\"required\" type=\"text\" name=\"vfb-field-1271\" value=\"\"><\/div><\/div><\/div><div class=\"vfb-clearfix\"><\/div><div class=\"vfb-col-12 vfb-fieldType-text\" id=\"vfbField1272\"><div class=\"vfb-form-group\"><label for=\"vfb-field-1272\" class=\"vfb-control-label\">Postinumero ja postitoimipaikka <span class=\"vfb-required-asterisk\">*<\/span><\/label><div><input id=\"vfb-field-1272\" class=\"vfb-form-control\" placeholder=\"\" required=\"required\" type=\"text\" name=\"vfb-field-1272\" value=\"\"><\/div><\/div><\/div><div class=\"vfb-clearfix\"><\/div><div class=\"vfb-col-12 vfb-fieldType-text\" id=\"vfbField1273\"><div class=\"vfb-form-group\"><label for=\"vfb-field-1273\" class=\"vfb-control-label\">Tilaajan nimi <span class=\"vfb-required-asterisk\">*<\/span><\/label><div><input id=\"vfb-field-1273\" class=\"vfb-form-control\" placeholder=\"\" required=\"required\" type=\"text\" name=\"vfb-field-1273\" value=\"\"><\/div><\/div><\/div><div class=\"vfb-clearfix\"><\/div><div class=\"vfb-col-12 vfb-fieldType-text\" id=\"vfbField1274\"><div class=\"vfb-form-group\"><label for=\"vfb-field-1274\" class=\"vfb-control-label\">Tilaajan puhelinnumero <span class=\"vfb-required-asterisk\">*<\/span><\/label><div><input id=\"vfb-field-1274\" class=\"vfb-form-control\" placeholder=\"\" required=\"required\" type=\"text\" name=\"vfb-field-1274\" value=\"\"><\/div><\/div><\/div><div class=\"vfb-clearfix\"><\/div><div class=\"vfb-col-12 vfb-fieldType-email\" id=\"vfbField1275\"><div class=\"vfb-form-group\"><label for=\"vfb-field-1275\" class=\"vfb-control-label\">Tilaajan s\u00e4hk\u00f6posti <span class=\"vfb-required-asterisk\">*<\/span><\/label><div><input id=\"vfb-field-1275\" class=\"vfb-form-control\" placeholder=\"\" required=\"required\" type=\"email\" name=\"vfb-field-1275\" value=\"\"><\/div><\/div><\/div><div class=\"vfb-clearfix\"><\/div><div class=\"vfb-col-12 vfb-fieldType-text\" id=\"vfbField1283\"><div class=\"vfb-form-group\"><label for=\"vfb-field-1283\" class=\"vfb-control-label\">Mahdollisia muita lis\u00e4tietoja vuokrauksesta\/vuokrattavasta tuotteesta<\/label><div><input id=\"vfb-field-1283\" class=\"vfb-form-control\" placeholder=\"\" type=\"text\" name=\"vfb-field-1283\" value=\"\"><\/div><\/div><\/div><div class=\"vfb-clearfix\"><\/div><div class=\"vfb-col-12 vfb-fieldType-checkbox\" id=\"vfbField1280\"><label for=\"vfb-field-1280\" class=\"vfb-control-label\">Tilauksen vahvistaminen <span class=\"vfb-required-asterisk\">*<\/span><\/label><div><div class=\"vfb-checkbox\"><label><input id=\"vfb-field-1280-0\" class=\"\" placeholder=\"\" data-vfb-multiple=\"vfb-field-1280\" required=\"required\" type=\"checkbox\" name=\"vfb-field-1280[0]\" value=\"1\"><p>Vahvistan vuokratilauksen ja hyv\u00e4ksyn <a href=\"https:\/\/www.directhealthcaregroup.com\/app\/uploads\/MediMattressin-tietosuojaseloste-A4-4-12-2019.pdf\" target=\"_blank\">tietosuojaselosteen<\/a>.<\/p><\/label><\/div><\/div><\/div><div class=\"vfb-clearfix\"><\/div><div class=\"vfb-col-12 vfb-fieldType-submit\" id=\"vfbField1281\"><button id=\"vfb-field-1281\" class=\" btn btn-primary\" placeholder=\"\" type=\"submit\" name=\"_vfb-submit\">L\u00e4het\u00e4<\/button><\/div><div class=\"vfb-clearfix\"><\/div><\/form>\n","protected":false},"excerpt":{"rendered":"","protected":false},"author":102,"featured_media":0,"parent":0,"menu_order":0,"comment_status":"closed","ping_status":"closed","template":"","meta":{"_acf_changed":false,"footnotes":""},"class_list":["post-249885","page","type-page","status-publish","hentry"],"acf":[],"yoast_head":"<!-- This site is optimized with the Yoast SEO plugin v27.4 - https:\/\/yoast.com\/product\/yoast-seo-wordpress\/ -->\n<title>Nostamisen ja siirt\u00e4misen apuv\u00e4lineiden vuokrauslomake | DHG<\/title>\n<meta name=\"robots\" content=\"index, follow, max-snippet:-1, max-image-preview:large, max-video-preview:-1\" \/>\n<link rel=\"canonical\" href=\"https:\/\/www.directhealthcaregroup.com\/fi\/nostamisen-ja-siirtamisen-apuvalineiden-vuokrauslomake\/\" \/>\n<meta property=\"og:locale\" content=\"fi_FI\" \/>\n<meta property=\"og:type\" content=\"article\" \/>\n<meta property=\"og:title\" content=\"Nostamisen ja siirt\u00e4misen apuv\u00e4lineiden vuokrauslomake | DHG\" \/>\n<meta property=\"og:url\" content=\"https:\/\/www.directhealthcaregroup.com\/fi\/nostamisen-ja-siirtamisen-apuvalineiden-vuokrauslomake\/\" \/>\n<meta property=\"og:site_name\" content=\"DHG\" \/>\n<meta property=\"article:modified_time\" content=\"2025-08-26T14:28:54+00:00\" \/>\n<meta name=\"twitter:card\" content=\"summary_large_image\" \/>\n<script type=\"application\/ld+json\" class=\"yoast-schema-graph\">{\"@context\":\"https:\\\/\\\/schema.org\",\"@graph\":[{\"@type\":\"WebPage\",\"@id\":\"https:\\\/\\\/www.directhealthcaregroup.com\\\/fi\\\/nostamisen-ja-siirtamisen-apuvalineiden-vuokrauslomake\\\/\",\"url\":\"https:\\\/\\\/www.directhealthcaregroup.com\\\/fi\\\/nostamisen-ja-siirtamisen-apuvalineiden-vuokrauslomake\\\/\",\"name\":\"Nostamisen ja siirt\u00e4misen apuv\u00e4lineiden vuokrauslomake | DHG\",\"isPartOf\":{\"@id\":\"https:\\\/\\\/www.directhealthcaregroup.com\\\/#website\"},\"datePublished\":\"2025-08-26T14:28:53+00:00\",\"dateModified\":\"2025-08-26T14:28:54+00:00\",\"breadcrumb\":{\"@id\":\"https:\\\/\\\/www.directhealthcaregroup.com\\\/fi\\\/nostamisen-ja-siirtamisen-apuvalineiden-vuokrauslomake\\\/#breadcrumb\"},\"inLanguage\":\"fi\",\"potentialAction\":[{\"@type\":\"ReadAction\",\"target\":[\"https:\\\/\\\/www.directhealthcaregroup.com\\\/fi\\\/nostamisen-ja-siirtamisen-apuvalineiden-vuokrauslomake\\\/\"]}]},{\"@type\":\"BreadcrumbList\",\"@id\":\"https:\\\/\\\/www.directhealthcaregroup.com\\\/fi\\\/nostamisen-ja-siirtamisen-apuvalineiden-vuokrauslomake\\\/#breadcrumb\",\"itemListElement\":[{\"@type\":\"ListItem\",\"position\":1,\"name\":\"Home\",\"item\":\"https:\\\/\\\/www.directhealthcaregroup.com\\\/fi\\\/\"},{\"@type\":\"ListItem\",\"position\":2,\"name\":\"Nostamisen ja siirt\u00e4misen apuv\u00e4lineiden vuokrauslomake\"}]},{\"@type\":\"WebSite\",\"@id\":\"https:\\\/\\\/www.directhealthcaregroup.com\\\/#website\",\"url\":\"https:\\\/\\\/www.directhealthcaregroup.com\\\/\",\"name\":\"DHG\",\"description\":\"Moving Health Forward\",\"publisher\":{\"@id\":\"https:\\\/\\\/www.directhealthcaregroup.com\\\/#organization\"},\"potentialAction\":[{\"@type\":\"SearchAction\",\"target\":{\"@type\":\"EntryPoint\",\"urlTemplate\":\"https:\\\/\\\/www.directhealthcaregroup.com\\\/?s={search_term_string}\"},\"query-input\":{\"@type\":\"PropertyValueSpecification\",\"valueRequired\":true,\"valueName\":\"search_term_string\"}}],\"inLanguage\":\"fi\"},{\"@type\":\"Organization\",\"@id\":\"https:\\\/\\\/www.directhealthcaregroup.com\\\/#organization\",\"name\":\"Direct Healthcare Group\",\"url\":\"https:\\\/\\\/www.directhealthcaregroup.com\\\/\",\"logo\":{\"@type\":\"ImageObject\",\"inLanguage\":\"fi\",\"@id\":\"https:\\\/\\\/www.directhealthcaregroup.com\\\/#\\\/schema\\\/logo\\\/image\\\/\",\"url\":\"https:\\\/\\\/directhealthcaregroup.com\\\/app\\\/uploads\\\/dhg-logo.png\",\"contentUrl\":\"https:\\\/\\\/directhealthcaregroup.com\\\/app\\\/uploads\\\/dhg-logo.png\",\"width\":556,\"height\":240,\"caption\":\"Direct Healthcare Group\"},\"image\":{\"@id\":\"https:\\\/\\\/www.directhealthcaregroup.com\\\/#\\\/schema\\\/logo\\\/image\\\/\"}}]}<\/script>\n<!-- \/ Yoast SEO plugin. -->","yoast_head_json":{"title":"Nostamisen ja siirt\u00e4misen apuv\u00e4lineiden vuokrauslomake | DHG","robots":{"index":"index","follow":"follow","max-snippet":"max-snippet:-1","max-image-preview":"max-image-preview:large","max-video-preview":"max-video-preview:-1"},"canonical":"https:\/\/www.directhealthcaregroup.com\/fi\/nostamisen-ja-siirtamisen-apuvalineiden-vuokrauslomake\/","og_locale":"fi_FI","og_type":"article","og_title":"Nostamisen ja siirt\u00e4misen apuv\u00e4lineiden vuokrauslomake | DHG","og_url":"https:\/\/www.directhealthcaregroup.com\/fi\/nostamisen-ja-siirtamisen-apuvalineiden-vuokrauslomake\/","og_site_name":"DHG","article_modified_time":"2025-08-26T14:28:54+00:00","twitter_card":"summary_large_image","schema":{"@context":"https:\/\/schema.org","@graph":[{"@type":"WebPage","@id":"https:\/\/www.directhealthcaregroup.com\/fi\/nostamisen-ja-siirtamisen-apuvalineiden-vuokrauslomake\/","url":"https:\/\/www.directhealthcaregroup.com\/fi\/nostamisen-ja-siirtamisen-apuvalineiden-vuokrauslomake\/","name":"Nostamisen ja siirt\u00e4misen apuv\u00e4lineiden vuokrauslomake | DHG","isPartOf":{"@id":"https:\/\/www.directhealthcaregroup.com\/#website"},"datePublished":"2025-08-26T14:28:53+00:00","dateModified":"2025-08-26T14:28:54+00:00","breadcrumb":{"@id":"https:\/\/www.directhealthcaregroup.com\/fi\/nostamisen-ja-siirtamisen-apuvalineiden-vuokrauslomake\/#breadcrumb"},"inLanguage":"fi","potentialAction":[{"@type":"ReadAction","target":["https:\/\/www.directhealthcaregroup.com\/fi\/nostamisen-ja-siirtamisen-apuvalineiden-vuokrauslomake\/"]}]},{"@type":"BreadcrumbList","@id":"https:\/\/www.directhealthcaregroup.com\/fi\/nostamisen-ja-siirtamisen-apuvalineiden-vuokrauslomake\/#breadcrumb","itemListElement":[{"@type":"ListItem","position":1,"name":"Home","item":"https:\/\/www.directhealthcaregroup.com\/fi\/"},{"@type":"ListItem","position":2,"name":"Nostamisen ja siirt\u00e4misen apuv\u00e4lineiden vuokrauslomake"}]},{"@type":"WebSite","@id":"https:\/\/www.directhealthcaregroup.com\/#website","url":"https:\/\/www.directhealthcaregroup.com\/","name":"DHG","description":"Moving Health Forward","publisher":{"@id":"https:\/\/www.directhealthcaregroup.com\/#organization"},"potentialAction":[{"@type":"SearchAction","target":{"@type":"EntryPoint","urlTemplate":"https:\/\/www.directhealthcaregroup.com\/?s={search_term_string}"},"query-input":{"@type":"PropertyValueSpecification","valueRequired":true,"valueName":"search_term_string"}}],"inLanguage":"fi"},{"@type":"Organization","@id":"https:\/\/www.directhealthcaregroup.com\/#organization","name":"Direct Healthcare Group","url":"https:\/\/www.directhealthcaregroup.com\/","logo":{"@type":"ImageObject","inLanguage":"fi","@id":"https:\/\/www.directhealthcaregroup.com\/#\/schema\/logo\/image\/","url":"https:\/\/directhealthcaregroup.com\/app\/uploads\/dhg-logo.png","contentUrl":"https:\/\/directhealthcaregroup.com\/app\/uploads\/dhg-logo.png","width":556,"height":240,"caption":"Direct Healthcare Group"},"image":{"@id":"https:\/\/www.directhealthcaregroup.com\/#\/schema\/logo\/image\/"}}]}},"_links":{"self":[{"href":"https:\/\/www.directhealthcaregroup.com\/fi\/wp-json\/wp\/v2\/pages\/249885","targetHints":{"allow":["GET"]}}],"collection":[{"href":"https:\/\/www.directhealthcaregroup.com\/fi\/wp-json\/wp\/v2\/pages"}],"about":[{"href":"https:\/\/www.directhealthcaregroup.com\/fi\/wp-json\/wp\/v2\/types\/page"}],"author":[{"embeddable":true,"href":"https:\/\/www.directhealthcaregroup.com\/fi\/wp-json\/wp\/v2\/users\/102"}],"replies":[{"embeddable":true,"href":"https:\/\/www.directhealthcaregroup.com\/fi\/wp-json\/wp\/v2\/comments?post=249885"}],"version-history":[{"count":3,"href":"https:\/\/www.directhealthcaregroup.com\/fi\/wp-json\/wp\/v2\/pages\/249885\/revisions"}],"predecessor-version":[{"id":249888,"href":"https:\/\/www.directhealthcaregroup.com\/fi\/wp-json\/wp\/v2\/pages\/249885\/revisions\/249888"}],"wp:attachment":[{"href":"https:\/\/www.directhealthcaregroup.com\/fi\/wp-json\/wp\/v2\/media?parent=249885"}],"curies":[{"name":"wp","href":"https:\/\/api.w.org\/{rel}","templated":true}]}}