{"id":6909,"date":"2018-01-03T12:52:14","date_gmt":"2018-01-03T12:52:14","guid":{"rendered":"http:\/\/directhealthcaregroup.com\/pressure-ulcer-care\/"},"modified":"2018-01-12T11:03:45","modified_gmt":"2018-01-12T11:03:45","slug":"pressure-ulcer-care","status":"publish","type":"page","link":"https:\/\/www.directhealthcaregroup.com\/fr\/pressure-ulcer-care\/","title":{"rendered":"Traitement des escarres"},"content":{"rendered":"<p>Les escarres (ou ulc\u00e8res de pression) sont aussi connues sous le terme de plaies de d\u00e9cubitus ou plaies de lit. Elles apparaissent lorsque la peau et les tissus sous-jacents sont endommag\u00e9s. Dans les cas tr\u00e8s graves, le muscle sous-jacent et l&rsquo;os peuvent \u00e9galement \u00eatre touch\u00e9s.<\/p>\n<p>Les personnes qui sont dans l&rsquo;impossibilit\u00e9 de bouger une partie ou la totalit\u00e9 de leur corps en raison d&rsquo;une maladie, d&rsquo;une paralysie ou d&rsquo;un \u00e2ge avanc\u00e9 d\u00e9veloppent souvent des escarres.<\/p>\n<h3><strong>Les escarres sont-elles fr\u00e9quentes ? <\/strong><\/h3>\n<p>Les escarres repr\u00e9sentent un probl\u00e8me sanitaire r\u00e9pandu et souvent sous-estim\u00e9. Par exemple, au Royaume-Uni, il est estim\u00e9 qu&rsquo;entre 4 et 10 % de tous les patients admis \u00e0 l&rsquo;h\u00f4pital d\u00e9velopperont au moins une escarre. Pour les personnes \u00e2g\u00e9es ayant des probl\u00e8mes de mobilit\u00e9, les chiffres peuvent atteindre 70 %.<\/p>\n<p>M\u00eame avec les meilleurs des soins infirmiers et m\u00e9dicaux, les escarres peuvent \u00eatre difficiles \u00e0 pr\u00e9venir chez les personnes particuli\u00e8rement vuln\u00e9rables.<\/p>\n<h3><strong>Pronostic<\/strong><\/h3>\n<p>Dans certains cas, les escarres pr\u00e9sentent des inconv\u00e9nients mineurs pouvant \u00eatre trait\u00e9s gr\u00e2ce \u00e0 quelques soins infirmiers simples. Cependant, quelquefois, elles peuvent entra\u00eener des l\u00e9sions consid\u00e9rables de la peau, et entra\u00eener des infections parfois mortelles, comme une infection g\u00e9n\u00e9ralis\u00e9e du sang (sepsis) et une n\u00e9crose des tissus (gangr\u00e8ne).<\/p>\n<p>Il y a deux principaux objectifs lorsque l&rsquo;on soigne les gens pr\u00e9sentant un risque de d\u00e9velopper des escarres. Il s&rsquo;agit de :<\/p>\n<ul>\n<li>tenter de pr\u00e9venir l&rsquo;apparition d&rsquo;escarres en utilisant des pansements et des \u00e9quipements sp\u00e9ciaux, et en modifiant r\u00e9guli\u00e8rement la position du patient, et<\/li>\n<li>traiter les plaies de pression existantes en les nettoyant et en utilisant des antibiotiques, en ayant une meilleure alimentation et, dans les cas les plus graves, en ayant recours \u00e0 la chirurgie.<\/li>\n<\/ul>\n<p>Les zones qui sont le plus susceptibles de voir appara\u00eetre des plaies de d\u00e9cubitus sont les parties du corps non couvertes par une \u00e9paisse quantit\u00e9 de graisses corporelles et se trouvant en contact direct avec une surface d&rsquo;appui, comme un lit ou une chaise roulante.<\/p>\n<p>Par exemple, si vous \u00eates alit\u00e9(e), vous courez le risque de d\u00e9velopper des escarres sur :<\/p>\n<ul>\n<li>vos \u00e9paules ou omoplates,<\/li>\n<li>vos coudes,<\/li>\n<li>l&rsquo;arri\u00e8re de votre t\u00eate,<\/li>\n<li>les bords de vos oreilles,<\/li>\n<li>vos genoux, chevilles, talons ou orteils,<\/li>\n<li>le bas de votre dos ou votre hanche,<\/li>\n<li>les parties g\u00e9nitales (chez les hommes), et<\/li>\n<li>les seins (chez les femmes).<\/li>\n<\/ul>\n<p>Si vous utilisez un fauteuil roulant, vous courez le risque de d\u00e9velopper des escarres sur :<\/p>\n<ul>\n<li>vos fesses,<\/li>\n<li>votre coccyx (le petit os situ\u00e9 au bout de votre colonne vert\u00e9brale),<\/li>\n<li>votre colonne vert\u00e9brale,<\/li>\n<li>vos omoplates, et<\/li>\n<li>l&rsquo;arri\u00e8re de vos bras et de vos jambes.<\/li>\n<\/ul>\n<h3>Classement des escarres<\/h3>\n<p>Les professionnels de la sant\u00e9 se servent d&rsquo;un syst\u00e8me de classement par stade pour d\u00e9crire la gravit\u00e9 des escarres. Ces stades sont d\u00e9crits ci-dessous.<\/p>\n<p><strong><a href=\"http:\/\/directhealthcareservices.co.uk\/wp-content\/uploads\/2013\/01\/ulcer1.jpg\"><img loading=\"lazy\" decoding=\"async\" class=\"alignright wp-image-1566\" src=\"http:\/\/directhealthcareservices.co.uk\/wp-content\/uploads\/2013\/01\/ulcer1.jpg\" alt=\"ulcer1\" width=\"144\" height=\"96\" \/><\/a>Stade Un<\/strong><\/p>\n<p>Une escarre de stade Un est le type d&rsquo;escarre le plus superficiel. La partie affect\u00e9e de la peau appara\u00eet d\u00e9color\u00e9e. Elle est rouge chez les personnes \u00e0 la peau blanche, et violette, ou bleu, chez les personnes \u00e0 la peau plus fonc\u00e9e. Avec une escarre de stade Un, la peau reste intacte mais elle peut \u00eatre douloureuse, ou d\u00e9manger, et elle peut donner une impression de chaleur ou sembler spongieuse, ou dure au toucher.<\/p>\n<p><img loading=\"lazy\" decoding=\"async\" class=\"alignright wp-image-1567\" src=\"http:\/\/directhealthcareservices.co.uk\/wp-content\/uploads\/2013\/01\/ulcer2.jpg\" alt=\"ulcer2\" width=\"144\" height=\"96\" \/><\/p>\n<p><strong>Stade Deux<\/strong><\/p>\n<p>Dans les escarres de stade Deux, certaines surfaces ext\u00e9rieures de la peau (l&rsquo;\u00e9piderme), ou la couche plus profonde de la peau (le derme) est endommag\u00e9e, entra\u00eenant une perte de la peau.<\/p>\n<p>L&rsquo;escarre a l&rsquo;apparence d&rsquo;une plaie ouverte ou d&rsquo;une cloque.<\/p>\n<p><img loading=\"lazy\" decoding=\"async\" class=\"alignright wp-image-1568\" src=\"http:\/\/directhealthcareservices.co.uk\/wp-content\/uploads\/2013\/01\/ulcer3.jpg\" alt=\"ulcer3\" width=\"144\" height=\"96\" \/><\/p>\n<p><strong>Stade trois<\/strong><\/p>\n<p>Dans les escarres de stade Trois, la perte de la peau survient sur la totalit\u00e9 de l&rsquo;\u00e9paisseur de la peau et les tissus sous-jacents sont \u00e9galement endommag\u00e9s. Les muscles sous-jacents et les os ne sont pas endommag\u00e9s.<\/p>\n<p>L&rsquo;escarre a l&rsquo;apparence d&rsquo;une plaie profonde cavitaire.<\/p>\n<p><img loading=\"lazy\" decoding=\"async\" class=\"alignright wp-image-1569\" src=\"http:\/\/directhealthcareservices.co.uk\/wp-content\/uploads\/2013\/01\/ulcer4.jpg\" alt=\"ulcer4\" width=\"144\" height=\"96\" \/><\/p>\n<p><strong>Stade Quatre<\/strong><\/p>\n<p>Une escarre de stade Quatre est le type le plus grave d&rsquo;escarre. La peau est s\u00e9v\u00e8rement endommag\u00e9e et les tissus environnants commencent \u00e0 mourir (n\u00e9crose des tissus). Les muscles sous-jacents, ou les os, peuvent \u00e9galement \u00eatre endommag\u00e9s.<\/p>\n<p>Les personnes atteintes d&rsquo;escarres de stade Quatre pr\u00e9sentent un risque \u00e9lev\u00e9 de d\u00e9velopper une infection parfois mortelle.<\/p>\n<p><a href=\"http:\/\/www.directhealthcareservices.co.uk\/products\/dynamicmattresses.asp\">Consulter notre Gamme dynamique de matelas appropri\u00e9s<\/a><\/p>\n<p>\u00c9tant donn\u00e9 que les escarres sont un probl\u00e8me de sant\u00e9 complexe, r\u00e9sultant de nombreux facteurs li\u00e9s, votre traitement peut \u00eatre effectu\u00e9 par une \u00e9quipe soignante compos\u00e9e de toutes sortes de professionnels de la sant\u00e9. Ce genre d&rsquo;\u00e9quipe est quelquefois connue sous la d\u00e9signation d&rsquo;\u00e9quipe multidisciplinaire (EMD).<\/p>\n<p>Les membres d&rsquo;une EMD peuvent \u00eatre :<\/p>\n<ul>\n<li>des infirmi\u00e8res,<\/li>\n<li>un conseiller dans le domaine de l&rsquo;incontinence,<\/li>\n<li>un travailleur social,<\/li>\n<li>un physioth\u00e9rapeute,<\/li>\n<li>un di\u00e9t\u00e9ticien,<\/li>\n<li>un urologue (un docteur sp\u00e9cialis\u00e9 dans le traitement des maladies affectant le syst\u00e8me urinaire),<\/li>\n<li>un gastroent\u00e9rologue (un docteur sp\u00e9cialis\u00e9 dans le traitement des maladies affectant les intestins),<\/li>\n<li>un chirurgien plasticien,<\/li>\n<li>un chirurgien orthop\u00e9dique (un chirurgien sp\u00e9cialis\u00e9 dans le traitement des maladies affectant les articulations et les os), et<\/li>\n<li>un neurochirurgien (un chirurgien sp\u00e9cialis\u00e9 dans le traitement des maladies affectant le cerveau et le syst\u00e8me nerveux).<\/li>\n<\/ul>\n<h3>Le changement de position<\/h3>\n<p>Bouger r\u00e9guli\u00e8rement votre corps et changer de position est l&rsquo;un des meilleurs moyens d&rsquo;\u00e9viter l&rsquo;apparition d&rsquo;escarres et de soulager la pression sur les escarres de stade Un et Deux. Une fois votre \u00e9valuation des risques effectu\u00e9e, votre \u00e9quipe soignante \u00e9tablira un \u00ab programme des changements de position \u00bb qui d\u00e9finira la fr\u00e9quence \u00e0 laquelle vous devez changer de position. Pour certaines personnes, cela peut \u00eatre une fois toutes les 15 minutes alors que pour d&rsquo;autres, cela peut \u00eatre seulement une fois toutes les deux heures.<\/p>\n<p>Une infirmi\u00e8re ou un physioth\u00e9rapeute peut \u00e9galement vous former et vous donner des conseils portant sur :<\/p>\n<ul>\n<li>les positions assises et couch\u00e9es ad\u00e9quates,<\/li>\n<li>la fa\u00e7on d&rsquo;adapter vos positions assises et couch\u00e9es,<\/li>\n<li>la fr\u00e9quence \u00e0 laquelle vous devez bouger ou \u00eatre chang\u00e9(e) de position,<\/li>\n<li>la meilleure fa\u00e7on de soutenir vos pieds,<\/li>\n<li>comment conserver une bonne position, et<\/li>\n<li>l&rsquo;\u00e9quipement sp\u00e9cial \u00e0 utiliser et comment l&rsquo;utiliser.<\/li>\n<\/ul>\n<h3>Les matelas et les coussins<\/h3>\n<p>Toutes sortes de matelas et de coussins sp\u00e9ciaux sont disponibles et peuvent \u00eatre utilis\u00e9s pour soulager la pression sur les parties vuln\u00e9rables du corps. Votre \u00e9quipe soignante discutera de quels types de matelas et de coussins sont les mieux adapt\u00e9s pour vous.<\/p>\n<p>Les personnes que l&rsquo;on estime susceptibles de d\u00e9velopper des escarres, ou qui pr\u00e9sentent des escarres de stade Un ou Deux, b\u00e9n\u00e9ficient g\u00e9n\u00e9ralement d&rsquo;un matelas en mousse sp\u00e9cialement con\u00e7u qui soulage la pression exerc\u00e9e par leur corps.<\/p>\n<p>Pour les personnes souffrant d&rsquo;escarres de stade Trois, ou Quatre, il faudra un matelas ou un syst\u00e8me de literie plus sophistiqu\u00e9. Par exemple, il existe des matelas qui peuvent \u00eatre reli\u00e9s \u00e0 un flux d&rsquo;air constant, r\u00e9gl\u00e9 automatiquement afin de r\u00e9duire la pression en fonction des exigences.<\/p>\n<h3>Les pansements<\/h3>\n<p>Il existe des pansements et des bandages sp\u00e9cialement con\u00e7us et pouvant \u00eatre utilis\u00e9s pour prot\u00e9ger les escarres et acc\u00e9l\u00e9rer le processus de gu\u00e9rison.<\/p>\n<p>Des exemples de ces types de pansement portent sur :<\/p>\n<ul>\n<li>les pansements hydrocollo\u00efdes \u2013 il s&rsquo;agit de pansements contenant un gel sp\u00e9cial qui favorise la croissance de nouvelles cellules de la peau dans l&rsquo;escarre, tout en gardant s\u00e8che la peau saine environnante, et<\/li>\n<li>les pansements alginate \u2013 il s&rsquo;agit de pansements fabriqu\u00e9s \u00e0 partir de varech (m\u00e9lange de vari\u00e9t\u00e9s d&rsquo;algues) et contenant du sodium et du calcium, connus pour acc\u00e9l\u00e9rer le processus de gu\u00e9rison.<\/li>\n<\/ul>\n<h3>Les pr\u00e9parations topiques<\/h3>\n<p>Les pr\u00e9parations topiques, comme les cr\u00e8mes et les onguents, peuvent \u00eatre utilis\u00e9es pour permettre d&rsquo;acc\u00e9l\u00e9rer le processus de gu\u00e9rison tout en pr\u00e9venant d&rsquo;autres l\u00e9sions tissulaires. Un type de produits chimiques, connus sous le nom de capteurs de radicaux libre d&rsquo;oxyg\u00e8ne, peuvent permettre d&#8217;emp\u00eacher les l\u00e9sions cellulaires au niveau g\u00e9n\u00e9tique.<\/p>\n<h3>Les antibiotiques<\/h3>\n<p>Si vous avez une escarre, il est possible de vous donner des antibiotiques pour emp\u00eacher son infection par une bact\u00e9rie et, par pr\u00e9caution, pour emp\u00eacher le d\u00e9veloppement d&rsquo;une infection secondaire.<\/p>\n<p>Une cr\u00e8me antiseptique peut \u00e9galement \u00eatre directement appliqu\u00e9e sur les escarres pour \u00e9liminer toute pr\u00e9sence de bact\u00e9ries.<\/p>\n<h3>L&rsquo;alimentation<\/h3>\n<p>Certains compl\u00e9ments alimentaires, comme les prot\u00e9ines, le zinc et la vitamine C, ont montr\u00e9 qu&rsquo;ils acc\u00e9l\u00e9raient la gu\u00e9rison des plaies. Si ces vitamines et min\u00e9raux font d\u00e9faut dans votre alimentation, votre peau peut devenir plus vuln\u00e9rable au d\u00e9veloppement des escarres.<\/p>\n<p>Par cons\u00e9quent, il est possible de vous adresser \u00e0 un di\u00e9t\u00e9ticien qui vous \u00e9tablira un r\u00e9gime alimentaire appropri\u00e9.<\/p>\n<h3>Le d\u00e9bridement<\/h3>\n<p>Dans certains cas, il peut s&rsquo;av\u00e9rer n\u00e9cessaire d&rsquo;enlever les tissus morts de l&rsquo;escarre, afin de stimuler le processus de gu\u00e9rison. Cela s&rsquo;appelle le d\u00e9bridement.<\/p>\n<p>S&rsquo;il y a une petite quantit\u00e9 de tissus morts, il est possible de l&rsquo;enlever \u00e0 l&rsquo;aide de pansements et d&rsquo;une p\u00e2te sp\u00e9cialement con\u00e7us \u00e0 cet effet.<\/p>\n<p>Les quantit\u00e9s plus importantes de tissus morts peuvent \u00eatre enlev\u00e9es \u00e0 l&rsquo;aide de moyens m\u00e9caniques. Certaines techniques de d\u00e9bridement m\u00e9caniques comportent :<\/p>\n<ul>\n<li>nettoyage et irrigation sous pression \u2013 lorsque les tissus n\u00e9cros\u00e9s sont enlev\u00e9s \u00e0 l&rsquo;aide de jets d&rsquo;eau sous haute pression,<\/li>\n<li>ultra son \u2013 lorsque les tissus n\u00e9cros\u00e9s sont enlev\u00e9s \u00e0 l&rsquo;aide d&rsquo;ondes d&rsquo;\u00e9nergie \u00e0 basse fr\u00e9quence, et<\/li>\n<li>laser \u2013 lorsque les tissus n\u00e9cros\u00e9s sont enlev\u00e9s \u00e0 l&rsquo;aide de faisceaux lumineux concentr\u00e9s.<\/li>\n<\/ul>\n<h3>L&rsquo;asticoth\u00e9rapie<\/h3>\n<p>L&rsquo;asticoth\u00e9rapie &#8211; \u00e9galement connu sous le nom de larvoth\u00e9rapie &#8211; est une m\u00e9thode alternative de d\u00e9bridement. Les asticots sont une solution id\u00e9ale de d\u00e9bridement parce qu&rsquo;ils se nourrissent des tissus morts et infect\u00e9s sans toucher aux tissus sains. Ils permettent aussi de combattre l&rsquo;infection en lib\u00e9rant des substances qui tuent les bact\u00e9ries et stimulent le processus de gu\u00e9rison.<\/p>\n<p>Lors de l&rsquo;asticoth\u00e9rapie, les asticots sont m\u00e9lang\u00e9s \u00e0 un pansement pour plaie et la zone est ensuite couverte de gaze. Apr\u00e8s quelques jours, le pansement ainsi que les asticots sont enlev\u00e9s.<\/p>\n<h3>La chirurgie<\/h3>\n<p>Quelquefois, il se peut qu&rsquo;une escarre de stade 3 ou 4 ne puisse pas gu\u00e9rir, et la chirurgie sera alors n\u00e9cessaire pour fermer la plaie et emp\u00eacher la survenance d&rsquo;autres l\u00e9sions tissulaires.<\/p>\n<p>Une technique chirurgicale largement utilis\u00e9e pour le traitement des escarres est connue sous le nom de remplacement du lambeau (parfois appel\u00e9e la reconstruction du lambeau). Avec cette technique, le chirurgien utilisera un scalpel pour d\u00e9brider le tissu n\u00e9cros\u00e9 de l&rsquo;escarre. Un lambeau de peau et de muscle est alors pr\u00e9lev\u00e9 sur une autre partie du corps et il est utilis\u00e9 pour fermer l&#8217;emplacement de l&rsquo;escarre.<\/p>\n<p>La chirurgie de remplacement du lambeau peut s&rsquo;av\u00e9rer compliqu\u00e9e et elle est souvent rendue plus difficile encore par le fait que la plupart des personnes qui subissent l&rsquo;intervention sont d\u00e9j\u00e0 en mauvaise sant\u00e9. En raison de tous ces facteurs de risque, il y a un grand nombre de complications possibles qui peuvent survenir suite \u00e0 la chirurgie, comme :<\/p>\n<ul>\n<li>une infection,<\/li>\n<li>la n\u00e9crose des tissus du lambeau implant\u00e9,<\/li>\n<li>une faiblesse musculaire,<\/li>\n<li>des cloques,<\/li>\n<li>la r\u00e9currence des escarres,<\/li>\n<li>une infection du sang,<\/li>\n<li>une infection de l&rsquo;os,<\/li>\n<li>une h\u00e9morragie interne,<\/li>\n<li>des abc\u00e8s, et<\/li>\n<li>une thrombose veineuse profonde.<\/li>\n<\/ul>\n<p>En d\u00e9pit du risque \u00e9lev\u00e9 de complications, la chirurgie est souvent une n\u00e9cessit\u00e9 clinique afin d&#8217;emp\u00eacher des complications parfois mortelles dues au d\u00e9veloppement des escarres, comme une septic\u00e9mie ou la gangr\u00e8ne.<\/p>\n","protected":false},"excerpt":{"rendered":"<p>Les escarres (ou ulc\u00e8res de pression) sont aussi connues sous le terme de plaies de d\u00e9cubitus ou plaies de lit. Elles apparaissent lorsque la peau et les tissus sous-jacents sont endommag\u00e9s. Dans les cas tr\u00e8s graves, le muscle sous-jacent et l&rsquo;os peuvent \u00e9galement \u00eatre touch\u00e9s. Les personnes qui sont dans l&rsquo;impossibilit\u00e9 de bouger une partie &hellip; <a href=\"https:\/\/www.directhealthcaregroup.com\/fr\/pressure-ulcer-care\/\">Continued<\/a><\/p>\n","protected":false},"author":2,"featured_media":0,"parent":0,"menu_order":0,"comment_status":"closed","ping_status":"closed","template":"","meta":{"_acf_changed":false,"footnotes":""},"class_list":["post-6909","page","type-page","status-publish","hentry"],"acf":[],"yoast_head":"<!-- This site is optimized with the Yoast SEO plugin v26.6 - https:\/\/yoast.com\/wordpress\/plugins\/seo\/ -->\n<title>Traitement des escarres | DHG<\/title>\n<meta name=\"robots\" content=\"index, follow, max-snippet:-1, max-image-preview:large, max-video-preview:-1\" \/>\n<link rel=\"canonical\" href=\"https:\/\/www.directhealthcaregroup.com\/fr\/pressure-ulcer-care\/\" \/>\n<meta property=\"og:locale\" content=\"fr_FR\" \/>\n<meta property=\"og:type\" content=\"article\" \/>\n<meta property=\"og:title\" content=\"Traitement des escarres | DHG\" \/>\n<meta property=\"og:description\" content=\"Les escarres (ou ulc\u00e8res de pression) sont aussi connues sous le terme de plaies de d\u00e9cubitus ou plaies de lit. Elles apparaissent lorsque la peau et les tissus sous-jacents sont endommag\u00e9s. Dans les cas tr\u00e8s graves, le muscle sous-jacent et l&rsquo;os peuvent \u00e9galement \u00eatre touch\u00e9s. Les personnes qui sont dans l&rsquo;impossibilit\u00e9 de bouger une partie &hellip; Continued\" \/>\n<meta property=\"og:url\" content=\"https:\/\/www.directhealthcaregroup.com\/fr\/pressure-ulcer-care\/\" \/>\n<meta property=\"og:site_name\" content=\"DHG\" \/>\n<meta property=\"article:modified_time\" content=\"2018-01-12T11:03:45+00:00\" \/>\n<meta name=\"twitter:card\" content=\"summary_large_image\" \/>\n<meta name=\"twitter:label1\" content=\"Est. reading time\" \/>\n\t<meta name=\"twitter:data1\" content=\"10 minutes\" \/>\n<script type=\"application\/ld+json\" class=\"yoast-schema-graph\">{\"@context\":\"https:\/\/schema.org\",\"@graph\":[{\"@type\":\"WebPage\",\"@id\":\"https:\/\/www.directhealthcaregroup.com\/fr\/pressure-ulcer-care\/\",\"url\":\"https:\/\/www.directhealthcaregroup.com\/fr\/pressure-ulcer-care\/\",\"name\":\"Traitement des escarres | DHG\",\"isPartOf\":{\"@id\":\"https:\/\/www.directhealthcaregroup.com\/#website\"},\"primaryImageOfPage\":{\"@id\":\"https:\/\/www.directhealthcaregroup.com\/fr\/pressure-ulcer-care\/#primaryimage\"},\"image\":{\"@id\":\"https:\/\/www.directhealthcaregroup.com\/fr\/pressure-ulcer-care\/#primaryimage\"},\"thumbnailUrl\":\"http:\/\/directhealthcareservices.co.uk\/wp-content\/uploads\/2013\/01\/ulcer1.jpg\",\"datePublished\":\"2018-01-03T12:52:14+00:00\",\"dateModified\":\"2018-01-12T11:03:45+00:00\",\"breadcrumb\":{\"@id\":\"https:\/\/www.directhealthcaregroup.com\/fr\/pressure-ulcer-care\/#breadcrumb\"},\"inLanguage\":\"fr-FR\",\"potentialAction\":[{\"@type\":\"ReadAction\",\"target\":[\"https:\/\/www.directhealthcaregroup.com\/fr\/pressure-ulcer-care\/\"]}]},{\"@type\":\"ImageObject\",\"inLanguage\":\"fr-FR\",\"@id\":\"https:\/\/www.directhealthcaregroup.com\/fr\/pressure-ulcer-care\/#primaryimage\",\"url\":\"http:\/\/directhealthcareservices.co.uk\/wp-content\/uploads\/2013\/01\/ulcer1.jpg\",\"contentUrl\":\"http:\/\/directhealthcareservices.co.uk\/wp-content\/uploads\/2013\/01\/ulcer1.jpg\"},{\"@type\":\"BreadcrumbList\",\"@id\":\"https:\/\/www.directhealthcaregroup.com\/fr\/pressure-ulcer-care\/#breadcrumb\",\"itemListElement\":[{\"@type\":\"ListItem\",\"position\":1,\"name\":\"Home\",\"item\":\"https:\/\/www.directhealthcaregroup.com\/fr\/\"},{\"@type\":\"ListItem\",\"position\":2,\"name\":\"Traitement des escarres\"}]},{\"@type\":\"WebSite\",\"@id\":\"https:\/\/www.directhealthcaregroup.com\/#website\",\"url\":\"https:\/\/www.directhealthcaregroup.com\/\",\"name\":\"DHG\",\"description\":\"Moving Health Forward\",\"publisher\":{\"@id\":\"https:\/\/www.directhealthcaregroup.com\/#organization\"},\"potentialAction\":[{\"@type\":\"SearchAction\",\"target\":{\"@type\":\"EntryPoint\",\"urlTemplate\":\"https:\/\/www.directhealthcaregroup.com\/?s={search_term_string}\"},\"query-input\":{\"@type\":\"PropertyValueSpecification\",\"valueRequired\":true,\"valueName\":\"search_term_string\"}}],\"inLanguage\":\"fr-FR\"},{\"@type\":\"Organization\",\"@id\":\"https:\/\/www.directhealthcaregroup.com\/#organization\",\"name\":\"Direct Healthcare Group\",\"url\":\"https:\/\/www.directhealthcaregroup.com\/\",\"logo\":{\"@type\":\"ImageObject\",\"inLanguage\":\"fr-FR\",\"@id\":\"https:\/\/www.directhealthcaregroup.com\/#\/schema\/logo\/image\/\",\"url\":\"https:\/\/directhealthcaregroup.com\/app\/uploads\/dhg-logo.png\",\"contentUrl\":\"https:\/\/directhealthcaregroup.com\/app\/uploads\/dhg-logo.png\",\"width\":556,\"height\":240,\"caption\":\"Direct Healthcare Group\"},\"image\":{\"@id\":\"https:\/\/www.directhealthcaregroup.com\/#\/schema\/logo\/image\/\"}}]}<\/script>\n<!-- \/ Yoast SEO plugin. -->","yoast_head_json":{"title":"Traitement des escarres | DHG","robots":{"index":"index","follow":"follow","max-snippet":"max-snippet:-1","max-image-preview":"max-image-preview:large","max-video-preview":"max-video-preview:-1"},"canonical":"https:\/\/www.directhealthcaregroup.com\/fr\/pressure-ulcer-care\/","og_locale":"fr_FR","og_type":"article","og_title":"Traitement des escarres | DHG","og_description":"Les escarres (ou ulc\u00e8res de pression) sont aussi connues sous le terme de plaies de d\u00e9cubitus ou plaies de lit. Elles apparaissent lorsque la peau et les tissus sous-jacents sont endommag\u00e9s. Dans les cas tr\u00e8s graves, le muscle sous-jacent et l&rsquo;os peuvent \u00e9galement \u00eatre touch\u00e9s. Les personnes qui sont dans l&rsquo;impossibilit\u00e9 de bouger une partie &hellip; Continued","og_url":"https:\/\/www.directhealthcaregroup.com\/fr\/pressure-ulcer-care\/","og_site_name":"DHG","article_modified_time":"2018-01-12T11:03:45+00:00","twitter_card":"summary_large_image","twitter_misc":{"Est. reading time":"10 minutes"},"schema":{"@context":"https:\/\/schema.org","@graph":[{"@type":"WebPage","@id":"https:\/\/www.directhealthcaregroup.com\/fr\/pressure-ulcer-care\/","url":"https:\/\/www.directhealthcaregroup.com\/fr\/pressure-ulcer-care\/","name":"Traitement des escarres | DHG","isPartOf":{"@id":"https:\/\/www.directhealthcaregroup.com\/#website"},"primaryImageOfPage":{"@id":"https:\/\/www.directhealthcaregroup.com\/fr\/pressure-ulcer-care\/#primaryimage"},"image":{"@id":"https:\/\/www.directhealthcaregroup.com\/fr\/pressure-ulcer-care\/#primaryimage"},"thumbnailUrl":"http:\/\/directhealthcareservices.co.uk\/wp-content\/uploads\/2013\/01\/ulcer1.jpg","datePublished":"2018-01-03T12:52:14+00:00","dateModified":"2018-01-12T11:03:45+00:00","breadcrumb":{"@id":"https:\/\/www.directhealthcaregroup.com\/fr\/pressure-ulcer-care\/#breadcrumb"},"inLanguage":"fr-FR","potentialAction":[{"@type":"ReadAction","target":["https:\/\/www.directhealthcaregroup.com\/fr\/pressure-ulcer-care\/"]}]},{"@type":"ImageObject","inLanguage":"fr-FR","@id":"https:\/\/www.directhealthcaregroup.com\/fr\/pressure-ulcer-care\/#primaryimage","url":"http:\/\/directhealthcareservices.co.uk\/wp-content\/uploads\/2013\/01\/ulcer1.jpg","contentUrl":"http:\/\/directhealthcareservices.co.uk\/wp-content\/uploads\/2013\/01\/ulcer1.jpg"},{"@type":"BreadcrumbList","@id":"https:\/\/www.directhealthcaregroup.com\/fr\/pressure-ulcer-care\/#breadcrumb","itemListElement":[{"@type":"ListItem","position":1,"name":"Home","item":"https:\/\/www.directhealthcaregroup.com\/fr\/"},{"@type":"ListItem","position":2,"name":"Traitement des escarres"}]},{"@type":"WebSite","@id":"https:\/\/www.directhealthcaregroup.com\/#website","url":"https:\/\/www.directhealthcaregroup.com\/","name":"DHG","description":"Moving Health Forward","publisher":{"@id":"https:\/\/www.directhealthcaregroup.com\/#organization"},"potentialAction":[{"@type":"SearchAction","target":{"@type":"EntryPoint","urlTemplate":"https:\/\/www.directhealthcaregroup.com\/?s={search_term_string}"},"query-input":{"@type":"PropertyValueSpecification","valueRequired":true,"valueName":"search_term_string"}}],"inLanguage":"fr-FR"},{"@type":"Organization","@id":"https:\/\/www.directhealthcaregroup.com\/#organization","name":"Direct Healthcare Group","url":"https:\/\/www.directhealthcaregroup.com\/","logo":{"@type":"ImageObject","inLanguage":"fr-FR","@id":"https:\/\/www.directhealthcaregroup.com\/#\/schema\/logo\/image\/","url":"https:\/\/directhealthcaregroup.com\/app\/uploads\/dhg-logo.png","contentUrl":"https:\/\/directhealthcaregroup.com\/app\/uploads\/dhg-logo.png","width":556,"height":240,"caption":"Direct Healthcare Group"},"image":{"@id":"https:\/\/www.directhealthcaregroup.com\/#\/schema\/logo\/image\/"}}]}},"_links":{"self":[{"href":"https:\/\/www.directhealthcaregroup.com\/fr\/wp-json\/wp\/v2\/pages\/6909","targetHints":{"allow":["GET"]}}],"collection":[{"href":"https:\/\/www.directhealthcaregroup.com\/fr\/wp-json\/wp\/v2\/pages"}],"about":[{"href":"https:\/\/www.directhealthcaregroup.com\/fr\/wp-json\/wp\/v2\/types\/page"}],"author":[{"embeddable":true,"href":"https:\/\/www.directhealthcaregroup.com\/fr\/wp-json\/wp\/v2\/users\/2"}],"replies":[{"embeddable":true,"href":"https:\/\/www.directhealthcaregroup.com\/fr\/wp-json\/wp\/v2\/comments?post=6909"}],"version-history":[{"count":1,"href":"https:\/\/www.directhealthcaregroup.com\/fr\/wp-json\/wp\/v2\/pages\/6909\/revisions"}],"predecessor-version":[{"id":6943,"href":"https:\/\/www.directhealthcaregroup.com\/fr\/wp-json\/wp\/v2\/pages\/6909\/revisions\/6943"}],"wp:attachment":[{"href":"https:\/\/www.directhealthcaregroup.com\/fr\/wp-json\/wp\/v2\/media?parent=6909"}],"curies":[{"name":"wp","href":"https:\/\/api.w.org\/{rel}","templated":true}]}}