{"id":6966,"date":"2018-01-03T11:46:42","date_gmt":"2018-01-03T11:46:42","guid":{"rendered":"http:\/\/directhealthcaregroup.com\/decontamination\/"},"modified":"2018-01-12T11:24:12","modified_gmt":"2018-01-12T11:24:12","slug":"decontamination","status":"publish","type":"page","link":"https:\/\/www.directhealthcaregroup.com\/fr\/decontamination\/","title":{"rendered":"D\u00e9contamination"},"content":{"rendered":"<p><a href=\"http:\/\/directhealthcareservices.co.uk\/wp-content\/uploads\/2013\/01\/decontamination-21.jpg\"><img loading=\"lazy\" decoding=\"async\" class=\"wp-image-3770 alignright\" src=\"http:\/\/directhealthcareservices.co.uk\/wp-content\/uploads\/2013\/01\/decontamination-21.jpg\" alt=\"\" width=\"300\" height=\"223\" \/><\/a><\/p>\n<p>Direct Healthcare Group propose un service complet de collecte et de d\u00e9contamination, non seulement pour nos propres produits, mais pour des services de d\u00e9contamination \u00e0 grande \u00e9chelle, n\u00e9cessaires aussi bien pour les h\u00f4pitaux que pour les \u00e9tablissements de soins de sant\u00e9.<\/p>\n<p>Nous nous effor\u00e7ons de maintenir des standards \u00e9lev\u00e9s dans tous les aspects du service client et nous sommes r\u00e9solus \u00e0 appliquer un processus de d\u00e9contamination complet et efficace.<\/p>\n<p>Nos solides politiques de lutte contre les infections portent sur des documents de travail permanents, dont le but est de minimiser les risques d&rsquo;infection de nos patients, clients et employ\u00e9s.<\/p>\n<p>Direct Healthcare Services s&rsquo;engage \u00e0 suivre des pratiques de travail sures qui prot\u00e8gent le patient, les professionnels de sant\u00e9 et le personnel m\u00e9dical dans l&rsquo;ensemble de la fabrication et des services fournis. Avec notre respect des normes ISO 9001 (2008), vous pouvez \u00a0\u00eatre s\u00fbrs que la plus petite attention sera port\u00e9e aux d\u00e9tails, m\u00eame en ce qui concerne les proc\u00e9dures les plus basiques.<\/p>\n<p>Nous sommes r\u00e9solus \u00e0 :<\/p>\n<ul>\n<li>R\u00e9duire le risque de surinfection par la r\u00e9duction des micro-organismes entre deux utilisations avec des patients.<\/li>\n<li>Maintenir la s\u00e9curit\u00e9 et l&rsquo;int\u00e9grit\u00e9 des produits permettant de soulager la pression.<\/li>\n<li>Maintenir un environnement de travail s\u00e9curis\u00e9 et promouvoir des pratiques professionnelles plus sures pour tout le personnel de DHS manipulant potentiellement les \u00e9quipements contamin\u00e9s.<\/li>\n<\/ul>\n<p><a href=\"http:\/\/directhealthcareservices.co.uk\/wp-content\/uploads\/2013\/01\/decontamination-11.jpg\"><img loading=\"lazy\" decoding=\"async\" class=\"wp-image-3767 size-full alignright\" src=\"http:\/\/directhealthcareservices.co.uk\/wp-content\/uploads\/2013\/01\/decontamination-11.jpg\" alt=\"\" width=\"270\" height=\"180\" \/><\/a><\/p>\n<h3><span lang=\"fr-FR\">Lutte contre les infections<\/span><\/h3>\n<p>Direct Healthcare comprend que les normes accrues sur la lutte contre les infections dans les environnements de soins doivent \u00eatre enti\u00e8rement comprises par tous au sein de l&rsquo;organisation. \u00c0 cause des inqui\u00e9tudes croissantes vis-\u00e0-vis du SARM, du Clostridium Difficile et de l&rsquo;h\u00e9patite, pour n&rsquo;en nommer que quelques uns, il est imp\u00e9ratif que vous travailliez avec une organisation qui comprenne l&rsquo;impact de ces enjeux modernes.<\/p>\n<h3><span lang=\"fr-FR\"><b>\u00c9ducation<\/b><\/span><\/h3>\n<p>Les micro-organismes sont des cellules vivantes (bact\u00e9ries, champignons, virus et protozoaires) qui ne sont pas visibles par l&rsquo;\u0153il humain. Ces cellules sont partout, vivant sur notre peau, dans notre nez, notre bouche et elles nous entourent dans notre environnement quotidien ordinaire. Les micro-organismes vivant sur notre peau sont appel\u00e9s des flores normales ou des commensaux et, dans des conditions normales, ils sont inoffensifs.<\/p>\n<p>Les micro-organismes se d\u00e9placent dans l&rsquo;environnement via les fluides corporels, via l&rsquo;air, dans l&rsquo;eau ou dans des gouttelettes, par exemple en toussant. Ils peuvent passer de personne \u00e0 personne par contact direct, par exemple en se touchant, ou par contact indirect, par exemple en \u00e9ternuant.<\/p>\n<p>G\u00e9n\u00e9ralement, les gens sont plus sensibles aux infections si leur r\u00e9sistance est affaiblie en raison d&rsquo;une maladie, et toutes les pr\u00e9cautions doivent \u00eatre prises pour s&rsquo;assurer que le risque d&rsquo;infection de ces personnes est minimis\u00e9.<\/p>\n<p>\u00c9tant donn\u00e9 que les patients vuln\u00e9rables dans plusieurs \u00e9tablissements de soins de sant\u00e9 utilisent des \u00e9quipements DHS ou autres, il est imp\u00e9ratif que ceux-ci soient nettoy\u00e9s minutieusement afin de r\u00e9duire la quantit\u00e9 de micro-organismes et de minimiser les risques de surinfection.<\/p>\n<p><span lang=\"fr-FR\">Si vous avez besoin d&rsquo;informations suppl\u00e9mentaires sur nos politiques d\u00e9taill\u00e9es de lutte contre l&rsquo;infection et de d\u00e9contamination, veuillez alors <\/span><a href=\"http:\/\/directhealthcareservices.co.uk\/fr\/contact-us\/\">nous\u00a0contacter.<\/a><\/p>\n<p><a href=\"http:\/\/directhealthcaregroup.com\/app\/uploads\/CFPP_01-04_Social_care_Final.pdf\">Choice Framework for local Policy and Procedures 01-04 \u2013 Decontamination of linen for health and social care: Social care<\/a><\/p>\n","protected":false},"excerpt":{"rendered":"<p>Direct Healthcare Group propose un service complet de collecte et de d\u00e9contamination, non seulement pour nos propres produits, mais pour des services de d\u00e9contamination \u00e0 grande \u00e9chelle, n\u00e9cessaires aussi bien pour les h\u00f4pitaux que pour les \u00e9tablissements de soins de sant\u00e9. Nous nous effor\u00e7ons de maintenir des standards \u00e9lev\u00e9s dans tous les aspects du service &hellip; <a href=\"https:\/\/www.directhealthcaregroup.com\/fr\/decontamination\/\">Continued<\/a><\/p>\n","protected":false},"author":2,"featured_media":0,"parent":0,"menu_order":0,"comment_status":"closed","ping_status":"closed","template":"","meta":{"_acf_changed":false,"footnotes":""},"class_list":["post-6966","page","type-page","status-publish","hentry"],"acf":[],"yoast_head":"<!-- This site is optimized with the Yoast SEO plugin v27.4 - https:\/\/yoast.com\/product\/yoast-seo-wordpress\/ -->\n<title>D\u00e9contamination | DHG<\/title>\n<meta name=\"robots\" content=\"index, follow, max-snippet:-1, max-image-preview:large, max-video-preview:-1\" \/>\n<link rel=\"canonical\" href=\"https:\/\/www.directhealthcaregroup.com\/fr\/decontamination\/\" \/>\n<meta property=\"og:locale\" content=\"fr_FR\" \/>\n<meta property=\"og:type\" content=\"article\" \/>\n<meta property=\"og:title\" content=\"D\u00e9contamination | DHG\" \/>\n<meta property=\"og:description\" content=\"Direct Healthcare Group propose un service complet de collecte et de d\u00e9contamination, non seulement pour nos propres produits, mais pour des services de d\u00e9contamination \u00e0 grande \u00e9chelle, n\u00e9cessaires aussi bien pour les h\u00f4pitaux que pour les \u00e9tablissements de soins de sant\u00e9. Nous nous effor\u00e7ons de maintenir des standards \u00e9lev\u00e9s dans tous les aspects du service &hellip; Continued\" \/>\n<meta property=\"og:url\" content=\"https:\/\/www.directhealthcaregroup.com\/fr\/decontamination\/\" \/>\n<meta property=\"og:site_name\" content=\"DHG\" \/>\n<meta property=\"article:modified_time\" content=\"2018-01-12T11:24:12+00:00\" \/>\n<meta name=\"twitter:card\" content=\"summary_large_image\" \/>\n<meta name=\"twitter:label1\" content=\"Est. reading time\" \/>\n\t<meta name=\"twitter:data1\" content=\"3 minutes\" \/>\n<script type=\"application\/ld+json\" class=\"yoast-schema-graph\">{\"@context\":\"https:\\\/\\\/schema.org\",\"@graph\":[{\"@type\":\"WebPage\",\"@id\":\"https:\\\/\\\/www.directhealthcaregroup.com\\\/fr\\\/decontamination\\\/\",\"url\":\"https:\\\/\\\/www.directhealthcaregroup.com\\\/fr\\\/decontamination\\\/\",\"name\":\"D\u00e9contamination | DHG\",\"isPartOf\":{\"@id\":\"https:\\\/\\\/www.directhealthcaregroup.com\\\/#website\"},\"primaryImageOfPage\":{\"@id\":\"https:\\\/\\\/www.directhealthcaregroup.com\\\/fr\\\/decontamination\\\/#primaryimage\"},\"image\":{\"@id\":\"https:\\\/\\\/www.directhealthcaregroup.com\\\/fr\\\/decontamination\\\/#primaryimage\"},\"thumbnailUrl\":\"http:\\\/\\\/directhealthcareservices.co.uk\\\/wp-content\\\/uploads\\\/2013\\\/01\\\/decontamination-21.jpg\",\"datePublished\":\"2018-01-03T11:46:42+00:00\",\"dateModified\":\"2018-01-12T11:24:12+00:00\",\"breadcrumb\":{\"@id\":\"https:\\\/\\\/www.directhealthcaregroup.com\\\/fr\\\/decontamination\\\/#breadcrumb\"},\"inLanguage\":\"fr-FR\",\"potentialAction\":[{\"@type\":\"ReadAction\",\"target\":[\"https:\\\/\\\/www.directhealthcaregroup.com\\\/fr\\\/decontamination\\\/\"]}]},{\"@type\":\"ImageObject\",\"inLanguage\":\"fr-FR\",\"@id\":\"https:\\\/\\\/www.directhealthcaregroup.com\\\/fr\\\/decontamination\\\/#primaryimage\",\"url\":\"http:\\\/\\\/directhealthcareservices.co.uk\\\/wp-content\\\/uploads\\\/2013\\\/01\\\/decontamination-21.jpg\",\"contentUrl\":\"http:\\\/\\\/directhealthcareservices.co.uk\\\/wp-content\\\/uploads\\\/2013\\\/01\\\/decontamination-21.jpg\"},{\"@type\":\"BreadcrumbList\",\"@id\":\"https:\\\/\\\/www.directhealthcaregroup.com\\\/fr\\\/decontamination\\\/#breadcrumb\",\"itemListElement\":[{\"@type\":\"ListItem\",\"position\":1,\"name\":\"Home\",\"item\":\"https:\\\/\\\/www.directhealthcaregroup.com\\\/fr\\\/\"},{\"@type\":\"ListItem\",\"position\":2,\"name\":\"D\u00e9contamination\"}]},{\"@type\":\"WebSite\",\"@id\":\"https:\\\/\\\/www.directhealthcaregroup.com\\\/#website\",\"url\":\"https:\\\/\\\/www.directhealthcaregroup.com\\\/\",\"name\":\"DHG\",\"description\":\"Moving Health Forward\",\"publisher\":{\"@id\":\"https:\\\/\\\/www.directhealthcaregroup.com\\\/#organization\"},\"potentialAction\":[{\"@type\":\"SearchAction\",\"target\":{\"@type\":\"EntryPoint\",\"urlTemplate\":\"https:\\\/\\\/www.directhealthcaregroup.com\\\/?s={search_term_string}\"},\"query-input\":{\"@type\":\"PropertyValueSpecification\",\"valueRequired\":true,\"valueName\":\"search_term_string\"}}],\"inLanguage\":\"fr-FR\"},{\"@type\":\"Organization\",\"@id\":\"https:\\\/\\\/www.directhealthcaregroup.com\\\/#organization\",\"name\":\"Direct Healthcare Group\",\"url\":\"https:\\\/\\\/www.directhealthcaregroup.com\\\/\",\"logo\":{\"@type\":\"ImageObject\",\"inLanguage\":\"fr-FR\",\"@id\":\"https:\\\/\\\/www.directhealthcaregroup.com\\\/#\\\/schema\\\/logo\\\/image\\\/\",\"url\":\"https:\\\/\\\/directhealthcaregroup.com\\\/app\\\/uploads\\\/dhg-logo.png\",\"contentUrl\":\"https:\\\/\\\/directhealthcaregroup.com\\\/app\\\/uploads\\\/dhg-logo.png\",\"width\":556,\"height\":240,\"caption\":\"Direct Healthcare Group\"},\"image\":{\"@id\":\"https:\\\/\\\/www.directhealthcaregroup.com\\\/#\\\/schema\\\/logo\\\/image\\\/\"}}]}<\/script>\n<!-- \/ Yoast SEO plugin. -->","yoast_head_json":{"title":"D\u00e9contamination | DHG","robots":{"index":"index","follow":"follow","max-snippet":"max-snippet:-1","max-image-preview":"max-image-preview:large","max-video-preview":"max-video-preview:-1"},"canonical":"https:\/\/www.directhealthcaregroup.com\/fr\/decontamination\/","og_locale":"fr_FR","og_type":"article","og_title":"D\u00e9contamination | DHG","og_description":"Direct Healthcare Group propose un service complet de collecte et de d\u00e9contamination, non seulement pour nos propres produits, mais pour des services de d\u00e9contamination \u00e0 grande \u00e9chelle, n\u00e9cessaires aussi bien pour les h\u00f4pitaux que pour les \u00e9tablissements de soins de sant\u00e9. Nous nous effor\u00e7ons de maintenir des standards \u00e9lev\u00e9s dans tous les aspects du service &hellip; Continued","og_url":"https:\/\/www.directhealthcaregroup.com\/fr\/decontamination\/","og_site_name":"DHG","article_modified_time":"2018-01-12T11:24:12+00:00","twitter_card":"summary_large_image","twitter_misc":{"Est. reading time":"3 minutes"},"schema":{"@context":"https:\/\/schema.org","@graph":[{"@type":"WebPage","@id":"https:\/\/www.directhealthcaregroup.com\/fr\/decontamination\/","url":"https:\/\/www.directhealthcaregroup.com\/fr\/decontamination\/","name":"D\u00e9contamination | DHG","isPartOf":{"@id":"https:\/\/www.directhealthcaregroup.com\/#website"},"primaryImageOfPage":{"@id":"https:\/\/www.directhealthcaregroup.com\/fr\/decontamination\/#primaryimage"},"image":{"@id":"https:\/\/www.directhealthcaregroup.com\/fr\/decontamination\/#primaryimage"},"thumbnailUrl":"http:\/\/directhealthcareservices.co.uk\/wp-content\/uploads\/2013\/01\/decontamination-21.jpg","datePublished":"2018-01-03T11:46:42+00:00","dateModified":"2018-01-12T11:24:12+00:00","breadcrumb":{"@id":"https:\/\/www.directhealthcaregroup.com\/fr\/decontamination\/#breadcrumb"},"inLanguage":"fr-FR","potentialAction":[{"@type":"ReadAction","target":["https:\/\/www.directhealthcaregroup.com\/fr\/decontamination\/"]}]},{"@type":"ImageObject","inLanguage":"fr-FR","@id":"https:\/\/www.directhealthcaregroup.com\/fr\/decontamination\/#primaryimage","url":"http:\/\/directhealthcareservices.co.uk\/wp-content\/uploads\/2013\/01\/decontamination-21.jpg","contentUrl":"http:\/\/directhealthcareservices.co.uk\/wp-content\/uploads\/2013\/01\/decontamination-21.jpg"},{"@type":"BreadcrumbList","@id":"https:\/\/www.directhealthcaregroup.com\/fr\/decontamination\/#breadcrumb","itemListElement":[{"@type":"ListItem","position":1,"name":"Home","item":"https:\/\/www.directhealthcaregroup.com\/fr\/"},{"@type":"ListItem","position":2,"name":"D\u00e9contamination"}]},{"@type":"WebSite","@id":"https:\/\/www.directhealthcaregroup.com\/#website","url":"https:\/\/www.directhealthcaregroup.com\/","name":"DHG","description":"Moving Health Forward","publisher":{"@id":"https:\/\/www.directhealthcaregroup.com\/#organization"},"potentialAction":[{"@type":"SearchAction","target":{"@type":"EntryPoint","urlTemplate":"https:\/\/www.directhealthcaregroup.com\/?s={search_term_string}"},"query-input":{"@type":"PropertyValueSpecification","valueRequired":true,"valueName":"search_term_string"}}],"inLanguage":"fr-FR"},{"@type":"Organization","@id":"https:\/\/www.directhealthcaregroup.com\/#organization","name":"Direct Healthcare Group","url":"https:\/\/www.directhealthcaregroup.com\/","logo":{"@type":"ImageObject","inLanguage":"fr-FR","@id":"https:\/\/www.directhealthcaregroup.com\/#\/schema\/logo\/image\/","url":"https:\/\/directhealthcaregroup.com\/app\/uploads\/dhg-logo.png","contentUrl":"https:\/\/directhealthcaregroup.com\/app\/uploads\/dhg-logo.png","width":556,"height":240,"caption":"Direct Healthcare Group"},"image":{"@id":"https:\/\/www.directhealthcaregroup.com\/#\/schema\/logo\/image\/"}}]}},"_links":{"self":[{"href":"https:\/\/www.directhealthcaregroup.com\/fr\/wp-json\/wp\/v2\/pages\/6966","targetHints":{"allow":["GET"]}}],"collection":[{"href":"https:\/\/www.directhealthcaregroup.com\/fr\/wp-json\/wp\/v2\/pages"}],"about":[{"href":"https:\/\/www.directhealthcaregroup.com\/fr\/wp-json\/wp\/v2\/types\/page"}],"author":[{"embeddable":true,"href":"https:\/\/www.directhealthcaregroup.com\/fr\/wp-json\/wp\/v2\/users\/2"}],"replies":[{"embeddable":true,"href":"https:\/\/www.directhealthcaregroup.com\/fr\/wp-json\/wp\/v2\/comments?post=6966"}],"version-history":[{"count":1,"href":"https:\/\/www.directhealthcaregroup.com\/fr\/wp-json\/wp\/v2\/pages\/6966\/revisions"}],"predecessor-version":[{"id":6972,"href":"https:\/\/www.directhealthcaregroup.com\/fr\/wp-json\/wp\/v2\/pages\/6966\/revisions\/6972"}],"wp:attachment":[{"href":"https:\/\/www.directhealthcaregroup.com\/fr\/wp-json\/wp\/v2\/media?parent=6966"}],"curies":[{"name":"wp","href":"https:\/\/api.w.org\/{rel}","templated":true}]}}