{"id":5650,"date":"2018-01-03T11:56:17","date_gmt":"2018-01-03T11:56:17","guid":{"rendered":"http:\/\/directhealthcaregroup.com\/auditing\/"},"modified":"2018-01-08T11:26:50","modified_gmt":"2018-01-08T11:26:50","slug":"auditing","status":"publish","type":"page","link":"https:\/\/www.directhealthcaregroup.com\/it\/auditing\/","title":{"rendered":"Audit"},"content":{"rendered":"<p><a href=\"http:\/\/directhealthcareservices.co.uk\/wp-content\/uploads\/2013\/01\/auditing.jpg\"><img loading=\"lazy\" decoding=\"async\" class=\"alignright wp-image-3532 size-full\" src=\"http:\/\/directhealthcareservices.co.uk\/wp-content\/uploads\/2013\/01\/auditing.jpg\" alt=\"auditing\" width=\"300\" height=\"212\" \/><\/a>Direct Healthcare Group offre una lunga esperienza nella produzione e fornitura di speciali prodotti per la cura delle lesioni da pressione. Come risultato di conoscenze e competenze i team clinici e di progettazione, hanno sviluppato livelli di abilit\u00e0 e competenze in grado di offrire un servizio di controllo sulle attrezzature di alta qualit\u00e0. Con l\u2019esperienza specifica nelle superfici in schiuma per la prevenzione e cura delle lesioni, i nostri team di esperti hanno condotto audit professionali di valutazioni su decine di migliaia di componenti di attrezzature.<\/p>\n<p>Con la consapevolezza che il controllo delle infezioni per la sicurezza dei pazienti e degli operatori \u00e8 fondamentale per garantire la massima sicurezza e tranquillit\u00e0 all\u2019interno dell\u2019ambiente ospedaliero al fine di fornire uno standard di sicurezza delle apparecchiature utilizzate per supportare correttamente tutto il periodo di cura dei pazienti.<\/p>\n<p>L\u2019audit sulle attrezzature, in particolare quelle che coinvolgono  pazienti nelle immediate vicinanze dei prodotti, richiedono una valutazione completa, e una elevata sensibilit\u00e0. La discrezionalit\u00e0 nella valutazione e individuazione di potenziali difetti o anomalie \u00e8 fondamentale e i nostri team sono professionalmente preparati ad affrontare queste situazioni durante il processo di revisione. In questo modo solo il personale qualificato (e, naturalmente, il personale NHS) deve essere a conoscenza dello stato esatto delle apparecchiature.<\/p>\n<p>Direct Healthcare Services \u00e8 in grado di preparare una \u201cpre-pianificazione\u201d dell\u2019audit grazie al nostro personale qualificato, avendo cura di coinvolgere tutto il personale ospedaliero delle rsa che i centri riterranno opportuno inserire.<\/p>\n<p>L\u2019Audit sulle attrezzature \u00e8 un lavoro impegnativo che richiede una grande quantit\u00e0 di tempo per il suo completamento sia nell\u2019ambito della pianificazione che nell\u2019ambito operativo amministrativo. Contattate il nostro Audit Manager o il nostro Business Development Manager di zona per maggiori dettagli sulla nostra gamma di servizi.<\/p>\n<p>Nella maggior parte dei casi, Direct Healthcare offre questo servizio a un prezzo notevolmente ridotta per i nuovi clienti. In alternativa, i clienti che dovessero decidere di acquistare i nostri prodotti specialistici, potranno godere di questo servizio in forma GRATUITA.<\/p>\n","protected":false},"excerpt":{"rendered":"<p>Direct Healthcare Group offre una lunga esperienza nella produzione e fornitura di speciali prodotti per la cura delle lesioni da pressione. Come risultato di conoscenze e competenze i team clinici e di progettazione, hanno sviluppato livelli di abilit\u00e0 e competenze in grado di offrire un servizio di controllo sulle attrezzature di alta qualit\u00e0. Con l\u2019esperienza &hellip; <a href=\"https:\/\/www.directhealthcaregroup.com\/it\/auditing\/\">Continued<\/a><\/p>\n","protected":false},"author":2,"featured_media":0,"parent":0,"menu_order":0,"comment_status":"closed","ping_status":"closed","template":"","meta":{"_acf_changed":false,"footnotes":""},"class_list":["post-5650","page","type-page","status-publish","hentry"],"acf":[],"yoast_head":"<!-- This site is optimized with the Yoast SEO plugin v27.4 - https:\/\/yoast.com\/product\/yoast-seo-wordpress\/ -->\n<title>Audit | DHG<\/title>\n<meta name=\"robots\" content=\"index, follow, max-snippet:-1, max-image-preview:large, max-video-preview:-1\" \/>\n<link rel=\"canonical\" href=\"https:\/\/www.directhealthcaregroup.com\/it\/auditing\/\" \/>\n<meta property=\"og:locale\" content=\"it_IT\" \/>\n<meta property=\"og:type\" content=\"article\" \/>\n<meta property=\"og:title\" content=\"Audit | DHG\" \/>\n<meta property=\"og:description\" content=\"Direct Healthcare Group offre una lunga esperienza nella produzione e fornitura di speciali prodotti per la cura delle lesioni da pressione. Come risultato di conoscenze e competenze i team clinici e di progettazione, hanno sviluppato livelli di abilit\u00e0 e competenze in grado di offrire un servizio di controllo sulle attrezzature di alta qualit\u00e0. Con l\u2019esperienza &hellip; Continued\" \/>\n<meta property=\"og:url\" content=\"https:\/\/www.directhealthcaregroup.com\/it\/auditing\/\" \/>\n<meta property=\"og:site_name\" content=\"DHG\" \/>\n<meta property=\"article:modified_time\" content=\"2018-01-08T11:26:50+00:00\" \/>\n<meta name=\"twitter:card\" content=\"summary_large_image\" \/>\n<meta name=\"twitter:label1\" content=\"Est. reading time\" \/>\n\t<meta name=\"twitter:data1\" content=\"2 minutes\" \/>\n<script type=\"application\/ld+json\" class=\"yoast-schema-graph\">{\"@context\":\"https:\\\/\\\/schema.org\",\"@graph\":[{\"@type\":\"WebPage\",\"@id\":\"https:\\\/\\\/www.directhealthcaregroup.com\\\/it\\\/auditing\\\/\",\"url\":\"https:\\\/\\\/www.directhealthcaregroup.com\\\/it\\\/auditing\\\/\",\"name\":\"Audit | DHG\",\"isPartOf\":{\"@id\":\"https:\\\/\\\/www.directhealthcaregroup.com\\\/#website\"},\"primaryImageOfPage\":{\"@id\":\"https:\\\/\\\/www.directhealthcaregroup.com\\\/it\\\/auditing\\\/#primaryimage\"},\"image\":{\"@id\":\"https:\\\/\\\/www.directhealthcaregroup.com\\\/it\\\/auditing\\\/#primaryimage\"},\"thumbnailUrl\":\"http:\\\/\\\/directhealthcareservices.co.uk\\\/wp-content\\\/uploads\\\/2013\\\/01\\\/auditing.jpg\",\"datePublished\":\"2018-01-03T11:56:17+00:00\",\"dateModified\":\"2018-01-08T11:26:50+00:00\",\"breadcrumb\":{\"@id\":\"https:\\\/\\\/www.directhealthcaregroup.com\\\/it\\\/auditing\\\/#breadcrumb\"},\"inLanguage\":\"it-IT\",\"potentialAction\":[{\"@type\":\"ReadAction\",\"target\":[\"https:\\\/\\\/www.directhealthcaregroup.com\\\/it\\\/auditing\\\/\"]}]},{\"@type\":\"ImageObject\",\"inLanguage\":\"it-IT\",\"@id\":\"https:\\\/\\\/www.directhealthcaregroup.com\\\/it\\\/auditing\\\/#primaryimage\",\"url\":\"http:\\\/\\\/directhealthcareservices.co.uk\\\/wp-content\\\/uploads\\\/2013\\\/01\\\/auditing.jpg\",\"contentUrl\":\"http:\\\/\\\/directhealthcareservices.co.uk\\\/wp-content\\\/uploads\\\/2013\\\/01\\\/auditing.jpg\"},{\"@type\":\"BreadcrumbList\",\"@id\":\"https:\\\/\\\/www.directhealthcaregroup.com\\\/it\\\/auditing\\\/#breadcrumb\",\"itemListElement\":[{\"@type\":\"ListItem\",\"position\":1,\"name\":\"Home\",\"item\":\"https:\\\/\\\/www.directhealthcaregroup.com\\\/it\\\/\"},{\"@type\":\"ListItem\",\"position\":2,\"name\":\"Audit\"}]},{\"@type\":\"WebSite\",\"@id\":\"https:\\\/\\\/www.directhealthcaregroup.com\\\/#website\",\"url\":\"https:\\\/\\\/www.directhealthcaregroup.com\\\/\",\"name\":\"DHG\",\"description\":\"Moving Health Forward\",\"publisher\":{\"@id\":\"https:\\\/\\\/www.directhealthcaregroup.com\\\/#organization\"},\"potentialAction\":[{\"@type\":\"SearchAction\",\"target\":{\"@type\":\"EntryPoint\",\"urlTemplate\":\"https:\\\/\\\/www.directhealthcaregroup.com\\\/?s={search_term_string}\"},\"query-input\":{\"@type\":\"PropertyValueSpecification\",\"valueRequired\":true,\"valueName\":\"search_term_string\"}}],\"inLanguage\":\"it-IT\"},{\"@type\":\"Organization\",\"@id\":\"https:\\\/\\\/www.directhealthcaregroup.com\\\/#organization\",\"name\":\"Direct Healthcare Group\",\"url\":\"https:\\\/\\\/www.directhealthcaregroup.com\\\/\",\"logo\":{\"@type\":\"ImageObject\",\"inLanguage\":\"it-IT\",\"@id\":\"https:\\\/\\\/www.directhealthcaregroup.com\\\/#\\\/schema\\\/logo\\\/image\\\/\",\"url\":\"https:\\\/\\\/directhealthcaregroup.com\\\/app\\\/uploads\\\/dhg-logo.png\",\"contentUrl\":\"https:\\\/\\\/directhealthcaregroup.com\\\/app\\\/uploads\\\/dhg-logo.png\",\"width\":556,\"height\":240,\"caption\":\"Direct Healthcare Group\"},\"image\":{\"@id\":\"https:\\\/\\\/www.directhealthcaregroup.com\\\/#\\\/schema\\\/logo\\\/image\\\/\"}}]}<\/script>\n<!-- \/ Yoast SEO plugin. -->","yoast_head_json":{"title":"Audit | DHG","robots":{"index":"index","follow":"follow","max-snippet":"max-snippet:-1","max-image-preview":"max-image-preview:large","max-video-preview":"max-video-preview:-1"},"canonical":"https:\/\/www.directhealthcaregroup.com\/it\/auditing\/","og_locale":"it_IT","og_type":"article","og_title":"Audit | DHG","og_description":"Direct Healthcare Group offre una lunga esperienza nella produzione e fornitura di speciali prodotti per la cura delle lesioni da pressione. Come risultato di conoscenze e competenze i team clinici e di progettazione, hanno sviluppato livelli di abilit\u00e0 e competenze in grado di offrire un servizio di controllo sulle attrezzature di alta qualit\u00e0. Con l\u2019esperienza &hellip; Continued","og_url":"https:\/\/www.directhealthcaregroup.com\/it\/auditing\/","og_site_name":"DHG","article_modified_time":"2018-01-08T11:26:50+00:00","twitter_card":"summary_large_image","twitter_misc":{"Est. reading time":"2 minutes"},"schema":{"@context":"https:\/\/schema.org","@graph":[{"@type":"WebPage","@id":"https:\/\/www.directhealthcaregroup.com\/it\/auditing\/","url":"https:\/\/www.directhealthcaregroup.com\/it\/auditing\/","name":"Audit | DHG","isPartOf":{"@id":"https:\/\/www.directhealthcaregroup.com\/#website"},"primaryImageOfPage":{"@id":"https:\/\/www.directhealthcaregroup.com\/it\/auditing\/#primaryimage"},"image":{"@id":"https:\/\/www.directhealthcaregroup.com\/it\/auditing\/#primaryimage"},"thumbnailUrl":"http:\/\/directhealthcareservices.co.uk\/wp-content\/uploads\/2013\/01\/auditing.jpg","datePublished":"2018-01-03T11:56:17+00:00","dateModified":"2018-01-08T11:26:50+00:00","breadcrumb":{"@id":"https:\/\/www.directhealthcaregroup.com\/it\/auditing\/#breadcrumb"},"inLanguage":"it-IT","potentialAction":[{"@type":"ReadAction","target":["https:\/\/www.directhealthcaregroup.com\/it\/auditing\/"]}]},{"@type":"ImageObject","inLanguage":"it-IT","@id":"https:\/\/www.directhealthcaregroup.com\/it\/auditing\/#primaryimage","url":"http:\/\/directhealthcareservices.co.uk\/wp-content\/uploads\/2013\/01\/auditing.jpg","contentUrl":"http:\/\/directhealthcareservices.co.uk\/wp-content\/uploads\/2013\/01\/auditing.jpg"},{"@type":"BreadcrumbList","@id":"https:\/\/www.directhealthcaregroup.com\/it\/auditing\/#breadcrumb","itemListElement":[{"@type":"ListItem","position":1,"name":"Home","item":"https:\/\/www.directhealthcaregroup.com\/it\/"},{"@type":"ListItem","position":2,"name":"Audit"}]},{"@type":"WebSite","@id":"https:\/\/www.directhealthcaregroup.com\/#website","url":"https:\/\/www.directhealthcaregroup.com\/","name":"DHG","description":"Moving Health Forward","publisher":{"@id":"https:\/\/www.directhealthcaregroup.com\/#organization"},"potentialAction":[{"@type":"SearchAction","target":{"@type":"EntryPoint","urlTemplate":"https:\/\/www.directhealthcaregroup.com\/?s={search_term_string}"},"query-input":{"@type":"PropertyValueSpecification","valueRequired":true,"valueName":"search_term_string"}}],"inLanguage":"it-IT"},{"@type":"Organization","@id":"https:\/\/www.directhealthcaregroup.com\/#organization","name":"Direct Healthcare Group","url":"https:\/\/www.directhealthcaregroup.com\/","logo":{"@type":"ImageObject","inLanguage":"it-IT","@id":"https:\/\/www.directhealthcaregroup.com\/#\/schema\/logo\/image\/","url":"https:\/\/directhealthcaregroup.com\/app\/uploads\/dhg-logo.png","contentUrl":"https:\/\/directhealthcaregroup.com\/app\/uploads\/dhg-logo.png","width":556,"height":240,"caption":"Direct Healthcare Group"},"image":{"@id":"https:\/\/www.directhealthcaregroup.com\/#\/schema\/logo\/image\/"}}]}},"_links":{"self":[{"href":"https:\/\/www.directhealthcaregroup.com\/it\/wp-json\/wp\/v2\/pages\/5650","targetHints":{"allow":["GET"]}}],"collection":[{"href":"https:\/\/www.directhealthcaregroup.com\/it\/wp-json\/wp\/v2\/pages"}],"about":[{"href":"https:\/\/www.directhealthcaregroup.com\/it\/wp-json\/wp\/v2\/types\/page"}],"author":[{"embeddable":true,"href":"https:\/\/www.directhealthcaregroup.com\/it\/wp-json\/wp\/v2\/users\/2"}],"replies":[{"embeddable":true,"href":"https:\/\/www.directhealthcaregroup.com\/it\/wp-json\/wp\/v2\/comments?post=5650"}],"version-history":[{"count":2,"href":"https:\/\/www.directhealthcaregroup.com\/it\/wp-json\/wp\/v2\/pages\/5650\/revisions"}],"predecessor-version":[{"id":5660,"href":"https:\/\/www.directhealthcaregroup.com\/it\/wp-json\/wp\/v2\/pages\/5650\/revisions\/5660"}],"wp:attachment":[{"href":"https:\/\/www.directhealthcaregroup.com\/it\/wp-json\/wp\/v2\/media?parent=5650"}],"curies":[{"name":"wp","href":"https:\/\/api.w.org\/{rel}","templated":true}]}}