{"id":111190,"date":"2020-11-17T13:08:55","date_gmt":"2020-11-17T13:08:55","guid":{"rendered":"http:\/\/www.directhealthcaregroup.com\/?page_id=111190"},"modified":"2021-10-26T15:40:56","modified_gmt":"2021-10-26T14:40:56","slug":"demo-direct","status":"publish","type":"page","link":"https:\/\/www.directhealthcaregroup.com\/nl\/demo-direct\/","title":{"rendered":"Demo-Direct"},"content":{"rendered":"\n<p>Ergo- en fysiotherapeuten hebben steeds meer vraag naar onze producten. Zij willen de producten graag als demo-product bij hun cli\u00ebnt inzetten. Door deze manier kan de cli\u00ebnt snel geholpen worden en wordt snel duidelijk of het beoogde product voldoet aan de hulpvraag van de cli\u00ebnt. Dit initiatief ondersteunen wij graag. Daarom biedt Direct Healthcare Group ergo- en fysiotherapeuten de mogelijkheid om tegen aanzienlijke korting demo-producten bij ons aan te schaffen. Deze producten zijn dan in eigen bezit.\u00a0Indien een demo-product bevalt en er tot aankoop wordt overgegaan, kan de instelling of de cli\u00ebnt deze aanschaffen bij een van de\u00a0<a href=\"https:\/\/www.directhealthcaregroup.com\/app\/uploads\/Dealerlijst-professionals-20201204.pdf\" target=\"_blank\" rel=\"noreferrer noopener\"><strong>Direct Healthcare Group dealers<\/strong>.<\/a><\/p>\n\n\n\n<h2 class=\"wp-block-heading\"><strong>Bestellen<\/strong><\/h2>\n\n\n\n<p>Bestel hieronder je Demo-direct producten tegen aanzienlijke korting. Lees&nbsp;<strong><a href=\"https:\/\/www.directhealthcaregroup.com\/app\/uploads\/Voorwaarden-Demo-Direct-v2.pdf\" target=\"_blank\" rel=\"noreferrer noopener\">hier<\/a><\/strong> de voorwaarden van Demo-direct.<br><\/p>\n\n\n\n<div class=\"wp-block-columns is-layout-flex wp-container-core-columns-is-layout-9d6595d7 wp-block-columns-is-layout-flex\">\n<div class=\"wp-block-column is-layout-flow wp-block-column-is-layout-flow\">\n<div class=\"wp-block-image\"><figure class=\"aligncenter size-large is-resized\"><a href=\"https:\/\/www.directhealthcaregroup.com\/nl\/demo-direct\/standaard-pakket\/\"><img loading=\"lazy\" decoding=\"async\" src=\"http:\/\/www.directhealthcaregroup.com\/app\/uploads\/Standaard-pakket.jpg\" alt=\"Standaard pakket\" class=\"wp-image-111246\" width=\"400\" height=\"284\" srcset=\"https:\/\/www.directhealthcaregroup.com\/app\/uploads\/Standaard-pakket.jpg 660w, https:\/\/www.directhealthcaregroup.com\/app\/uploads\/Standaard-pakket-300x213.jpg 300w, https:\/\/www.directhealthcaregroup.com\/app\/uploads\/Standaard-pakket-320x227.jpg 320w\" sizes=\"auto, (max-width: 400px) 100vw, 400px\" \/><\/a><\/figure><\/div>\n\n\n\n<h2 class=\"has-text-align-center wp-block-heading\"><a href=\"https:\/\/www.directhealthcaregroup.com\/nl\/demo-direct\/standaard-pakket\/\">Standaard pakket<\/a><\/h2>\n\n\n\n<p> Een pakket met hulpmiddelen dat oplossingen biedt om de zelfstandigheid van cli\u00ebnten te verhogen. <\/p>\n<\/div>\n\n\n\n<div class=\"wp-block-column is-layout-flow wp-block-column-is-layout-flow\">\n<div class=\"wp-block-image\"><figure class=\"aligncenter size-large is-resized\"><a href=\"https:\/\/www.directhealthcaregroup.com\/nl\/demo-direct\/innovatie-pakket\/\"><img loading=\"lazy\" decoding=\"async\" src=\"http:\/\/www.directhealthcaregroup.com\/app\/uploads\/Innovatie-pakket.jpg\" alt=\"Innovatie pakket\" class=\"wp-image-111235\" width=\"400\" height=\"284\" srcset=\"https:\/\/www.directhealthcaregroup.com\/app\/uploads\/Innovatie-pakket.jpg 658w, https:\/\/www.directhealthcaregroup.com\/app\/uploads\/Innovatie-pakket-300x212.jpg 300w, https:\/\/www.directhealthcaregroup.com\/app\/uploads\/Innovatie-pakket-320x227.jpg 320w\" sizes=\"auto, (max-width: 400px) 100vw, 400px\" \/><\/a><\/figure><\/div>\n\n\n\n<h2 class=\"has-text-align-center wp-block-heading\"><a href=\"https:\/\/www.directhealthcaregroup.com\/nl\/demo-direct\/innovatie-pakket\/\">Innovatie pakket<\/a><\/h2>\n\n\n\n<p> Een pakket met hulpmiddelen dat oplossingen biedt bij het tillen en begeleiden van bedlegerige cli\u00ebnten. <\/p>\n<\/div>\n<\/div>\n\n\n\n<hr class=\"wp-block-separator has-text-color has-background has-very-dark-gray-background-color has-very-dark-gray-color\"\/>\n\n\n\n<div class=\"wp-block-columns is-layout-flex wp-container-core-columns-is-layout-9d6595d7 wp-block-columns-is-layout-flex\">\n<div class=\"wp-block-column is-layout-flow wp-block-column-is-layout-flow\">\n<div class=\"wp-block-image\"><figure class=\"aligncenter size-large is-resized\"><a href=\"https:\/\/www.directhealthcaregroup.com\/nl\/demo-direct\/losse-producten\/\"><img loading=\"lazy\" decoding=\"async\" src=\"http:\/\/www.directhealthcaregroup.com\/app\/uploads\/Losse-producten.jpg\" alt=\"Losse producten\" class=\"wp-image-111224\" width=\"400\" height=\"284\" srcset=\"https:\/\/www.directhealthcaregroup.com\/app\/uploads\/Losse-producten.jpg 400w, https:\/\/www.directhealthcaregroup.com\/app\/uploads\/Losse-producten-300x213.jpg 300w, https:\/\/www.directhealthcaregroup.com\/app\/uploads\/Losse-producten-320x227.jpg 320w\" sizes=\"auto, (max-width: 400px) 100vw, 400px\" \/><\/a><\/figure><\/div>\n\n\n\n<h2 class=\"has-text-align-center wp-block-heading\"><a href=\"https:\/\/www.directhealthcaregroup.com\/nl\/demo-direct\/losse-producten\/\">Losse producten<\/a><\/h2>\n\n\n\n<p> Heb je interesse in onze losse producten of ben je meer op zoek naar een aangepast pakket, neem dan contact met ons op. <\/p>\n<\/div>\n\n\n\n<div class=\"wp-block-column is-layout-flow wp-block-column-is-layout-flow\">\n<div class=\"wp-block-image\"><figure class=\"aligncenter size-large is-resized\"><a href=\"https:\/\/www.directhealthcaregroup.com\/nl\/demo-direct\/zichtaanvraag\/\"><img loading=\"lazy\" decoding=\"async\" src=\"http:\/\/www.directhealthcaregroup.com\/app\/uploads\/Zichtaanvraag.jpg\" alt=\"Zichtaanvraag\" class=\"wp-image-111213\" width=\"400\" height=\"284\" srcset=\"https:\/\/www.directhealthcaregroup.com\/app\/uploads\/Zichtaanvraag.jpg 400w, https:\/\/www.directhealthcaregroup.com\/app\/uploads\/Zichtaanvraag-300x213.jpg 300w, https:\/\/www.directhealthcaregroup.com\/app\/uploads\/Zichtaanvraag-320x227.jpg 320w\" sizes=\"auto, (max-width: 400px) 100vw, 400px\" \/><\/a><\/figure><\/div>\n\n\n\n<h2 class=\"has-text-align-center wp-block-heading\"><a href=\"https:\/\/www.directhealthcaregroup.com\/nl\/demo-direct\/zichtaanvraag\/\">Zichtaanvraag<\/a><\/h2>\n\n\n\n<p> Een product eerst samen met je cli\u00ebnt twee weken uitproberen? Vraag dit product dan op zicht aan. <\/p>\n<\/div>\n<\/div>\n\n\n\n<h1 class=\"has-text-align-center wp-block-heading\">Catalogus<\/h1>\n\n\n\n<div style=\"position:relative;padding-top:max(60%,326px);height:0;width:100%\"><iframe allowfullscreen=\"true\" style=\"position:absolute;border:none;width:100%;height:100%;left:0;right:0;top:0;bottom:0;\" src=\"https:\/\/e.issuu.com\/embed.html?d=dhg_transfer-tilhulp-product_catalogus_nl_mei2021_&amp;u=handicarebathroomsafety\"><\/iframe><\/div>\n","protected":false},"excerpt":{"rendered":"<p>Ergo- en fysiotherapeuten hebben steeds meer vraag naar onze producten. Zij willen de producten graag als demo-product bij hun cli\u00ebnt inzetten. Door deze manier kan de cli\u00ebnt snel geholpen worden en wordt snel duidelijk of het beoogde product voldoet aan de hulpvraag van de cli\u00ebnt. Dit initiatief ondersteunen wij graag. Daarom biedt Direct Healthcare Group &hellip; <a href=\"https:\/\/www.directhealthcaregroup.com\/nl\/demo-direct\/\">Continued<\/a><\/p>\n","protected":false},"author":11,"featured_media":111259,"parent":0,"menu_order":0,"comment_status":"closed","ping_status":"closed","template":"","meta":{"_acf_changed":false,"footnotes":""},"class_list":["post-111190","page","type-page","status-publish","has-post-thumbnail","hentry"],"acf":[],"yoast_head":"<!-- This site is optimized with the Yoast SEO plugin v27.4 - https:\/\/yoast.com\/product\/yoast-seo-wordpress\/ -->\n<title>Demo-Direct | DHG<\/title>\n<meta name=\"robots\" content=\"index, follow, max-snippet:-1, max-image-preview:large, max-video-preview:-1\" \/>\n<link rel=\"canonical\" href=\"https:\/\/www.directhealthcaregroup.com\/nl\/demo-direct\/\" \/>\n<meta property=\"og:locale\" content=\"nl_NL\" \/>\n<meta property=\"og:type\" content=\"article\" \/>\n<meta property=\"og:title\" content=\"Demo-Direct | DHG\" \/>\n<meta property=\"og:description\" content=\"Ergo- en fysiotherapeuten hebben steeds meer vraag naar onze producten. Zij willen de producten graag als demo-product bij hun cli\u00ebnt inzetten. Door deze manier kan de cli\u00ebnt snel geholpen worden en wordt snel duidelijk of het beoogde product voldoet aan de hulpvraag van de cli\u00ebnt. Dit initiatief ondersteunen wij graag. Daarom biedt Direct Healthcare Group &hellip; Continued\" \/>\n<meta property=\"og:url\" content=\"https:\/\/www.directhealthcaregroup.com\/nl\/demo-direct\/\" \/>\n<meta property=\"og:site_name\" content=\"DHG\" \/>\n<meta property=\"article:modified_time\" content=\"2021-10-26T14:40:56+00:00\" \/>\n<meta property=\"og:image\" content=\"https:\/\/www.directhealthcaregroup.com\/app\/uploads\/Dame-Demo-direct.jpg\" \/>\n\t<meta property=\"og:image:width\" content=\"1011\" \/>\n\t<meta property=\"og:image:height\" content=\"399\" \/>\n\t<meta property=\"og:image:type\" content=\"image\/jpeg\" \/>\n<meta name=\"twitter:card\" content=\"summary_large_image\" \/>\n<meta name=\"twitter:label1\" content=\"Est. reading time\" \/>\n\t<meta name=\"twitter:data1\" content=\"1 minute\" \/>\n<script type=\"application\/ld+json\" class=\"yoast-schema-graph\">{\"@context\":\"https:\\\/\\\/schema.org\",\"@graph\":[{\"@type\":\"WebPage\",\"@id\":\"https:\\\/\\\/www.directhealthcaregroup.com\\\/nl\\\/demo-direct\\\/\",\"url\":\"https:\\\/\\\/www.directhealthcaregroup.com\\\/nl\\\/demo-direct\\\/\",\"name\":\"Demo-Direct | DHG\",\"isPartOf\":{\"@id\":\"https:\\\/\\\/www.directhealthcaregroup.com\\\/#website\"},\"primaryImageOfPage\":{\"@id\":\"https:\\\/\\\/www.directhealthcaregroup.com\\\/nl\\\/demo-direct\\\/#primaryimage\"},\"image\":{\"@id\":\"https:\\\/\\\/www.directhealthcaregroup.com\\\/nl\\\/demo-direct\\\/#primaryimage\"},\"thumbnailUrl\":\"https:\\\/\\\/www.directhealthcaregroup.com\\\/app\\\/uploads\\\/Dame-Demo-direct.jpg\",\"datePublished\":\"2020-11-17T13:08:55+00:00\",\"dateModified\":\"2021-10-26T14:40:56+00:00\",\"breadcrumb\":{\"@id\":\"https:\\\/\\\/www.directhealthcaregroup.com\\\/nl\\\/demo-direct\\\/#breadcrumb\"},\"inLanguage\":\"nl-NL\",\"potentialAction\":[{\"@type\":\"ReadAction\",\"target\":[\"https:\\\/\\\/www.directhealthcaregroup.com\\\/nl\\\/demo-direct\\\/\"]}]},{\"@type\":\"ImageObject\",\"inLanguage\":\"nl-NL\",\"@id\":\"https:\\\/\\\/www.directhealthcaregroup.com\\\/nl\\\/demo-direct\\\/#primaryimage\",\"url\":\"https:\\\/\\\/www.directhealthcaregroup.com\\\/app\\\/uploads\\\/Dame-Demo-direct.jpg\",\"contentUrl\":\"https:\\\/\\\/www.directhealthcaregroup.com\\\/app\\\/uploads\\\/Dame-Demo-direct.jpg\",\"width\":1011,\"height\":399,\"caption\":\"Demo-Direct\"},{\"@type\":\"BreadcrumbList\",\"@id\":\"https:\\\/\\\/www.directhealthcaregroup.com\\\/nl\\\/demo-direct\\\/#breadcrumb\",\"itemListElement\":[{\"@type\":\"ListItem\",\"position\":1,\"name\":\"Home\",\"item\":\"https:\\\/\\\/www.directhealthcaregroup.com\\\/nl\\\/\"},{\"@type\":\"ListItem\",\"position\":2,\"name\":\"Demo-Direct\"}]},{\"@type\":\"WebSite\",\"@id\":\"https:\\\/\\\/www.directhealthcaregroup.com\\\/#website\",\"url\":\"https:\\\/\\\/www.directhealthcaregroup.com\\\/\",\"name\":\"DHG\",\"description\":\"Moving Health Forward\",\"publisher\":{\"@id\":\"https:\\\/\\\/www.directhealthcaregroup.com\\\/#organization\"},\"potentialAction\":[{\"@type\":\"SearchAction\",\"target\":{\"@type\":\"EntryPoint\",\"urlTemplate\":\"https:\\\/\\\/www.directhealthcaregroup.com\\\/?s={search_term_string}\"},\"query-input\":{\"@type\":\"PropertyValueSpecification\",\"valueRequired\":true,\"valueName\":\"search_term_string\"}}],\"inLanguage\":\"nl-NL\"},{\"@type\":\"Organization\",\"@id\":\"https:\\\/\\\/www.directhealthcaregroup.com\\\/#organization\",\"name\":\"Direct Healthcare Group\",\"url\":\"https:\\\/\\\/www.directhealthcaregroup.com\\\/\",\"logo\":{\"@type\":\"ImageObject\",\"inLanguage\":\"nl-NL\",\"@id\":\"https:\\\/\\\/www.directhealthcaregroup.com\\\/#\\\/schema\\\/logo\\\/image\\\/\",\"url\":\"https:\\\/\\\/directhealthcaregroup.com\\\/app\\\/uploads\\\/dhg-logo.png\",\"contentUrl\":\"https:\\\/\\\/directhealthcaregroup.com\\\/app\\\/uploads\\\/dhg-logo.png\",\"width\":556,\"height\":240,\"caption\":\"Direct Healthcare Group\"},\"image\":{\"@id\":\"https:\\\/\\\/www.directhealthcaregroup.com\\\/#\\\/schema\\\/logo\\\/image\\\/\"}}]}<\/script>\n<!-- \/ Yoast SEO plugin. -->","yoast_head_json":{"title":"Demo-Direct | DHG","robots":{"index":"index","follow":"follow","max-snippet":"max-snippet:-1","max-image-preview":"max-image-preview:large","max-video-preview":"max-video-preview:-1"},"canonical":"https:\/\/www.directhealthcaregroup.com\/nl\/demo-direct\/","og_locale":"nl_NL","og_type":"article","og_title":"Demo-Direct | DHG","og_description":"Ergo- en fysiotherapeuten hebben steeds meer vraag naar onze producten. Zij willen de producten graag als demo-product bij hun cli\u00ebnt inzetten. Door deze manier kan de cli\u00ebnt snel geholpen worden en wordt snel duidelijk of het beoogde product voldoet aan de hulpvraag van de cli\u00ebnt. Dit initiatief ondersteunen wij graag. Daarom biedt Direct Healthcare Group &hellip; Continued","og_url":"https:\/\/www.directhealthcaregroup.com\/nl\/demo-direct\/","og_site_name":"DHG","article_modified_time":"2021-10-26T14:40:56+00:00","og_image":[{"width":1011,"height":399,"url":"https:\/\/www.directhealthcaregroup.com\/app\/uploads\/Dame-Demo-direct.jpg","type":"image\/jpeg"}],"twitter_card":"summary_large_image","twitter_misc":{"Est. reading time":"1 minute"},"schema":{"@context":"https:\/\/schema.org","@graph":[{"@type":"WebPage","@id":"https:\/\/www.directhealthcaregroup.com\/nl\/demo-direct\/","url":"https:\/\/www.directhealthcaregroup.com\/nl\/demo-direct\/","name":"Demo-Direct | DHG","isPartOf":{"@id":"https:\/\/www.directhealthcaregroup.com\/#website"},"primaryImageOfPage":{"@id":"https:\/\/www.directhealthcaregroup.com\/nl\/demo-direct\/#primaryimage"},"image":{"@id":"https:\/\/www.directhealthcaregroup.com\/nl\/demo-direct\/#primaryimage"},"thumbnailUrl":"https:\/\/www.directhealthcaregroup.com\/app\/uploads\/Dame-Demo-direct.jpg","datePublished":"2020-11-17T13:08:55+00:00","dateModified":"2021-10-26T14:40:56+00:00","breadcrumb":{"@id":"https:\/\/www.directhealthcaregroup.com\/nl\/demo-direct\/#breadcrumb"},"inLanguage":"nl-NL","potentialAction":[{"@type":"ReadAction","target":["https:\/\/www.directhealthcaregroup.com\/nl\/demo-direct\/"]}]},{"@type":"ImageObject","inLanguage":"nl-NL","@id":"https:\/\/www.directhealthcaregroup.com\/nl\/demo-direct\/#primaryimage","url":"https:\/\/www.directhealthcaregroup.com\/app\/uploads\/Dame-Demo-direct.jpg","contentUrl":"https:\/\/www.directhealthcaregroup.com\/app\/uploads\/Dame-Demo-direct.jpg","width":1011,"height":399,"caption":"Demo-Direct"},{"@type":"BreadcrumbList","@id":"https:\/\/www.directhealthcaregroup.com\/nl\/demo-direct\/#breadcrumb","itemListElement":[{"@type":"ListItem","position":1,"name":"Home","item":"https:\/\/www.directhealthcaregroup.com\/nl\/"},{"@type":"ListItem","position":2,"name":"Demo-Direct"}]},{"@type":"WebSite","@id":"https:\/\/www.directhealthcaregroup.com\/#website","url":"https:\/\/www.directhealthcaregroup.com\/","name":"DHG","description":"Moving Health Forward","publisher":{"@id":"https:\/\/www.directhealthcaregroup.com\/#organization"},"potentialAction":[{"@type":"SearchAction","target":{"@type":"EntryPoint","urlTemplate":"https:\/\/www.directhealthcaregroup.com\/?s={search_term_string}"},"query-input":{"@type":"PropertyValueSpecification","valueRequired":true,"valueName":"search_term_string"}}],"inLanguage":"nl-NL"},{"@type":"Organization","@id":"https:\/\/www.directhealthcaregroup.com\/#organization","name":"Direct Healthcare Group","url":"https:\/\/www.directhealthcaregroup.com\/","logo":{"@type":"ImageObject","inLanguage":"nl-NL","@id":"https:\/\/www.directhealthcaregroup.com\/#\/schema\/logo\/image\/","url":"https:\/\/directhealthcaregroup.com\/app\/uploads\/dhg-logo.png","contentUrl":"https:\/\/directhealthcaregroup.com\/app\/uploads\/dhg-logo.png","width":556,"height":240,"caption":"Direct Healthcare Group"},"image":{"@id":"https:\/\/www.directhealthcaregroup.com\/#\/schema\/logo\/image\/"}}]}},"_links":{"self":[{"href":"https:\/\/www.directhealthcaregroup.com\/nl\/wp-json\/wp\/v2\/pages\/111190","targetHints":{"allow":["GET"]}}],"collection":[{"href":"https:\/\/www.directhealthcaregroup.com\/nl\/wp-json\/wp\/v2\/pages"}],"about":[{"href":"https:\/\/www.directhealthcaregroup.com\/nl\/wp-json\/wp\/v2\/types\/page"}],"author":[{"embeddable":true,"href":"https:\/\/www.directhealthcaregroup.com\/nl\/wp-json\/wp\/v2\/users\/11"}],"replies":[{"embeddable":true,"href":"https:\/\/www.directhealthcaregroup.com\/nl\/wp-json\/wp\/v2\/comments?post=111190"}],"version-history":[{"count":13,"href":"https:\/\/www.directhealthcaregroup.com\/nl\/wp-json\/wp\/v2\/pages\/111190\/revisions"}],"predecessor-version":[{"id":145619,"href":"https:\/\/www.directhealthcaregroup.com\/nl\/wp-json\/wp\/v2\/pages\/111190\/revisions\/145619"}],"wp:featuredmedia":[{"embeddable":true,"href":"https:\/\/www.directhealthcaregroup.com\/nl\/wp-json\/wp\/v2\/media\/111259"}],"wp:attachment":[{"href":"https:\/\/www.directhealthcaregroup.com\/nl\/wp-json\/wp\/v2\/media?parent=111190"}],"curies":[{"name":"wp","href":"https:\/\/api.w.org\/{rel}","templated":true}]}}