{"id":85269,"date":"2020-09-08T12:21:15","date_gmt":"2020-09-08T11:21:15","guid":{"rendered":"http:\/\/www.directhealthcaregroup.com\/?page_id=85269"},"modified":"2020-11-11T09:44:27","modified_gmt":"2020-11-11T09:44:27","slug":"onze-trainingen","status":"publish","type":"page","link":"https:\/\/www.directhealthcaregroup.com\/nl\/ethos-education-programme\/onze-trainingen\/","title":{"rendered":"Onze Trainingen"},"content":{"rendered":"\n<div class=\"wp-block-columns is-layout-flex wp-container-core-columns-is-layout-9d6595d7 wp-block-columns-is-layout-flex\">\n<div class=\"wp-block-column is-layout-flow wp-block-column-is-layout-flow\">\n<div class=\"wp-block-columns is-layout-flex wp-container-core-columns-is-layout-9d6595d7 wp-block-columns-is-layout-flex\">\n<div class=\"wp-block-column is-layout-flow wp-block-column-is-layout-flow\">\n<div class=\"wp-block-button\"><a class=\"wp-block-button__link\" href=\"https:\/\/www.directhealthcaregroup.com\/nl\/ethos-education-programme\/\">Over Ethos<\/a><\/div>\n<\/div>\n\n\n\n<div class=\"wp-block-column is-layout-flow wp-block-column-is-layout-flow\">\n<div class=\"wp-block-button\"><a class=\"wp-block-button__link\" href=\"https:\/\/www.directhealthcaregroup.com\/nl\/onze-trainingen\/\">Onze trainingen<\/a><\/div>\n<\/div>\n<\/div>\n<\/div>\n\n\n\n<div class=\"wp-block-column is-layout-flow wp-block-column-is-layout-flow\">\n<div class=\"wp-block-columns is-layout-flex wp-container-core-columns-is-layout-9d6595d7 wp-block-columns-is-layout-flex\">\n<div class=\"wp-block-column is-layout-flow wp-block-column-is-layout-flow\">\n<div class=\"wp-block-button\"><a class=\"wp-block-button__link\" href=\"https:\/\/www.directhealthcaregroup.com\/nl\/e-learning\/\">E-learning<\/a><\/div>\n<\/div>\n\n\n\n<div class=\"wp-block-column is-layout-flow wp-block-column-is-layout-flow\">\n<div class=\"wp-block-button\"><a class=\"wp-block-button__link\" href=\"https:\/\/www.directhealthcaregroup.com\/nl\/ethos-education-programme\/schrijf-je-in\">Training boeken<\/a><\/div>\n<\/div>\n<\/div>\n<\/div>\n<\/div>\n\n\n\n<hr class=\"wp-block-separator has-text-color has-background has-very-dark-gray-background-color has-very-dark-gray-color\"\/>\n\n\n\n<div style=\"height:20px\" aria-hidden=\"true\" class=\"wp-block-spacer\"><\/div>\n\n\n<h4><a href=\"https:\/\/www.directhealthcaregroup.com\/nl\/ethos-education-programme\/onze-trainingen\/transfers-en-positioneren-van-plus-size-clienten\/\">TRANSFERS EN POSITIONEREN VAN PLUS SIZE CLI\u00cbNTEN<\/a><\/h4>\n<p>Deze training biedt inspiratie aan zorgprofessionals die betrokken zijn bij de zorg voor cli\u00ebnten met overgewicht. We werken met een speciaal obese-ervaringspak zodat je zelf kunt ervaren hoe het is om obese te zijn.<\/p>\n<h4><a href=\"https:\/\/www.directhealthcaregroup.com\/nl\/ethos-education-programme\/onze-trainingen\/draaien-en-positioneren-in-bed\/\">DRAAIEN EN POSITIONEREN IN BED<\/a><\/h4>\n<p>Voor zorgprofessionals, gericht op transfers van verminderd actieve tot passieve cli\u00ebnten. Je leert werken met hulpmiddelen zoals glijlakens die helpen wrijving te voorkomen. Ook werken we met een mobiele of plafondlift.<\/p>\n<h4><a href=\"https:\/\/www.directhealthcaregroup.com\/nl\/ethos-education-programme\/onze-trainingen\/veilige-transfers-in-je-eentje\/\">VEILIGE TRANSFERS IN JE EENTJE<\/a><\/h4>\n<p>Voor zorgprofessionals, gericht op het smart gebruik van hulpmiddelen waardoor meer transfers door \u00e9\u00e9n zorgverlener kunnen worden uitgevoerd. Hiermee is het mogelijk om veiliger te werken en de zorg voor de cli\u00ebnt te verbeteren.<\/p>\n<h4><a href=\"https:\/\/www.directhealthcaregroup.com\/nl\/ethos-education-programme\/onze-trainingen\/van-zit-naar-stand\/\">VAN ZIT-NAAR-STAND<\/a><\/h4>\n<p>In deze training leer je de basistheorie voor pati\u00ebntentransfers en praktijkoefeningen zoals van bed naar stoel, van stoel naar stoel en naar toilet.<\/p>","protected":false},"excerpt":{"rendered":"<p>TRANSFERS EN POSITIONEREN VAN PLUS SIZE CLI\u00cbNTEN Deze training biedt inspiratie aan zorgprofessionals die betrokken zijn bij de zorg voor cli\u00ebnten met overgewicht. We werken met een speciaal obese-ervaringspak zodat je zelf kunt ervaren hoe het is om obese te zijn. DRAAIEN EN POSITIONEREN IN BED Voor zorgprofessionals, gericht op transfers van verminderd actieve tot &hellip; <a href=\"https:\/\/www.directhealthcaregroup.com\/nl\/ethos-education-programme\/onze-trainingen\/\">Continued<\/a><\/p>\n","protected":false},"author":2,"featured_media":0,"parent":85249,"menu_order":0,"comment_status":"closed","ping_status":"closed","template":"","meta":{"_acf_changed":false,"footnotes":""},"class_list":["post-85269","page","type-page","status-publish","hentry"],"acf":[],"yoast_head":"<!-- This site is optimized with the Yoast SEO plugin v26.6 - https:\/\/yoast.com\/wordpress\/plugins\/seo\/ -->\n<title>Onze Trainingen | DHG<\/title>\n<meta name=\"robots\" content=\"index, follow, max-snippet:-1, max-image-preview:large, max-video-preview:-1\" \/>\n<link rel=\"canonical\" href=\"https:\/\/www.directhealthcaregroup.com\/nl\/ethos-education-programme\/onze-trainingen\/\" \/>\n<meta property=\"og:locale\" content=\"nl_NL\" \/>\n<meta property=\"og:type\" content=\"article\" \/>\n<meta property=\"og:title\" content=\"Onze Trainingen | DHG\" \/>\n<meta property=\"og:description\" content=\"TRANSFERS EN POSITIONEREN VAN PLUS SIZE CLI\u00cbNTEN Deze training biedt inspiratie aan zorgprofessionals die betrokken zijn bij de zorg voor cli\u00ebnten met overgewicht. We werken met een speciaal obese-ervaringspak zodat je zelf kunt ervaren hoe het is om obese te zijn. DRAAIEN EN POSITIONEREN IN BED Voor zorgprofessionals, gericht op transfers van verminderd actieve tot &hellip; Continued\" \/>\n<meta property=\"og:url\" content=\"https:\/\/www.directhealthcaregroup.com\/nl\/ethos-education-programme\/onze-trainingen\/\" \/>\n<meta property=\"og:site_name\" content=\"DHG\" \/>\n<meta property=\"article:modified_time\" content=\"2020-11-11T09:44:27+00:00\" \/>\n<meta name=\"twitter:card\" content=\"summary_large_image\" \/>\n<meta name=\"twitter:label1\" content=\"Est. reading time\" \/>\n\t<meta name=\"twitter:data1\" content=\"1 minute\" \/>\n<script type=\"application\/ld+json\" class=\"yoast-schema-graph\">{\"@context\":\"https:\/\/schema.org\",\"@graph\":[{\"@type\":\"WebPage\",\"@id\":\"https:\/\/www.directhealthcaregroup.com\/nl\/ethos-education-programme\/onze-trainingen\/\",\"url\":\"https:\/\/www.directhealthcaregroup.com\/nl\/ethos-education-programme\/onze-trainingen\/\",\"name\":\"Onze Trainingen | DHG\",\"isPartOf\":{\"@id\":\"https:\/\/www.directhealthcaregroup.com\/#website\"},\"datePublished\":\"2020-09-08T11:21:15+00:00\",\"dateModified\":\"2020-11-11T09:44:27+00:00\",\"breadcrumb\":{\"@id\":\"https:\/\/www.directhealthcaregroup.com\/nl\/ethos-education-programme\/onze-trainingen\/#breadcrumb\"},\"inLanguage\":\"nl-NL\",\"potentialAction\":[{\"@type\":\"ReadAction\",\"target\":[\"https:\/\/www.directhealthcaregroup.com\/nl\/ethos-education-programme\/onze-trainingen\/\"]}]},{\"@type\":\"BreadcrumbList\",\"@id\":\"https:\/\/www.directhealthcaregroup.com\/nl\/ethos-education-programme\/onze-trainingen\/#breadcrumb\",\"itemListElement\":[{\"@type\":\"ListItem\",\"position\":1,\"name\":\"Home\",\"item\":\"https:\/\/www.directhealthcaregroup.com\/nl\/\"},{\"@type\":\"ListItem\",\"position\":2,\"name\":\"Private: Ethos Education Programme\",\"item\":\"https:\/\/www.directhealthcaregroup.com\/nl\/?page_id=85249\"},{\"@type\":\"ListItem\",\"position\":3,\"name\":\"Onze Trainingen\"}]},{\"@type\":\"WebSite\",\"@id\":\"https:\/\/www.directhealthcaregroup.com\/#website\",\"url\":\"https:\/\/www.directhealthcaregroup.com\/\",\"name\":\"DHG\",\"description\":\"Moving Health Forward\",\"publisher\":{\"@id\":\"https:\/\/www.directhealthcaregroup.com\/#organization\"},\"potentialAction\":[{\"@type\":\"SearchAction\",\"target\":{\"@type\":\"EntryPoint\",\"urlTemplate\":\"https:\/\/www.directhealthcaregroup.com\/?s={search_term_string}\"},\"query-input\":{\"@type\":\"PropertyValueSpecification\",\"valueRequired\":true,\"valueName\":\"search_term_string\"}}],\"inLanguage\":\"nl-NL\"},{\"@type\":\"Organization\",\"@id\":\"https:\/\/www.directhealthcaregroup.com\/#organization\",\"name\":\"Direct Healthcare Group\",\"url\":\"https:\/\/www.directhealthcaregroup.com\/\",\"logo\":{\"@type\":\"ImageObject\",\"inLanguage\":\"nl-NL\",\"@id\":\"https:\/\/www.directhealthcaregroup.com\/#\/schema\/logo\/image\/\",\"url\":\"https:\/\/directhealthcaregroup.com\/app\/uploads\/dhg-logo.png\",\"contentUrl\":\"https:\/\/directhealthcaregroup.com\/app\/uploads\/dhg-logo.png\",\"width\":556,\"height\":240,\"caption\":\"Direct Healthcare Group\"},\"image\":{\"@id\":\"https:\/\/www.directhealthcaregroup.com\/#\/schema\/logo\/image\/\"}}]}<\/script>\n<!-- \/ Yoast SEO plugin. -->","yoast_head_json":{"title":"Onze Trainingen | DHG","robots":{"index":"index","follow":"follow","max-snippet":"max-snippet:-1","max-image-preview":"max-image-preview:large","max-video-preview":"max-video-preview:-1"},"canonical":"https:\/\/www.directhealthcaregroup.com\/nl\/ethos-education-programme\/onze-trainingen\/","og_locale":"nl_NL","og_type":"article","og_title":"Onze Trainingen | DHG","og_description":"TRANSFERS EN POSITIONEREN VAN PLUS SIZE CLI\u00cbNTEN Deze training biedt inspiratie aan zorgprofessionals die betrokken zijn bij de zorg voor cli\u00ebnten met overgewicht. We werken met een speciaal obese-ervaringspak zodat je zelf kunt ervaren hoe het is om obese te zijn. DRAAIEN EN POSITIONEREN IN BED Voor zorgprofessionals, gericht op transfers van verminderd actieve tot &hellip; Continued","og_url":"https:\/\/www.directhealthcaregroup.com\/nl\/ethos-education-programme\/onze-trainingen\/","og_site_name":"DHG","article_modified_time":"2020-11-11T09:44:27+00:00","twitter_card":"summary_large_image","twitter_misc":{"Est. reading time":"1 minute"},"schema":{"@context":"https:\/\/schema.org","@graph":[{"@type":"WebPage","@id":"https:\/\/www.directhealthcaregroup.com\/nl\/ethos-education-programme\/onze-trainingen\/","url":"https:\/\/www.directhealthcaregroup.com\/nl\/ethos-education-programme\/onze-trainingen\/","name":"Onze Trainingen | DHG","isPartOf":{"@id":"https:\/\/www.directhealthcaregroup.com\/#website"},"datePublished":"2020-09-08T11:21:15+00:00","dateModified":"2020-11-11T09:44:27+00:00","breadcrumb":{"@id":"https:\/\/www.directhealthcaregroup.com\/nl\/ethos-education-programme\/onze-trainingen\/#breadcrumb"},"inLanguage":"nl-NL","potentialAction":[{"@type":"ReadAction","target":["https:\/\/www.directhealthcaregroup.com\/nl\/ethos-education-programme\/onze-trainingen\/"]}]},{"@type":"BreadcrumbList","@id":"https:\/\/www.directhealthcaregroup.com\/nl\/ethos-education-programme\/onze-trainingen\/#breadcrumb","itemListElement":[{"@type":"ListItem","position":1,"name":"Home","item":"https:\/\/www.directhealthcaregroup.com\/nl\/"},{"@type":"ListItem","position":2,"name":"Private: Ethos Education Programme","item":"https:\/\/www.directhealthcaregroup.com\/nl\/?page_id=85249"},{"@type":"ListItem","position":3,"name":"Onze Trainingen"}]},{"@type":"WebSite","@id":"https:\/\/www.directhealthcaregroup.com\/#website","url":"https:\/\/www.directhealthcaregroup.com\/","name":"DHG","description":"Moving Health Forward","publisher":{"@id":"https:\/\/www.directhealthcaregroup.com\/#organization"},"potentialAction":[{"@type":"SearchAction","target":{"@type":"EntryPoint","urlTemplate":"https:\/\/www.directhealthcaregroup.com\/?s={search_term_string}"},"query-input":{"@type":"PropertyValueSpecification","valueRequired":true,"valueName":"search_term_string"}}],"inLanguage":"nl-NL"},{"@type":"Organization","@id":"https:\/\/www.directhealthcaregroup.com\/#organization","name":"Direct Healthcare Group","url":"https:\/\/www.directhealthcaregroup.com\/","logo":{"@type":"ImageObject","inLanguage":"nl-NL","@id":"https:\/\/www.directhealthcaregroup.com\/#\/schema\/logo\/image\/","url":"https:\/\/directhealthcaregroup.com\/app\/uploads\/dhg-logo.png","contentUrl":"https:\/\/directhealthcaregroup.com\/app\/uploads\/dhg-logo.png","width":556,"height":240,"caption":"Direct Healthcare Group"},"image":{"@id":"https:\/\/www.directhealthcaregroup.com\/#\/schema\/logo\/image\/"}}]}},"_links":{"self":[{"href":"https:\/\/www.directhealthcaregroup.com\/nl\/wp-json\/wp\/v2\/pages\/85269","targetHints":{"allow":["GET"]}}],"collection":[{"href":"https:\/\/www.directhealthcaregroup.com\/nl\/wp-json\/wp\/v2\/pages"}],"about":[{"href":"https:\/\/www.directhealthcaregroup.com\/nl\/wp-json\/wp\/v2\/types\/page"}],"author":[{"embeddable":true,"href":"https:\/\/www.directhealthcaregroup.com\/nl\/wp-json\/wp\/v2\/users\/2"}],"replies":[{"embeddable":true,"href":"https:\/\/www.directhealthcaregroup.com\/nl\/wp-json\/wp\/v2\/comments?post=85269"}],"version-history":[{"count":18,"href":"https:\/\/www.directhealthcaregroup.com\/nl\/wp-json\/wp\/v2\/pages\/85269\/revisions"}],"predecessor-version":[{"id":108614,"href":"https:\/\/www.directhealthcaregroup.com\/nl\/wp-json\/wp\/v2\/pages\/85269\/revisions\/108614"}],"up":[{"embeddable":true,"href":"https:\/\/www.directhealthcaregroup.com\/nl\/wp-json\/wp\/v2\/pages\/85249"}],"wp:attachment":[{"href":"https:\/\/www.directhealthcaregroup.com\/nl\/wp-json\/wp\/v2\/media?parent=85269"}],"curies":[{"name":"wp","href":"https:\/\/api.w.org\/{rel}","templated":true}]}}