{"id":88890,"date":"2020-09-14T14:23:55","date_gmt":"2020-09-14T13:23:55","guid":{"rendered":"http:\/\/www.directhealthcaregroup.com\/educatie-drukzweren\/"},"modified":"2020-09-14T14:23:55","modified_gmt":"2020-09-14T13:23:55","slug":"educatie-drukzweren","status":"publish","type":"page","link":"https:\/\/www.directhealthcaregroup.com\/nl\/educatie-drukzweren\/","title":{"rendered":"Educatie drukzweren"},"content":{"rendered":"<h3>Voldoen aan de prioriteiten van de Nationale Gezondheidszorg door vermijdbare drukzweren te elimineren: Optimaliseren van middelen voor betere pati\u00ebntresultaten<\/h3>\n<p>Onze \u00e9\u00e9ndaagse cursus over drukzweren, gegeven door onze klinisch specialist, Jacqui Fletcher, geeft\u00a0een strategisch overzicht van belangrijke uitdagingen in de preventie van drukzweren met de nadruk op hoe effectieve en duurzame veranderingen een positieve invloed hebben op het welzijn van de pati\u00ebnt en op de organisatorische resultaten door de toepassing van passende, verbeterde methoden.<\/p>\n<p>De doelstellingen van de cursus zijn: <\/p>\n<ul>\n<li>Inzicht in en vertaling van de strategische pijlers voor weefselvitaliteit<\/li>\n<li>Beschrijving van een strategie voor een toonaangevende effectieve verandering<\/li>\n<li>Inzicht in de rol van belangrijke maatstaven om middelen te optimaliseren<\/li>\n<\/ul>\n<p>Neem contact op met <a href=\"mailto:rhys.donovan@directhealthcaregroup.com\">rhys.donovan@directhealthcaregroup.com<\/a> voor toekomstige datums of voor meer informatie.<\/p>\n","protected":false},"excerpt":{"rendered":"<p>Voldoen aan de prioriteiten van de Nationale Gezondheidszorg door vermijdbare drukzweren te elimineren: Optimaliseren van middelen voor betere pati\u00ebntresultaten Onze \u00e9\u00e9ndaagse cursus over drukzweren, gegeven door onze klinisch specialist, Jacqui Fletcher, geeft\u00a0een strategisch overzicht van belangrijke uitdagingen in de preventie van drukzweren met de nadruk op hoe effectieve en duurzame veranderingen een positieve invloed hebben &hellip; <a href=\"https:\/\/www.directhealthcaregroup.com\/nl\/educatie-drukzweren\/\">Continued<\/a><\/p>\n","protected":false},"author":2,"featured_media":0,"parent":0,"menu_order":0,"comment_status":"closed","ping_status":"closed","template":"","meta":{"_acf_changed":false,"footnotes":""},"class_list":["post-88890","page","type-page","status-publish","hentry"],"acf":[],"yoast_head":"<!-- This site is optimized with the Yoast SEO plugin v27.4 - https:\/\/yoast.com\/product\/yoast-seo-wordpress\/ -->\n<title>Educatie drukzweren | DHG<\/title>\n<meta name=\"robots\" content=\"index, follow, max-snippet:-1, max-image-preview:large, max-video-preview:-1\" \/>\n<link rel=\"canonical\" href=\"https:\/\/www.directhealthcaregroup.com\/nl\/educatie-drukzweren\/\" \/>\n<meta property=\"og:locale\" content=\"nl_NL\" \/>\n<meta property=\"og:type\" content=\"article\" \/>\n<meta property=\"og:title\" content=\"Educatie drukzweren | DHG\" \/>\n<meta property=\"og:description\" content=\"Voldoen aan de prioriteiten van de Nationale Gezondheidszorg door vermijdbare drukzweren te elimineren: Optimaliseren van middelen voor betere pati\u00ebntresultaten Onze \u00e9\u00e9ndaagse cursus over drukzweren, gegeven door onze klinisch specialist, Jacqui Fletcher, geeft\u00a0een strategisch overzicht van belangrijke uitdagingen in de preventie van drukzweren met de nadruk op hoe effectieve en duurzame veranderingen een positieve invloed hebben &hellip; Continued\" \/>\n<meta property=\"og:url\" content=\"https:\/\/www.directhealthcaregroup.com\/nl\/educatie-drukzweren\/\" \/>\n<meta property=\"og:site_name\" content=\"DHG\" \/>\n<meta name=\"twitter:card\" content=\"summary_large_image\" \/>\n<meta name=\"twitter:label1\" content=\"Est. reading time\" \/>\n\t<meta name=\"twitter:data1\" content=\"1 minute\" \/>\n<script type=\"application\/ld+json\" class=\"yoast-schema-graph\">{\"@context\":\"https:\\\/\\\/schema.org\",\"@graph\":[{\"@type\":\"WebPage\",\"@id\":\"https:\\\/\\\/www.directhealthcaregroup.com\\\/nl\\\/educatie-drukzweren\\\/\",\"url\":\"https:\\\/\\\/www.directhealthcaregroup.com\\\/nl\\\/educatie-drukzweren\\\/\",\"name\":\"Educatie drukzweren | DHG\",\"isPartOf\":{\"@id\":\"https:\\\/\\\/www.directhealthcaregroup.com\\\/#website\"},\"datePublished\":\"2020-09-14T13:23:55+00:00\",\"breadcrumb\":{\"@id\":\"https:\\\/\\\/www.directhealthcaregroup.com\\\/nl\\\/educatie-drukzweren\\\/#breadcrumb\"},\"inLanguage\":\"nl-NL\",\"potentialAction\":[{\"@type\":\"ReadAction\",\"target\":[\"https:\\\/\\\/www.directhealthcaregroup.com\\\/nl\\\/educatie-drukzweren\\\/\"]}]},{\"@type\":\"BreadcrumbList\",\"@id\":\"https:\\\/\\\/www.directhealthcaregroup.com\\\/nl\\\/educatie-drukzweren\\\/#breadcrumb\",\"itemListElement\":[{\"@type\":\"ListItem\",\"position\":1,\"name\":\"Home\",\"item\":\"https:\\\/\\\/www.directhealthcaregroup.com\\\/nl\\\/\"},{\"@type\":\"ListItem\",\"position\":2,\"name\":\"Educatie drukzweren\"}]},{\"@type\":\"WebSite\",\"@id\":\"https:\\\/\\\/www.directhealthcaregroup.com\\\/#website\",\"url\":\"https:\\\/\\\/www.directhealthcaregroup.com\\\/\",\"name\":\"DHG\",\"description\":\"Moving Health Forward\",\"publisher\":{\"@id\":\"https:\\\/\\\/www.directhealthcaregroup.com\\\/#organization\"},\"potentialAction\":[{\"@type\":\"SearchAction\",\"target\":{\"@type\":\"EntryPoint\",\"urlTemplate\":\"https:\\\/\\\/www.directhealthcaregroup.com\\\/?s={search_term_string}\"},\"query-input\":{\"@type\":\"PropertyValueSpecification\",\"valueRequired\":true,\"valueName\":\"search_term_string\"}}],\"inLanguage\":\"nl-NL\"},{\"@type\":\"Organization\",\"@id\":\"https:\\\/\\\/www.directhealthcaregroup.com\\\/#organization\",\"name\":\"Direct Healthcare Group\",\"url\":\"https:\\\/\\\/www.directhealthcaregroup.com\\\/\",\"logo\":{\"@type\":\"ImageObject\",\"inLanguage\":\"nl-NL\",\"@id\":\"https:\\\/\\\/www.directhealthcaregroup.com\\\/#\\\/schema\\\/logo\\\/image\\\/\",\"url\":\"https:\\\/\\\/directhealthcaregroup.com\\\/app\\\/uploads\\\/dhg-logo.png\",\"contentUrl\":\"https:\\\/\\\/directhealthcaregroup.com\\\/app\\\/uploads\\\/dhg-logo.png\",\"width\":556,\"height\":240,\"caption\":\"Direct Healthcare Group\"},\"image\":{\"@id\":\"https:\\\/\\\/www.directhealthcaregroup.com\\\/#\\\/schema\\\/logo\\\/image\\\/\"}}]}<\/script>\n<!-- \/ Yoast SEO plugin. -->","yoast_head_json":{"title":"Educatie drukzweren | DHG","robots":{"index":"index","follow":"follow","max-snippet":"max-snippet:-1","max-image-preview":"max-image-preview:large","max-video-preview":"max-video-preview:-1"},"canonical":"https:\/\/www.directhealthcaregroup.com\/nl\/educatie-drukzweren\/","og_locale":"nl_NL","og_type":"article","og_title":"Educatie drukzweren | DHG","og_description":"Voldoen aan de prioriteiten van de Nationale Gezondheidszorg door vermijdbare drukzweren te elimineren: Optimaliseren van middelen voor betere pati\u00ebntresultaten Onze \u00e9\u00e9ndaagse cursus over drukzweren, gegeven door onze klinisch specialist, Jacqui Fletcher, geeft\u00a0een strategisch overzicht van belangrijke uitdagingen in de preventie van drukzweren met de nadruk op hoe effectieve en duurzame veranderingen een positieve invloed hebben &hellip; Continued","og_url":"https:\/\/www.directhealthcaregroup.com\/nl\/educatie-drukzweren\/","og_site_name":"DHG","twitter_card":"summary_large_image","twitter_misc":{"Est. reading time":"1 minute"},"schema":{"@context":"https:\/\/schema.org","@graph":[{"@type":"WebPage","@id":"https:\/\/www.directhealthcaregroup.com\/nl\/educatie-drukzweren\/","url":"https:\/\/www.directhealthcaregroup.com\/nl\/educatie-drukzweren\/","name":"Educatie drukzweren | DHG","isPartOf":{"@id":"https:\/\/www.directhealthcaregroup.com\/#website"},"datePublished":"2020-09-14T13:23:55+00:00","breadcrumb":{"@id":"https:\/\/www.directhealthcaregroup.com\/nl\/educatie-drukzweren\/#breadcrumb"},"inLanguage":"nl-NL","potentialAction":[{"@type":"ReadAction","target":["https:\/\/www.directhealthcaregroup.com\/nl\/educatie-drukzweren\/"]}]},{"@type":"BreadcrumbList","@id":"https:\/\/www.directhealthcaregroup.com\/nl\/educatie-drukzweren\/#breadcrumb","itemListElement":[{"@type":"ListItem","position":1,"name":"Home","item":"https:\/\/www.directhealthcaregroup.com\/nl\/"},{"@type":"ListItem","position":2,"name":"Educatie drukzweren"}]},{"@type":"WebSite","@id":"https:\/\/www.directhealthcaregroup.com\/#website","url":"https:\/\/www.directhealthcaregroup.com\/","name":"DHG","description":"Moving Health Forward","publisher":{"@id":"https:\/\/www.directhealthcaregroup.com\/#organization"},"potentialAction":[{"@type":"SearchAction","target":{"@type":"EntryPoint","urlTemplate":"https:\/\/www.directhealthcaregroup.com\/?s={search_term_string}"},"query-input":{"@type":"PropertyValueSpecification","valueRequired":true,"valueName":"search_term_string"}}],"inLanguage":"nl-NL"},{"@type":"Organization","@id":"https:\/\/www.directhealthcaregroup.com\/#organization","name":"Direct Healthcare Group","url":"https:\/\/www.directhealthcaregroup.com\/","logo":{"@type":"ImageObject","inLanguage":"nl-NL","@id":"https:\/\/www.directhealthcaregroup.com\/#\/schema\/logo\/image\/","url":"https:\/\/directhealthcaregroup.com\/app\/uploads\/dhg-logo.png","contentUrl":"https:\/\/directhealthcaregroup.com\/app\/uploads\/dhg-logo.png","width":556,"height":240,"caption":"Direct Healthcare Group"},"image":{"@id":"https:\/\/www.directhealthcaregroup.com\/#\/schema\/logo\/image\/"}}]}},"_links":{"self":[{"href":"https:\/\/www.directhealthcaregroup.com\/nl\/wp-json\/wp\/v2\/pages\/88890","targetHints":{"allow":["GET"]}}],"collection":[{"href":"https:\/\/www.directhealthcaregroup.com\/nl\/wp-json\/wp\/v2\/pages"}],"about":[{"href":"https:\/\/www.directhealthcaregroup.com\/nl\/wp-json\/wp\/v2\/types\/page"}],"author":[{"embeddable":true,"href":"https:\/\/www.directhealthcaregroup.com\/nl\/wp-json\/wp\/v2\/users\/2"}],"replies":[{"embeddable":true,"href":"https:\/\/www.directhealthcaregroup.com\/nl\/wp-json\/wp\/v2\/comments?post=88890"}],"version-history":[{"count":0,"href":"https:\/\/www.directhealthcaregroup.com\/nl\/wp-json\/wp\/v2\/pages\/88890\/revisions"}],"wp:attachment":[{"href":"https:\/\/www.directhealthcaregroup.com\/nl\/wp-json\/wp\/v2\/media?parent=88890"}],"curies":[{"name":"wp","href":"https:\/\/api.w.org\/{rel}","templated":true}]}}