{"id":12351,"date":"2017-12-07T15:41:32","date_gmt":"2017-12-07T15:41:32","guid":{"rendered":"https:\/\/www.directhealthcaregroup.com\/advancing-movement-health\/"},"modified":"2021-01-11T22:05:51","modified_gmt":"2021-01-11T22:05:51","slug":"advancing-movement-health","status":"publish","type":"page","link":"https:\/\/www.directhealthcaregroup.com\/no\/","title":{"rendered":"Fremme bevegelse og helse"},"content":{"rendered":"<h3 class=\"color--black\" style=\"text-align: center;\">VI TRENGER ALLE \u00c5 BEVEGE OSS FOR \u00c5 LEVE. MENNESKELIG BEVEGELSE ER GRUNNLEGGENDE FOR HELSE OG LIVSKVALITET.<\/h3>\n<p style=\"text-align: center;\" class=\"lead\">Direct Healthcare Group gj\u00f8r det mulig \u00e5 forutse, h\u00e5ndtere og i mange tilfeller l\u00f8se helseproblemene som er forbundet med redusert pasientbevegelse, for \u00e5 st\u00f8tte omsorgspersoner og pasienter. Alt gir bedre helseresultater, raskere restitusjon og enklere hverdagsliv.<\/p>\n","protected":false},"excerpt":{"rendered":"<p>VI TRENGER ALLE \u00c5 BEVEGE OSS FOR \u00c5 LEVE. MENNESKELIG BEVEGELSE ER GRUNNLEGGENDE FOR HELSE OG LIVSKVALITET. Direct Healthcare Group gj\u00f8r det mulig \u00e5 forutse, h\u00e5ndtere og i mange tilfeller l\u00f8se helseproblemene som er forbundet med redusert pasientbevegelse, for \u00e5 st\u00f8tte omsorgspersoner og pasienter. Alt gir bedre helseresultater, raskere restitusjon og enklere hverdagsliv.<\/p>\n","protected":false},"author":1,"featured_media":0,"parent":0,"menu_order":0,"comment_status":"closed","ping_status":"closed","template":"","meta":{"_acf_changed":false,"footnotes":""},"class_list":["post-12351","page","type-page","status-publish","hentry"],"acf":[],"yoast_head":"<!-- This site is optimized with the Yoast SEO plugin v26.6 - https:\/\/yoast.com\/wordpress\/plugins\/seo\/ -->\n<title>Fremme bevegelse og helse | DHG<\/title>\n<meta name=\"robots\" content=\"index, follow, max-snippet:-1, max-image-preview:large, max-video-preview:-1\" \/>\n<link rel=\"canonical\" href=\"https:\/\/www.directhealthcaregroup.com\/no\/\" \/>\n<meta property=\"og:locale\" content=\"nb_NO\" \/>\n<meta property=\"og:type\" content=\"article\" \/>\n<meta property=\"og:title\" content=\"Fremme bevegelse og helse | DHG\" \/>\n<meta property=\"og:description\" content=\"VI TRENGER ALLE \u00c5 BEVEGE OSS FOR \u00c5 LEVE. MENNESKELIG BEVEGELSE ER GRUNNLEGGENDE FOR HELSE OG LIVSKVALITET. Direct Healthcare Group gj\u00f8r det mulig \u00e5 forutse, h\u00e5ndtere og i mange tilfeller l\u00f8se helseproblemene som er forbundet med redusert pasientbevegelse, for \u00e5 st\u00f8tte omsorgspersoner og pasienter. Alt gir bedre helseresultater, raskere restitusjon og enklere hverdagsliv.\" \/>\n<meta property=\"og:url\" content=\"https:\/\/www.directhealthcaregroup.com\/no\/\" \/>\n<meta property=\"og:site_name\" content=\"DHG\" \/>\n<meta property=\"article:modified_time\" content=\"2021-01-11T22:05:51+00:00\" \/>\n<meta name=\"twitter:card\" content=\"summary_large_image\" \/>\n<script type=\"application\/ld+json\" class=\"yoast-schema-graph\">{\"@context\":\"https:\/\/schema.org\",\"@graph\":[{\"@type\":\"WebPage\",\"@id\":\"https:\/\/www.directhealthcaregroup.com\/no\/\",\"url\":\"https:\/\/www.directhealthcaregroup.com\/no\/\",\"name\":\"Fremme bevegelse og helse | DHG\",\"isPartOf\":{\"@id\":\"https:\/\/www.directhealthcaregroup.com\/#website\"},\"datePublished\":\"2017-12-07T15:41:32+00:00\",\"dateModified\":\"2021-01-11T22:05:51+00:00\",\"breadcrumb\":{\"@id\":\"https:\/\/www.directhealthcaregroup.com\/no\/#breadcrumb\"},\"inLanguage\":\"nb-NO\",\"potentialAction\":[{\"@type\":\"ReadAction\",\"target\":[\"https:\/\/www.directhealthcaregroup.com\/no\/\"]}]},{\"@type\":\"BreadcrumbList\",\"@id\":\"https:\/\/www.directhealthcaregroup.com\/no\/#breadcrumb\",\"itemListElement\":[{\"@type\":\"ListItem\",\"position\":1,\"name\":\"Home\",\"item\":\"https:\/\/www.directhealthcaregroup.com\/no\/\"},{\"@type\":\"ListItem\",\"position\":2,\"name\":\"Fremme bevegelse og helse\"}]},{\"@type\":\"WebSite\",\"@id\":\"https:\/\/www.directhealthcaregroup.com\/#website\",\"url\":\"https:\/\/www.directhealthcaregroup.com\/\",\"name\":\"DHG\",\"description\":\"Moving Health Forward\",\"publisher\":{\"@id\":\"https:\/\/www.directhealthcaregroup.com\/#organization\"},\"potentialAction\":[{\"@type\":\"SearchAction\",\"target\":{\"@type\":\"EntryPoint\",\"urlTemplate\":\"https:\/\/www.directhealthcaregroup.com\/?s={search_term_string}\"},\"query-input\":{\"@type\":\"PropertyValueSpecification\",\"valueRequired\":true,\"valueName\":\"search_term_string\"}}],\"inLanguage\":\"nb-NO\"},{\"@type\":\"Organization\",\"@id\":\"https:\/\/www.directhealthcaregroup.com\/#organization\",\"name\":\"Direct Healthcare Group\",\"url\":\"https:\/\/www.directhealthcaregroup.com\/\",\"logo\":{\"@type\":\"ImageObject\",\"inLanguage\":\"nb-NO\",\"@id\":\"https:\/\/www.directhealthcaregroup.com\/#\/schema\/logo\/image\/\",\"url\":\"https:\/\/directhealthcaregroup.com\/app\/uploads\/dhg-logo.png\",\"contentUrl\":\"https:\/\/directhealthcaregroup.com\/app\/uploads\/dhg-logo.png\",\"width\":556,\"height\":240,\"caption\":\"Direct Healthcare Group\"},\"image\":{\"@id\":\"https:\/\/www.directhealthcaregroup.com\/#\/schema\/logo\/image\/\"}}]}<\/script>\n<!-- \/ Yoast SEO plugin. -->","yoast_head_json":{"title":"Fremme bevegelse og helse | DHG","robots":{"index":"index","follow":"follow","max-snippet":"max-snippet:-1","max-image-preview":"max-image-preview:large","max-video-preview":"max-video-preview:-1"},"canonical":"https:\/\/www.directhealthcaregroup.com\/no\/","og_locale":"nb_NO","og_type":"article","og_title":"Fremme bevegelse og helse | DHG","og_description":"VI TRENGER ALLE \u00c5 BEVEGE OSS FOR \u00c5 LEVE. MENNESKELIG BEVEGELSE ER GRUNNLEGGENDE FOR HELSE OG LIVSKVALITET. Direct Healthcare Group gj\u00f8r det mulig \u00e5 forutse, h\u00e5ndtere og i mange tilfeller l\u00f8se helseproblemene som er forbundet med redusert pasientbevegelse, for \u00e5 st\u00f8tte omsorgspersoner og pasienter. Alt gir bedre helseresultater, raskere restitusjon og enklere hverdagsliv.","og_url":"https:\/\/www.directhealthcaregroup.com\/no\/","og_site_name":"DHG","article_modified_time":"2021-01-11T22:05:51+00:00","twitter_card":"summary_large_image","schema":{"@context":"https:\/\/schema.org","@graph":[{"@type":"WebPage","@id":"https:\/\/www.directhealthcaregroup.com\/no\/","url":"https:\/\/www.directhealthcaregroup.com\/no\/","name":"Fremme bevegelse og helse | DHG","isPartOf":{"@id":"https:\/\/www.directhealthcaregroup.com\/#website"},"datePublished":"2017-12-07T15:41:32+00:00","dateModified":"2021-01-11T22:05:51+00:00","breadcrumb":{"@id":"https:\/\/www.directhealthcaregroup.com\/no\/#breadcrumb"},"inLanguage":"nb-NO","potentialAction":[{"@type":"ReadAction","target":["https:\/\/www.directhealthcaregroup.com\/no\/"]}]},{"@type":"BreadcrumbList","@id":"https:\/\/www.directhealthcaregroup.com\/no\/#breadcrumb","itemListElement":[{"@type":"ListItem","position":1,"name":"Home","item":"https:\/\/www.directhealthcaregroup.com\/no\/"},{"@type":"ListItem","position":2,"name":"Fremme bevegelse og helse"}]},{"@type":"WebSite","@id":"https:\/\/www.directhealthcaregroup.com\/#website","url":"https:\/\/www.directhealthcaregroup.com\/","name":"DHG","description":"Moving Health Forward","publisher":{"@id":"https:\/\/www.directhealthcaregroup.com\/#organization"},"potentialAction":[{"@type":"SearchAction","target":{"@type":"EntryPoint","urlTemplate":"https:\/\/www.directhealthcaregroup.com\/?s={search_term_string}"},"query-input":{"@type":"PropertyValueSpecification","valueRequired":true,"valueName":"search_term_string"}}],"inLanguage":"nb-NO"},{"@type":"Organization","@id":"https:\/\/www.directhealthcaregroup.com\/#organization","name":"Direct Healthcare Group","url":"https:\/\/www.directhealthcaregroup.com\/","logo":{"@type":"ImageObject","inLanguage":"nb-NO","@id":"https:\/\/www.directhealthcaregroup.com\/#\/schema\/logo\/image\/","url":"https:\/\/directhealthcaregroup.com\/app\/uploads\/dhg-logo.png","contentUrl":"https:\/\/directhealthcaregroup.com\/app\/uploads\/dhg-logo.png","width":556,"height":240,"caption":"Direct Healthcare Group"},"image":{"@id":"https:\/\/www.directhealthcaregroup.com\/#\/schema\/logo\/image\/"}}]}},"_links":{"self":[{"href":"https:\/\/www.directhealthcaregroup.com\/no\/wp-json\/wp\/v2\/pages\/12351","targetHints":{"allow":["GET"]}}],"collection":[{"href":"https:\/\/www.directhealthcaregroup.com\/no\/wp-json\/wp\/v2\/pages"}],"about":[{"href":"https:\/\/www.directhealthcaregroup.com\/no\/wp-json\/wp\/v2\/types\/page"}],"author":[{"embeddable":true,"href":"https:\/\/www.directhealthcaregroup.com\/no\/wp-json\/wp\/v2\/users\/1"}],"replies":[{"embeddable":true,"href":"https:\/\/www.directhealthcaregroup.com\/no\/wp-json\/wp\/v2\/comments?post=12351"}],"version-history":[{"count":1,"href":"https:\/\/www.directhealthcaregroup.com\/no\/wp-json\/wp\/v2\/pages\/12351\/revisions"}],"predecessor-version":[{"id":124586,"href":"https:\/\/www.directhealthcaregroup.com\/no\/wp-json\/wp\/v2\/pages\/12351\/revisions\/124586"}],"wp:attachment":[{"href":"https:\/\/www.directhealthcaregroup.com\/no\/wp-json\/wp\/v2\/media?parent=12351"}],"curies":[{"name":"wp","href":"https:\/\/api.w.org\/{rel}","templated":true}]}}