{"id":12357,"date":"2017-12-22T10:52:25","date_gmt":"2017-12-22T10:52:25","guid":{"rendered":"https:\/\/www.directhealthcaregroup.com\/contact\/"},"modified":"2021-05-25T16:09:25","modified_gmt":"2021-05-25T15:09:25","slug":"contact","status":"publish","type":"page","link":"https:\/\/www.directhealthcaregroup.com\/no\/contact\/","title":{"rendered":"Kundesenter"},"content":{"rendered":"\n<div class=\"wp-block-columns contact-form is-layout-flex wp-container-core-columns-is-layout-9d6595d7 wp-block-columns-is-layout-flex\">\n<div class=\"wp-block-column is-layout-flow wp-block-column-is-layout-flow\"><form method=\"post\" enctype=\"multipart\/form-data\" id=\"vfbp-form-29\" class=\"vfbp-form\"><div style=\"display:none;\"><label for=\"vfbp-EMAIL-AN8fuQyoDLXem\">If you are human, leave this field blank.<\/label><input size=\"25\" autocomplete=\"off\" type=\"text\" name=\"vfbp-EMAIL-AN8fuQyoDLXem\" value=\"\" id=\"\"><\/div><input type=\"hidden\" name=\"_vfb-timestamp-29\" value=\"1776987138\" id=\"\"><input type=\"hidden\" name=\"_vfb-form-id\" value=\"29\" id=\"\"><div class=\"vfb-form-group vfb-col-12\"><div><h3 class=\"contact-form\">Kontaktskjema<\/h3><\/div><\/div><div class=\"vfb-col-12 vfb-fieldType-heading\" id=\"vfbField347\"><\/div><div class=\"vfb-clearfix\"><\/div><div class=\"vfb-col-12 vfb-fieldType-text\" id=\"vfbField348\"><div class=\"vfb-form-group\"><label for=\"vfb-field-348\" class=\"vfb-control-label\">Fullt navn<\/label><div><input id=\"vfb-field-348\" class=\"vfb-form-control\" placeholder=\"\" type=\"text\" name=\"vfb-field-348\" value=\"\"><\/div><\/div><\/div><div class=\"vfb-clearfix\"><\/div><div class=\"vfb-col-12 vfb-fieldType-email\" id=\"vfbField349\"><div class=\"vfb-form-group\"><label for=\"vfb-field-349\" class=\"vfb-control-label\">E-post<\/label><div><input id=\"vfb-field-349\" class=\"vfb-form-control\" placeholder=\"\" type=\"email\" name=\"vfb-field-349\" value=\"\"><\/div><\/div><\/div><div class=\"vfb-clearfix\"><\/div><div class=\"vfb-col-12 vfb-fieldType-phone\" id=\"vfbField350\"><div class=\"vfb-form-group\"><label for=\"vfb-field-350\" class=\"vfb-control-label\">Telefonnummer<\/label><div><input id=\"vfb-field-350\" class=\"vfb-form-control vfb-intl-phone\" placeholder=\"\" data-default-country=\"gb\" data-hide-flags=\"1\" data-national-mode=\"1\" data-auto-hide-dial-code=\"1\" type=\"tel\" name=\"vfb-field-350\" value=\"\"><\/div><\/div><\/div><div class=\"vfb-clearfix\"><\/div><div class=\"vfb-col-12 vfb-fieldType-text\" id=\"vfbField351\"><div class=\"vfb-form-group\"><label for=\"vfb-field-351\" class=\"vfb-control-label\">Stilling<\/label><div><input id=\"vfb-field-351\" class=\"vfb-form-control\" placeholder=\"\" type=\"text\" name=\"vfb-field-351\" value=\"\"><\/div><\/div><\/div><div class=\"vfb-clearfix\"><\/div><div class=\"vfb-col-12 vfb-fieldType-text\" id=\"vfbField352\"><div class=\"vfb-form-group\"><label for=\"vfb-field-352\" class=\"vfb-control-label\">Organisasjon<\/label><div><input id=\"vfb-field-352\" class=\"vfb-form-control\" placeholder=\"\" type=\"text\" name=\"vfb-field-352\" value=\"\"><\/div><\/div><\/div><div class=\"vfb-clearfix\"><\/div><div class=\"vfb-col-12 vfb-fieldType-textarea\" id=\"vfbField353\"><div class=\"vfb-form-group\"><label for=\"vfb-field-353\" class=\"vfb-control-label\">Foresp\u00f8rsel<\/label><div><textarea id=\"vfb-field-353\" class=\"vfb-form-control\" placeholder=\"\" rows=\"10\" name=\"vfb-field-353\" cols=\"50\"><\/textarea><\/div><\/div><\/div><div class=\"vfb-clearfix\"><\/div><div class=\"vfb-col-12 vfb-fieldType-captcha\" id=\"vfbField354\"><div class=\"vfb-form-group\"><label for=\"vfb-field-354\" class=\"vfb-control-label\">Captcha <span class=\"vfb-required-asterisk\">*<\/span><\/label><div><div class=\"g-recaptcha\" data-sitekey=\"6Lfc0kAUAAAAAOgERC8Nz_WDk04iHzeuBoPDPe7i\"><\/div><input type=\"hidden\" name=\"_vfb_recaptcha_enabled\" value=\"1\" id=\"\"><div class=\"vfb-has-error\" id=\"vfb-recaptcha-error\"><span class=\"vfb-help-block\">reCAPTCHA is required.<\/span><\/div><\/div><\/div><\/div><div class=\"vfb-clearfix\"><\/div><div class=\"vfb-col-12 vfb-fieldType-submit\" id=\"vfbField355\"><button id=\"vfb-field-355\" class=\" btn btn-primary\" placeholder=\"\" type=\"submit\" name=\"_vfb-submit\">Send inn<\/button><\/div><div class=\"vfb-clearfix\"><\/div><\/form>\n<\/div>\n\n\n\n<div class=\"wp-block-column is-layout-flow wp-block-column-is-layout-flow\">\n<p class=\"has-normal-font-size\">Ta gjerne kontakt med v\u00e5rt kundesenter via telefon, mail eller kundeskjema for sp\u00f8rsm\u00e5l eller bestilling av varer.<br><\/p>\n\n\n\n<p class=\"has-normal-font-size\">Kundeservice:<\/p>\n\n\n\n<p style=\"font-size:14px\"><a href=\"mailto:info.no@directhealthcaregroup.com\">info.no@directhealthcaregroup.com<\/a><\/p>\n\n\n\n<p>T: +47 21 01 44 70<\/p>\n\n\n\n<p>\u00c5pningstider: Hverdager <\/p>\n\n\n\n<p>kl. 08.00 &#8211; 16.00<\/p>\n\n\n\n<p><\/p>\n\n\n\n<p><\/p>\n\n\n\n<p><\/p>\n\n\n\n<p class=\"has-small-font-size\">Direct Healthcare Group Norge AS<br>Kjellstad N\u00e6ringspark<br>St Hallvards vei 3<br>3414 Lierstranda<br>Norge<\/p>\n<\/div>\n<\/div>\n\n\n\n<p><\/p>\n","protected":false},"excerpt":{"rendered":"<p>Ta gjerne kontakt med v\u00e5rt kundesenter via telefon, mail eller kundeskjema for sp\u00f8rsm\u00e5l eller bestilling av varer. Kundeservice: info.no@directhealthcaregroup.com T: +47 21 01 44 70 \u00c5pningstider: Hverdager kl. 08.00 &#8211; 16.00 Direct Healthcare Group Norge ASKjellstad N\u00e6ringsparkSt Hallvards vei 33414 LierstrandaNorge<\/p>\n","protected":false},"author":1,"featured_media":0,"parent":0,"menu_order":0,"comment_status":"closed","ping_status":"closed","template":"","meta":{"_acf_changed":false,"footnotes":""},"class_list":["post-12357","page","type-page","status-publish","hentry"],"acf":[],"yoast_head":"<!-- This site is optimized with the Yoast SEO plugin v27.4 - https:\/\/yoast.com\/product\/yoast-seo-wordpress\/ -->\n<title>Kundesenter | DHG<\/title>\n<meta name=\"robots\" content=\"index, follow, max-snippet:-1, max-image-preview:large, max-video-preview:-1\" \/>\n<link rel=\"canonical\" href=\"https:\/\/www.directhealthcaregroup.com\/no\/contact\/\" \/>\n<meta property=\"og:locale\" content=\"nb_NO\" \/>\n<meta property=\"og:type\" content=\"article\" \/>\n<meta property=\"og:title\" content=\"Kundesenter | DHG\" \/>\n<meta property=\"og:description\" content=\"Ta gjerne kontakt med v\u00e5rt kundesenter via telefon, mail eller kundeskjema for sp\u00f8rsm\u00e5l eller bestilling av varer. Kundeservice: info.no@directhealthcaregroup.com T: +47 21 01 44 70 \u00c5pningstider: Hverdager kl. 08.00 &#8211; 16.00 Direct Healthcare Group Norge ASKjellstad N\u00e6ringsparkSt Hallvards vei 33414 LierstrandaNorge\" \/>\n<meta property=\"og:url\" content=\"https:\/\/www.directhealthcaregroup.com\/no\/contact\/\" \/>\n<meta property=\"og:site_name\" content=\"DHG\" \/>\n<meta property=\"article:modified_time\" content=\"2021-05-25T15:09:25+00:00\" \/>\n<meta name=\"twitter:card\" content=\"summary_large_image\" \/>\n<script type=\"application\/ld+json\" class=\"yoast-schema-graph\">{\"@context\":\"https:\\\/\\\/schema.org\",\"@graph\":[{\"@type\":\"WebPage\",\"@id\":\"https:\\\/\\\/www.directhealthcaregroup.com\\\/no\\\/contact\\\/\",\"url\":\"https:\\\/\\\/www.directhealthcaregroup.com\\\/no\\\/contact\\\/\",\"name\":\"Kundesenter | DHG\",\"isPartOf\":{\"@id\":\"https:\\\/\\\/www.directhealthcaregroup.com\\\/#website\"},\"datePublished\":\"2017-12-22T10:52:25+00:00\",\"dateModified\":\"2021-05-25T15:09:25+00:00\",\"breadcrumb\":{\"@id\":\"https:\\\/\\\/www.directhealthcaregroup.com\\\/no\\\/contact\\\/#breadcrumb\"},\"inLanguage\":\"nb-NO\",\"potentialAction\":[{\"@type\":\"ReadAction\",\"target\":[\"https:\\\/\\\/www.directhealthcaregroup.com\\\/no\\\/contact\\\/\"]}]},{\"@type\":\"BreadcrumbList\",\"@id\":\"https:\\\/\\\/www.directhealthcaregroup.com\\\/no\\\/contact\\\/#breadcrumb\",\"itemListElement\":[{\"@type\":\"ListItem\",\"position\":1,\"name\":\"Home\",\"item\":\"https:\\\/\\\/www.directhealthcaregroup.com\\\/no\\\/\"},{\"@type\":\"ListItem\",\"position\":2,\"name\":\"Kundesenter\"}]},{\"@type\":\"WebSite\",\"@id\":\"https:\\\/\\\/www.directhealthcaregroup.com\\\/#website\",\"url\":\"https:\\\/\\\/www.directhealthcaregroup.com\\\/\",\"name\":\"DHG\",\"description\":\"Moving Health Forward\",\"publisher\":{\"@id\":\"https:\\\/\\\/www.directhealthcaregroup.com\\\/#organization\"},\"potentialAction\":[{\"@type\":\"SearchAction\",\"target\":{\"@type\":\"EntryPoint\",\"urlTemplate\":\"https:\\\/\\\/www.directhealthcaregroup.com\\\/?s={search_term_string}\"},\"query-input\":{\"@type\":\"PropertyValueSpecification\",\"valueRequired\":true,\"valueName\":\"search_term_string\"}}],\"inLanguage\":\"nb-NO\"},{\"@type\":\"Organization\",\"@id\":\"https:\\\/\\\/www.directhealthcaregroup.com\\\/#organization\",\"name\":\"Direct Healthcare Group\",\"url\":\"https:\\\/\\\/www.directhealthcaregroup.com\\\/\",\"logo\":{\"@type\":\"ImageObject\",\"inLanguage\":\"nb-NO\",\"@id\":\"https:\\\/\\\/www.directhealthcaregroup.com\\\/#\\\/schema\\\/logo\\\/image\\\/\",\"url\":\"https:\\\/\\\/directhealthcaregroup.com\\\/app\\\/uploads\\\/dhg-logo.png\",\"contentUrl\":\"https:\\\/\\\/directhealthcaregroup.com\\\/app\\\/uploads\\\/dhg-logo.png\",\"width\":556,\"height\":240,\"caption\":\"Direct Healthcare Group\"},\"image\":{\"@id\":\"https:\\\/\\\/www.directhealthcaregroup.com\\\/#\\\/schema\\\/logo\\\/image\\\/\"}}]}<\/script>\n<!-- \/ Yoast SEO plugin. -->","yoast_head_json":{"title":"Kundesenter | DHG","robots":{"index":"index","follow":"follow","max-snippet":"max-snippet:-1","max-image-preview":"max-image-preview:large","max-video-preview":"max-video-preview:-1"},"canonical":"https:\/\/www.directhealthcaregroup.com\/no\/contact\/","og_locale":"nb_NO","og_type":"article","og_title":"Kundesenter | DHG","og_description":"Ta gjerne kontakt med v\u00e5rt kundesenter via telefon, mail eller kundeskjema for sp\u00f8rsm\u00e5l eller bestilling av varer. Kundeservice: info.no@directhealthcaregroup.com T: +47 21 01 44 70 \u00c5pningstider: Hverdager kl. 08.00 &#8211; 16.00 Direct Healthcare Group Norge ASKjellstad N\u00e6ringsparkSt Hallvards vei 33414 LierstrandaNorge","og_url":"https:\/\/www.directhealthcaregroup.com\/no\/contact\/","og_site_name":"DHG","article_modified_time":"2021-05-25T15:09:25+00:00","twitter_card":"summary_large_image","schema":{"@context":"https:\/\/schema.org","@graph":[{"@type":"WebPage","@id":"https:\/\/www.directhealthcaregroup.com\/no\/contact\/","url":"https:\/\/www.directhealthcaregroup.com\/no\/contact\/","name":"Kundesenter | DHG","isPartOf":{"@id":"https:\/\/www.directhealthcaregroup.com\/#website"},"datePublished":"2017-12-22T10:52:25+00:00","dateModified":"2021-05-25T15:09:25+00:00","breadcrumb":{"@id":"https:\/\/www.directhealthcaregroup.com\/no\/contact\/#breadcrumb"},"inLanguage":"nb-NO","potentialAction":[{"@type":"ReadAction","target":["https:\/\/www.directhealthcaregroup.com\/no\/contact\/"]}]},{"@type":"BreadcrumbList","@id":"https:\/\/www.directhealthcaregroup.com\/no\/contact\/#breadcrumb","itemListElement":[{"@type":"ListItem","position":1,"name":"Home","item":"https:\/\/www.directhealthcaregroup.com\/no\/"},{"@type":"ListItem","position":2,"name":"Kundesenter"}]},{"@type":"WebSite","@id":"https:\/\/www.directhealthcaregroup.com\/#website","url":"https:\/\/www.directhealthcaregroup.com\/","name":"DHG","description":"Moving Health Forward","publisher":{"@id":"https:\/\/www.directhealthcaregroup.com\/#organization"},"potentialAction":[{"@type":"SearchAction","target":{"@type":"EntryPoint","urlTemplate":"https:\/\/www.directhealthcaregroup.com\/?s={search_term_string}"},"query-input":{"@type":"PropertyValueSpecification","valueRequired":true,"valueName":"search_term_string"}}],"inLanguage":"nb-NO"},{"@type":"Organization","@id":"https:\/\/www.directhealthcaregroup.com\/#organization","name":"Direct Healthcare Group","url":"https:\/\/www.directhealthcaregroup.com\/","logo":{"@type":"ImageObject","inLanguage":"nb-NO","@id":"https:\/\/www.directhealthcaregroup.com\/#\/schema\/logo\/image\/","url":"https:\/\/directhealthcaregroup.com\/app\/uploads\/dhg-logo.png","contentUrl":"https:\/\/directhealthcaregroup.com\/app\/uploads\/dhg-logo.png","width":556,"height":240,"caption":"Direct Healthcare Group"},"image":{"@id":"https:\/\/www.directhealthcaregroup.com\/#\/schema\/logo\/image\/"}}]}},"_links":{"self":[{"href":"https:\/\/www.directhealthcaregroup.com\/no\/wp-json\/wp\/v2\/pages\/12357","targetHints":{"allow":["GET"]}}],"collection":[{"href":"https:\/\/www.directhealthcaregroup.com\/no\/wp-json\/wp\/v2\/pages"}],"about":[{"href":"https:\/\/www.directhealthcaregroup.com\/no\/wp-json\/wp\/v2\/types\/page"}],"author":[{"embeddable":true,"href":"https:\/\/www.directhealthcaregroup.com\/no\/wp-json\/wp\/v2\/users\/1"}],"replies":[{"embeddable":true,"href":"https:\/\/www.directhealthcaregroup.com\/no\/wp-json\/wp\/v2\/comments?post=12357"}],"version-history":[{"count":24,"href":"https:\/\/www.directhealthcaregroup.com\/no\/wp-json\/wp\/v2\/pages\/12357\/revisions"}],"predecessor-version":[{"id":137929,"href":"https:\/\/www.directhealthcaregroup.com\/no\/wp-json\/wp\/v2\/pages\/12357\/revisions\/137929"}],"wp:attachment":[{"href":"https:\/\/www.directhealthcaregroup.com\/no\/wp-json\/wp\/v2\/media?parent=12357"}],"curies":[{"name":"wp","href":"https:\/\/api.w.org\/{rel}","templated":true}]}}