{"id":12367,"date":"2017-12-14T10:32:10","date_gmt":"2017-12-14T10:32:10","guid":{"rendered":"https:\/\/www.directhealthcaregroup.com\/about\/"},"modified":"2021-01-11T22:05:52","modified_gmt":"2021-01-11T22:05:52","slug":"about","status":"publish","type":"page","link":"https:\/\/www.directhealthcaregroup.com\/no\/about\/","title":{"rendered":"VI TRENGER ALLE \u00c5 BEVEGE OSS FOR \u00c5 LEVE."},"content":{"rendered":"<p style=\"text-align: center;\">D\u00e5rlig helse kan dramatisk redusere v\u00e5r evne til \u00e5 bevege oss, noe som f\u00f8rer til ytterligere helsekomplikasjoner og lengre restitusjon. Hos Direct Healthcare Group erkjenner vi at bevegelse er avgj\u00f8rende for restitusjon, rehabilitering og selvstendighet. Vi mener at st\u00f8tte til mobilitet og selvstendighet er avgj\u00f8rende for \u00e5 oppn\u00e5 og opprettholde god helse.<\/p>\n<p style=\"text-align: center;\">Det er ingen som forst\u00e5r viktigheten av bevegelse og bevegelsens forhold til b\u00e5de fysisk og psykisk helse bedre enn Direct Healthcare Group, spesielt n\u00e5r behovet for \u00e5 flytte seg direkte p\u00e5virker den daglige livskvaliteten. Gjennom denne forst\u00e5elsen, og gjennom n\u00e6rt samarbeid med helsepersonell, bestreber vi oss p\u00e5 \u00e5 levere effektive, bevegelsesbaserte l\u00f8sninger som \u00f8ker livskvalitet p\u00e5 tvers av pleie- og bomilj\u00f8er.<\/p>\n<p style=\"text-align: center;\">L\u00f8sningene v\u00e5re st\u00f8tter pleie og omsorg til et bredt pasientspekter, inkludert for personer med sammensatte og langvarige tilstander. Vi har utstyr som gj\u00f8r alt fra \u00e5 effektivt forebygge og behandle trykks\u00e5r, til utstyr som bidrar til selvstendighet og trygghet, og som reduserer risikoen for fall. Ved Direct Healthcare Group gj\u00f8r vi det mulig \u00e5 forutse, h\u00e5ndtere og i mange tilfeller l\u00f8se helseproblemene som er forbundet med redusert pasientbevegelse, som st\u00f8tte til omsorgspersoner og personene de tar seg av.<\/p>\n<p style=\"text-align: center;\">Alt gir bedre helseresultater, raskere restitusjon og enklere hverdagsliv.<\/p>\n","protected":false},"excerpt":{"rendered":"<p>D\u00e5rlig helse kan dramatisk redusere v\u00e5r evne til \u00e5 bevege oss, noe som f\u00f8rer til ytterligere helsekomplikasjoner og lengre restitusjon. Hos Direct Healthcare Group erkjenner vi at bevegelse er avgj\u00f8rende for restitusjon, rehabilitering og selvstendighet. Vi mener at st\u00f8tte til mobilitet og selvstendighet er avgj\u00f8rende for \u00e5 oppn\u00e5 og opprettholde god helse. Det er ingen &hellip; <a href=\"https:\/\/www.directhealthcaregroup.com\/no\/about\/\">Continued<\/a><\/p>\n","protected":false},"author":1,"featured_media":140891,"parent":0,"menu_order":0,"comment_status":"closed","ping_status":"closed","template":"template-brands.php","meta":{"_acf_changed":false,"footnotes":""},"class_list":["post-12367","page","type-page","status-publish","has-post-thumbnail","hentry"],"acf":[],"yoast_head":"<!-- This site is optimized with the Yoast SEO plugin v27.4 - https:\/\/yoast.com\/product\/yoast-seo-wordpress\/ -->\n<title>VI TRENGER ALLE \u00c5 BEVEGE OSS FOR \u00c5 LEVE. | DHG<\/title>\n<meta name=\"robots\" content=\"index, follow, max-snippet:-1, max-image-preview:large, max-video-preview:-1\" \/>\n<link rel=\"canonical\" href=\"https:\/\/www.directhealthcaregroup.com\/no\/about\/\" \/>\n<meta property=\"og:locale\" content=\"nb_NO\" \/>\n<meta property=\"og:type\" content=\"article\" \/>\n<meta property=\"og:title\" content=\"VI TRENGER ALLE \u00c5 BEVEGE OSS FOR \u00c5 LEVE. | DHG\" \/>\n<meta property=\"og:description\" content=\"D\u00e5rlig helse kan dramatisk redusere v\u00e5r evne til \u00e5 bevege oss, noe som f\u00f8rer til ytterligere helsekomplikasjoner og lengre restitusjon. Hos Direct Healthcare Group erkjenner vi at bevegelse er avgj\u00f8rende for restitusjon, rehabilitering og selvstendighet. Vi mener at st\u00f8tte til mobilitet og selvstendighet er avgj\u00f8rende for \u00e5 oppn\u00e5 og opprettholde god helse. Det er ingen &hellip; Continued\" \/>\n<meta property=\"og:url\" content=\"https:\/\/www.directhealthcaregroup.com\/no\/about\/\" \/>\n<meta property=\"og:site_name\" content=\"DHG\" \/>\n<meta property=\"article:modified_time\" content=\"2021-01-11T22:05:52+00:00\" \/>\n<meta property=\"og:image\" content=\"https:\/\/www.directhealthcaregroup.com\/app\/uploads\/Website-Banner-1920-x-1080.jpg\" \/>\n\t<meta property=\"og:image:width\" content=\"1920\" \/>\n\t<meta property=\"og:image:height\" content=\"1080\" \/>\n\t<meta property=\"og:image:type\" content=\"image\/jpeg\" \/>\n<meta name=\"twitter:card\" content=\"summary_large_image\" \/>\n<meta name=\"twitter:label1\" content=\"Est. reading time\" \/>\n\t<meta name=\"twitter:data1\" content=\"1 minute\" \/>\n<script type=\"application\/ld+json\" class=\"yoast-schema-graph\">{\"@context\":\"https:\\\/\\\/schema.org\",\"@graph\":[{\"@type\":\"WebPage\",\"@id\":\"https:\\\/\\\/www.directhealthcaregroup.com\\\/no\\\/about\\\/\",\"url\":\"https:\\\/\\\/www.directhealthcaregroup.com\\\/no\\\/about\\\/\",\"name\":\"VI TRENGER ALLE \u00c5 BEVEGE OSS FOR \u00c5 LEVE. | DHG\",\"isPartOf\":{\"@id\":\"https:\\\/\\\/www.directhealthcaregroup.com\\\/#website\"},\"primaryImageOfPage\":{\"@id\":\"https:\\\/\\\/www.directhealthcaregroup.com\\\/no\\\/about\\\/#primaryimage\"},\"image\":{\"@id\":\"https:\\\/\\\/www.directhealthcaregroup.com\\\/no\\\/about\\\/#primaryimage\"},\"thumbnailUrl\":\"https:\\\/\\\/www.directhealthcaregroup.com\\\/app\\\/uploads\\\/Website-Banner-1920-x-1080.jpg\",\"datePublished\":\"2017-12-14T10:32:10+00:00\",\"dateModified\":\"2021-01-11T22:05:52+00:00\",\"breadcrumb\":{\"@id\":\"https:\\\/\\\/www.directhealthcaregroup.com\\\/no\\\/about\\\/#breadcrumb\"},\"inLanguage\":\"nb-NO\",\"potentialAction\":[{\"@type\":\"ReadAction\",\"target\":[\"https:\\\/\\\/www.directhealthcaregroup.com\\\/no\\\/about\\\/\"]}]},{\"@type\":\"ImageObject\",\"inLanguage\":\"nb-NO\",\"@id\":\"https:\\\/\\\/www.directhealthcaregroup.com\\\/no\\\/about\\\/#primaryimage\",\"url\":\"https:\\\/\\\/www.directhealthcaregroup.com\\\/app\\\/uploads\\\/Website-Banner-1920-x-1080.jpg\",\"contentUrl\":\"https:\\\/\\\/www.directhealthcaregroup.com\\\/app\\\/uploads\\\/Website-Banner-1920-x-1080.jpg\",\"width\":1920,\"height\":1080},{\"@type\":\"BreadcrumbList\",\"@id\":\"https:\\\/\\\/www.directhealthcaregroup.com\\\/no\\\/about\\\/#breadcrumb\",\"itemListElement\":[{\"@type\":\"ListItem\",\"position\":1,\"name\":\"Home\",\"item\":\"https:\\\/\\\/www.directhealthcaregroup.com\\\/no\\\/\"},{\"@type\":\"ListItem\",\"position\":2,\"name\":\"VI TRENGER ALLE \u00c5 BEVEGE OSS FOR \u00c5 LEVE.\"}]},{\"@type\":\"WebSite\",\"@id\":\"https:\\\/\\\/www.directhealthcaregroup.com\\\/#website\",\"url\":\"https:\\\/\\\/www.directhealthcaregroup.com\\\/\",\"name\":\"DHG\",\"description\":\"Moving Health Forward\",\"publisher\":{\"@id\":\"https:\\\/\\\/www.directhealthcaregroup.com\\\/#organization\"},\"potentialAction\":[{\"@type\":\"SearchAction\",\"target\":{\"@type\":\"EntryPoint\",\"urlTemplate\":\"https:\\\/\\\/www.directhealthcaregroup.com\\\/?s={search_term_string}\"},\"query-input\":{\"@type\":\"PropertyValueSpecification\",\"valueRequired\":true,\"valueName\":\"search_term_string\"}}],\"inLanguage\":\"nb-NO\"},{\"@type\":\"Organization\",\"@id\":\"https:\\\/\\\/www.directhealthcaregroup.com\\\/#organization\",\"name\":\"Direct Healthcare Group\",\"url\":\"https:\\\/\\\/www.directhealthcaregroup.com\\\/\",\"logo\":{\"@type\":\"ImageObject\",\"inLanguage\":\"nb-NO\",\"@id\":\"https:\\\/\\\/www.directhealthcaregroup.com\\\/#\\\/schema\\\/logo\\\/image\\\/\",\"url\":\"https:\\\/\\\/directhealthcaregroup.com\\\/app\\\/uploads\\\/dhg-logo.png\",\"contentUrl\":\"https:\\\/\\\/directhealthcaregroup.com\\\/app\\\/uploads\\\/dhg-logo.png\",\"width\":556,\"height\":240,\"caption\":\"Direct Healthcare Group\"},\"image\":{\"@id\":\"https:\\\/\\\/www.directhealthcaregroup.com\\\/#\\\/schema\\\/logo\\\/image\\\/\"}}]}<\/script>\n<!-- \/ Yoast SEO plugin. -->","yoast_head_json":{"title":"VI TRENGER ALLE \u00c5 BEVEGE OSS FOR \u00c5 LEVE. | DHG","robots":{"index":"index","follow":"follow","max-snippet":"max-snippet:-1","max-image-preview":"max-image-preview:large","max-video-preview":"max-video-preview:-1"},"canonical":"https:\/\/www.directhealthcaregroup.com\/no\/about\/","og_locale":"nb_NO","og_type":"article","og_title":"VI TRENGER ALLE \u00c5 BEVEGE OSS FOR \u00c5 LEVE. | DHG","og_description":"D\u00e5rlig helse kan dramatisk redusere v\u00e5r evne til \u00e5 bevege oss, noe som f\u00f8rer til ytterligere helsekomplikasjoner og lengre restitusjon. Hos Direct Healthcare Group erkjenner vi at bevegelse er avgj\u00f8rende for restitusjon, rehabilitering og selvstendighet. Vi mener at st\u00f8tte til mobilitet og selvstendighet er avgj\u00f8rende for \u00e5 oppn\u00e5 og opprettholde god helse. Det er ingen &hellip; Continued","og_url":"https:\/\/www.directhealthcaregroup.com\/no\/about\/","og_site_name":"DHG","article_modified_time":"2021-01-11T22:05:52+00:00","og_image":[{"width":1920,"height":1080,"url":"https:\/\/www.directhealthcaregroup.com\/app\/uploads\/Website-Banner-1920-x-1080.jpg","type":"image\/jpeg"}],"twitter_card":"summary_large_image","twitter_misc":{"Est. reading time":"1 minute"},"schema":{"@context":"https:\/\/schema.org","@graph":[{"@type":"WebPage","@id":"https:\/\/www.directhealthcaregroup.com\/no\/about\/","url":"https:\/\/www.directhealthcaregroup.com\/no\/about\/","name":"VI TRENGER ALLE \u00c5 BEVEGE OSS FOR \u00c5 LEVE. | DHG","isPartOf":{"@id":"https:\/\/www.directhealthcaregroup.com\/#website"},"primaryImageOfPage":{"@id":"https:\/\/www.directhealthcaregroup.com\/no\/about\/#primaryimage"},"image":{"@id":"https:\/\/www.directhealthcaregroup.com\/no\/about\/#primaryimage"},"thumbnailUrl":"https:\/\/www.directhealthcaregroup.com\/app\/uploads\/Website-Banner-1920-x-1080.jpg","datePublished":"2017-12-14T10:32:10+00:00","dateModified":"2021-01-11T22:05:52+00:00","breadcrumb":{"@id":"https:\/\/www.directhealthcaregroup.com\/no\/about\/#breadcrumb"},"inLanguage":"nb-NO","potentialAction":[{"@type":"ReadAction","target":["https:\/\/www.directhealthcaregroup.com\/no\/about\/"]}]},{"@type":"ImageObject","inLanguage":"nb-NO","@id":"https:\/\/www.directhealthcaregroup.com\/no\/about\/#primaryimage","url":"https:\/\/www.directhealthcaregroup.com\/app\/uploads\/Website-Banner-1920-x-1080.jpg","contentUrl":"https:\/\/www.directhealthcaregroup.com\/app\/uploads\/Website-Banner-1920-x-1080.jpg","width":1920,"height":1080},{"@type":"BreadcrumbList","@id":"https:\/\/www.directhealthcaregroup.com\/no\/about\/#breadcrumb","itemListElement":[{"@type":"ListItem","position":1,"name":"Home","item":"https:\/\/www.directhealthcaregroup.com\/no\/"},{"@type":"ListItem","position":2,"name":"VI TRENGER ALLE \u00c5 BEVEGE OSS FOR \u00c5 LEVE."}]},{"@type":"WebSite","@id":"https:\/\/www.directhealthcaregroup.com\/#website","url":"https:\/\/www.directhealthcaregroup.com\/","name":"DHG","description":"Moving Health Forward","publisher":{"@id":"https:\/\/www.directhealthcaregroup.com\/#organization"},"potentialAction":[{"@type":"SearchAction","target":{"@type":"EntryPoint","urlTemplate":"https:\/\/www.directhealthcaregroup.com\/?s={search_term_string}"},"query-input":{"@type":"PropertyValueSpecification","valueRequired":true,"valueName":"search_term_string"}}],"inLanguage":"nb-NO"},{"@type":"Organization","@id":"https:\/\/www.directhealthcaregroup.com\/#organization","name":"Direct Healthcare Group","url":"https:\/\/www.directhealthcaregroup.com\/","logo":{"@type":"ImageObject","inLanguage":"nb-NO","@id":"https:\/\/www.directhealthcaregroup.com\/#\/schema\/logo\/image\/","url":"https:\/\/directhealthcaregroup.com\/app\/uploads\/dhg-logo.png","contentUrl":"https:\/\/directhealthcaregroup.com\/app\/uploads\/dhg-logo.png","width":556,"height":240,"caption":"Direct Healthcare Group"},"image":{"@id":"https:\/\/www.directhealthcaregroup.com\/#\/schema\/logo\/image\/"}}]}},"_links":{"self":[{"href":"https:\/\/www.directhealthcaregroup.com\/no\/wp-json\/wp\/v2\/pages\/12367","targetHints":{"allow":["GET"]}}],"collection":[{"href":"https:\/\/www.directhealthcaregroup.com\/no\/wp-json\/wp\/v2\/pages"}],"about":[{"href":"https:\/\/www.directhealthcaregroup.com\/no\/wp-json\/wp\/v2\/types\/page"}],"author":[{"embeddable":true,"href":"https:\/\/www.directhealthcaregroup.com\/no\/wp-json\/wp\/v2\/users\/1"}],"replies":[{"embeddable":true,"href":"https:\/\/www.directhealthcaregroup.com\/no\/wp-json\/wp\/v2\/comments?post=12367"}],"version-history":[{"count":14,"href":"https:\/\/www.directhealthcaregroup.com\/no\/wp-json\/wp\/v2\/pages\/12367\/revisions"}],"predecessor-version":[{"id":124588,"href":"https:\/\/www.directhealthcaregroup.com\/no\/wp-json\/wp\/v2\/pages\/12367\/revisions\/124588"}],"wp:featuredmedia":[{"embeddable":true,"href":"https:\/\/www.directhealthcaregroup.com\/no\/wp-json\/wp\/v2\/media\/140891"}],"wp:attachment":[{"href":"https:\/\/www.directhealthcaregroup.com\/no\/wp-json\/wp\/v2\/media?parent=12367"}],"curies":[{"name":"wp","href":"https:\/\/api.w.org\/{rel}","templated":true}]}}