{"id":124592,"date":"2021-01-11T22:05:59","date_gmt":"2021-01-11T22:05:59","guid":{"rendered":"https:\/\/www.directhealthcaregroup.com\/selskapssamsvar\/"},"modified":"2021-01-11T22:05:59","modified_gmt":"2021-01-11T22:05:59","slug":"selskapssamsvar","status":"publish","type":"page","link":"https:\/\/www.directhealthcaregroup.com\/no\/selskapssamsvar\/","title":{"rendered":"Selskapssamsvar"},"content":{"rendered":"<h3>Etiske retningslinjer<\/h3>\n<p>Direct Healthcare Group er forpliktet til \u00e5 gjennomf\u00f8re sine anliggender p\u00e5 etisk og lovlig m\u00e5te. <a href=\"http:\/\/directhealthcaregroup.com\/corporate-compliance\/code-of-conduct\/\">Klikk her<\/a> for \u00e5 se v\u00e5re etiske retningslinjer og finne ut mer.<\/p>\n<h3>Kontakt v\u00e5r hjelpetelefon for sp\u00f8rsm\u00e5l om etikk<\/h3>\n<p>Kontakt v\u00e5r hjelpetelefon for sp\u00f8rsm\u00e5l om etikk hvis du lurer p\u00e5 noe om noen av emnene knyttet til selskapssamsvar. <a href=\"http:\/\/directhealthcaregroup.com\/corporate-compliance\/contact-our-ethics-hotline\/\">Klikk her for<\/a> for \u00e5 finne ut mer.<\/p>\n<h3>Retningslinjer for etikk og samsvar<\/h3>\n<p>Direct Healthcare Groups retningslinjer for etikk og samsvar er basert p\u00e5 Eucomed-koden for etisk forretningspraksis. <a href=\"http:\/\/directhealthcaregroup.com\/corporate-compliance\/ethics-compliance-guidelines\/\">Klikk her<\/a> for \u00e5 lese mer.<\/p>\n","protected":false},"excerpt":{"rendered":"<p>Etiske retningslinjer Direct Healthcare Group er forpliktet til \u00e5 gjennomf\u00f8re sine anliggender p\u00e5 etisk og lovlig m\u00e5te. Klikk her for \u00e5 se v\u00e5re etiske retningslinjer og finne ut mer. Kontakt v\u00e5r hjelpetelefon for sp\u00f8rsm\u00e5l om etikk Kontakt v\u00e5r hjelpetelefon for sp\u00f8rsm\u00e5l om etikk hvis du lurer p\u00e5 noe om noen av emnene knyttet til selskapssamsvar. &hellip; <a href=\"https:\/\/www.directhealthcaregroup.com\/no\/selskapssamsvar\/\">Continued<\/a><\/p>\n","protected":false},"author":2,"featured_media":0,"parent":0,"menu_order":0,"comment_status":"closed","ping_status":"closed","template":"","meta":{"_acf_changed":false,"footnotes":""},"class_list":["post-124592","page","type-page","status-publish","hentry"],"acf":[],"yoast_head":"<!-- This site is optimized with the Yoast SEO plugin v26.6 - https:\/\/yoast.com\/wordpress\/plugins\/seo\/ -->\n<title>Selskapssamsvar | DHG<\/title>\n<meta name=\"robots\" content=\"index, follow, max-snippet:-1, max-image-preview:large, max-video-preview:-1\" \/>\n<link rel=\"canonical\" href=\"https:\/\/www.directhealthcaregroup.com\/no\/selskapssamsvar\/\" \/>\n<meta property=\"og:locale\" content=\"nb_NO\" \/>\n<meta property=\"og:type\" content=\"article\" \/>\n<meta property=\"og:title\" content=\"Selskapssamsvar | DHG\" \/>\n<meta property=\"og:description\" content=\"Etiske retningslinjer Direct Healthcare Group er forpliktet til \u00e5 gjennomf\u00f8re sine anliggender p\u00e5 etisk og lovlig m\u00e5te. Klikk her for \u00e5 se v\u00e5re etiske retningslinjer og finne ut mer. Kontakt v\u00e5r hjelpetelefon for sp\u00f8rsm\u00e5l om etikk Kontakt v\u00e5r hjelpetelefon for sp\u00f8rsm\u00e5l om etikk hvis du lurer p\u00e5 noe om noen av emnene knyttet til selskapssamsvar. &hellip; Continued\" \/>\n<meta property=\"og:url\" content=\"https:\/\/www.directhealthcaregroup.com\/no\/selskapssamsvar\/\" \/>\n<meta property=\"og:site_name\" content=\"DHG\" \/>\n<meta name=\"twitter:card\" content=\"summary_large_image\" \/>\n<script type=\"application\/ld+json\" class=\"yoast-schema-graph\">{\"@context\":\"https:\/\/schema.org\",\"@graph\":[{\"@type\":\"WebPage\",\"@id\":\"https:\/\/www.directhealthcaregroup.com\/no\/selskapssamsvar\/\",\"url\":\"https:\/\/www.directhealthcaregroup.com\/no\/selskapssamsvar\/\",\"name\":\"Selskapssamsvar | DHG\",\"isPartOf\":{\"@id\":\"https:\/\/www.directhealthcaregroup.com\/#website\"},\"datePublished\":\"2021-01-11T22:05:59+00:00\",\"breadcrumb\":{\"@id\":\"https:\/\/www.directhealthcaregroup.com\/no\/selskapssamsvar\/#breadcrumb\"},\"inLanguage\":\"nb-NO\",\"potentialAction\":[{\"@type\":\"ReadAction\",\"target\":[\"https:\/\/www.directhealthcaregroup.com\/no\/selskapssamsvar\/\"]}]},{\"@type\":\"BreadcrumbList\",\"@id\":\"https:\/\/www.directhealthcaregroup.com\/no\/selskapssamsvar\/#breadcrumb\",\"itemListElement\":[{\"@type\":\"ListItem\",\"position\":1,\"name\":\"Home\",\"item\":\"https:\/\/www.directhealthcaregroup.com\/no\/\"},{\"@type\":\"ListItem\",\"position\":2,\"name\":\"Selskapssamsvar\"}]},{\"@type\":\"WebSite\",\"@id\":\"https:\/\/www.directhealthcaregroup.com\/#website\",\"url\":\"https:\/\/www.directhealthcaregroup.com\/\",\"name\":\"DHG\",\"description\":\"Moving Health Forward\",\"publisher\":{\"@id\":\"https:\/\/www.directhealthcaregroup.com\/#organization\"},\"potentialAction\":[{\"@type\":\"SearchAction\",\"target\":{\"@type\":\"EntryPoint\",\"urlTemplate\":\"https:\/\/www.directhealthcaregroup.com\/?s={search_term_string}\"},\"query-input\":{\"@type\":\"PropertyValueSpecification\",\"valueRequired\":true,\"valueName\":\"search_term_string\"}}],\"inLanguage\":\"nb-NO\"},{\"@type\":\"Organization\",\"@id\":\"https:\/\/www.directhealthcaregroup.com\/#organization\",\"name\":\"Direct Healthcare Group\",\"url\":\"https:\/\/www.directhealthcaregroup.com\/\",\"logo\":{\"@type\":\"ImageObject\",\"inLanguage\":\"nb-NO\",\"@id\":\"https:\/\/www.directhealthcaregroup.com\/#\/schema\/logo\/image\/\",\"url\":\"https:\/\/directhealthcaregroup.com\/app\/uploads\/dhg-logo.png\",\"contentUrl\":\"https:\/\/directhealthcaregroup.com\/app\/uploads\/dhg-logo.png\",\"width\":556,\"height\":240,\"caption\":\"Direct Healthcare Group\"},\"image\":{\"@id\":\"https:\/\/www.directhealthcaregroup.com\/#\/schema\/logo\/image\/\"}}]}<\/script>\n<!-- \/ Yoast SEO plugin. -->","yoast_head_json":{"title":"Selskapssamsvar | DHG","robots":{"index":"index","follow":"follow","max-snippet":"max-snippet:-1","max-image-preview":"max-image-preview:large","max-video-preview":"max-video-preview:-1"},"canonical":"https:\/\/www.directhealthcaregroup.com\/no\/selskapssamsvar\/","og_locale":"nb_NO","og_type":"article","og_title":"Selskapssamsvar | DHG","og_description":"Etiske retningslinjer Direct Healthcare Group er forpliktet til \u00e5 gjennomf\u00f8re sine anliggender p\u00e5 etisk og lovlig m\u00e5te. Klikk her for \u00e5 se v\u00e5re etiske retningslinjer og finne ut mer. Kontakt v\u00e5r hjelpetelefon for sp\u00f8rsm\u00e5l om etikk Kontakt v\u00e5r hjelpetelefon for sp\u00f8rsm\u00e5l om etikk hvis du lurer p\u00e5 noe om noen av emnene knyttet til selskapssamsvar. &hellip; Continued","og_url":"https:\/\/www.directhealthcaregroup.com\/no\/selskapssamsvar\/","og_site_name":"DHG","twitter_card":"summary_large_image","schema":{"@context":"https:\/\/schema.org","@graph":[{"@type":"WebPage","@id":"https:\/\/www.directhealthcaregroup.com\/no\/selskapssamsvar\/","url":"https:\/\/www.directhealthcaregroup.com\/no\/selskapssamsvar\/","name":"Selskapssamsvar | DHG","isPartOf":{"@id":"https:\/\/www.directhealthcaregroup.com\/#website"},"datePublished":"2021-01-11T22:05:59+00:00","breadcrumb":{"@id":"https:\/\/www.directhealthcaregroup.com\/no\/selskapssamsvar\/#breadcrumb"},"inLanguage":"nb-NO","potentialAction":[{"@type":"ReadAction","target":["https:\/\/www.directhealthcaregroup.com\/no\/selskapssamsvar\/"]}]},{"@type":"BreadcrumbList","@id":"https:\/\/www.directhealthcaregroup.com\/no\/selskapssamsvar\/#breadcrumb","itemListElement":[{"@type":"ListItem","position":1,"name":"Home","item":"https:\/\/www.directhealthcaregroup.com\/no\/"},{"@type":"ListItem","position":2,"name":"Selskapssamsvar"}]},{"@type":"WebSite","@id":"https:\/\/www.directhealthcaregroup.com\/#website","url":"https:\/\/www.directhealthcaregroup.com\/","name":"DHG","description":"Moving Health Forward","publisher":{"@id":"https:\/\/www.directhealthcaregroup.com\/#organization"},"potentialAction":[{"@type":"SearchAction","target":{"@type":"EntryPoint","urlTemplate":"https:\/\/www.directhealthcaregroup.com\/?s={search_term_string}"},"query-input":{"@type":"PropertyValueSpecification","valueRequired":true,"valueName":"search_term_string"}}],"inLanguage":"nb-NO"},{"@type":"Organization","@id":"https:\/\/www.directhealthcaregroup.com\/#organization","name":"Direct Healthcare Group","url":"https:\/\/www.directhealthcaregroup.com\/","logo":{"@type":"ImageObject","inLanguage":"nb-NO","@id":"https:\/\/www.directhealthcaregroup.com\/#\/schema\/logo\/image\/","url":"https:\/\/directhealthcaregroup.com\/app\/uploads\/dhg-logo.png","contentUrl":"https:\/\/directhealthcaregroup.com\/app\/uploads\/dhg-logo.png","width":556,"height":240,"caption":"Direct Healthcare Group"},"image":{"@id":"https:\/\/www.directhealthcaregroup.com\/#\/schema\/logo\/image\/"}}]}},"_links":{"self":[{"href":"https:\/\/www.directhealthcaregroup.com\/no\/wp-json\/wp\/v2\/pages\/124592","targetHints":{"allow":["GET"]}}],"collection":[{"href":"https:\/\/www.directhealthcaregroup.com\/no\/wp-json\/wp\/v2\/pages"}],"about":[{"href":"https:\/\/www.directhealthcaregroup.com\/no\/wp-json\/wp\/v2\/types\/page"}],"author":[{"embeddable":true,"href":"https:\/\/www.directhealthcaregroup.com\/no\/wp-json\/wp\/v2\/users\/2"}],"replies":[{"embeddable":true,"href":"https:\/\/www.directhealthcaregroup.com\/no\/wp-json\/wp\/v2\/comments?post=124592"}],"version-history":[{"count":0,"href":"https:\/\/www.directhealthcaregroup.com\/no\/wp-json\/wp\/v2\/pages\/124592\/revisions"}],"wp:attachment":[{"href":"https:\/\/www.directhealthcaregroup.com\/no\/wp-json\/wp\/v2\/media?parent=124592"}],"curies":[{"name":"wp","href":"https:\/\/api.w.org\/{rel}","templated":true}]}}