{"id":124593,"date":"2021-01-11T22:05:59","date_gmt":"2021-01-11T22:05:59","guid":{"rendered":"https:\/\/www.directhealthcaregroup.com\/gdpr-og-personvern\/"},"modified":"2021-01-11T22:05:59","modified_gmt":"2021-01-11T22:05:59","slug":"gdpr-og-personvern","status":"publish","type":"page","link":"https:\/\/www.directhealthcaregroup.com\/no\/gdpr-og-personvern\/","title":{"rendered":"GDPR og personvern"},"content":{"rendered":"<h2>GDPR og personvern<\/h2>\n<p>Direct Healthcare Group har implementert og vedlikeholder et integrert virksomhetsstyringssystem som er sertifisert til standardene ISO 9001, ISO 13485, ISO 14001 og i samsvar med informasjonssikkerhetstandarden ISO\u00a027001.<\/p>\n<p>&nbsp;<\/p>\n<h3>Introduksjon<\/h3>\n<p>Direct Healthcare Group (DHG) erkjenner at personopplysningene vi mottar, oppbevares i et tillitsforhold. Vi s\u00f8ker derfor \u00e5 ivareta denne tilliten ved \u00e5 f\u00f8lge generelle prinsipper for beskyttelse av personopplysninger. Disse retningslinjene for personvern forklarer hvordan vi samler inn, bruker, deler og beskytter informasjon som samles inn gjennom dette nettstedet og i andre interaksjoner du eventuelt har med Direct Healthcare Group.<\/p>\n<p>V\u00e5r registrerte adresse er:<br \/>\nDirect Healthcare Group Ltd.<br \/>\nWithey Court<br \/>\nWestern Industrial Estate<br \/>\nCaerphilly<br \/>\nStorbritannia<br \/>\nCF83 1BF<\/p>\n<p>V\u00e5rt registrerte selskapsnummer er:<br \/>\n05252571<\/p>\n<p><span style=\"color: black;\">Vi fungerer som \u00abdatakontroll\u00f8r\u00bb for personopplysninger. Vi er registrert&nbsp;med ICO, og nummeret v\u00e5rt er Z2641626.&nbsp;Vi samler kun inn informasjon som er n\u00f8dvendig for \u00e5 oppfylle oppgitte form\u00e5l, og der det er lovlig grunnlag for \u00e5 gj\u00f8re det, og vi vil ikke beholde den lenger enn n\u00f8dvendig.<\/span><\/p>\n<p>&nbsp;<\/p>\n<h3>Omfang<\/h3>\n<p>Denne personvernerkl\u00e6ringen gjelder personopplysninger som samles inn p\u00e5 nettsteder, i mobilapplikasjoner eller i kontrollerte widgeter som er innebygd i kommunikasjonsplattformene (\u00abnettsteder\u00bb), og personopplysninger som samles inn i forbindelse med Direct Healthcare Groups forretningsvirksomhet, for eksempel informasjon fra pasienter eller helsepersonell eller ansattes HR-data.<\/p>\n<p>Personopplysninger, slik begrepet er brukt i dette dokumentet, forst\u00e5s som all informasjon som kan brukes enten alene eller sammen med annen informasjon for \u00e5 identifisere en enkeltperson, eller som kan knyttes direkte til en enkeltperson.<\/p>\n<p>Denne personvernerkl\u00e6ringen beskriver Direct Healthcare Groups praksis for innsamling, bruk og distribusjon av personopplysninger.<\/p>\n<p>&nbsp;<\/p>\n<h3>Informasjonsinnsamling<\/h3>\n<p>Direct Healthcare Group krever ikke at du oppgir personopplysninger for \u00e5 f\u00e5 tilgang til noen deler av det offentlige nettstedet v\u00e5rt. Det er kun personopplysninger som du frivillig oppgir til oss, som samles inn.<br \/>\nDHG opprettholder fysiske, tekniske og administrative sikkerhetstiltak for \u00e5 beskytte dine ikke-offentlige personopplysninger.&nbsp;Vi kan ogs\u00e5 samle inn informasjon om produkter og tjenester og gi denne statistikken til andre i oppsummert form som avidentifisert informasjonen.<\/p>\n<p>Personopplysninger som samles inn via DHG-nettsteder, kan omfatte, men er ikke begrenset til:<\/p>\n<ul>\n<li>kontaktinformasjon, for eksempel navn, adresse, e-post, telefonnummer, faksnummer, organisasjonsnavn og\/eller stillingstittel<\/li>\n<li>unike identifikatorer og preferanseinformasjon, markedsf\u00f8ringspreferanser, Internet Protocol (IP)-adresse, nettlesertype, operativsystem, datamaskin eller mobilenhet, eller navigerings- og klikkstr\u00f8matferd<\/li>\n<\/ul>\n<p>DHG kan samle inn, oppbevare og bruke personopplysninger som innhentes gjennom nettstedene for \u00e5 gi deg tilgang til nettstedene. &nbsp;Denne informasjonen kan innhentes n\u00e5r du:<\/p>\n<ul>\n<li>oppretter en konto med DHG<\/li>\n<li>ber om en produktdemonstrasjon eller mottar informasjon om produktene v\u00e5re<\/li>\n<li>ber om kundest\u00f8tte eller teknisk st\u00f8tte<\/li>\n<li>s\u00f8ker om ansettelse<\/li>\n<li>ber om \u00e5 bli kontaktet, dvs. gjennom nettstedet v\u00e5rt eller p\u00e5 utstillinger<\/li>\n<li>mottar produktene eller tjenestene v\u00e5re<\/li>\n<\/ul>\n<p>&nbsp;<\/p>\n<h3>Grunnlag for bruk av personopplysninger<\/h3>\n<ul>\n<li><strong><b>Overholdelse av juridiske krav eller forpliktelser<\/b><\/strong>&nbsp;\u2013&nbsp;DHG kan dele personopplysninger, som tillatt eller p\u00e5lagt av lov, n\u00e5r vi i god tro mener at det er n\u00f8dvendig av hensyn til sikkerhet, p\u00e5krevd for juridisk rapportering, n\u00f8dvendig for \u00e5 beskytte v\u00e5re juridiske rettigheter eller h\u00e5ndheve vilk\u00e5r for bruk eller gjeldende regler eller for \u00e5 beskytte andres rettigheter.<\/li>\n<li><strong><b>Opprette eller etterleve en kontrakt<\/b><\/strong>&nbsp;\u2013 Bruk av personopplysninger kan v\u00e6re n\u00f8dvendig for \u00e5 etterleve kontrakten du har med oss. N\u00e5r du for eksempel arbeider for oss, enten som ansatt eller tjenesteleverand\u00f8r, eller n\u00e5r du s\u00f8ker p\u00e5 en jobb hos oss, vil personopplysningene dine v\u00e6re n\u00f8dvendige i forbindelse med arbeidskontrakten eller tjenesteavtalen.<\/li>\n<li><strong><b>Samtykke<\/b><\/strong> \u2013 DHG er avhengig av samtykke, som i noen tilfeller kan v\u00e6re underforst\u00e5tt, for \u00e5 bruke teknisk informasjon, for eksempel informasjonskapseldata og geolokasjonsdata, som beskrevet i denne erkl\u00e6ringen. &nbsp;Du kan n\u00e5r som helst trekke tilbake samtykket ved \u00e5 kontakte oss ved hjelp av mediene som beskrives i denne erkl\u00e6ringen. Vi kan innhente personopplysninger gjennom helsepersonell eller brukere av produktene og tjenestene v\u00e5re. I s\u00e5 fall er helsepersonellet eller brukeren av produktet\/tjenesten ansvarlig for h\u00e5ndteringen av samtykket der det er n\u00f8dvendig.<\/li>\n<li><strong><b>Legitime interesser<\/b><\/strong>&nbsp;\u2013 DHG kan bruke personopplysninger til v\u00e5re legitime interesser for \u00e5 forbedre produktene, tjenestene og innholdet p\u00e5 nettstedet v\u00e5rt og til administrative form\u00e5l.<\/li>\n<\/ul>\n<p>&nbsp;<\/p>\n<h3>Markedsf\u00f8ring<\/h3>\n<p>Direct Healthcare Group markedsf\u00f8rer seg p\u00e5 flere m\u00e5ter, inkludert, men ikke begrenset til, gjennom markedsf\u00f8ringskampanjer via e-post. Vi kan bruke personopplysningene dine til \u00e5 informere deg om andre produkter eller tjenester som tilbys av DHG. Kundelistene v\u00e5re blir ikke solgt, utleid eller leaset til tredjeparter.&nbsp;For \u00e5 kunne levere tjenestene v\u00e5re hender det imidlertid at vi deler informasjon med andre selskaper som jobber p\u00e5 v\u00e5re vegne.<\/p>\n<p>&nbsp;<\/p>\n<h3>Sporingsverkt\u00f8y<\/h3>\n<p>Nettleseren din kan gi deg muligheten til \u00e5 kontrollere informasjonskapslene. &nbsp;Hvordan du gj\u00f8r det, avhenger av nettleseren og hva slags informasjonskapsel det er snakk om. &nbsp;Enkelte nettlesere kan innstilles til \u00e5 avvise alle informasjonskapsler i nettleseren. Hvis du konfigurerer datamaskinen til \u00e5 blokkere alle informasjonskapsler, kan enkelte nettsidefunksjoner forstyrres, noe som kan begrense funksjonaliteten vi tilbyr n\u00e5r du bes\u00f8ker eller bruker nettstedene v\u00e5re. Selv om du blokkerer eller sletter informasjonskapsler, stopper ikke all sporing som er beskrevet i disse retningslinjene. Noen nettlesere har en \u00abIkke spor\u00bb-funksjon som du kan bruke til \u00e5 fortelle nettstedene at du ikke \u00f8nsker at nettaktivitetene dine skal spores.<\/p>\n<p>&nbsp;<\/p>\n<h3>Hvor lenge oppbevarer vi informasjon<\/h3>\n<p>Direct Healthcare Group vil beholde personopplysningene dine s\u00e5 lenge det er rimelig n\u00f8dvendig for legitime forretningsform\u00e5l.<\/p>\n<p>&nbsp;<\/p>\n<h3>Sikkerhet<\/h3>\n<p>Sikkerheten og konfidensialiteten til personopplysningene dine er viktig for oss. Derfor anvender Direct Healthcare Group fysiske, tekniske og administrative kontroller for \u00e5 beskytte personopplysningene dine mot uautorisert tilgang, bruk og avsl\u00f8ring. DHG evaluerer disse sikkerhetstiltakene kontinuerlig for \u00e5 bidra til \u00e5 minimere risikoene fra nye sikkerhetstrusler etter hvert som de blir kjent. DHG kan imidlertid ikke garantere sikkerheten for data som samles inn via nettstedet v\u00e5rt, slik tilfellet er for alle nettsteder.<\/p>\n<p>&nbsp;<\/p>\n<h3>Rettigheter<\/h3>\n<p>Du kan kontakte oss n\u00e5r som helst for \u00e5 be om tilgang til, korrigere eller slette personopplysningene dine. Du har ogs\u00e5 rett til \u00e5 nekte eller begrense behandling, i tillegg til retten til dataportabilitet, n\u00e5r det er aktuelt. Hvis DHG har behandlet personopplysningene dine basert p\u00e5 samtykket ditt, kan du n\u00e5r som helst trekke det tilbake.<\/p>\n<p>Hvis du vil ut\u00f8ve rettighetene dine, kan du kontakte oss ved hjelp av kontaktinformasjonen nedenfor. V\u00e6r oppmerksom p\u00e5 at vi sannsynligvis vil be om ytterligere informasjon fra deg for \u00e5 kunne svare p\u00e5 foresp\u00f8rselen.<\/p>\n<p>Hvis du mottar markedsf\u00f8rings-e-post fra DHG, kan du be om at personopplysningene dine fjernes ved hjelp av koblingen Avslutt abonnement, eller ved \u00e5 sende en e-post til svaradressen som oppgis i innholdet.<\/p>\n<p>Du kan ogs\u00e5 registrere klager til Information Commissioner&#8217;s Office via f\u00f8lgende kobling:&nbsp;<a href=\"https:\/\/ico.org.uk\/concerns\/\">https:\/\/ico.org.uk\/concerns\/<\/a><\/p>\n<p>&nbsp;<\/p>\n<h3>Oppdateringer av personvernerkl\u00e6ringen<\/h3>\n<p>Denne personvernerkl\u00e6ringen kan endres n\u00e5r som helst. Hvis det foretas vesentlige endringer i hvordan personopplysninger samles inn, brukes, deles eller p\u00e5 annen m\u00e5te behandles, vil denne erkl\u00e6ringen bli oppdatert, og varsler vil bli lagt ut p\u00e5 hjemmesiden til nettstedet v\u00e5rt. Alle vesentlige endringer i denne personvernerkl\u00e6ringen vil tre i kraft p\u00e5 det tidspunktet vi legger ut varselet om oppdateringen.<\/p>\n<p>Erkl\u00e6ringen ble sist oppdatert 04.12.2017.<\/p>\n","protected":false},"excerpt":{"rendered":"<p>GDPR og personvern Direct Healthcare Group har implementert og vedlikeholder et integrert virksomhetsstyringssystem som er sertifisert til standardene ISO 9001, ISO 13485, ISO 14001 og i samsvar med informasjonssikkerhetstandarden ISO\u00a027001. &nbsp; Introduksjon Direct Healthcare Group (DHG) erkjenner at personopplysningene vi mottar, oppbevares i et tillitsforhold. Vi s\u00f8ker derfor \u00e5 ivareta denne tilliten ved \u00e5 f\u00f8lge &hellip; <a href=\"https:\/\/www.directhealthcaregroup.com\/no\/gdpr-og-personvern\/\">Continued<\/a><\/p>\n","protected":false},"author":2,"featured_media":0,"parent":0,"menu_order":0,"comment_status":"closed","ping_status":"closed","template":"","meta":{"_acf_changed":false,"footnotes":""},"class_list":["post-124593","page","type-page","status-publish","hentry"],"acf":[],"yoast_head":"<!-- This site is optimized with the Yoast SEO plugin v26.6 - https:\/\/yoast.com\/wordpress\/plugins\/seo\/ -->\n<title>GDPR og personvern | DHG<\/title>\n<meta name=\"robots\" content=\"index, follow, max-snippet:-1, max-image-preview:large, max-video-preview:-1\" \/>\n<link rel=\"canonical\" href=\"https:\/\/www.directhealthcaregroup.com\/no\/gdpr-og-personvern\/\" \/>\n<meta property=\"og:locale\" content=\"nb_NO\" \/>\n<meta property=\"og:type\" content=\"article\" \/>\n<meta property=\"og:title\" content=\"GDPR og personvern | DHG\" \/>\n<meta property=\"og:description\" content=\"GDPR og personvern Direct Healthcare Group har implementert og vedlikeholder et integrert virksomhetsstyringssystem som er sertifisert til standardene ISO 9001, ISO 13485, ISO 14001 og i samsvar med informasjonssikkerhetstandarden ISO\u00a027001. &nbsp; Introduksjon Direct Healthcare Group (DHG) erkjenner at personopplysningene vi mottar, oppbevares i et tillitsforhold. Vi s\u00f8ker derfor \u00e5 ivareta denne tilliten ved \u00e5 f\u00f8lge &hellip; Continued\" \/>\n<meta property=\"og:url\" content=\"https:\/\/www.directhealthcaregroup.com\/no\/gdpr-og-personvern\/\" \/>\n<meta property=\"og:site_name\" content=\"DHG\" \/>\n<meta name=\"twitter:card\" content=\"summary_large_image\" \/>\n<meta name=\"twitter:label1\" content=\"Est. reading time\" \/>\n\t<meta name=\"twitter:data1\" content=\"6 minutes\" \/>\n<script type=\"application\/ld+json\" class=\"yoast-schema-graph\">{\"@context\":\"https:\/\/schema.org\",\"@graph\":[{\"@type\":\"WebPage\",\"@id\":\"https:\/\/www.directhealthcaregroup.com\/no\/gdpr-og-personvern\/\",\"url\":\"https:\/\/www.directhealthcaregroup.com\/no\/gdpr-og-personvern\/\",\"name\":\"GDPR og personvern | DHG\",\"isPartOf\":{\"@id\":\"https:\/\/www.directhealthcaregroup.com\/#website\"},\"datePublished\":\"2021-01-11T22:05:59+00:00\",\"breadcrumb\":{\"@id\":\"https:\/\/www.directhealthcaregroup.com\/no\/gdpr-og-personvern\/#breadcrumb\"},\"inLanguage\":\"nb-NO\",\"potentialAction\":[{\"@type\":\"ReadAction\",\"target\":[\"https:\/\/www.directhealthcaregroup.com\/no\/gdpr-og-personvern\/\"]}]},{\"@type\":\"BreadcrumbList\",\"@id\":\"https:\/\/www.directhealthcaregroup.com\/no\/gdpr-og-personvern\/#breadcrumb\",\"itemListElement\":[{\"@type\":\"ListItem\",\"position\":1,\"name\":\"Home\",\"item\":\"https:\/\/www.directhealthcaregroup.com\/no\/\"},{\"@type\":\"ListItem\",\"position\":2,\"name\":\"GDPR og personvern\"}]},{\"@type\":\"WebSite\",\"@id\":\"https:\/\/www.directhealthcaregroup.com\/#website\",\"url\":\"https:\/\/www.directhealthcaregroup.com\/\",\"name\":\"DHG\",\"description\":\"Moving Health Forward\",\"publisher\":{\"@id\":\"https:\/\/www.directhealthcaregroup.com\/#organization\"},\"potentialAction\":[{\"@type\":\"SearchAction\",\"target\":{\"@type\":\"EntryPoint\",\"urlTemplate\":\"https:\/\/www.directhealthcaregroup.com\/?s={search_term_string}\"},\"query-input\":{\"@type\":\"PropertyValueSpecification\",\"valueRequired\":true,\"valueName\":\"search_term_string\"}}],\"inLanguage\":\"nb-NO\"},{\"@type\":\"Organization\",\"@id\":\"https:\/\/www.directhealthcaregroup.com\/#organization\",\"name\":\"Direct Healthcare Group\",\"url\":\"https:\/\/www.directhealthcaregroup.com\/\",\"logo\":{\"@type\":\"ImageObject\",\"inLanguage\":\"nb-NO\",\"@id\":\"https:\/\/www.directhealthcaregroup.com\/#\/schema\/logo\/image\/\",\"url\":\"https:\/\/directhealthcaregroup.com\/app\/uploads\/dhg-logo.png\",\"contentUrl\":\"https:\/\/directhealthcaregroup.com\/app\/uploads\/dhg-logo.png\",\"width\":556,\"height\":240,\"caption\":\"Direct Healthcare Group\"},\"image\":{\"@id\":\"https:\/\/www.directhealthcaregroup.com\/#\/schema\/logo\/image\/\"}}]}<\/script>\n<!-- \/ Yoast SEO plugin. -->","yoast_head_json":{"title":"GDPR og personvern | DHG","robots":{"index":"index","follow":"follow","max-snippet":"max-snippet:-1","max-image-preview":"max-image-preview:large","max-video-preview":"max-video-preview:-1"},"canonical":"https:\/\/www.directhealthcaregroup.com\/no\/gdpr-og-personvern\/","og_locale":"nb_NO","og_type":"article","og_title":"GDPR og personvern | DHG","og_description":"GDPR og personvern Direct Healthcare Group har implementert og vedlikeholder et integrert virksomhetsstyringssystem som er sertifisert til standardene ISO 9001, ISO 13485, ISO 14001 og i samsvar med informasjonssikkerhetstandarden ISO\u00a027001. &nbsp; Introduksjon Direct Healthcare Group (DHG) erkjenner at personopplysningene vi mottar, oppbevares i et tillitsforhold. Vi s\u00f8ker derfor \u00e5 ivareta denne tilliten ved \u00e5 f\u00f8lge &hellip; Continued","og_url":"https:\/\/www.directhealthcaregroup.com\/no\/gdpr-og-personvern\/","og_site_name":"DHG","twitter_card":"summary_large_image","twitter_misc":{"Est. reading time":"6 minutes"},"schema":{"@context":"https:\/\/schema.org","@graph":[{"@type":"WebPage","@id":"https:\/\/www.directhealthcaregroup.com\/no\/gdpr-og-personvern\/","url":"https:\/\/www.directhealthcaregroup.com\/no\/gdpr-og-personvern\/","name":"GDPR og personvern | DHG","isPartOf":{"@id":"https:\/\/www.directhealthcaregroup.com\/#website"},"datePublished":"2021-01-11T22:05:59+00:00","breadcrumb":{"@id":"https:\/\/www.directhealthcaregroup.com\/no\/gdpr-og-personvern\/#breadcrumb"},"inLanguage":"nb-NO","potentialAction":[{"@type":"ReadAction","target":["https:\/\/www.directhealthcaregroup.com\/no\/gdpr-og-personvern\/"]}]},{"@type":"BreadcrumbList","@id":"https:\/\/www.directhealthcaregroup.com\/no\/gdpr-og-personvern\/#breadcrumb","itemListElement":[{"@type":"ListItem","position":1,"name":"Home","item":"https:\/\/www.directhealthcaregroup.com\/no\/"},{"@type":"ListItem","position":2,"name":"GDPR og personvern"}]},{"@type":"WebSite","@id":"https:\/\/www.directhealthcaregroup.com\/#website","url":"https:\/\/www.directhealthcaregroup.com\/","name":"DHG","description":"Moving Health Forward","publisher":{"@id":"https:\/\/www.directhealthcaregroup.com\/#organization"},"potentialAction":[{"@type":"SearchAction","target":{"@type":"EntryPoint","urlTemplate":"https:\/\/www.directhealthcaregroup.com\/?s={search_term_string}"},"query-input":{"@type":"PropertyValueSpecification","valueRequired":true,"valueName":"search_term_string"}}],"inLanguage":"nb-NO"},{"@type":"Organization","@id":"https:\/\/www.directhealthcaregroup.com\/#organization","name":"Direct Healthcare Group","url":"https:\/\/www.directhealthcaregroup.com\/","logo":{"@type":"ImageObject","inLanguage":"nb-NO","@id":"https:\/\/www.directhealthcaregroup.com\/#\/schema\/logo\/image\/","url":"https:\/\/directhealthcaregroup.com\/app\/uploads\/dhg-logo.png","contentUrl":"https:\/\/directhealthcaregroup.com\/app\/uploads\/dhg-logo.png","width":556,"height":240,"caption":"Direct Healthcare Group"},"image":{"@id":"https:\/\/www.directhealthcaregroup.com\/#\/schema\/logo\/image\/"}}]}},"_links":{"self":[{"href":"https:\/\/www.directhealthcaregroup.com\/no\/wp-json\/wp\/v2\/pages\/124593","targetHints":{"allow":["GET"]}}],"collection":[{"href":"https:\/\/www.directhealthcaregroup.com\/no\/wp-json\/wp\/v2\/pages"}],"about":[{"href":"https:\/\/www.directhealthcaregroup.com\/no\/wp-json\/wp\/v2\/types\/page"}],"author":[{"embeddable":true,"href":"https:\/\/www.directhealthcaregroup.com\/no\/wp-json\/wp\/v2\/users\/2"}],"replies":[{"embeddable":true,"href":"https:\/\/www.directhealthcaregroup.com\/no\/wp-json\/wp\/v2\/comments?post=124593"}],"version-history":[{"count":0,"href":"https:\/\/www.directhealthcaregroup.com\/no\/wp-json\/wp\/v2\/pages\/124593\/revisions"}],"wp:attachment":[{"href":"https:\/\/www.directhealthcaregroup.com\/no\/wp-json\/wp\/v2\/media?parent=124593"}],"curies":[{"name":"wp","href":"https:\/\/api.w.org\/{rel}","templated":true}]}}