{"id":124595,"date":"2021-01-11T22:06:00","date_gmt":"2021-01-11T22:06:00","guid":{"rendered":"https:\/\/www.directhealthcaregroup.com\/informasjonskapsler\/"},"modified":"2021-01-11T22:06:00","modified_gmt":"2021-01-11T22:06:00","slug":"informasjonskapsler","status":"publish","type":"page","link":"https:\/\/www.directhealthcaregroup.com\/no\/informasjonskapsler\/","title":{"rendered":"Informasjonskapsler"},"content":{"rendered":"<h2>Bruk av informasjonskapsler av Direct Healthcare Group<\/h2>\n<p>Informasjonskapsler er sm\u00e5 tekstfiler som plasseres p\u00e5 datamaskinen din av nettsteder du bes\u00f8ker. Disse er mye brukt til \u00e5 gi nettstedene muligheten til \u00e5 arbeide mer effektivt og gi brukeren en bedre opplevelse av nettstedet. Tabellen nedenfor forklarer informasjonskapslene vi bruker, og hvorfor.<\/p>\n<table>\n<tbody>\n<tr>\n<th>Navn p\u00e5 informasjonskapsler<\/th>\n<th>Form\u00e5l<\/th>\n<\/tr>\n<tr>\n<td>PHPSESSID<\/td>\n<td>For \u00e5 lagre en enkel melding n\u00e5r skjemaet sendes inn, som kan vises p\u00e5 en annen side.<\/p>\n<p>Hvis for eksempel foresp\u00f8rselsskjemaet er feil utfylt, lagres en melding som presenteres for brukeren for \u00e5 indikere feil med innsendingen.<\/p>\n<p>N\u00e5r foresp\u00f8rselsskjemaet er sendt inn, lagres en melding som presenteres for brukeren og takker for henvendelsen.<\/p>\n<p>Ingen personopplysninger lagres i denne informasjonskapselen.<\/td>\n<\/tr>\n<tr>\n<td>_ga<br \/>\n_gat_gtag_UA_112417324_1<br \/>\n_gid<\/td>\n<td>Disse informasjonskapslene brukes til \u00e5 samle inn informasjon om hvordan gjester bruker nettstedet v\u00e5rt. Vi bruker informasjonen til \u00e5 sette sammen rapporter og til \u00e5 hjelpe oss med \u00e5 forbedre nettstedet. Informasjonskapslene samler inn informasjon i anonym form, inkludert antall bes\u00f8kende p\u00e5 nettstedet, hvor bes\u00f8kende har kommet til nettstedet fra, og hvilke sider de har bes\u00f8kt.<\/td>\n<\/tr>\n<tr>\n<td>_icl_current_admin_language<\/td>\n<td>Inneholder og lagrer spr\u00e5ket brukeren velger.<\/td>\n<\/tr>\n<tr>\n<td>catAccCookies<\/td>\n<td>Informasjonskapselens plugin-modul for samtykke lagrer aksept av nettstedets bruk av informasjonskapsler.<\/td>\n<\/tr>\n<tr>\n<td>wfvt_1364421074<br \/>\nwfvt_3564428866<\/td>\n<td>Disse informasjonskapslene inneholder informasjon om din generelle geografiske plassering og brukes til \u00e5 huske tidssonen din, for eksempel. Disse informasjonskapslene slettes automatisk n\u00e5r du forlater nettstedet.<\/td>\n<\/tr>\n<tr>\n<td>wordfence_verifiedHuman<\/td>\n<td>En informasjonskapsel konfigurert av Wordfence Security WordPress-pluginmodulen for \u00e5 beskytte nettstedet mot skadelige angrep.<\/td>\n<\/tr>\n<tr>\n<td>wordpress_test_cookie<\/td>\n<td>WordPress angir denne informasjonskapselen n\u00e5r du navigerer til p\u00e5loggingssiden. Informasjonskapselen brukes til \u00e5 sjekke om nettleseren er stilt inn til \u00e5 tillate eller avvise informasjonskapsler.<\/td>\n<\/tr>\n<\/tbody>\n<\/table>\n<p>&nbsp;<\/p>\n","protected":false},"excerpt":{"rendered":"<p>Bruk av informasjonskapsler av Direct Healthcare Group Informasjonskapsler er sm\u00e5 tekstfiler som plasseres p\u00e5 datamaskinen din av nettsteder du bes\u00f8ker. Disse er mye brukt til \u00e5 gi nettstedene muligheten til \u00e5 arbeide mer effektivt og gi brukeren en bedre opplevelse av nettstedet. Tabellen nedenfor forklarer informasjonskapslene vi bruker, og hvorfor. Navn p\u00e5 informasjonskapsler Form\u00e5l PHPSESSID &hellip; <a href=\"https:\/\/www.directhealthcaregroup.com\/no\/informasjonskapsler\/\">Continued<\/a><\/p>\n","protected":false},"author":2,"featured_media":0,"parent":0,"menu_order":0,"comment_status":"closed","ping_status":"closed","template":"","meta":{"_acf_changed":false,"footnotes":""},"class_list":["post-124595","page","type-page","status-publish","hentry"],"acf":[],"yoast_head":"<!-- This site is optimized with the Yoast SEO plugin v27.4 - https:\/\/yoast.com\/product\/yoast-seo-wordpress\/ -->\n<title>Informasjonskapsler | DHG<\/title>\n<meta name=\"robots\" content=\"index, follow, max-snippet:-1, max-image-preview:large, max-video-preview:-1\" \/>\n<link rel=\"canonical\" href=\"https:\/\/www.directhealthcaregroup.com\/no\/informasjonskapsler\/\" \/>\n<meta property=\"og:locale\" content=\"nb_NO\" \/>\n<meta property=\"og:type\" content=\"article\" \/>\n<meta property=\"og:title\" content=\"Informasjonskapsler | DHG\" \/>\n<meta property=\"og:description\" content=\"Bruk av informasjonskapsler av Direct Healthcare Group Informasjonskapsler er sm\u00e5 tekstfiler som plasseres p\u00e5 datamaskinen din av nettsteder du bes\u00f8ker. Disse er mye brukt til \u00e5 gi nettstedene muligheten til \u00e5 arbeide mer effektivt og gi brukeren en bedre opplevelse av nettstedet. Tabellen nedenfor forklarer informasjonskapslene vi bruker, og hvorfor. Navn p\u00e5 informasjonskapsler Form\u00e5l PHPSESSID &hellip; Continued\" \/>\n<meta property=\"og:url\" content=\"https:\/\/www.directhealthcaregroup.com\/no\/informasjonskapsler\/\" \/>\n<meta property=\"og:site_name\" content=\"DHG\" \/>\n<meta name=\"twitter:card\" content=\"summary_large_image\" \/>\n<meta name=\"twitter:label1\" content=\"Est. reading time\" \/>\n\t<meta name=\"twitter:data1\" content=\"1 minute\" \/>\n<script type=\"application\/ld+json\" class=\"yoast-schema-graph\">{\"@context\":\"https:\\\/\\\/schema.org\",\"@graph\":[{\"@type\":\"WebPage\",\"@id\":\"https:\\\/\\\/www.directhealthcaregroup.com\\\/no\\\/informasjonskapsler\\\/\",\"url\":\"https:\\\/\\\/www.directhealthcaregroup.com\\\/no\\\/informasjonskapsler\\\/\",\"name\":\"Informasjonskapsler | DHG\",\"isPartOf\":{\"@id\":\"https:\\\/\\\/www.directhealthcaregroup.com\\\/#website\"},\"datePublished\":\"2021-01-11T22:06:00+00:00\",\"breadcrumb\":{\"@id\":\"https:\\\/\\\/www.directhealthcaregroup.com\\\/no\\\/informasjonskapsler\\\/#breadcrumb\"},\"inLanguage\":\"nb-NO\",\"potentialAction\":[{\"@type\":\"ReadAction\",\"target\":[\"https:\\\/\\\/www.directhealthcaregroup.com\\\/no\\\/informasjonskapsler\\\/\"]}]},{\"@type\":\"BreadcrumbList\",\"@id\":\"https:\\\/\\\/www.directhealthcaregroup.com\\\/no\\\/informasjonskapsler\\\/#breadcrumb\",\"itemListElement\":[{\"@type\":\"ListItem\",\"position\":1,\"name\":\"Home\",\"item\":\"https:\\\/\\\/www.directhealthcaregroup.com\\\/no\\\/\"},{\"@type\":\"ListItem\",\"position\":2,\"name\":\"Informasjonskapsler\"}]},{\"@type\":\"WebSite\",\"@id\":\"https:\\\/\\\/www.directhealthcaregroup.com\\\/#website\",\"url\":\"https:\\\/\\\/www.directhealthcaregroup.com\\\/\",\"name\":\"DHG\",\"description\":\"Moving Health Forward\",\"publisher\":{\"@id\":\"https:\\\/\\\/www.directhealthcaregroup.com\\\/#organization\"},\"potentialAction\":[{\"@type\":\"SearchAction\",\"target\":{\"@type\":\"EntryPoint\",\"urlTemplate\":\"https:\\\/\\\/www.directhealthcaregroup.com\\\/?s={search_term_string}\"},\"query-input\":{\"@type\":\"PropertyValueSpecification\",\"valueRequired\":true,\"valueName\":\"search_term_string\"}}],\"inLanguage\":\"nb-NO\"},{\"@type\":\"Organization\",\"@id\":\"https:\\\/\\\/www.directhealthcaregroup.com\\\/#organization\",\"name\":\"Direct Healthcare Group\",\"url\":\"https:\\\/\\\/www.directhealthcaregroup.com\\\/\",\"logo\":{\"@type\":\"ImageObject\",\"inLanguage\":\"nb-NO\",\"@id\":\"https:\\\/\\\/www.directhealthcaregroup.com\\\/#\\\/schema\\\/logo\\\/image\\\/\",\"url\":\"https:\\\/\\\/directhealthcaregroup.com\\\/app\\\/uploads\\\/dhg-logo.png\",\"contentUrl\":\"https:\\\/\\\/directhealthcaregroup.com\\\/app\\\/uploads\\\/dhg-logo.png\",\"width\":556,\"height\":240,\"caption\":\"Direct Healthcare Group\"},\"image\":{\"@id\":\"https:\\\/\\\/www.directhealthcaregroup.com\\\/#\\\/schema\\\/logo\\\/image\\\/\"}}]}<\/script>\n<!-- \/ Yoast SEO plugin. -->","yoast_head_json":{"title":"Informasjonskapsler | DHG","robots":{"index":"index","follow":"follow","max-snippet":"max-snippet:-1","max-image-preview":"max-image-preview:large","max-video-preview":"max-video-preview:-1"},"canonical":"https:\/\/www.directhealthcaregroup.com\/no\/informasjonskapsler\/","og_locale":"nb_NO","og_type":"article","og_title":"Informasjonskapsler | DHG","og_description":"Bruk av informasjonskapsler av Direct Healthcare Group Informasjonskapsler er sm\u00e5 tekstfiler som plasseres p\u00e5 datamaskinen din av nettsteder du bes\u00f8ker. Disse er mye brukt til \u00e5 gi nettstedene muligheten til \u00e5 arbeide mer effektivt og gi brukeren en bedre opplevelse av nettstedet. Tabellen nedenfor forklarer informasjonskapslene vi bruker, og hvorfor. Navn p\u00e5 informasjonskapsler Form\u00e5l PHPSESSID &hellip; Continued","og_url":"https:\/\/www.directhealthcaregroup.com\/no\/informasjonskapsler\/","og_site_name":"DHG","twitter_card":"summary_large_image","twitter_misc":{"Est. reading time":"1 minute"},"schema":{"@context":"https:\/\/schema.org","@graph":[{"@type":"WebPage","@id":"https:\/\/www.directhealthcaregroup.com\/no\/informasjonskapsler\/","url":"https:\/\/www.directhealthcaregroup.com\/no\/informasjonskapsler\/","name":"Informasjonskapsler | DHG","isPartOf":{"@id":"https:\/\/www.directhealthcaregroup.com\/#website"},"datePublished":"2021-01-11T22:06:00+00:00","breadcrumb":{"@id":"https:\/\/www.directhealthcaregroup.com\/no\/informasjonskapsler\/#breadcrumb"},"inLanguage":"nb-NO","potentialAction":[{"@type":"ReadAction","target":["https:\/\/www.directhealthcaregroup.com\/no\/informasjonskapsler\/"]}]},{"@type":"BreadcrumbList","@id":"https:\/\/www.directhealthcaregroup.com\/no\/informasjonskapsler\/#breadcrumb","itemListElement":[{"@type":"ListItem","position":1,"name":"Home","item":"https:\/\/www.directhealthcaregroup.com\/no\/"},{"@type":"ListItem","position":2,"name":"Informasjonskapsler"}]},{"@type":"WebSite","@id":"https:\/\/www.directhealthcaregroup.com\/#website","url":"https:\/\/www.directhealthcaregroup.com\/","name":"DHG","description":"Moving Health Forward","publisher":{"@id":"https:\/\/www.directhealthcaregroup.com\/#organization"},"potentialAction":[{"@type":"SearchAction","target":{"@type":"EntryPoint","urlTemplate":"https:\/\/www.directhealthcaregroup.com\/?s={search_term_string}"},"query-input":{"@type":"PropertyValueSpecification","valueRequired":true,"valueName":"search_term_string"}}],"inLanguage":"nb-NO"},{"@type":"Organization","@id":"https:\/\/www.directhealthcaregroup.com\/#organization","name":"Direct Healthcare Group","url":"https:\/\/www.directhealthcaregroup.com\/","logo":{"@type":"ImageObject","inLanguage":"nb-NO","@id":"https:\/\/www.directhealthcaregroup.com\/#\/schema\/logo\/image\/","url":"https:\/\/directhealthcaregroup.com\/app\/uploads\/dhg-logo.png","contentUrl":"https:\/\/directhealthcaregroup.com\/app\/uploads\/dhg-logo.png","width":556,"height":240,"caption":"Direct Healthcare Group"},"image":{"@id":"https:\/\/www.directhealthcaregroup.com\/#\/schema\/logo\/image\/"}}]}},"_links":{"self":[{"href":"https:\/\/www.directhealthcaregroup.com\/no\/wp-json\/wp\/v2\/pages\/124595","targetHints":{"allow":["GET"]}}],"collection":[{"href":"https:\/\/www.directhealthcaregroup.com\/no\/wp-json\/wp\/v2\/pages"}],"about":[{"href":"https:\/\/www.directhealthcaregroup.com\/no\/wp-json\/wp\/v2\/types\/page"}],"author":[{"embeddable":true,"href":"https:\/\/www.directhealthcaregroup.com\/no\/wp-json\/wp\/v2\/users\/2"}],"replies":[{"embeddable":true,"href":"https:\/\/www.directhealthcaregroup.com\/no\/wp-json\/wp\/v2\/comments?post=124595"}],"version-history":[{"count":0,"href":"https:\/\/www.directhealthcaregroup.com\/no\/wp-json\/wp\/v2\/pages\/124595\/revisions"}],"wp:attachment":[{"href":"https:\/\/www.directhealthcaregroup.com\/no\/wp-json\/wp\/v2\/media?parent=124595"}],"curies":[{"name":"wp","href":"https:\/\/api.w.org\/{rel}","templated":true}]}}