{"id":124596,"date":"2021-01-11T22:06:00","date_gmt":"2021-01-11T22:06:00","guid":{"rendered":"https:\/\/www.directhealthcaregroup.com\/tilbehor\/"},"modified":"2021-01-11T22:06:00","modified_gmt":"2021-01-11T22:06:00","slug":"tilbehor","status":"publish","type":"page","link":"https:\/\/www.directhealthcaregroup.com\/no\/tilbehor\/","title":{"rendered":"Tilbeh\u00f8r"},"content":{"rendered":"<p>Et bredt utvalg av tilbeh\u00f8r er tilgjengelig for \u00e5 utfylle utvalget av spesialstoler og for \u00e5 gi ekstra st\u00f8tte.<\/p>\n<h3>Puter, hodest\u00f8tter og sitteputer<\/h3>\n<h4>Vektet hodepute<\/h4>\n<p><img loading=\"lazy\" decoding=\"async\" class=\"alignnone wp-image-106113\" src=\"https:\/\/www.directhealthcaregroup.com\/app\/uploads\/Weighted-Head-Pillow.jpg\" alt=\"Vektet hodepute\" width=\"130\" height=\"130\" srcset=\"https:\/\/www.directhealthcaregroup.com\/app\/uploads\/Weighted-Head-Pillow.jpg 200w, https:\/\/www.directhealthcaregroup.com\/app\/uploads\/Weighted-Head-Pillow-150x150.jpg 150w\" sizes=\"auto, (max-width: 130px) 100vw, 130px\" \/><\/p>\n<p>Den vektede hodeputen kan brukes med mange av v\u00e5re utvalg for spesialstoler. Vekten holder puten p\u00e5 plass, slik at den kan justeres til en passende h\u00f8yde for brukeren.<\/p>\n<p>&nbsp;<\/p>\n<h4>Vektet nakkepute<\/h4>\n<p><img loading=\"lazy\" decoding=\"async\" class=\"alignnone wp-image-106118\" src=\"https:\/\/www.directhealthcaregroup.com\/app\/uploads\/Weighted-Neck-Cushion.jpg\" alt=\"Vektet nakkepute\" width=\"130\" height=\"130\" srcset=\"https:\/\/www.directhealthcaregroup.com\/app\/uploads\/Weighted-Neck-Cushion.jpg 200w, https:\/\/www.directhealthcaregroup.com\/app\/uploads\/Weighted-Neck-Cushion-150x150.jpg 150w\" sizes=\"auto, (max-width: 130px) 100vw, 130px\" \/><\/p>\n<p>Den vektede nakkeputen kan brukes med mange av v\u00e5re utvalg for spesialstoler. Vekten holder puten p\u00e5 plass, slik at den kan justeres til en passende h\u00f8yde for brukeren.<\/p>\n<p>&nbsp;<\/p>\n<h4>Vektet nakkest\u00f8tte<\/h4>\n<p><img loading=\"lazy\" decoding=\"async\" class=\"alignnone wp-image-106123\" src=\"https:\/\/www.directhealthcaregroup.com\/app\/uploads\/Weighted-Neck-Support.jpg\" alt=\"\" width=\"130\" height=\"130\" srcset=\"https:\/\/www.directhealthcaregroup.com\/app\/uploads\/Weighted-Neck-Support.jpg 200w, https:\/\/www.directhealthcaregroup.com\/app\/uploads\/Weighted-Neck-Support-150x150.jpg 150w\" sizes=\"auto, (max-width: 130px) 100vw, 130px\" \/><\/p>\n<p>Den vektede nakkest\u00f8tten kan brukes med mange av v\u00e5re utvalg for spesialstoler. Vekten holder puten p\u00e5 plass, slik at den kan justeres til en passende h\u00f8yde for brukeren.<\/p>\n<p>&nbsp;<\/p>\n<h4>Vektet universell hodest\u00f8tte<\/h4>\n<p><img loading=\"lazy\" decoding=\"async\" class=\"alignnone wp-image-106128\" src=\"https:\/\/www.directhealthcaregroup.com\/app\/uploads\/Weighted-Universal-Headrest.jpg\" alt=\"\" width=\"130\" height=\"130\" srcset=\"https:\/\/www.directhealthcaregroup.com\/app\/uploads\/Weighted-Universal-Headrest.jpg 200w, https:\/\/www.directhealthcaregroup.com\/app\/uploads\/Weighted-Universal-Headrest-150x150.jpg 150w\" sizes=\"auto, (max-width: 130px) 100vw, 130px\" \/><\/p>\n<p>Den vektede universelle hodest\u00f8tten er utformet for \u00e5 brukes med de fleste av v\u00e5re utvalg for spesialstoler. Det buede designet betyr komfortable st\u00f8tte til hodet. Vekten holder puten p\u00e5 plass, slik at den kan justeres til en passende h\u00f8yde for brukeren.<\/p>\n<p>&nbsp;<\/p>\n<p>&nbsp;<\/p>\n<h3>Seler for posisjonering og hoftebelter<\/h3>\n<h4>Sele for bekkenposisjonering<\/h4>\n<p><img loading=\"lazy\" decoding=\"async\" class=\"alignnone wp-image-106133\" src=\"https:\/\/www.directhealthcaregroup.com\/app\/uploads\/Pelvic-Positioner.jpg\" alt=\"\" width=\"130\" height=\"79\"\/><\/p>\n<p>Selen for bekkenposisjonering er utformet for personer som sitter i lange perioder, eller for personer som har problemer knyttet til kroppsholdningen. Selen for bekkenposisjonering kan brukes med en rekke spesialproduserte og tradisjonelle sittesystemer for \u00e5 gi en f\u00f8lelse av sikkerhet og beskytte mot utilsiktet skade.<\/p>\n<p>Selen for bekkenposisjonering er egnet for f\u00f8lgende brukere:<\/p>\n<ul>\n<li>Brukere som krever holdningsst\u00f8tte<\/li>\n<li>Brukere som har en tendens til \u00e5 lene seg eller skli fremover n\u00e5r de sitter<\/li>\n<\/ul>\n<p>Selen for bekkenposisjonering er ikke egnet for f\u00f8lgende brukere:<\/p>\n<ul>\n<li>Brukere med utfall, spasmer og sterke bevegelser (med mindre spesifisert etter klinisk vurdering)<\/li>\n<\/ul>\n<p>Selen for bekkenposisjonering er montert p\u00e5 stolen med et D-ringfeste. D-ringer kan retrospektivt monteres p\u00e5 noen stoler. Ta kontakt med v\u00e5r kundeserviceavdeling p\u00e5 0800 043 0881 for \u00e5 bekrefte om stolen din er egnet for dette produktet.<\/p>\n<p>&nbsp;<\/p>\n<h4>Fleeceforet sele for bekkenposisjonering<\/h4>\n<p><img loading=\"lazy\" decoding=\"async\" class=\"alignnone wp-image-106138\" src=\"https:\/\/www.directhealthcaregroup.com\/app\/uploads\/Fleece-Lined-Pelvic-Positioner.jpg\" alt=\"\" width=\"130\" height=\"79\"\/><\/p>\n<p>Den fleeceforede selen for bekkenposisjonering er utformet for de som sitter i lange perioder, eller for de som har problemer knyttet til kroppsholdningen. Den fleeceforede selen for bekkenposisjonering kan brukes med en rekke spesialproduserte og tradisjonelle sittesystemer for \u00e5 gi en f\u00f8lelse av sikkerhet og beskytte mot utilsiktet skade.<\/p>\n<p>Den fleeceforede selen for bekkenposisjonering er egnet for f\u00f8lgende brukere:<\/p>\n<ul>\n<li>Brukere som krever holdningsst\u00f8tte<\/li>\n<li>Brukere som har en tendens til \u00e5 lene seg eller skli fremover n\u00e5r de sitter<\/li>\n<\/ul>\n<p>Den fleeceforede selen for bekkenposisjonering er ikke egnet for f\u00f8lgende brukere:<\/p>\n<ul>\n<li>Brukere med utfall, spasmer og sterke bevegelser (med mindre spesifisert etter klinisk vurdering)<\/li>\n<\/ul>\n<p>Den fleeceforede selen for bekkenposisjonering er montert p\u00e5 stolen med et D-ringfeste. D-ringer kan retrospektivt monteres p\u00e5 noen stoler. Ta kontakt med v\u00e5r kundeserviceavdeling p\u00e5 0800 043 0881 for \u00e5 bekrefte om stolen din er egnet for dette produktet.<\/p>\n<p>&nbsp;<\/p>\n<h4>Hoftebelte<\/h4>\n<p><img loading=\"lazy\" decoding=\"async\" class=\"alignnone wp-image-106143\" src=\"https:\/\/www.directhealthcaregroup.com\/app\/uploads\/\/Lap-Belt-300x195.jpg\" alt=\"\" width=\"130\" height=\"85\" srcset=\"https:\/\/www.directhealthcaregroup.com\/app\/uploads\/Lap-Belt-300x195.jpg 300w, https:\/\/www.directhealthcaregroup.com\/app\/uploads\/Lap-Belt.jpg 307w\" sizes=\"auto, (max-width: 130px) 100vw, 130px\" \/><\/p>\n<p>Hoftebeltet fungerer sammen med seter for \u00e5 opprettholde holdningen til personer som trenger ekstra bekkenst\u00f8tte. Beltet bidrar til \u00e5 opprettholde bekkenposisjonen for \u00e5 hindre upassende rotasjon, forskyvning eller bevegelse.<\/p>\n<p>Hoftebeltet bidrar til \u00e5 stabilisere bekkenet og holde brukeren bakerst i stolen for \u00e5 oppn\u00e5 en god sittestilling og redusere risikoen for vevsskade p\u00e5 grunn av friksjon, noe som kan skje hvis brukeren har ustabil holdning.<\/p>\n<p>Hoftebeltet er enkelt \u00e5 tilpasse og justere, og det gir trygghet til omsorgspersonen og reduserer risikoen for at brukeren utsettes for personskade.<\/p>\n<p>Hoftebeltet er egnet for f\u00f8lgende bruksomr\u00e5der:<\/p>\n<ul>\n<li>Beskyttelse mot personskade<\/li>\n<li>Gir en f\u00f8lelse av trygghet<\/li>\n<li>For personer som har en tendens til \u00e5 lene seg n\u00e5r de sitter<\/li>\n<li>For bruk med de fleste av Kirtons spesialstoler<\/li>\n<\/ul>\n<p>Hoftebeltet er ikke egnet for f\u00f8lgende brukere:<\/p>\n<ul>\n<li>Brukere med utfall, spasmer og sterke bevegelser (med mindre spesifisert etter klinisk vurdering)<\/li>\n<li>Brukere som sannsynligvis vil skli ned i stolen<\/li>\n<\/ul>\n<p>Hoftebeltet er montert p\u00e5 stolen med et D-ringfeste. D-ringene kan monteres p\u00e5 noen av stolene i etterkant. Ta kontakt med kundeserviceavdelingen p\u00e5 0800 043 0881 for \u00e5 finne ut om stolen din er egnet for dette produktet.<\/p>\n<p>&nbsp;<\/p>\n<p>&nbsp;<\/p>\n<h3>Brett<\/h3>\n<h4>Mobilt universalbrett<\/h4>\n<p>&nbsp;<\/p>\n<p><img loading=\"lazy\" decoding=\"async\" class=\"alignnone wp-image-106148\" src=\"https:\/\/www.directhealthcaregroup.com\/app\/uploads\/Universal-Mobile-Tray-1.jpg\" alt=\"\" width=\"130\" height=\"130\" srcset=\"https:\/\/www.directhealthcaregroup.com\/app\/uploads\/Universal-Mobile-Tray-1.jpg 200w, https:\/\/www.directhealthcaregroup.com\/app\/uploads\/Universal-Mobile-Tray-1-150x150.jpg 150w\" sizes=\"auto, (max-width: 130px) 100vw, 130px\" \/><\/p>\n<p>Det mobile universalbrettet er et frittst\u00e5ende design som g\u00e5r p\u00e5 tvers av stolen. Hvis personen \u00f8nsker \u00e5 reise seg fra stolen, kan brettet ganske enkelt skyves fremover og bort.<\/p>\n<p>Det er sv\u00e6rt mobilt, p\u00e5 40\u00a0mm doble hjul med h\u00f8ydejustering mellom 630\u00a0mm og 900\u00a0mm. Det er egnet for de fleste spesialstolene, s\u00e5 lenge den totale bredden p\u00e5 stolen ikke er over 725\u00a0mm.<\/p>\n<p>Det mobile universalbrettet muliggj\u00f8r en forlenget benst\u00f8tte under bordplaten, der det er aktuelt.<\/p>\n<h4>Laminert brett<\/h4>\n<p>&nbsp;<\/p>\n<p><img loading=\"lazy\" decoding=\"async\" class=\"alignnone wp-image-106153\" src=\"https:\/\/www.directhealthcaregroup.com\/app\/uploads\/\/Laminated-Tray-205x300.jpg\" alt=\"\" width=\"130\" height=\"190\" srcset=\"https:\/\/www.directhealthcaregroup.com\/app\/uploads\/Laminated-Tray-205x300.jpg 205w, https:\/\/www.directhealthcaregroup.com\/app\/uploads\/Laminated-Tray-320x468.jpg 320w, https:\/\/www.directhealthcaregroup.com\/app\/uploads\/Laminated-Tray-153x223.jpg 153w, https:\/\/www.directhealthcaregroup.com\/app\/uploads\/Laminated-Tray.jpg 537w\" sizes=\"auto, (max-width: 130px) 100vw, 130px\" \/><\/p>\n<p>Det laminerte brettet er utformet for bruk sammen med stolene Regent og Stirling, men det kan brukes med andre stoler i spesialstolutvalget og har borrel\u00e5sstropper for \u00e5 feste brettet i posisjon. Det kan enkelt festes i posisjon p\u00e5 stolen med stroppene mens brukeren sitter. Brettet veier 2\u00a0kg.<\/p>\n<p>&nbsp;<\/p>\n<h3>Tilbeh\u00f8r for lenestol med oppreisingsfunksjon<\/h3>\n<h4>Tildekket mekanisme<\/h4>\n<p><img loading=\"lazy\" decoding=\"async\" class=\"alignnone wp-image-106158\" src=\"https:\/\/www.directhealthcaregroup.com\/app\/uploads\/Shrouded-Mechanism.jpg\" alt=\"\" width=\"130\" height=\"130\" srcset=\"https:\/\/www.directhealthcaregroup.com\/app\/uploads\/Shrouded-Mechanism.jpg 200w, https:\/\/www.directhealthcaregroup.com\/app\/uploads\/Shrouded-Mechanism-150x150.jpg 150w\" sizes=\"auto, (max-width: 130px) 100vw, 130px\" \/><\/p>\n<p>Tildekkede mekanismer kan v\u00e6re tildekket av stoffpolstret f\u00f4ring p\u00e5 steder der barn eller kj\u00e6ledyr kan komme til under stolen.<\/p>\n<h4>Treh\u00e5ndtak<\/h4>\n<p><img loading=\"lazy\" decoding=\"async\" class=\"alignnone wp-image-106163\" src=\"https:\/\/www.directhealthcaregroup.com\/app\/uploads\/Wooden-Handgrips.jpg\" alt=\"\" width=\"130\" height=\"130\" srcset=\"https:\/\/www.directhealthcaregroup.com\/app\/uploads\/Wooden-Handgrips.jpg 200w, https:\/\/www.directhealthcaregroup.com\/app\/uploads\/Wooden-Handgrips-150x150.jpg 150w\" sizes=\"auto, (max-width: 130px) 100vw, 130px\" \/><\/p>\n<p>H\u00e5ndtakene gir ekstra trygghet n\u00e5r du reiser eller setter deg ettersom de er lettere \u00e5 holde enn de fullt polstrede armene.<\/p>\n<h4>Avtakbar benst\u00f8ttepute<\/h4>\n<p><img loading=\"lazy\" decoding=\"async\" class=\"alignnone wp-image-106168\" src=\"https:\/\/www.directhealthcaregroup.com\/app\/uploads\/Detachable-Legrest-Pillow.jpg\" alt=\"\" width=\"130\" height=\"130\" srcset=\"https:\/\/www.directhealthcaregroup.com\/app\/uploads\/Detachable-Legrest-Pillow.jpg 200w, https:\/\/www.directhealthcaregroup.com\/app\/uploads\/Detachable-Legrest-Pillow-150x150.jpg 150w\" sizes=\"auto, (max-width: 130px) 100vw, 130px\" \/><\/p>\n<p>En avtakbar hulfiberpute som er fastspent rundt m\u00f8beltrekket p\u00e5 den nedre delen av benst\u00f8tten for \u00e5 gi ekstra mykhet og h\u00f8yde til den opph\u00f8yde benst\u00f8tten.<\/p>\n<h4>Sklisikring<\/h4>\n<p><img loading=\"lazy\" decoding=\"async\" class=\"alignnone wp-image-106173\" src=\"https:\/\/www.directhealthcaregroup.com\/app\/uploads\/Non-Slip-Glides.jpg\" alt=\"\" width=\"130\" height=\"130\" srcset=\"https:\/\/www.directhealthcaregroup.com\/app\/uploads\/Non-Slip-Glides.jpg 200w, https:\/\/www.directhealthcaregroup.com\/app\/uploads\/Non-Slip-Glides-150x150.jpg 150w\" sizes=\"auto, (max-width: 130px) 100vw, 130px\" \/><\/p>\n<p>Disse kan monteres for \u00e5 forhindre at stolen flytter p\u00e5 seg p\u00e5 tre-, laminat- eller vinylgulv.<\/p>\n","protected":false},"excerpt":{"rendered":"<p>Et bredt utvalg av tilbeh\u00f8r er tilgjengelig for \u00e5 utfylle utvalget av spesialstoler og for \u00e5 gi ekstra st\u00f8tte. Puter, hodest\u00f8tter og sitteputer Vektet hodepute Den vektede hodeputen kan brukes med mange av v\u00e5re utvalg for spesialstoler. Vekten holder puten p\u00e5 plass, slik at den kan justeres til en passende h\u00f8yde for brukeren. &nbsp; Vektet &hellip; <a href=\"https:\/\/www.directhealthcaregroup.com\/no\/tilbehor\/\">Continued<\/a><\/p>\n","protected":false},"author":2,"featured_media":0,"parent":0,"menu_order":0,"comment_status":"closed","ping_status":"closed","template":"","meta":{"_acf_changed":false,"footnotes":""},"class_list":["post-124596","page","type-page","status-publish","hentry"],"acf":[],"yoast_head":"<!-- This site is optimized with the Yoast SEO plugin v27.4 - https:\/\/yoast.com\/product\/yoast-seo-wordpress\/ -->\n<title>Tilbeh\u00f8r | DHG<\/title>\n<meta name=\"robots\" content=\"index, follow, max-snippet:-1, max-image-preview:large, max-video-preview:-1\" \/>\n<link rel=\"canonical\" href=\"https:\/\/www.directhealthcaregroup.com\/no\/tilbehor\/\" \/>\n<meta property=\"og:locale\" content=\"nb_NO\" \/>\n<meta property=\"og:type\" content=\"article\" \/>\n<meta property=\"og:title\" content=\"Tilbeh\u00f8r | DHG\" \/>\n<meta property=\"og:description\" content=\"Et bredt utvalg av tilbeh\u00f8r er tilgjengelig for \u00e5 utfylle utvalget av spesialstoler og for \u00e5 gi ekstra st\u00f8tte. Puter, hodest\u00f8tter og sitteputer Vektet hodepute Den vektede hodeputen kan brukes med mange av v\u00e5re utvalg for spesialstoler. Vekten holder puten p\u00e5 plass, slik at den kan justeres til en passende h\u00f8yde for brukeren. &nbsp; Vektet &hellip; Continued\" \/>\n<meta property=\"og:url\" content=\"https:\/\/www.directhealthcaregroup.com\/no\/tilbehor\/\" \/>\n<meta property=\"og:site_name\" content=\"DHG\" \/>\n<meta property=\"og:image\" content=\"https:\/\/www.directhealthcaregroup.com\/app\/uploads\/Weighted-Head-Pillow.jpg\" \/>\n<meta name=\"twitter:card\" content=\"summary_large_image\" \/>\n<meta name=\"twitter:label1\" content=\"Est. reading time\" \/>\n\t<meta name=\"twitter:data1\" content=\"4 minutes\" \/>\n<script type=\"application\/ld+json\" class=\"yoast-schema-graph\">{\"@context\":\"https:\\\/\\\/schema.org\",\"@graph\":[{\"@type\":\"WebPage\",\"@id\":\"https:\\\/\\\/www.directhealthcaregroup.com\\\/no\\\/tilbehor\\\/\",\"url\":\"https:\\\/\\\/www.directhealthcaregroup.com\\\/no\\\/tilbehor\\\/\",\"name\":\"Tilbeh\u00f8r | DHG\",\"isPartOf\":{\"@id\":\"https:\\\/\\\/www.directhealthcaregroup.com\\\/#website\"},\"primaryImageOfPage\":{\"@id\":\"https:\\\/\\\/www.directhealthcaregroup.com\\\/no\\\/tilbehor\\\/#primaryimage\"},\"image\":{\"@id\":\"https:\\\/\\\/www.directhealthcaregroup.com\\\/no\\\/tilbehor\\\/#primaryimage\"},\"thumbnailUrl\":\"https:\\\/\\\/www.directhealthcaregroup.com\\\/app\\\/uploads\\\/Weighted-Head-Pillow.jpg\",\"datePublished\":\"2021-01-11T22:06:00+00:00\",\"breadcrumb\":{\"@id\":\"https:\\\/\\\/www.directhealthcaregroup.com\\\/no\\\/tilbehor\\\/#breadcrumb\"},\"inLanguage\":\"nb-NO\",\"potentialAction\":[{\"@type\":\"ReadAction\",\"target\":[\"https:\\\/\\\/www.directhealthcaregroup.com\\\/no\\\/tilbehor\\\/\"]}]},{\"@type\":\"ImageObject\",\"inLanguage\":\"nb-NO\",\"@id\":\"https:\\\/\\\/www.directhealthcaregroup.com\\\/no\\\/tilbehor\\\/#primaryimage\",\"url\":\"https:\\\/\\\/www.directhealthcaregroup.com\\\/app\\\/uploads\\\/Weighted-Head-Pillow.jpg\",\"contentUrl\":\"https:\\\/\\\/www.directhealthcaregroup.com\\\/app\\\/uploads\\\/Weighted-Head-Pillow.jpg\"},{\"@type\":\"BreadcrumbList\",\"@id\":\"https:\\\/\\\/www.directhealthcaregroup.com\\\/no\\\/tilbehor\\\/#breadcrumb\",\"itemListElement\":[{\"@type\":\"ListItem\",\"position\":1,\"name\":\"Home\",\"item\":\"https:\\\/\\\/www.directhealthcaregroup.com\\\/no\\\/\"},{\"@type\":\"ListItem\",\"position\":2,\"name\":\"Tilbeh\u00f8r\"}]},{\"@type\":\"WebSite\",\"@id\":\"https:\\\/\\\/www.directhealthcaregroup.com\\\/#website\",\"url\":\"https:\\\/\\\/www.directhealthcaregroup.com\\\/\",\"name\":\"DHG\",\"description\":\"Moving Health Forward\",\"publisher\":{\"@id\":\"https:\\\/\\\/www.directhealthcaregroup.com\\\/#organization\"},\"potentialAction\":[{\"@type\":\"SearchAction\",\"target\":{\"@type\":\"EntryPoint\",\"urlTemplate\":\"https:\\\/\\\/www.directhealthcaregroup.com\\\/?s={search_term_string}\"},\"query-input\":{\"@type\":\"PropertyValueSpecification\",\"valueRequired\":true,\"valueName\":\"search_term_string\"}}],\"inLanguage\":\"nb-NO\"},{\"@type\":\"Organization\",\"@id\":\"https:\\\/\\\/www.directhealthcaregroup.com\\\/#organization\",\"name\":\"Direct Healthcare Group\",\"url\":\"https:\\\/\\\/www.directhealthcaregroup.com\\\/\",\"logo\":{\"@type\":\"ImageObject\",\"inLanguage\":\"nb-NO\",\"@id\":\"https:\\\/\\\/www.directhealthcaregroup.com\\\/#\\\/schema\\\/logo\\\/image\\\/\",\"url\":\"https:\\\/\\\/directhealthcaregroup.com\\\/app\\\/uploads\\\/dhg-logo.png\",\"contentUrl\":\"https:\\\/\\\/directhealthcaregroup.com\\\/app\\\/uploads\\\/dhg-logo.png\",\"width\":556,\"height\":240,\"caption\":\"Direct Healthcare Group\"},\"image\":{\"@id\":\"https:\\\/\\\/www.directhealthcaregroup.com\\\/#\\\/schema\\\/logo\\\/image\\\/\"}}]}<\/script>\n<!-- \/ Yoast SEO plugin. -->","yoast_head_json":{"title":"Tilbeh\u00f8r | DHG","robots":{"index":"index","follow":"follow","max-snippet":"max-snippet:-1","max-image-preview":"max-image-preview:large","max-video-preview":"max-video-preview:-1"},"canonical":"https:\/\/www.directhealthcaregroup.com\/no\/tilbehor\/","og_locale":"nb_NO","og_type":"article","og_title":"Tilbeh\u00f8r | DHG","og_description":"Et bredt utvalg av tilbeh\u00f8r er tilgjengelig for \u00e5 utfylle utvalget av spesialstoler og for \u00e5 gi ekstra st\u00f8tte. Puter, hodest\u00f8tter og sitteputer Vektet hodepute Den vektede hodeputen kan brukes med mange av v\u00e5re utvalg for spesialstoler. Vekten holder puten p\u00e5 plass, slik at den kan justeres til en passende h\u00f8yde for brukeren. &nbsp; Vektet &hellip; Continued","og_url":"https:\/\/www.directhealthcaregroup.com\/no\/tilbehor\/","og_site_name":"DHG","og_image":[{"url":"https:\/\/www.directhealthcaregroup.com\/app\/uploads\/Weighted-Head-Pillow.jpg","type":"","width":"","height":""}],"twitter_card":"summary_large_image","twitter_misc":{"Est. reading time":"4 minutes"},"schema":{"@context":"https:\/\/schema.org","@graph":[{"@type":"WebPage","@id":"https:\/\/www.directhealthcaregroup.com\/no\/tilbehor\/","url":"https:\/\/www.directhealthcaregroup.com\/no\/tilbehor\/","name":"Tilbeh\u00f8r | DHG","isPartOf":{"@id":"https:\/\/www.directhealthcaregroup.com\/#website"},"primaryImageOfPage":{"@id":"https:\/\/www.directhealthcaregroup.com\/no\/tilbehor\/#primaryimage"},"image":{"@id":"https:\/\/www.directhealthcaregroup.com\/no\/tilbehor\/#primaryimage"},"thumbnailUrl":"https:\/\/www.directhealthcaregroup.com\/app\/uploads\/Weighted-Head-Pillow.jpg","datePublished":"2021-01-11T22:06:00+00:00","breadcrumb":{"@id":"https:\/\/www.directhealthcaregroup.com\/no\/tilbehor\/#breadcrumb"},"inLanguage":"nb-NO","potentialAction":[{"@type":"ReadAction","target":["https:\/\/www.directhealthcaregroup.com\/no\/tilbehor\/"]}]},{"@type":"ImageObject","inLanguage":"nb-NO","@id":"https:\/\/www.directhealthcaregroup.com\/no\/tilbehor\/#primaryimage","url":"https:\/\/www.directhealthcaregroup.com\/app\/uploads\/Weighted-Head-Pillow.jpg","contentUrl":"https:\/\/www.directhealthcaregroup.com\/app\/uploads\/Weighted-Head-Pillow.jpg"},{"@type":"BreadcrumbList","@id":"https:\/\/www.directhealthcaregroup.com\/no\/tilbehor\/#breadcrumb","itemListElement":[{"@type":"ListItem","position":1,"name":"Home","item":"https:\/\/www.directhealthcaregroup.com\/no\/"},{"@type":"ListItem","position":2,"name":"Tilbeh\u00f8r"}]},{"@type":"WebSite","@id":"https:\/\/www.directhealthcaregroup.com\/#website","url":"https:\/\/www.directhealthcaregroup.com\/","name":"DHG","description":"Moving Health Forward","publisher":{"@id":"https:\/\/www.directhealthcaregroup.com\/#organization"},"potentialAction":[{"@type":"SearchAction","target":{"@type":"EntryPoint","urlTemplate":"https:\/\/www.directhealthcaregroup.com\/?s={search_term_string}"},"query-input":{"@type":"PropertyValueSpecification","valueRequired":true,"valueName":"search_term_string"}}],"inLanguage":"nb-NO"},{"@type":"Organization","@id":"https:\/\/www.directhealthcaregroup.com\/#organization","name":"Direct Healthcare Group","url":"https:\/\/www.directhealthcaregroup.com\/","logo":{"@type":"ImageObject","inLanguage":"nb-NO","@id":"https:\/\/www.directhealthcaregroup.com\/#\/schema\/logo\/image\/","url":"https:\/\/directhealthcaregroup.com\/app\/uploads\/dhg-logo.png","contentUrl":"https:\/\/directhealthcaregroup.com\/app\/uploads\/dhg-logo.png","width":556,"height":240,"caption":"Direct Healthcare Group"},"image":{"@id":"https:\/\/www.directhealthcaregroup.com\/#\/schema\/logo\/image\/"}}]}},"_links":{"self":[{"href":"https:\/\/www.directhealthcaregroup.com\/no\/wp-json\/wp\/v2\/pages\/124596","targetHints":{"allow":["GET"]}}],"collection":[{"href":"https:\/\/www.directhealthcaregroup.com\/no\/wp-json\/wp\/v2\/pages"}],"about":[{"href":"https:\/\/www.directhealthcaregroup.com\/no\/wp-json\/wp\/v2\/types\/page"}],"author":[{"embeddable":true,"href":"https:\/\/www.directhealthcaregroup.com\/no\/wp-json\/wp\/v2\/users\/2"}],"replies":[{"embeddable":true,"href":"https:\/\/www.directhealthcaregroup.com\/no\/wp-json\/wp\/v2\/comments?post=124596"}],"version-history":[{"count":0,"href":"https:\/\/www.directhealthcaregroup.com\/no\/wp-json\/wp\/v2\/pages\/124596\/revisions"}],"wp:attachment":[{"href":"https:\/\/www.directhealthcaregroup.com\/no\/wp-json\/wp\/v2\/media?parent=124596"}],"curies":[{"name":"wp","href":"https:\/\/api.w.org\/{rel}","templated":true}]}}