{"id":124597,"date":"2021-01-11T22:06:01","date_gmt":"2021-01-11T22:06:01","guid":{"rendered":"https:\/\/www.directhealthcaregroup.com\/miljo-sosiale-forhold-og-selskapstyring-esg\/"},"modified":"2024-11-19T13:51:58","modified_gmt":"2024-11-19T13:51:58","slug":"miljo-sosiale-forhold-og-selskapstyring-esg","status":"publish","type":"page","link":"https:\/\/www.directhealthcaregroup.com\/no\/miljo-sosiale-forhold-og-selskapstyring-esg\/","title":{"rendered":"Milj\u00f8, sosiale forhold og selskapstyring (ESG)"},"content":{"rendered":"\n<p>Nedenfor er en oversikt over Direct Healthcare Groups samsvar med kriteriene for milj\u00f8, sosiale forhold og selskapsstyring ved hjelp av Global Guidance Standard on Social Responsibility (ISO 26000). Retningslinjer og dokumenterte prosedyrer i forbindelse med ESG\/CSR opprettholdes i selskapets virksomhetsstyringssystem.<\/p>\n\n\n\n<h2 class=\"wp-block-heading\">Milj\u00f8<\/h2>\n\n\n\n<ul class=\"wp-block-list\"><li>Vi ivaretar et virksomhetsstyringssystem som er sertifisert til milj\u00f8standarden ISO 14001<\/li><li>Vi har en dokumentert prosedyre for forbruk av ressurser som inkluderer overv\u00e5king av vannmengder, elektrisitet, gass og drivstoff som brukes<\/li><li>Vi har en dokumentert prosedyre for avfallsh\u00e5ndtering, som ogs\u00e5 dekker forurensning (land og vann). <\/li><li>Vi har ogs\u00e5 en dokumentert prosedyre som sikrer at vi overholder gjeldende milj\u00f8lovgivning, inkludert vedlikehold av et juridisk register som gjennomg\u00e5s hvert halv\u00e5r.<\/li><\/ul>\n\n\n\n<h2 class=\"wp-block-heading\">Sosiale forhold<\/h2>\n\n\n\n<ul class=\"wp-block-list\"><li>Alle leverand\u00f8rer blir bedt om \u00e5 fylle ut et sp\u00f8rreskjema for leverand\u00f8revaluering som inkluderer CSR, helse-, milj\u00f8- og sikkerhetskrav.<\/li><li>Vi donerer til den veldedige organisasjonen Woundcare4Heroes.<\/li><li>Vi utf\u00f8rer systematisk arbeidsmilj\u00f8arbeid for \u00e5 ivareta helsen og livskvaliteten til alle ansatte, bes\u00f8kende og entrepren\u00f8rer.<\/li><li>Alle forretningskritiske avgj\u00f8relser tas i dialog med selskapets interessenter.<\/li><\/ul>\n\n\n\n<h2 class=\"wp-block-heading\">Selskapsstyring<\/h2>\n\n\n\n<ul class=\"wp-block-list\"><li>Alle selskapets regnskapsprosedyrer er i tr\u00e5d med IFRS.<\/li><li>Vi forplikter oss til \u00e5 gjennomf\u00f8re forretningene v\u00e5re p\u00e5 en etisk og lovmessig m\u00e5te og \u00e5 arbeide i henhold til selskapets etiske retningslinjer. Dette formidles til alle nye ansatte ved oppstart, og informasjonen er tilgjengelig for interne\/eksterne interessenter via selskapets nettsted.<\/li><li>Retningslinjene for etikk og samsvar er basert p\u00e5 Eucomed-koden for etisk forretningspraksis. Den finner du p\u00e5 selskapets nettsider. Vi har ogs\u00e5 en telefontjeneste for etiske problemstillinger dersom eventuelle interne\/eksterne interessenter har sp\u00f8rsm\u00e5l om noen av emnene knyttet til selskapssamsvar.<\/li><\/ul>\n","protected":false},"excerpt":{"rendered":"<p>Nedenfor er en oversikt over Direct Healthcare Groups samsvar med kriteriene for milj\u00f8, sosiale forhold og selskapsstyring ved hjelp av Global Guidance Standard on Social Responsibility (ISO 26000). Retningslinjer og dokumenterte prosedyrer i forbindelse med ESG\/CSR opprettholdes i selskapets virksomhetsstyringssystem. Milj\u00f8 Vi ivaretar et virksomhetsstyringssystem som er sertifisert til milj\u00f8standarden ISO 14001 Vi har en &hellip; <a href=\"https:\/\/www.directhealthcaregroup.com\/no\/miljo-sosiale-forhold-og-selskapstyring-esg\/\">Continued<\/a><\/p>\n","protected":false},"author":1,"featured_media":0,"parent":0,"menu_order":0,"comment_status":"closed","ping_status":"closed","template":"","meta":{"_acf_changed":false,"footnotes":""},"class_list":["post-124597","page","type-page","status-publish","hentry"],"acf":[],"yoast_head":"<!-- This site is optimized with the Yoast SEO plugin v26.6 - https:\/\/yoast.com\/wordpress\/plugins\/seo\/ -->\n<title>Milj\u00f8, sosiale forhold og selskapstyring (ESG) | DHG<\/title>\n<meta name=\"robots\" content=\"index, follow, max-snippet:-1, max-image-preview:large, max-video-preview:-1\" \/>\n<link rel=\"canonical\" href=\"https:\/\/www.directhealthcaregroup.com\/no\/miljo-sosiale-forhold-og-selskapstyring-esg\/\" \/>\n<meta property=\"og:locale\" content=\"nb_NO\" \/>\n<meta property=\"og:type\" content=\"article\" \/>\n<meta property=\"og:title\" content=\"Milj\u00f8, sosiale forhold og selskapstyring (ESG) | DHG\" \/>\n<meta property=\"og:description\" content=\"Nedenfor er en oversikt over Direct Healthcare Groups samsvar med kriteriene for milj\u00f8, sosiale forhold og selskapsstyring ved hjelp av Global Guidance Standard on Social Responsibility (ISO 26000). Retningslinjer og dokumenterte prosedyrer i forbindelse med ESG\/CSR opprettholdes i selskapets virksomhetsstyringssystem. Milj\u00f8 Vi ivaretar et virksomhetsstyringssystem som er sertifisert til milj\u00f8standarden ISO 14001 Vi har en &hellip; Continued\" \/>\n<meta property=\"og:url\" content=\"https:\/\/www.directhealthcaregroup.com\/no\/miljo-sosiale-forhold-og-selskapstyring-esg\/\" \/>\n<meta property=\"og:site_name\" content=\"DHG\" \/>\n<meta property=\"article:modified_time\" content=\"2024-11-19T13:51:58+00:00\" \/>\n<meta name=\"twitter:card\" content=\"summary_large_image\" \/>\n<meta name=\"twitter:label1\" content=\"Est. reading time\" \/>\n\t<meta name=\"twitter:data1\" content=\"1 minute\" \/>\n<script type=\"application\/ld+json\" class=\"yoast-schema-graph\">{\"@context\":\"https:\/\/schema.org\",\"@graph\":[{\"@type\":\"WebPage\",\"@id\":\"https:\/\/www.directhealthcaregroup.com\/no\/miljo-sosiale-forhold-og-selskapstyring-esg\/\",\"url\":\"https:\/\/www.directhealthcaregroup.com\/no\/miljo-sosiale-forhold-og-selskapstyring-esg\/\",\"name\":\"Milj\u00f8, sosiale forhold og selskapstyring (ESG) | DHG\",\"isPartOf\":{\"@id\":\"https:\/\/www.directhealthcaregroup.com\/#website\"},\"datePublished\":\"2021-01-11T22:06:01+00:00\",\"dateModified\":\"2024-11-19T13:51:58+00:00\",\"breadcrumb\":{\"@id\":\"https:\/\/www.directhealthcaregroup.com\/no\/miljo-sosiale-forhold-og-selskapstyring-esg\/#breadcrumb\"},\"inLanguage\":\"nb-NO\",\"potentialAction\":[{\"@type\":\"ReadAction\",\"target\":[\"https:\/\/www.directhealthcaregroup.com\/no\/miljo-sosiale-forhold-og-selskapstyring-esg\/\"]}]},{\"@type\":\"BreadcrumbList\",\"@id\":\"https:\/\/www.directhealthcaregroup.com\/no\/miljo-sosiale-forhold-og-selskapstyring-esg\/#breadcrumb\",\"itemListElement\":[{\"@type\":\"ListItem\",\"position\":1,\"name\":\"Home\",\"item\":\"https:\/\/www.directhealthcaregroup.com\/no\/\"},{\"@type\":\"ListItem\",\"position\":2,\"name\":\"Milj\u00f8, sosiale forhold og selskapstyring (ESG)\"}]},{\"@type\":\"WebSite\",\"@id\":\"https:\/\/www.directhealthcaregroup.com\/#website\",\"url\":\"https:\/\/www.directhealthcaregroup.com\/\",\"name\":\"DHG\",\"description\":\"Moving Health Forward\",\"publisher\":{\"@id\":\"https:\/\/www.directhealthcaregroup.com\/#organization\"},\"potentialAction\":[{\"@type\":\"SearchAction\",\"target\":{\"@type\":\"EntryPoint\",\"urlTemplate\":\"https:\/\/www.directhealthcaregroup.com\/?s={search_term_string}\"},\"query-input\":{\"@type\":\"PropertyValueSpecification\",\"valueRequired\":true,\"valueName\":\"search_term_string\"}}],\"inLanguage\":\"nb-NO\"},{\"@type\":\"Organization\",\"@id\":\"https:\/\/www.directhealthcaregroup.com\/#organization\",\"name\":\"Direct Healthcare Group\",\"url\":\"https:\/\/www.directhealthcaregroup.com\/\",\"logo\":{\"@type\":\"ImageObject\",\"inLanguage\":\"nb-NO\",\"@id\":\"https:\/\/www.directhealthcaregroup.com\/#\/schema\/logo\/image\/\",\"url\":\"https:\/\/directhealthcaregroup.com\/app\/uploads\/dhg-logo.png\",\"contentUrl\":\"https:\/\/directhealthcaregroup.com\/app\/uploads\/dhg-logo.png\",\"width\":556,\"height\":240,\"caption\":\"Direct Healthcare Group\"},\"image\":{\"@id\":\"https:\/\/www.directhealthcaregroup.com\/#\/schema\/logo\/image\/\"}}]}<\/script>\n<!-- \/ Yoast SEO plugin. -->","yoast_head_json":{"title":"Milj\u00f8, sosiale forhold og selskapstyring (ESG) | DHG","robots":{"index":"index","follow":"follow","max-snippet":"max-snippet:-1","max-image-preview":"max-image-preview:large","max-video-preview":"max-video-preview:-1"},"canonical":"https:\/\/www.directhealthcaregroup.com\/no\/miljo-sosiale-forhold-og-selskapstyring-esg\/","og_locale":"nb_NO","og_type":"article","og_title":"Milj\u00f8, sosiale forhold og selskapstyring (ESG) | DHG","og_description":"Nedenfor er en oversikt over Direct Healthcare Groups samsvar med kriteriene for milj\u00f8, sosiale forhold og selskapsstyring ved hjelp av Global Guidance Standard on Social Responsibility (ISO 26000). Retningslinjer og dokumenterte prosedyrer i forbindelse med ESG\/CSR opprettholdes i selskapets virksomhetsstyringssystem. Milj\u00f8 Vi ivaretar et virksomhetsstyringssystem som er sertifisert til milj\u00f8standarden ISO 14001 Vi har en &hellip; Continued","og_url":"https:\/\/www.directhealthcaregroup.com\/no\/miljo-sosiale-forhold-og-selskapstyring-esg\/","og_site_name":"DHG","article_modified_time":"2024-11-19T13:51:58+00:00","twitter_card":"summary_large_image","twitter_misc":{"Est. reading time":"1 minute"},"schema":{"@context":"https:\/\/schema.org","@graph":[{"@type":"WebPage","@id":"https:\/\/www.directhealthcaregroup.com\/no\/miljo-sosiale-forhold-og-selskapstyring-esg\/","url":"https:\/\/www.directhealthcaregroup.com\/no\/miljo-sosiale-forhold-og-selskapstyring-esg\/","name":"Milj\u00f8, sosiale forhold og selskapstyring (ESG) | DHG","isPartOf":{"@id":"https:\/\/www.directhealthcaregroup.com\/#website"},"datePublished":"2021-01-11T22:06:01+00:00","dateModified":"2024-11-19T13:51:58+00:00","breadcrumb":{"@id":"https:\/\/www.directhealthcaregroup.com\/no\/miljo-sosiale-forhold-og-selskapstyring-esg\/#breadcrumb"},"inLanguage":"nb-NO","potentialAction":[{"@type":"ReadAction","target":["https:\/\/www.directhealthcaregroup.com\/no\/miljo-sosiale-forhold-og-selskapstyring-esg\/"]}]},{"@type":"BreadcrumbList","@id":"https:\/\/www.directhealthcaregroup.com\/no\/miljo-sosiale-forhold-og-selskapstyring-esg\/#breadcrumb","itemListElement":[{"@type":"ListItem","position":1,"name":"Home","item":"https:\/\/www.directhealthcaregroup.com\/no\/"},{"@type":"ListItem","position":2,"name":"Milj\u00f8, sosiale forhold og selskapstyring (ESG)"}]},{"@type":"WebSite","@id":"https:\/\/www.directhealthcaregroup.com\/#website","url":"https:\/\/www.directhealthcaregroup.com\/","name":"DHG","description":"Moving Health Forward","publisher":{"@id":"https:\/\/www.directhealthcaregroup.com\/#organization"},"potentialAction":[{"@type":"SearchAction","target":{"@type":"EntryPoint","urlTemplate":"https:\/\/www.directhealthcaregroup.com\/?s={search_term_string}"},"query-input":{"@type":"PropertyValueSpecification","valueRequired":true,"valueName":"search_term_string"}}],"inLanguage":"nb-NO"},{"@type":"Organization","@id":"https:\/\/www.directhealthcaregroup.com\/#organization","name":"Direct Healthcare Group","url":"https:\/\/www.directhealthcaregroup.com\/","logo":{"@type":"ImageObject","inLanguage":"nb-NO","@id":"https:\/\/www.directhealthcaregroup.com\/#\/schema\/logo\/image\/","url":"https:\/\/directhealthcaregroup.com\/app\/uploads\/dhg-logo.png","contentUrl":"https:\/\/directhealthcaregroup.com\/app\/uploads\/dhg-logo.png","width":556,"height":240,"caption":"Direct Healthcare Group"},"image":{"@id":"https:\/\/www.directhealthcaregroup.com\/#\/schema\/logo\/image\/"}}]}},"_links":{"self":[{"href":"https:\/\/www.directhealthcaregroup.com\/no\/wp-json\/wp\/v2\/pages\/124597","targetHints":{"allow":["GET"]}}],"collection":[{"href":"https:\/\/www.directhealthcaregroup.com\/no\/wp-json\/wp\/v2\/pages"}],"about":[{"href":"https:\/\/www.directhealthcaregroup.com\/no\/wp-json\/wp\/v2\/types\/page"}],"author":[{"embeddable":true,"href":"https:\/\/www.directhealthcaregroup.com\/no\/wp-json\/wp\/v2\/users\/1"}],"replies":[{"embeddable":true,"href":"https:\/\/www.directhealthcaregroup.com\/no\/wp-json\/wp\/v2\/comments?post=124597"}],"version-history":[{"count":3,"href":"https:\/\/www.directhealthcaregroup.com\/no\/wp-json\/wp\/v2\/pages\/124597\/revisions"}],"predecessor-version":[{"id":235845,"href":"https:\/\/www.directhealthcaregroup.com\/no\/wp-json\/wp\/v2\/pages\/124597\/revisions\/235845"}],"wp:attachment":[{"href":"https:\/\/www.directhealthcaregroup.com\/no\/wp-json\/wp\/v2\/media?parent=124597"}],"curies":[{"name":"wp","href":"https:\/\/api.w.org\/{rel}","templated":true}]}}