{"id":106095,"date":"2020-11-10T14:23:27","date_gmt":"2020-11-10T14:23:27","guid":{"rendered":"http:\/\/www.directhealthcaregroup.com\/miljo-socialt-ansvar-och-styrning-esg\/"},"modified":"2024-11-19T13:49:11","modified_gmt":"2024-11-19T13:49:11","slug":"miljo-socialt-ansvar-och-styrning-esg","status":"publish","type":"page","link":"https:\/\/www.directhealthcaregroup.com\/sv\/miljo-socialt-ansvar-och-styrning-esg\/","title":{"rendered":"Milj\u00f6, socialt ansvar och styrning (ESG)"},"content":{"rendered":"\n<p>Nedan beskrivs Direct Healthcare Groups efterlevnad av kriterierna f\u00f6r milj\u00f6, socialt ansvar och styrning enligt den globala v\u00e4gledande standarden om socialt ansvarstagande (ISO 26000). Policyer och dokumenterade rutiner i relation till ESG\/socialt ansvar uppr\u00e4tth\u00e5lls i f\u00f6retagets f\u00f6retagsledningssystem.<\/p>\n\n\n\n<h2 class=\"wp-block-heading\">Milj\u00f6<\/h2>\n\n\n\n<ul class=\"wp-block-list\"><li>V\u00e5rt f\u00f6retagsledningssystem \u00e4r certifierat enligt milj\u00f6standarden ISO 14001<\/li><li>Vi har ett dokumenterat f\u00f6rfarande f\u00f6r f\u00f6rbrukning av resurser som omfattar \u00f6vervakning av de m\u00e4ngder vatten, elektricitet, gas och fordonsbr\u00e4nsle som anv\u00e4nds.<\/li><li>Vi har en dokumenterad procedur f\u00f6r avfallshantering som \u00e4ven omfattar f\u00f6roreningar (mark och vatten). <\/li><li>Vi har \u00e4ven ett dokumenterat f\u00f6rfarande som s\u00e4kerst\u00e4ller att vi f\u00f6ljer till\u00e4mplig milj\u00f6lagstiftning, inklusive uppr\u00e4tth\u00e5llande av ett juridiskt register som granskas vartannat \u00e5r.<\/li><\/ul>\n\n\n\n<h2 class=\"wp-block-heading\">Socialt ansvar<\/h2>\n\n\n\n<ul class=\"wp-block-list\"><li>Alla leverant\u00f6rer uppmanas att fylla i ett fr\u00e5geformul\u00e4r f\u00f6r leverant\u00f6rsutv\u00e4rdering som omfattar krav p\u00e5 socialt ansvar, milj\u00f6, h\u00e4lsa och s\u00e4kerhet.<\/li><li>Vi donerar till v\u00e4lg\u00f6renhetsorganisationen Woundcare4Heroes.<\/li><li>Vi bedriver ett systematiskt arbetsmilj\u00f6arbete f\u00f6r att s\u00e4kerst\u00e4lla h\u00e4lsa och v\u00e4lbefinnande f\u00f6r alla anst\u00e4llda, bes\u00f6kare och entrepren\u00f6rer.<\/li><li>Alla aff\u00e4rskritiska beslut fattas i samverkan med f\u00f6retagets intressenter.<\/li><\/ul>\n\n\n\n<h2 class=\"wp-block-heading\">Styrning<\/h2>\n\n\n\n<ul class=\"wp-block-list\"><li>Alla f\u00f6retagets redovisningsf\u00f6rfaranden \u00e4r i linje med IFRS.<\/li><li>Vi str\u00e4var efter att utf\u00f6ra v\u00e5r verksamhet p\u00e5 ett etiskt och lagenligt s\u00e4tt, som f\u00f6ljer f\u00f6retagets uppf\u00f6randekod. Detta meddelas till alla nya medarbetare vid introduktionen och \u00e4r tillg\u00e4ngligt f\u00f6r interna\/externa intressenter via v\u00e5r f\u00f6retagswebbplats.<\/li><li>V\u00e5ra riktlinjer f\u00f6r etik och efterlevnad baseras p\u00e5 Eucomeds regler f\u00f6r god aff\u00e4rssed och etik som finns p\u00e5 v\u00e5r f\u00f6retagswebbplats. Vi har \u00e4ven en etisk jourtelefon om interna\/externa intressenter har n\u00e5gra fr\u00e5gor om de \u00e4mnen som r\u00f6r v\u00e5r f\u00f6retagsefterlevnad.<\/li><\/ul>\n","protected":false},"excerpt":{"rendered":"<p>Nedan beskrivs Direct Healthcare Groups efterlevnad av kriterierna f\u00f6r milj\u00f6, socialt ansvar och styrning enligt den globala v\u00e4gledande standarden om socialt ansvarstagande (ISO 26000). Policyer och dokumenterade rutiner i relation till ESG\/socialt ansvar uppr\u00e4tth\u00e5lls i f\u00f6retagets f\u00f6retagsledningssystem. Milj\u00f6 V\u00e5rt f\u00f6retagsledningssystem \u00e4r certifierat enligt milj\u00f6standarden ISO 14001 Vi har ett dokumenterat f\u00f6rfarande f\u00f6r f\u00f6rbrukning av resurser &hellip; <a href=\"https:\/\/www.directhealthcaregroup.com\/sv\/miljo-socialt-ansvar-och-styrning-esg\/\">Continued<\/a><\/p>\n","protected":false},"author":1,"featured_media":0,"parent":0,"menu_order":0,"comment_status":"closed","ping_status":"closed","template":"","meta":{"_acf_changed":false,"footnotes":""},"class_list":["post-106095","page","type-page","status-publish","hentry"],"acf":[],"yoast_head":"<!-- This site is optimized with the Yoast SEO plugin v27.4 - https:\/\/yoast.com\/product\/yoast-seo-wordpress\/ -->\n<title>Milj\u00f6, socialt ansvar och styrning (ESG) | DHG<\/title>\n<meta name=\"robots\" content=\"index, follow, max-snippet:-1, max-image-preview:large, max-video-preview:-1\" \/>\n<link rel=\"canonical\" href=\"https:\/\/www.directhealthcaregroup.com\/sv\/miljo-socialt-ansvar-och-styrning-esg\/\" \/>\n<meta property=\"og:locale\" content=\"sv_SE\" \/>\n<meta property=\"og:type\" content=\"article\" \/>\n<meta property=\"og:title\" content=\"Milj\u00f6, socialt ansvar och styrning (ESG) | DHG\" \/>\n<meta property=\"og:description\" content=\"Nedan beskrivs Direct Healthcare Groups efterlevnad av kriterierna f\u00f6r milj\u00f6, socialt ansvar och styrning enligt den globala v\u00e4gledande standarden om socialt ansvarstagande (ISO 26000). Policyer och dokumenterade rutiner i relation till ESG\/socialt ansvar uppr\u00e4tth\u00e5lls i f\u00f6retagets f\u00f6retagsledningssystem. Milj\u00f6 V\u00e5rt f\u00f6retagsledningssystem \u00e4r certifierat enligt milj\u00f6standarden ISO 14001 Vi har ett dokumenterat f\u00f6rfarande f\u00f6r f\u00f6rbrukning av resurser &hellip; Continued\" \/>\n<meta property=\"og:url\" content=\"https:\/\/www.directhealthcaregroup.com\/sv\/miljo-socialt-ansvar-och-styrning-esg\/\" \/>\n<meta property=\"og:site_name\" content=\"DHG\" \/>\n<meta property=\"article:modified_time\" content=\"2024-11-19T13:49:11+00:00\" \/>\n<meta name=\"twitter:card\" content=\"summary_large_image\" \/>\n<meta name=\"twitter:label1\" content=\"Est. reading time\" \/>\n\t<meta name=\"twitter:data1\" content=\"2 minutes\" \/>\n<script type=\"application\/ld+json\" class=\"yoast-schema-graph\">{\"@context\":\"https:\\\/\\\/schema.org\",\"@graph\":[{\"@type\":\"WebPage\",\"@id\":\"https:\\\/\\\/www.directhealthcaregroup.com\\\/sv\\\/miljo-socialt-ansvar-och-styrning-esg\\\/\",\"url\":\"https:\\\/\\\/www.directhealthcaregroup.com\\\/sv\\\/miljo-socialt-ansvar-och-styrning-esg\\\/\",\"name\":\"Milj\u00f6, socialt ansvar och styrning (ESG) | DHG\",\"isPartOf\":{\"@id\":\"https:\\\/\\\/www.directhealthcaregroup.com\\\/#website\"},\"datePublished\":\"2020-11-10T14:23:27+00:00\",\"dateModified\":\"2024-11-19T13:49:11+00:00\",\"breadcrumb\":{\"@id\":\"https:\\\/\\\/www.directhealthcaregroup.com\\\/sv\\\/miljo-socialt-ansvar-och-styrning-esg\\\/#breadcrumb\"},\"inLanguage\":\"sv-SE\",\"potentialAction\":[{\"@type\":\"ReadAction\",\"target\":[\"https:\\\/\\\/www.directhealthcaregroup.com\\\/sv\\\/miljo-socialt-ansvar-och-styrning-esg\\\/\"]}]},{\"@type\":\"BreadcrumbList\",\"@id\":\"https:\\\/\\\/www.directhealthcaregroup.com\\\/sv\\\/miljo-socialt-ansvar-och-styrning-esg\\\/#breadcrumb\",\"itemListElement\":[{\"@type\":\"ListItem\",\"position\":1,\"name\":\"Home\",\"item\":\"https:\\\/\\\/www.directhealthcaregroup.com\\\/sv\\\/\"},{\"@type\":\"ListItem\",\"position\":2,\"name\":\"Milj\u00f6, socialt ansvar och styrning (ESG)\"}]},{\"@type\":\"WebSite\",\"@id\":\"https:\\\/\\\/www.directhealthcaregroup.com\\\/#website\",\"url\":\"https:\\\/\\\/www.directhealthcaregroup.com\\\/\",\"name\":\"DHG\",\"description\":\"Moving Health Forward\",\"publisher\":{\"@id\":\"https:\\\/\\\/www.directhealthcaregroup.com\\\/#organization\"},\"potentialAction\":[{\"@type\":\"SearchAction\",\"target\":{\"@type\":\"EntryPoint\",\"urlTemplate\":\"https:\\\/\\\/www.directhealthcaregroup.com\\\/?s={search_term_string}\"},\"query-input\":{\"@type\":\"PropertyValueSpecification\",\"valueRequired\":true,\"valueName\":\"search_term_string\"}}],\"inLanguage\":\"sv-SE\"},{\"@type\":\"Organization\",\"@id\":\"https:\\\/\\\/www.directhealthcaregroup.com\\\/#organization\",\"name\":\"Direct Healthcare Group\",\"url\":\"https:\\\/\\\/www.directhealthcaregroup.com\\\/\",\"logo\":{\"@type\":\"ImageObject\",\"inLanguage\":\"sv-SE\",\"@id\":\"https:\\\/\\\/www.directhealthcaregroup.com\\\/#\\\/schema\\\/logo\\\/image\\\/\",\"url\":\"https:\\\/\\\/directhealthcaregroup.com\\\/app\\\/uploads\\\/dhg-logo.png\",\"contentUrl\":\"https:\\\/\\\/directhealthcaregroup.com\\\/app\\\/uploads\\\/dhg-logo.png\",\"width\":556,\"height\":240,\"caption\":\"Direct Healthcare Group\"},\"image\":{\"@id\":\"https:\\\/\\\/www.directhealthcaregroup.com\\\/#\\\/schema\\\/logo\\\/image\\\/\"}}]}<\/script>\n<!-- \/ Yoast SEO plugin. -->","yoast_head_json":{"title":"Milj\u00f6, socialt ansvar och styrning (ESG) | DHG","robots":{"index":"index","follow":"follow","max-snippet":"max-snippet:-1","max-image-preview":"max-image-preview:large","max-video-preview":"max-video-preview:-1"},"canonical":"https:\/\/www.directhealthcaregroup.com\/sv\/miljo-socialt-ansvar-och-styrning-esg\/","og_locale":"sv_SE","og_type":"article","og_title":"Milj\u00f6, socialt ansvar och styrning (ESG) | DHG","og_description":"Nedan beskrivs Direct Healthcare Groups efterlevnad av kriterierna f\u00f6r milj\u00f6, socialt ansvar och styrning enligt den globala v\u00e4gledande standarden om socialt ansvarstagande (ISO 26000). Policyer och dokumenterade rutiner i relation till ESG\/socialt ansvar uppr\u00e4tth\u00e5lls i f\u00f6retagets f\u00f6retagsledningssystem. Milj\u00f6 V\u00e5rt f\u00f6retagsledningssystem \u00e4r certifierat enligt milj\u00f6standarden ISO 14001 Vi har ett dokumenterat f\u00f6rfarande f\u00f6r f\u00f6rbrukning av resurser &hellip; Continued","og_url":"https:\/\/www.directhealthcaregroup.com\/sv\/miljo-socialt-ansvar-och-styrning-esg\/","og_site_name":"DHG","article_modified_time":"2024-11-19T13:49:11+00:00","twitter_card":"summary_large_image","twitter_misc":{"Est. reading time":"2 minutes"},"schema":{"@context":"https:\/\/schema.org","@graph":[{"@type":"WebPage","@id":"https:\/\/www.directhealthcaregroup.com\/sv\/miljo-socialt-ansvar-och-styrning-esg\/","url":"https:\/\/www.directhealthcaregroup.com\/sv\/miljo-socialt-ansvar-och-styrning-esg\/","name":"Milj\u00f6, socialt ansvar och styrning (ESG) | DHG","isPartOf":{"@id":"https:\/\/www.directhealthcaregroup.com\/#website"},"datePublished":"2020-11-10T14:23:27+00:00","dateModified":"2024-11-19T13:49:11+00:00","breadcrumb":{"@id":"https:\/\/www.directhealthcaregroup.com\/sv\/miljo-socialt-ansvar-och-styrning-esg\/#breadcrumb"},"inLanguage":"sv-SE","potentialAction":[{"@type":"ReadAction","target":["https:\/\/www.directhealthcaregroup.com\/sv\/miljo-socialt-ansvar-och-styrning-esg\/"]}]},{"@type":"BreadcrumbList","@id":"https:\/\/www.directhealthcaregroup.com\/sv\/miljo-socialt-ansvar-och-styrning-esg\/#breadcrumb","itemListElement":[{"@type":"ListItem","position":1,"name":"Home","item":"https:\/\/www.directhealthcaregroup.com\/sv\/"},{"@type":"ListItem","position":2,"name":"Milj\u00f6, socialt ansvar och styrning (ESG)"}]},{"@type":"WebSite","@id":"https:\/\/www.directhealthcaregroup.com\/#website","url":"https:\/\/www.directhealthcaregroup.com\/","name":"DHG","description":"Moving Health Forward","publisher":{"@id":"https:\/\/www.directhealthcaregroup.com\/#organization"},"potentialAction":[{"@type":"SearchAction","target":{"@type":"EntryPoint","urlTemplate":"https:\/\/www.directhealthcaregroup.com\/?s={search_term_string}"},"query-input":{"@type":"PropertyValueSpecification","valueRequired":true,"valueName":"search_term_string"}}],"inLanguage":"sv-SE"},{"@type":"Organization","@id":"https:\/\/www.directhealthcaregroup.com\/#organization","name":"Direct Healthcare Group","url":"https:\/\/www.directhealthcaregroup.com\/","logo":{"@type":"ImageObject","inLanguage":"sv-SE","@id":"https:\/\/www.directhealthcaregroup.com\/#\/schema\/logo\/image\/","url":"https:\/\/directhealthcaregroup.com\/app\/uploads\/dhg-logo.png","contentUrl":"https:\/\/directhealthcaregroup.com\/app\/uploads\/dhg-logo.png","width":556,"height":240,"caption":"Direct Healthcare Group"},"image":{"@id":"https:\/\/www.directhealthcaregroup.com\/#\/schema\/logo\/image\/"}}]}},"_links":{"self":[{"href":"https:\/\/www.directhealthcaregroup.com\/sv\/wp-json\/wp\/v2\/pages\/106095","targetHints":{"allow":["GET"]}}],"collection":[{"href":"https:\/\/www.directhealthcaregroup.com\/sv\/wp-json\/wp\/v2\/pages"}],"about":[{"href":"https:\/\/www.directhealthcaregroup.com\/sv\/wp-json\/wp\/v2\/types\/page"}],"author":[{"embeddable":true,"href":"https:\/\/www.directhealthcaregroup.com\/sv\/wp-json\/wp\/v2\/users\/1"}],"replies":[{"embeddable":true,"href":"https:\/\/www.directhealthcaregroup.com\/sv\/wp-json\/wp\/v2\/comments?post=106095"}],"version-history":[{"count":4,"href":"https:\/\/www.directhealthcaregroup.com\/sv\/wp-json\/wp\/v2\/pages\/106095\/revisions"}],"predecessor-version":[{"id":235842,"href":"https:\/\/www.directhealthcaregroup.com\/sv\/wp-json\/wp\/v2\/pages\/106095\/revisions\/235842"}],"wp:attachment":[{"href":"https:\/\/www.directhealthcaregroup.com\/sv\/wp-json\/wp\/v2\/media?parent=106095"}],"curies":[{"name":"wp","href":"https:\/\/api.w.org\/{rel}","templated":true}]}}