{"id":106097,"date":"2020-11-10T14:23:42","date_gmt":"2020-11-10T14:23:42","guid":{"rendered":"http:\/\/www.directhealthcaregroup.com\/tillbehor\/"},"modified":"2020-11-10T14:23:42","modified_gmt":"2020-11-10T14:23:42","slug":"tillbehor","status":"publish","type":"page","link":"https:\/\/www.directhealthcaregroup.com\/sv\/tillbehor\/","title":{"rendered":"Tillbeh\u00f6r"},"content":{"rendered":"<p>Ett brett utbud av tillbeh\u00f6r finns tillg\u00e4ngliga som komplement till v\u00e5rt sortiment av specialstolar och ytterligare st\u00f6d.<\/p>\n<h3>Kuddar, huvudst\u00f6d och sittdynor<\/h3>\n<h4>Viktad huvudkudde<\/h4>\n<p><img loading=\"lazy\" decoding=\"async\" class=\"alignnone wp-image-106114\" src=\"https:\/\/www.directhealthcaregroup.com\/app\/uploads\/Weighted-Head-Pillow.jpg\" alt=\"Viktad huvudkudde\" width=\"130\" height=\"130\" srcset=\"https:\/\/www.directhealthcaregroup.com\/app\/uploads\/Weighted-Head-Pillow.jpg 200w, https:\/\/www.directhealthcaregroup.com\/app\/uploads\/Weighted-Head-Pillow-150x150.jpg 150w\" sizes=\"auto, (max-width: 130px) 100vw, 130px\" \/><\/p>\n<p>Den viktade huvudkudden kan anv\u00e4ndas med m\u00e5nga av v\u00e5ra specialstolar. Vikten h\u00e5ller kudden p\u00e5 plats s\u00e5 att den kan justeras till en l\u00e4mplig h\u00f6jd f\u00f6r brukaren.<\/p>\n<p>&nbsp;<\/p>\n<h4>Viktad nackkudde<\/h4>\n<p><img loading=\"lazy\" decoding=\"async\" class=\"alignnone wp-image-106119\" src=\"https:\/\/www.directhealthcaregroup.com\/app\/uploads\/Weighted-Neck-Cushion.jpg\" alt=\"Viktad nackkudde\" width=\"130\" height=\"130\" srcset=\"https:\/\/www.directhealthcaregroup.com\/app\/uploads\/Weighted-Neck-Cushion.jpg 200w, https:\/\/www.directhealthcaregroup.com\/app\/uploads\/Weighted-Neck-Cushion-150x150.jpg 150w\" sizes=\"auto, (max-width: 130px) 100vw, 130px\" \/><\/p>\n<p>Den viktade nackkudden kan anv\u00e4ndas med m\u00e5nga av v\u00e5ra specialstolar. Vikten h\u00e5ller kudden p\u00e5 plats s\u00e5 att den kan justeras till en l\u00e4mplig h\u00f6jd f\u00f6r brukaren.<\/p>\n<p>&nbsp;<\/p>\n<h4>Viktat nackst\u00f6d<\/h4>\n<p><img loading=\"lazy\" decoding=\"async\" class=\"alignnone wp-image-106124\" src=\"https:\/\/www.directhealthcaregroup.com\/app\/uploads\/Weighted-Neck-Support.jpg\" alt=\"\" width=\"130\" height=\"130\" srcset=\"https:\/\/www.directhealthcaregroup.com\/app\/uploads\/Weighted-Neck-Support.jpg 200w, https:\/\/www.directhealthcaregroup.com\/app\/uploads\/Weighted-Neck-Support-150x150.jpg 150w\" sizes=\"auto, (max-width: 130px) 100vw, 130px\" \/><\/p>\n<p>Det viktade nackst\u00f6det kan anv\u00e4ndas med m\u00e5nga av v\u00e5ra specialstolar. Vikten h\u00e5ller kudden p\u00e5 plats s\u00e5 att den kan justeras till en l\u00e4mplig h\u00f6jd f\u00f6r brukaren.<\/p>\n<p>&nbsp;<\/p>\n<h4>Viktat universalst\u00f6d f\u00f6r huvud<\/h4>\n<p><img loading=\"lazy\" decoding=\"async\" class=\"alignnone wp-image-106129\" src=\"https:\/\/www.directhealthcaregroup.com\/app\/uploads\/Weighted-Universal-Headrest.jpg\" alt=\"\" width=\"130\" height=\"130\" srcset=\"https:\/\/www.directhealthcaregroup.com\/app\/uploads\/Weighted-Universal-Headrest.jpg 200w, https:\/\/www.directhealthcaregroup.com\/app\/uploads\/Weighted-Universal-Headrest-150x150.jpg 150w\" sizes=\"auto, (max-width: 130px) 100vw, 130px\" \/><\/p>\n<p>Det viktade universalst\u00f6det f\u00f6r huvud har utformats f\u00f6r att anv\u00e4ndas med de flesta av v\u00e5ra specialstolar. Den rundade designen inneb\u00e4r att det ger bekv\u00e4mt st\u00f6d f\u00f6r huvudet, medan det h\u00e5lls p\u00e5 plats av vikten och kan justeras till l\u00e4mplig h\u00f6jd.<\/p>\n<p>&nbsp;<\/p>\n<p>&nbsp;<\/p>\n<h3>L\u00e4gesst\u00e4llare och h\u00f6ftb\u00e4lten<\/h3>\n<h4>B\u00e4ckenl\u00e4gesst\u00e4llare<\/h4>\n<p><img loading=\"lazy\" decoding=\"async\" class=\"alignnone wp-image-106134\" src=\"https:\/\/www.directhealthcaregroup.com\/app\/uploads\/Pelvic-Positioner.jpg\" alt=\"\" width=\"130\" height=\"79\"\/><\/p>\n<p>B\u00e4ckenl\u00e4gesst\u00e4llaren \u00e4r utformad f\u00f6r de som sitter under l\u00e5nga perioder eller f\u00f6r personer med problem relaterade till kroppsh\u00e5llningen. B\u00e4ckenl\u00e4gesst\u00e4llaren kan anv\u00e4ndas med en rad olika specialstolar och traditionella sittsystem f\u00f6r att ge en trygghetsk\u00e4nsla och skydda mot olycksskador.<\/p>\n<p>B\u00e4ckenl\u00e4gesst\u00e4llaren \u00e4r l\u00e4mplig f\u00f6r f\u00f6ljande brukare:<\/p>\n<ul>\n<li>brukare som beh\u00f6ver h\u00e5llningsst\u00f6d<\/li>\n<li>brukare som har en tendens att luta sig eller glida fram\u00e5t n\u00e4r de sitter.<\/li>\n<\/ul>\n<p>B\u00e4ckenl\u00e4gesst\u00e4llaren \u00e4r inte l\u00e4mplig f\u00f6r f\u00f6ljande brukare:<\/p>\n<ul>\n<li>Brukare med spasmer och h\u00e4ftiga r\u00f6relser (s\u00e5vida inte annat anges efter klinisk bed\u00f6mning).<\/li>\n<\/ul>\n<p>B\u00e4ckenl\u00e4gesst\u00e4llaren monteras p\u00e5 stolen med hj\u00e4lp av en D-ring. D-ringar kan monteras i efterhand p\u00e5 vissa stolar. Kontakta v\u00e5r kundtj\u00e4nst p\u00e5 0800 043 0881 f\u00f6r att bekr\u00e4fta om din stol \u00e4r l\u00e4mplig f\u00f6r den h\u00e4r produkten.<\/p>\n<p>&nbsp;<\/p>\n<h4>Fleecefodrad b\u00e4ckenl\u00e4gesst\u00e4llare<\/h4>\n<p><img loading=\"lazy\" decoding=\"async\" class=\"alignnone wp-image-106139\" src=\"https:\/\/www.directhealthcaregroup.com\/app\/uploads\/Fleece-Lined-Pelvic-Positioner.jpg\" alt=\"\" width=\"130\" height=\"79\"\/><\/p>\n<p>Den fleecefodrade b\u00e4ckenl\u00e4gesst\u00e4llaren \u00e4r utformad f\u00f6r de som sitter under l\u00e5nga perioder eller f\u00f6r personer med problem relaterade till h\u00e5llningen. Den fleecefodrade b\u00e4ckenl\u00e4gesst\u00e4llaren kan anv\u00e4ndas med en rad olika specialstolar och traditionella sittsystem f\u00f6r att ge en trygghetsk\u00e4nsla och skydda mot olycksskador.<\/p>\n<p>Den fleecefodrade b\u00e4ckenl\u00e4gesst\u00e4llaren \u00e4r l\u00e4mplig f\u00f6r f\u00f6ljande brukare:<\/p>\n<ul>\n<li>brukare som beh\u00f6ver h\u00e5llningsst\u00f6d<\/li>\n<li>brukare som har en tendens att luta sig eller glida fram\u00e5t n\u00e4r de sitter.<\/li>\n<\/ul>\n<p>Den fleecefodrade b\u00e4ckenl\u00e4gesst\u00e4llaren \u00e4r inte l\u00e4mplig f\u00f6r f\u00f6ljande brukare:<\/p>\n<ul>\n<li>Brukare med spasmer och h\u00e4ftiga r\u00f6relser (s\u00e5vida inte annat anges efter klinisk bed\u00f6mning).<\/li>\n<\/ul>\n<p>Den fleecefodrade b\u00e4ckenl\u00e4gesst\u00e4llaren monteras p\u00e5 stolen med hj\u00e4lp av en D-ring. D-ringar kan monteras i efterhand p\u00e5 vissa stolar. Kontakta v\u00e5r kundtj\u00e4nst p\u00e5 0800 043 0881 f\u00f6r att bekr\u00e4fta om din stol \u00e4r l\u00e4mplig f\u00f6r den h\u00e4r produkten.<\/p>\n<p>&nbsp;<\/p>\n<h4>H\u00f6ftb\u00e4lte<\/h4>\n<p><img loading=\"lazy\" decoding=\"async\" class=\"alignnone wp-image-106144\" src=\"https:\/\/www.directhealthcaregroup.com\/app\/uploads\/\/Lap-Belt-300x195.jpg\" alt=\"\" width=\"130\" height=\"85\" srcset=\"https:\/\/www.directhealthcaregroup.com\/app\/uploads\/Lap-Belt-300x195.jpg 300w, https:\/\/www.directhealthcaregroup.com\/app\/uploads\/Lap-Belt.jpg 307w\" sizes=\"auto, (max-width: 130px) 100vw, 130px\" \/><\/p>\n<p>H\u00f6ftb\u00e4ltet hj\u00e4lper till att bibeh\u00e5lla h\u00e5llningen hos de personer som beh\u00f6ver extra b\u00e4ckenst\u00f6d. B\u00e4ltet hj\u00e4lper till att bibeh\u00e5lla positionen i b\u00e4ckenet f\u00f6r att f\u00f6rhindra ol\u00e4mplig rotation, glidning eller r\u00f6relse.<\/p>\n<p>H\u00f6ftb\u00e4ltet hj\u00e4lper till att stabilisera b\u00e4ckenet och placera den sittande i stolens baksida f\u00f6r att uppn\u00e5 en god sittst\u00e4llning och minska risken f\u00f6r v\u00e4vnadsskador genom effekterna av skjuvning, vilket kan intr\u00e4ffa om personen har en instabil h\u00e5llning.<\/p>\n<p>H\u00f6ftb\u00e4ltet \u00e4r enkelt att montera och justera. Det ger trygghet f\u00f6r v\u00e5rdgivaren och minskar skaderisken f\u00f6r brukaren.<\/p>\n<p>H\u00f6ftb\u00e4ltet \u00e4r l\u00e4mpligt f\u00f6r f\u00f6ljande anv\u00e4ndning:<\/p>\n<ul>\n<li>skydda mot skador<\/li>\n<li>ge en k\u00e4nsla av trygghet<\/li>\n<li>f\u00f6r dem som har en tendens att luta sig n\u00e4r de sitter<\/li>\n<li>tillsammans med de flesta Kirton specialstolar.<\/li>\n<\/ul>\n<p>H\u00f6ftb\u00e4ltet \u00e4r inte l\u00e4mpligt f\u00f6r f\u00f6ljande brukare:<\/p>\n<ul>\n<li>Brukare med spasmer och h\u00e4ftiga r\u00f6relser (s\u00e5vida inte annat anges efter klinisk bed\u00f6mning).<\/li>\n<li>Brukare som sannolikt kommer att glida ned\u00e5t i stolen.<\/li>\n<\/ul>\n<p>H\u00f6ftb\u00e4ltet monteras p\u00e5 stolen med en D-ring. D-ringar kan i efterhand monteras p\u00e5 vissa stolar. Kontakta v\u00e5r kundtj\u00e4nst p\u00e5 0800 043 0881 f\u00f6r att bekr\u00e4fta om din stol \u00e4r l\u00e4mplig f\u00f6r den h\u00e4r produkten.<\/p>\n<p>&nbsp;<\/p>\n<p>&nbsp;<\/p>\n<h3>Brickor<\/h3>\n<h4>Universellt mobilfack<\/h4>\n<p>&nbsp;<\/p>\n<p><img loading=\"lazy\" decoding=\"async\" class=\"alignnone wp-image-106149\" src=\"https:\/\/www.directhealthcaregroup.com\/app\/uploads\/Universal-Mobile-Tray-1.jpg\" alt=\"\" width=\"130\" height=\"130\" srcset=\"https:\/\/www.directhealthcaregroup.com\/app\/uploads\/Universal-Mobile-Tray-1.jpg 200w, https:\/\/www.directhealthcaregroup.com\/app\/uploads\/Universal-Mobile-Tray-1-150x150.jpg 150w\" sizes=\"auto, (max-width: 130px) 100vw, 130px\" \/><\/p>\n<p>Den mobila universalbrickan \u00e4r en frist\u00e5ende design som sitter p\u00e5 var sida om stolen. Om en person vill ta sig ur stolen kan brickan enkelt tryckas fram\u00e5t f\u00f6r att f\u00e5 undan den.<\/p>\n<p>Den \u00e4r mycket r\u00f6rlig, p\u00e5 40\u00a0mm tvillinghjul med h\u00f6jdjustering mellan 630\u00a0mm och 900\u00a0mm. Den \u00e4r l\u00e4mplig f\u00f6r de flesta specialstolar, s\u00e5 l\u00e4nge den totala bredden p\u00e5 stolen inte \u00f6verstiger 725\u00a0mm.<\/p>\n<p>Den mobila universalbrickan m\u00f6jligg\u00f6r en f\u00f6rl\u00e4ngning med benst\u00f6d under bordsskivan, i f\u00f6rekommande fall.<\/p>\n<h4>Laminerad bricka<\/h4>\n<p>&nbsp;<\/p>\n<p><img loading=\"lazy\" decoding=\"async\" class=\"alignnone wp-image-106154\" src=\"https:\/\/www.directhealthcaregroup.com\/app\/uploads\/\/Laminated-Tray-205x300.jpg\" alt=\"\" width=\"130\" height=\"190\" srcset=\"https:\/\/www.directhealthcaregroup.com\/app\/uploads\/Laminated-Tray-205x300.jpg 205w, https:\/\/www.directhealthcaregroup.com\/app\/uploads\/Laminated-Tray-320x468.jpg 320w, https:\/\/www.directhealthcaregroup.com\/app\/uploads\/Laminated-Tray-153x223.jpg 153w, https:\/\/www.directhealthcaregroup.com\/app\/uploads\/Laminated-Tray.jpg 537w\" sizes=\"auto, (max-width: 130px) 100vw, 130px\" \/><\/p>\n<p>Den laminerade brickan har kardborreband f\u00f6r att f\u00e4sta den p\u00e5 plats, och \u00e4r utformad f\u00f6r anv\u00e4ndning med stolarna Regent och Stirling. Den kan dock \u00e4ven anv\u00e4ndas med andra specialstolar. Den kan enkelt f\u00e4stas p\u00e5 plats p\u00e5 stolen med remmarna medan brukaren \u00e4r i sittande position. Brickan v\u00e4ger 2\u00a0kg.<\/p>\n<p>&nbsp;<\/p>\n<h3>Tillbeh\u00f6r till f\u00e5t\u00f6lj med uppresningsfunktion<\/h3>\n<h4>K\u00e5pf\u00f6rsedd mekanism<\/h4>\n<p><img loading=\"lazy\" decoding=\"async\" class=\"alignnone wp-image-106159\" src=\"https:\/\/www.directhealthcaregroup.com\/app\/uploads\/Shrouded-Mechanism.jpg\" alt=\"\" width=\"130\" height=\"130\" srcset=\"https:\/\/www.directhealthcaregroup.com\/app\/uploads\/Shrouded-Mechanism.jpg 200w, https:\/\/www.directhealthcaregroup.com\/app\/uploads\/Shrouded-Mechanism-150x150.jpg 150w\" sizes=\"auto, (max-width: 130px) 100vw, 130px\" \/><\/p>\n<p>De k\u00e5pf\u00f6rsedda mekanismerna kan \u00f6vert\u00e4ckas med ett stoppat tygh\u00f6lje om det finns risk att barn eller husdjur kan krypa under stolen.<\/p>\n<h4>Tr\u00e4handtag<\/h4>\n<p><img loading=\"lazy\" decoding=\"async\" class=\"alignnone wp-image-106164\" src=\"https:\/\/www.directhealthcaregroup.com\/app\/uploads\/Wooden-Handgrips.jpg\" alt=\"\" width=\"130\" height=\"130\" srcset=\"https:\/\/www.directhealthcaregroup.com\/app\/uploads\/Wooden-Handgrips.jpg 200w, https:\/\/www.directhealthcaregroup.com\/app\/uploads\/Wooden-Handgrips-150x150.jpg 150w\" sizes=\"auto, (max-width: 130px) 100vw, 130px\" \/><\/p>\n<p>Ger extra trygghetsk\u00e4nsla vid urstigning eller sittande position eftersom de \u00e4r l\u00e4ttare att h\u00e5lla i \u00e4n de helt stoppade armarna.<\/p>\n<h4>Avtagbar benst\u00f6dskudde<\/h4>\n<p><img loading=\"lazy\" decoding=\"async\" class=\"alignnone wp-image-106169\" src=\"https:\/\/www.directhealthcaregroup.com\/app\/uploads\/Detachable-Legrest-Pillow.jpg\" alt=\"\" width=\"130\" height=\"130\" srcset=\"https:\/\/www.directhealthcaregroup.com\/app\/uploads\/Detachable-Legrest-Pillow.jpg 200w, https:\/\/www.directhealthcaregroup.com\/app\/uploads\/Detachable-Legrest-Pillow-150x150.jpg 150w\" sizes=\"auto, (max-width: 130px) 100vw, 130px\" \/><\/p>\n<p>En avtagbar ih\u00e5lig fiberkudde som sp\u00e4nns runt stoppningen p\u00e5 den nedre delen av benst\u00f6det f\u00f6r att ge ytterligare vaddering och h\u00f6jd till det upph\u00f6jda benst\u00f6det.<\/p>\n<h4>Halkskydd<\/h4>\n<p><img loading=\"lazy\" decoding=\"async\" class=\"alignnone wp-image-106174\" src=\"https:\/\/www.directhealthcaregroup.com\/app\/uploads\/Non-Slip-Glides.jpg\" alt=\"\" width=\"130\" height=\"130\" srcset=\"https:\/\/www.directhealthcaregroup.com\/app\/uploads\/Non-Slip-Glides.jpg 200w, https:\/\/www.directhealthcaregroup.com\/app\/uploads\/Non-Slip-Glides-150x150.jpg 150w\" sizes=\"auto, (max-width: 130px) 100vw, 130px\" \/><\/p>\n<p>De kan monteras f\u00f6r att f\u00f6rhindra att stolen r\u00f6r sig p\u00e5 tr\u00e4-, laminat- och vinylgolv.<\/p>\n","protected":false},"excerpt":{"rendered":"<p>Ett brett utbud av tillbeh\u00f6r finns tillg\u00e4ngliga som komplement till v\u00e5rt sortiment av specialstolar och ytterligare st\u00f6d. Kuddar, huvudst\u00f6d och sittdynor Viktad huvudkudde Den viktade huvudkudden kan anv\u00e4ndas med m\u00e5nga av v\u00e5ra specialstolar. Vikten h\u00e5ller kudden p\u00e5 plats s\u00e5 att den kan justeras till en l\u00e4mplig h\u00f6jd f\u00f6r brukaren. &nbsp; Viktad nackkudde Den viktade nackkudden &hellip; <a href=\"https:\/\/www.directhealthcaregroup.com\/sv\/tillbehor\/\">Continued<\/a><\/p>\n","protected":false},"author":2,"featured_media":0,"parent":0,"menu_order":0,"comment_status":"closed","ping_status":"closed","template":"","meta":{"_acf_changed":false,"footnotes":""},"class_list":["post-106097","page","type-page","status-publish","hentry"],"acf":[],"yoast_head":"<!-- This site is optimized with the Yoast SEO plugin v27.4 - https:\/\/yoast.com\/product\/yoast-seo-wordpress\/ -->\n<title>Tillbeh\u00f6r | DHG<\/title>\n<meta name=\"robots\" content=\"index, follow, max-snippet:-1, max-image-preview:large, max-video-preview:-1\" \/>\n<link rel=\"canonical\" href=\"https:\/\/www.directhealthcaregroup.com\/sv\/tillbehor\/\" \/>\n<meta property=\"og:locale\" content=\"sv_SE\" \/>\n<meta property=\"og:type\" content=\"article\" \/>\n<meta property=\"og:title\" content=\"Tillbeh\u00f6r | DHG\" \/>\n<meta property=\"og:description\" content=\"Ett brett utbud av tillbeh\u00f6r finns tillg\u00e4ngliga som komplement till v\u00e5rt sortiment av specialstolar och ytterligare st\u00f6d. Kuddar, huvudst\u00f6d och sittdynor Viktad huvudkudde Den viktade huvudkudden kan anv\u00e4ndas med m\u00e5nga av v\u00e5ra specialstolar. Vikten h\u00e5ller kudden p\u00e5 plats s\u00e5 att den kan justeras till en l\u00e4mplig h\u00f6jd f\u00f6r brukaren. &nbsp; Viktad nackkudde Den viktade nackkudden &hellip; Continued\" \/>\n<meta property=\"og:url\" content=\"https:\/\/www.directhealthcaregroup.com\/sv\/tillbehor\/\" \/>\n<meta property=\"og:site_name\" content=\"DHG\" \/>\n<meta property=\"og:image\" content=\"https:\/\/www.directhealthcaregroup.com\/app\/uploads\/Weighted-Head-Pillow.jpg\" \/>\n<meta name=\"twitter:card\" content=\"summary_large_image\" \/>\n<meta name=\"twitter:label1\" content=\"Est. reading time\" \/>\n\t<meta name=\"twitter:data1\" content=\"5 minutes\" \/>\n<script type=\"application\/ld+json\" class=\"yoast-schema-graph\">{\"@context\":\"https:\\\/\\\/schema.org\",\"@graph\":[{\"@type\":\"WebPage\",\"@id\":\"https:\\\/\\\/www.directhealthcaregroup.com\\\/sv\\\/tillbehor\\\/\",\"url\":\"https:\\\/\\\/www.directhealthcaregroup.com\\\/sv\\\/tillbehor\\\/\",\"name\":\"Tillbeh\u00f6r | DHG\",\"isPartOf\":{\"@id\":\"https:\\\/\\\/www.directhealthcaregroup.com\\\/#website\"},\"primaryImageOfPage\":{\"@id\":\"https:\\\/\\\/www.directhealthcaregroup.com\\\/sv\\\/tillbehor\\\/#primaryimage\"},\"image\":{\"@id\":\"https:\\\/\\\/www.directhealthcaregroup.com\\\/sv\\\/tillbehor\\\/#primaryimage\"},\"thumbnailUrl\":\"https:\\\/\\\/www.directhealthcaregroup.com\\\/app\\\/uploads\\\/Weighted-Head-Pillow.jpg\",\"datePublished\":\"2020-11-10T14:23:42+00:00\",\"breadcrumb\":{\"@id\":\"https:\\\/\\\/www.directhealthcaregroup.com\\\/sv\\\/tillbehor\\\/#breadcrumb\"},\"inLanguage\":\"sv-SE\",\"potentialAction\":[{\"@type\":\"ReadAction\",\"target\":[\"https:\\\/\\\/www.directhealthcaregroup.com\\\/sv\\\/tillbehor\\\/\"]}]},{\"@type\":\"ImageObject\",\"inLanguage\":\"sv-SE\",\"@id\":\"https:\\\/\\\/www.directhealthcaregroup.com\\\/sv\\\/tillbehor\\\/#primaryimage\",\"url\":\"https:\\\/\\\/www.directhealthcaregroup.com\\\/app\\\/uploads\\\/Weighted-Head-Pillow.jpg\",\"contentUrl\":\"https:\\\/\\\/www.directhealthcaregroup.com\\\/app\\\/uploads\\\/Weighted-Head-Pillow.jpg\"},{\"@type\":\"BreadcrumbList\",\"@id\":\"https:\\\/\\\/www.directhealthcaregroup.com\\\/sv\\\/tillbehor\\\/#breadcrumb\",\"itemListElement\":[{\"@type\":\"ListItem\",\"position\":1,\"name\":\"Home\",\"item\":\"https:\\\/\\\/www.directhealthcaregroup.com\\\/sv\\\/\"},{\"@type\":\"ListItem\",\"position\":2,\"name\":\"Tillbeh\u00f6r\"}]},{\"@type\":\"WebSite\",\"@id\":\"https:\\\/\\\/www.directhealthcaregroup.com\\\/#website\",\"url\":\"https:\\\/\\\/www.directhealthcaregroup.com\\\/\",\"name\":\"DHG\",\"description\":\"Moving Health Forward\",\"publisher\":{\"@id\":\"https:\\\/\\\/www.directhealthcaregroup.com\\\/#organization\"},\"potentialAction\":[{\"@type\":\"SearchAction\",\"target\":{\"@type\":\"EntryPoint\",\"urlTemplate\":\"https:\\\/\\\/www.directhealthcaregroup.com\\\/?s={search_term_string}\"},\"query-input\":{\"@type\":\"PropertyValueSpecification\",\"valueRequired\":true,\"valueName\":\"search_term_string\"}}],\"inLanguage\":\"sv-SE\"},{\"@type\":\"Organization\",\"@id\":\"https:\\\/\\\/www.directhealthcaregroup.com\\\/#organization\",\"name\":\"Direct Healthcare Group\",\"url\":\"https:\\\/\\\/www.directhealthcaregroup.com\\\/\",\"logo\":{\"@type\":\"ImageObject\",\"inLanguage\":\"sv-SE\",\"@id\":\"https:\\\/\\\/www.directhealthcaregroup.com\\\/#\\\/schema\\\/logo\\\/image\\\/\",\"url\":\"https:\\\/\\\/directhealthcaregroup.com\\\/app\\\/uploads\\\/dhg-logo.png\",\"contentUrl\":\"https:\\\/\\\/directhealthcaregroup.com\\\/app\\\/uploads\\\/dhg-logo.png\",\"width\":556,\"height\":240,\"caption\":\"Direct Healthcare Group\"},\"image\":{\"@id\":\"https:\\\/\\\/www.directhealthcaregroup.com\\\/#\\\/schema\\\/logo\\\/image\\\/\"}}]}<\/script>\n<!-- \/ Yoast SEO plugin. -->","yoast_head_json":{"title":"Tillbeh\u00f6r | DHG","robots":{"index":"index","follow":"follow","max-snippet":"max-snippet:-1","max-image-preview":"max-image-preview:large","max-video-preview":"max-video-preview:-1"},"canonical":"https:\/\/www.directhealthcaregroup.com\/sv\/tillbehor\/","og_locale":"sv_SE","og_type":"article","og_title":"Tillbeh\u00f6r | DHG","og_description":"Ett brett utbud av tillbeh\u00f6r finns tillg\u00e4ngliga som komplement till v\u00e5rt sortiment av specialstolar och ytterligare st\u00f6d. Kuddar, huvudst\u00f6d och sittdynor Viktad huvudkudde Den viktade huvudkudden kan anv\u00e4ndas med m\u00e5nga av v\u00e5ra specialstolar. Vikten h\u00e5ller kudden p\u00e5 plats s\u00e5 att den kan justeras till en l\u00e4mplig h\u00f6jd f\u00f6r brukaren. &nbsp; Viktad nackkudde Den viktade nackkudden &hellip; Continued","og_url":"https:\/\/www.directhealthcaregroup.com\/sv\/tillbehor\/","og_site_name":"DHG","og_image":[{"url":"https:\/\/www.directhealthcaregroup.com\/app\/uploads\/Weighted-Head-Pillow.jpg","type":"","width":"","height":""}],"twitter_card":"summary_large_image","twitter_misc":{"Est. reading time":"5 minutes"},"schema":{"@context":"https:\/\/schema.org","@graph":[{"@type":"WebPage","@id":"https:\/\/www.directhealthcaregroup.com\/sv\/tillbehor\/","url":"https:\/\/www.directhealthcaregroup.com\/sv\/tillbehor\/","name":"Tillbeh\u00f6r | DHG","isPartOf":{"@id":"https:\/\/www.directhealthcaregroup.com\/#website"},"primaryImageOfPage":{"@id":"https:\/\/www.directhealthcaregroup.com\/sv\/tillbehor\/#primaryimage"},"image":{"@id":"https:\/\/www.directhealthcaregroup.com\/sv\/tillbehor\/#primaryimage"},"thumbnailUrl":"https:\/\/www.directhealthcaregroup.com\/app\/uploads\/Weighted-Head-Pillow.jpg","datePublished":"2020-11-10T14:23:42+00:00","breadcrumb":{"@id":"https:\/\/www.directhealthcaregroup.com\/sv\/tillbehor\/#breadcrumb"},"inLanguage":"sv-SE","potentialAction":[{"@type":"ReadAction","target":["https:\/\/www.directhealthcaregroup.com\/sv\/tillbehor\/"]}]},{"@type":"ImageObject","inLanguage":"sv-SE","@id":"https:\/\/www.directhealthcaregroup.com\/sv\/tillbehor\/#primaryimage","url":"https:\/\/www.directhealthcaregroup.com\/app\/uploads\/Weighted-Head-Pillow.jpg","contentUrl":"https:\/\/www.directhealthcaregroup.com\/app\/uploads\/Weighted-Head-Pillow.jpg"},{"@type":"BreadcrumbList","@id":"https:\/\/www.directhealthcaregroup.com\/sv\/tillbehor\/#breadcrumb","itemListElement":[{"@type":"ListItem","position":1,"name":"Home","item":"https:\/\/www.directhealthcaregroup.com\/sv\/"},{"@type":"ListItem","position":2,"name":"Tillbeh\u00f6r"}]},{"@type":"WebSite","@id":"https:\/\/www.directhealthcaregroup.com\/#website","url":"https:\/\/www.directhealthcaregroup.com\/","name":"DHG","description":"Moving Health Forward","publisher":{"@id":"https:\/\/www.directhealthcaregroup.com\/#organization"},"potentialAction":[{"@type":"SearchAction","target":{"@type":"EntryPoint","urlTemplate":"https:\/\/www.directhealthcaregroup.com\/?s={search_term_string}"},"query-input":{"@type":"PropertyValueSpecification","valueRequired":true,"valueName":"search_term_string"}}],"inLanguage":"sv-SE"},{"@type":"Organization","@id":"https:\/\/www.directhealthcaregroup.com\/#organization","name":"Direct Healthcare Group","url":"https:\/\/www.directhealthcaregroup.com\/","logo":{"@type":"ImageObject","inLanguage":"sv-SE","@id":"https:\/\/www.directhealthcaregroup.com\/#\/schema\/logo\/image\/","url":"https:\/\/directhealthcaregroup.com\/app\/uploads\/dhg-logo.png","contentUrl":"https:\/\/directhealthcaregroup.com\/app\/uploads\/dhg-logo.png","width":556,"height":240,"caption":"Direct Healthcare Group"},"image":{"@id":"https:\/\/www.directhealthcaregroup.com\/#\/schema\/logo\/image\/"}}]}},"_links":{"self":[{"href":"https:\/\/www.directhealthcaregroup.com\/sv\/wp-json\/wp\/v2\/pages\/106097","targetHints":{"allow":["GET"]}}],"collection":[{"href":"https:\/\/www.directhealthcaregroup.com\/sv\/wp-json\/wp\/v2\/pages"}],"about":[{"href":"https:\/\/www.directhealthcaregroup.com\/sv\/wp-json\/wp\/v2\/types\/page"}],"author":[{"embeddable":true,"href":"https:\/\/www.directhealthcaregroup.com\/sv\/wp-json\/wp\/v2\/users\/2"}],"replies":[{"embeddable":true,"href":"https:\/\/www.directhealthcaregroup.com\/sv\/wp-json\/wp\/v2\/comments?post=106097"}],"version-history":[{"count":0,"href":"https:\/\/www.directhealthcaregroup.com\/sv\/wp-json\/wp\/v2\/pages\/106097\/revisions"}],"wp:attachment":[{"href":"https:\/\/www.directhealthcaregroup.com\/sv\/wp-json\/wp\/v2\/media?parent=106097"}],"curies":[{"name":"wp","href":"https:\/\/api.w.org\/{rel}","templated":true}]}}