{"id":106176,"date":"2020-11-10T14:24:06","date_gmt":"2020-11-10T14:24:06","guid":{"rendered":"http:\/\/www.directhealthcaregroup.com\/gdpr-och-sekretesspolicy\/"},"modified":"2020-11-10T14:24:06","modified_gmt":"2020-11-10T14:24:06","slug":"gdpr-och-sekretesspolicy","status":"publish","type":"page","link":"https:\/\/www.directhealthcaregroup.com\/sv\/gdpr-och-sekretesspolicy\/","title":{"rendered":"GDPR och sekretesspolicy"},"content":{"rendered":"<h2>GDPR och sekretesspolicy<\/h2>\n<p>Direct Healthcare Group har implementerat och underh\u00e5ller ett integrerat aff\u00e4rshanteringssystem som \u00e4r certifierat enligt standarderna ISO 9001, ISO 13485, ISO 14001 och i enlighet med informationss\u00e4kerhetsstandarden ISO 27001.<\/p>\n<p>&nbsp;<\/p>\n<h3>Introduktion<\/h3>\n<p>Direct Healthcare Group (DHG) medger att vi mottar personuppgifter i en f\u00f6rtroendeposition.     Vi str\u00e4var d\u00e4rf\u00f6r efter att uppfylla det f\u00f6rtroendet genom att f\u00f6lja allm\u00e4nna principer f\u00f6r skydd av personuppgifter. Den h\u00e4r sekretesspolicyn f\u00f6rklarar hur vi samlar in, anv\u00e4nder, delar och skyddar information som samlats in via denna webbplats och vid annan eventuell kontakt med Direct Healthcare Group.<\/p>\n<p>V\u00e5r registrerade adress \u00e4r:<br \/>\nDirect Healthcare Group Ltd.<br \/>\nWithey Court<br \/>\nWestern Industrial Estate<br \/>\nCaerphilly<br \/>\nStorbritannien<br \/>\nCF83 1BF<\/p>\n<p>V\u00e5rt registrerade f\u00f6retagsnummer \u00e4r:<br \/>\n05252571<\/p>\n<p><span style=\"color: black;\">Vi agerar som \u201dpersonuppgiftsansvarig\u201d f\u00f6r personlig information. Vi \u00e4r registrerade&nbsp;med ICO, v\u00e5rt nummer \u00e4r Z2641626.&nbsp;Vi samlar endast in information som kr\u00e4vs f\u00f6r att uppfylla angivna syften och n\u00e4r det finns en laglig grund f\u00f6r att g\u00f6ra det, och vi kommer inte att beh\u00e5lla den l\u00e4ngre \u00e4n vad som \u00e4r n\u00f6dv\u00e4ndigt.<\/span><\/p>\n<p>&nbsp;<\/p>\n<h3>Omfattning<\/h3>\n<p>Denna sekretesspolicy g\u00e4ller personuppgifter som samlas in via webbplatser, mobilappar eller kontrollerade widgetar som \u00e4r inb\u00e4ddade i kommunikationsplattformar (\u201dwebbplatser\u201d) och personuppgifter som samlas in i samband med Direct Healthcare Groups aff\u00e4rsverksamhet, t.ex. information fr\u00e5n patienter, h\u00e4lso- och sjukv\u00e5rdspersonal och medarbetares anst\u00e4llningsuppgifter.<\/p>\n<p>Personuppgifter som anv\u00e4nds h\u00e4ri \u00e4r all information som kan anv\u00e4ndas antingen p\u00e5 egen hand eller tillsammans med annan information f\u00f6r att identifiera en person eller som kan kopplas direkt till en person.<\/p>\n<p>Denna sekretesspolicy beskriver hur Direct Healthcare Group samlar in, anv\u00e4nder och distribuerar personuppgifter.<\/p>\n<p>&nbsp;<\/p>\n<h3>Informationsinsamling<\/h3>\n<p>Direct Healthcare Group kr\u00e4ver inte att du l\u00e4mnar personuppgifter f\u00f6r att f\u00e5 tillg\u00e5ng till n\u00e5gon del av v\u00e5r offentliga webbplats. Endast personuppgifter som du frivilligt l\u00e4mnar till oss samlas in.<br \/>\nDHG uppr\u00e4tth\u00e5ller fysiska, tekniska och administrativa skydds\u00e5tg\u00e4rder f\u00f6r att skydda dina icke-offentliga personuppgifter.&nbsp;Vi kan \u00e4ven samla in produkt- och tj\u00e4nsteinformation och tillhandah\u00e5lla denna statistik till andra i en sammanst\u00e4lld form d\u00e4r informationen har avidentifierats.<\/p>\n<p>Personuppgifter som samlas in via DHG-webbplatser kan inkludera, men \u00e4r inte begr\u00e4nsade till:<\/p>\n<ul>\n<li>kontaktuppgifter, t.ex. namn, adress, e-postadress, telefonnummer, faxnummer, organisationsnamn och\/eller befattning<\/li>\n<li>unika identifierare och information om marknadsf\u00f6ringsinst\u00e4llningar, IP-adress (internetprotokoll), webbl\u00e4sartyp, operativsystem, dator- eller mobilenhet samt navigerings- och klickbeteende<\/li>\n<\/ul>\n<p>DHG kan samla in, beh\u00e5lla och anv\u00e4nda personuppgifter som erh\u00e5llits via webbplatserna f\u00f6r att ge dig tillg\u00e5ng till webbplatserna. &nbsp;Denna information kan samlas in n\u00e4r du:<\/p>\n<ul>\n<li>skapar ett konto hos DHG<\/li>\n<li>beg\u00e4r en produktdemo eller f\u00e5r information om v\u00e5ra produkter<\/li>\n<li>ber om kundtj\u00e4nst eller teknisk support<\/li>\n<li>ans\u00f6ker om anst\u00e4llning<\/li>\n<li>beg\u00e4r att bli kontaktad, dvs. via v\u00e5r webbplats eller p\u00e5 utst\u00e4llningar<\/li>\n<li>tar emot v\u00e5ra produkter eller tj\u00e4nster.<\/li>\n<\/ul>\n<p>&nbsp;<\/p>\n<h3>Grunder f\u00f6r anv\u00e4ndning av personuppgifter<\/h3>\n<ul>\n<li><strong><b>Efterlevnad av juridiska krav eller skyldigheter<\/b><\/strong>&nbsp; \u2013&nbsp;DHG kan l\u00e4mna ut personuppgifter som till\u00e5ts eller kr\u00e4vs enligt lag n\u00e4r vi i god tro anser att det \u00e4r n\u00f6dv\u00e4ndigt av s\u00e4kerhetssk\u00e4l, kr\u00e4vs f\u00f6r juridisk rapportering, \u00e4r n\u00f6dv\u00e4ndigt f\u00f6r att skydda v\u00e5ra juridiska r\u00e4ttigheter eller f\u00f6r att uppr\u00e4tth\u00e5lla v\u00e5ra anv\u00e4ndarvillkor eller till\u00e4mpliga regler eller f\u00f6r att skydda andras r\u00e4ttigheter.<\/li>\n<li><strong><b>F\u00f6r att uppr\u00e4tta eller uppfylla ett avtal<\/b><\/strong>&nbsp; \u2013 anv\u00e4ndning av personuppgifter kan vara n\u00f6dv\u00e4ndig f\u00f6r att uppfylla det avtal som du har med oss. N\u00e4r du till exempel arbetar f\u00f6r oss, antingen som anst\u00e4lld eller som tj\u00e4nsteleverant\u00f6r eller ans\u00f6ker om ett jobb hos oss, kommer dina personuppgifter att vara n\u00f6dv\u00e4ndiga i samband med ditt anst\u00e4llnings- eller tj\u00e4nsteavtal.<\/li>\n<li><strong><b>Samtycke<\/b><\/strong> \u2013 DHG f\u00f6rlitar sig p\u00e5 samtycke, som i vissa fall kan vara underf\u00f6rst\u00e5tt, till att anv\u00e4nda teknisk information, t.ex. cookie- och geolokaliseringsdata enligt beskrivningen i denna policy. &nbsp;Samtycket kan \u00e5terkallas n\u00e4r som helst genom att kontakta oss p\u00e5 de s\u00e4tt som beskrivs i denna policy. Vi kan komma att f\u00e5 personuppgifter via sjukv\u00e5rdspersonal eller anv\u00e4ndare av v\u00e5ra produkter och tj\u00e4nster, i vilket fall sjukv\u00e5rdspersonalen eller produkt-\/tj\u00e4nsteanv\u00e4ndaren ansvarar f\u00f6r hanteringen av samtycke, om s\u00e5 kr\u00e4vs.<\/li>\n<li><strong><b>Legitima intressen<\/b><\/strong>&nbsp; \u2013 DHG kan anv\u00e4nda personuppgifter f\u00f6r v\u00e5ra legitima intressen f\u00f6r att f\u00f6rb\u00e4ttra v\u00e5ra produkter, tj\u00e4nster och webbplatsinneh\u00e5ll samt f\u00f6r administrativa syften.<\/li>\n<\/ul>\n<p>&nbsp;<\/p>\n<h3>Marknadsf\u00f6ring<\/h3>\n<p>Direct Healthcare Group genomf\u00f6r marknadsf\u00f6ring p\u00e5 flera olika s\u00e4tt, inklusive, men inte begr\u00e4nsat till, e-postkampanjer. Vi kan komma att anv\u00e4nda dina personuppgifter f\u00f6r att informera dig om andra produkter eller tj\u00e4nster som erbjuds av DHG. Vi s\u00e4ljer inte, hyr inte ut eller leasar v\u00e5ra kundlistor till tredje part.&nbsp;F\u00f6r att hj\u00e4lpa till att tillhandah\u00e5lla v\u00e5ra tj\u00e4nster tillhandah\u00e5ller vi ibland information till andra f\u00f6retag som arbetar p\u00e5 uppdrag av oss.<\/p>\n<p>&nbsp;<\/p>\n<h3>Sp\u00e5rningsverktyg<\/h3>\n<p>Din webbl\u00e4sare kan ge dig m\u00f6jlighet att kontrollera cookies. &nbsp;Hur du g\u00f6r det beror p\u00e5 din webbl\u00e4sare och typen av cookies. &nbsp;Vissa webbl\u00e4sare kan st\u00e4llas in p\u00e5 att avvisa alla cookies. Om du konfigurerar din dator till att blockera alla cookies kan du st\u00f6ra vissa webbsidefunktioner och begr\u00e4nsa de funktioner som vi kan tillhandah\u00e5lla n\u00e4r du bes\u00f6ker eller anv\u00e4nder v\u00e5ra webbplatser. Om du blockerar eller tar bort cookies kommer inte all sp\u00e5rning som vi har beskrivit i denna policy att stoppas. Vissa webbl\u00e4sare har en \u201dsp\u00e5ra inte\u201d-funktion som g\u00f6r att du kan ange f\u00f6r webbplatserna att du inte vill att dina onlineaktiviteter ska sp\u00e5ras.<\/p>\n<p>&nbsp;<\/p>\n<h3>Hur l\u00e4nge vi sparar information<\/h3>\n<p>Direct Healthcare Group beh\u00e5ller dina personuppgifter s\u00e5 l\u00e4nge som det rimligen \u00e4r n\u00f6dv\u00e4ndigt f\u00f6r legitima aff\u00e4rssyften.<\/p>\n<p>&nbsp;<\/p>\n<h3>S\u00e4kerhet<\/h3>\n<p>S\u00e4kerheten och sekretessen f\u00f6r din personliga information \u00e4r viktig f\u00f6r oss. D\u00e4rf\u00f6r vidtar Direct Healthcare Group fysiska, tekniska och administrativa \u00e5tg\u00e4rder f\u00f6r att skydda dina personuppgifter fr\u00e5n obeh\u00f6rig \u00e5tkomst, anv\u00e4ndning och utl\u00e4mnande. DHG utv\u00e4rderar dessa skydds\u00e5tg\u00e4rder kontinuerligt f\u00f6r att minimera riskerna med nya s\u00e4kerhetshot allteftersom de blir k\u00e4nda. Precis som med alla webbplatser kan DHG dock inte garantera s\u00e4kerheten f\u00f6r data som samlas in via v\u00e5r webbplats.<\/p>\n<p>&nbsp;<\/p>\n<h3>R\u00e4ttigheter<\/h3>\n<p>Du kan n\u00e4r som helst kontakta oss f\u00f6r att beg\u00e4ra \u00e5tkomst till, korrigera eller radera dina personuppgifter. Du har \u00e4ven r\u00e4tt till inv\u00e4ndningar mot eller begr\u00e4nsning av behandling, samt r\u00e4tten till dataportabilitet, i f\u00f6rekommande fall. Om DHG har behandlat dina personuppgifter baserat p\u00e5 ditt samtycke har du r\u00e4tt att n\u00e4r som helst \u00e5terkalla det.<\/p>\n<p>Om du vill ut\u00f6va dina r\u00e4ttigheter ska du skriva till oss och anv\u00e4nda kontaktinformationen nedan. Observera att ytterligare information sannolikt kommer att beh\u00f6vas fr\u00e5n dig f\u00f6r att uppfylla beg\u00e4ran.<\/p>\n<p>Om du f\u00e5r n\u00e5got marknadsf\u00f6ringsmeddelande fr\u00e5n DHG kan du beg\u00e4ra att dina personuppgifter tas bort med hj\u00e4lp av l\u00e4nken f\u00f6r att avbryta prenumerationen eller e-postadressen f\u00f6r svar som tillhandah\u00e5lls i inneh\u00e5llet.<\/p>\n<p>Du kan \u00e4ven registrera ett klagom\u00e5l hos Information Commissioner via f\u00f6ljande l\u00e4nk:&nbsp;<a href=\"https:\/\/ico.org.uk\/concerns\/\">https:\/\/ico.org.uk\/concerns\/<\/a><\/p>\n<p>&nbsp;<\/p>\n<h3>Uppdateringar av sekretesspolicyn<\/h3>\n<p>Denna sekretesspolicy kan \u00e4ndras n\u00e4r som helst. Om v\u00e4sentliga \u00e4ndringar g\u00f6rs i hur personuppgifter samlas in, anv\u00e4nds, l\u00e4mnas ut eller p\u00e5 annat s\u00e4tt behandlas, kommer denna policy att uppdateras och det kommer att meddelas tydligt p\u00e5 startsidan p\u00e5 v\u00e5r webbplats. Alla v\u00e4sentliga \u00e4ndringar i denna sekretesspolicy tr\u00e4der i kraft d\u00e5 vi publicerar meddelandet om uppdateringen.<\/p>\n<p>Policyn uppdaterades senast den 4 december 2017.<\/p>\n","protected":false},"excerpt":{"rendered":"<p>GDPR och sekretesspolicy Direct Healthcare Group har implementerat och underh\u00e5ller ett integrerat aff\u00e4rshanteringssystem som \u00e4r certifierat enligt standarderna ISO 9001, ISO 13485, ISO 14001 och i enlighet med informationss\u00e4kerhetsstandarden ISO 27001. &nbsp; Introduktion Direct Healthcare Group (DHG) medger att vi mottar personuppgifter i en f\u00f6rtroendeposition. Vi str\u00e4var d\u00e4rf\u00f6r efter att uppfylla det f\u00f6rtroendet genom att &hellip; <a href=\"https:\/\/www.directhealthcaregroup.com\/sv\/gdpr-och-sekretesspolicy\/\">Continued<\/a><\/p>\n","protected":false},"author":2,"featured_media":0,"parent":0,"menu_order":0,"comment_status":"closed","ping_status":"closed","template":"","meta":{"_acf_changed":false,"footnotes":""},"class_list":["post-106176","page","type-page","status-publish","hentry"],"acf":[],"yoast_head":"<!-- This site is optimized with the Yoast SEO plugin v26.6 - https:\/\/yoast.com\/wordpress\/plugins\/seo\/ -->\n<title>GDPR och sekretesspolicy | DHG<\/title>\n<meta name=\"robots\" content=\"index, follow, max-snippet:-1, max-image-preview:large, max-video-preview:-1\" \/>\n<link rel=\"canonical\" href=\"https:\/\/www.directhealthcaregroup.com\/sv\/gdpr-och-sekretesspolicy\/\" \/>\n<meta property=\"og:locale\" content=\"sv_SE\" \/>\n<meta property=\"og:type\" content=\"article\" \/>\n<meta property=\"og:title\" content=\"GDPR och sekretesspolicy | DHG\" \/>\n<meta property=\"og:description\" content=\"GDPR och sekretesspolicy Direct Healthcare Group har implementerat och underh\u00e5ller ett integrerat aff\u00e4rshanteringssystem som \u00e4r certifierat enligt standarderna ISO 9001, ISO 13485, ISO 14001 och i enlighet med informationss\u00e4kerhetsstandarden ISO 27001. &nbsp; Introduktion Direct Healthcare Group (DHG) medger att vi mottar personuppgifter i en f\u00f6rtroendeposition. Vi str\u00e4var d\u00e4rf\u00f6r efter att uppfylla det f\u00f6rtroendet genom att &hellip; Continued\" \/>\n<meta property=\"og:url\" content=\"https:\/\/www.directhealthcaregroup.com\/sv\/gdpr-och-sekretesspolicy\/\" \/>\n<meta property=\"og:site_name\" content=\"DHG\" \/>\n<meta name=\"twitter:card\" content=\"summary_large_image\" \/>\n<meta name=\"twitter:label1\" content=\"Est. reading time\" \/>\n\t<meta name=\"twitter:data1\" content=\"7 minutes\" \/>\n<script type=\"application\/ld+json\" class=\"yoast-schema-graph\">{\"@context\":\"https:\/\/schema.org\",\"@graph\":[{\"@type\":\"WebPage\",\"@id\":\"https:\/\/www.directhealthcaregroup.com\/sv\/gdpr-och-sekretesspolicy\/\",\"url\":\"https:\/\/www.directhealthcaregroup.com\/sv\/gdpr-och-sekretesspolicy\/\",\"name\":\"GDPR och sekretesspolicy | DHG\",\"isPartOf\":{\"@id\":\"https:\/\/www.directhealthcaregroup.com\/#website\"},\"datePublished\":\"2020-11-10T14:24:06+00:00\",\"breadcrumb\":{\"@id\":\"https:\/\/www.directhealthcaregroup.com\/sv\/gdpr-och-sekretesspolicy\/#breadcrumb\"},\"inLanguage\":\"sv-SE\",\"potentialAction\":[{\"@type\":\"ReadAction\",\"target\":[\"https:\/\/www.directhealthcaregroup.com\/sv\/gdpr-och-sekretesspolicy\/\"]}]},{\"@type\":\"BreadcrumbList\",\"@id\":\"https:\/\/www.directhealthcaregroup.com\/sv\/gdpr-och-sekretesspolicy\/#breadcrumb\",\"itemListElement\":[{\"@type\":\"ListItem\",\"position\":1,\"name\":\"Home\",\"item\":\"https:\/\/www.directhealthcaregroup.com\/sv\/\"},{\"@type\":\"ListItem\",\"position\":2,\"name\":\"GDPR och sekretesspolicy\"}]},{\"@type\":\"WebSite\",\"@id\":\"https:\/\/www.directhealthcaregroup.com\/#website\",\"url\":\"https:\/\/www.directhealthcaregroup.com\/\",\"name\":\"DHG\",\"description\":\"Moving Health Forward\",\"publisher\":{\"@id\":\"https:\/\/www.directhealthcaregroup.com\/#organization\"},\"potentialAction\":[{\"@type\":\"SearchAction\",\"target\":{\"@type\":\"EntryPoint\",\"urlTemplate\":\"https:\/\/www.directhealthcaregroup.com\/?s={search_term_string}\"},\"query-input\":{\"@type\":\"PropertyValueSpecification\",\"valueRequired\":true,\"valueName\":\"search_term_string\"}}],\"inLanguage\":\"sv-SE\"},{\"@type\":\"Organization\",\"@id\":\"https:\/\/www.directhealthcaregroup.com\/#organization\",\"name\":\"Direct Healthcare Group\",\"url\":\"https:\/\/www.directhealthcaregroup.com\/\",\"logo\":{\"@type\":\"ImageObject\",\"inLanguage\":\"sv-SE\",\"@id\":\"https:\/\/www.directhealthcaregroup.com\/#\/schema\/logo\/image\/\",\"url\":\"https:\/\/directhealthcaregroup.com\/app\/uploads\/dhg-logo.png\",\"contentUrl\":\"https:\/\/directhealthcaregroup.com\/app\/uploads\/dhg-logo.png\",\"width\":556,\"height\":240,\"caption\":\"Direct Healthcare Group\"},\"image\":{\"@id\":\"https:\/\/www.directhealthcaregroup.com\/#\/schema\/logo\/image\/\"}}]}<\/script>\n<!-- \/ Yoast SEO plugin. -->","yoast_head_json":{"title":"GDPR och sekretesspolicy | DHG","robots":{"index":"index","follow":"follow","max-snippet":"max-snippet:-1","max-image-preview":"max-image-preview:large","max-video-preview":"max-video-preview:-1"},"canonical":"https:\/\/www.directhealthcaregroup.com\/sv\/gdpr-och-sekretesspolicy\/","og_locale":"sv_SE","og_type":"article","og_title":"GDPR och sekretesspolicy | DHG","og_description":"GDPR och sekretesspolicy Direct Healthcare Group har implementerat och underh\u00e5ller ett integrerat aff\u00e4rshanteringssystem som \u00e4r certifierat enligt standarderna ISO 9001, ISO 13485, ISO 14001 och i enlighet med informationss\u00e4kerhetsstandarden ISO 27001. &nbsp; Introduktion Direct Healthcare Group (DHG) medger att vi mottar personuppgifter i en f\u00f6rtroendeposition. Vi str\u00e4var d\u00e4rf\u00f6r efter att uppfylla det f\u00f6rtroendet genom att &hellip; Continued","og_url":"https:\/\/www.directhealthcaregroup.com\/sv\/gdpr-och-sekretesspolicy\/","og_site_name":"DHG","twitter_card":"summary_large_image","twitter_misc":{"Est. reading time":"7 minutes"},"schema":{"@context":"https:\/\/schema.org","@graph":[{"@type":"WebPage","@id":"https:\/\/www.directhealthcaregroup.com\/sv\/gdpr-och-sekretesspolicy\/","url":"https:\/\/www.directhealthcaregroup.com\/sv\/gdpr-och-sekretesspolicy\/","name":"GDPR och sekretesspolicy | DHG","isPartOf":{"@id":"https:\/\/www.directhealthcaregroup.com\/#website"},"datePublished":"2020-11-10T14:24:06+00:00","breadcrumb":{"@id":"https:\/\/www.directhealthcaregroup.com\/sv\/gdpr-och-sekretesspolicy\/#breadcrumb"},"inLanguage":"sv-SE","potentialAction":[{"@type":"ReadAction","target":["https:\/\/www.directhealthcaregroup.com\/sv\/gdpr-och-sekretesspolicy\/"]}]},{"@type":"BreadcrumbList","@id":"https:\/\/www.directhealthcaregroup.com\/sv\/gdpr-och-sekretesspolicy\/#breadcrumb","itemListElement":[{"@type":"ListItem","position":1,"name":"Home","item":"https:\/\/www.directhealthcaregroup.com\/sv\/"},{"@type":"ListItem","position":2,"name":"GDPR och sekretesspolicy"}]},{"@type":"WebSite","@id":"https:\/\/www.directhealthcaregroup.com\/#website","url":"https:\/\/www.directhealthcaregroup.com\/","name":"DHG","description":"Moving Health Forward","publisher":{"@id":"https:\/\/www.directhealthcaregroup.com\/#organization"},"potentialAction":[{"@type":"SearchAction","target":{"@type":"EntryPoint","urlTemplate":"https:\/\/www.directhealthcaregroup.com\/?s={search_term_string}"},"query-input":{"@type":"PropertyValueSpecification","valueRequired":true,"valueName":"search_term_string"}}],"inLanguage":"sv-SE"},{"@type":"Organization","@id":"https:\/\/www.directhealthcaregroup.com\/#organization","name":"Direct Healthcare Group","url":"https:\/\/www.directhealthcaregroup.com\/","logo":{"@type":"ImageObject","inLanguage":"sv-SE","@id":"https:\/\/www.directhealthcaregroup.com\/#\/schema\/logo\/image\/","url":"https:\/\/directhealthcaregroup.com\/app\/uploads\/dhg-logo.png","contentUrl":"https:\/\/directhealthcaregroup.com\/app\/uploads\/dhg-logo.png","width":556,"height":240,"caption":"Direct Healthcare Group"},"image":{"@id":"https:\/\/www.directhealthcaregroup.com\/#\/schema\/logo\/image\/"}}]}},"_links":{"self":[{"href":"https:\/\/www.directhealthcaregroup.com\/sv\/wp-json\/wp\/v2\/pages\/106176","targetHints":{"allow":["GET"]}}],"collection":[{"href":"https:\/\/www.directhealthcaregroup.com\/sv\/wp-json\/wp\/v2\/pages"}],"about":[{"href":"https:\/\/www.directhealthcaregroup.com\/sv\/wp-json\/wp\/v2\/types\/page"}],"author":[{"embeddable":true,"href":"https:\/\/www.directhealthcaregroup.com\/sv\/wp-json\/wp\/v2\/users\/2"}],"replies":[{"embeddable":true,"href":"https:\/\/www.directhealthcaregroup.com\/sv\/wp-json\/wp\/v2\/comments?post=106176"}],"version-history":[{"count":0,"href":"https:\/\/www.directhealthcaregroup.com\/sv\/wp-json\/wp\/v2\/pages\/106176\/revisions"}],"wp:attachment":[{"href":"https:\/\/www.directhealthcaregroup.com\/sv\/wp-json\/wp\/v2\/media?parent=106176"}],"curies":[{"name":"wp","href":"https:\/\/api.w.org\/{rel}","templated":true}]}}