{"id":106177,"date":"2020-11-10T14:24:16","date_gmt":"2020-11-10T14:24:16","guid":{"rendered":"http:\/\/www.directhealthcaregroup.com\/trycksarsvard\/"},"modified":"2022-01-20T16:02:04","modified_gmt":"2022-01-20T16:02:04","slug":"trycksarsvard","status":"publish","type":"page","link":"https:\/\/www.directhealthcaregroup.com\/sv\/trycksarsvard\/","title":{"rendered":"Trycks\u00e5rsv\u00e5rd"},"content":{"rendered":"<p>Trycks\u00e5r kallas \u00e4ven liggs\u00e5r. De uppst\u00e5r n\u00e4r huden och underliggande v\u00e4vnad skadas. I mycket allvarliga fall kan \u00e4ven underliggande muskulatur och skelett skadas.<\/p>\n<p>Personer som inte kan flytta en del av eller hela sin kropp p\u00e5 grund av sjukdom, f\u00f6rlamning eller h\u00f6g \u00e5lder utvecklar ofta trycks\u00e5r.<\/p>\n<h3>Hur vanligt \u00e4r det med trycks\u00e5r?<\/h3>\n<p>Trycks\u00e5r \u00e4r ett utbrett och ofta underskattat h\u00e4lsoproblem. I Storbritannien uppskattas till exempel att 4\u201310\u00a0% av alla patienter som tas in p\u00e5 sjukhus kommer att utveckla minst ett trycks\u00e5r. F\u00f6r \u00e4ldre personer med r\u00f6rlighetsproblem kan siffran vara s\u00e5 h\u00f6g som 70\u00a0%.<\/p>\n<p>\u00c4ven med b\u00e4sta m\u00f6jliga l\u00e4karv\u00e5rd och omv\u00e5rdnad kan trycks\u00e5r vara sv\u00e5ra att f\u00f6rebygga hos s\u00e4rskilt utsatta personer.<\/p>\n<h3>Prognos<\/h3>\n<p>I vissa fall medf\u00f6r trycks\u00e5r en mindre ol\u00e4genhet som kan behandlas med enkel omv\u00e5rdnad. Ibland kan de dock orsaka omfattande skador p\u00e5 huden och leda till livshotande infektioner, t.ex. utbredd infektion i blodet (sepsis) och v\u00e4vnadsd\u00f6d (kallbrand).<\/p>\n<p>Det finns tv\u00e5 huvudm\u00e5l med v\u00e5rden av personer som ligger i riskzonen f\u00f6r att utveckla trycks\u00e5r. De \u00e4r:<\/p>\n<ul>\n<li>att f\u00f6rs\u00f6ka f\u00f6rhindra utvecklingen av trycks\u00e5r genom att anv\u00e4nda en s\u00e4rskild typ av f\u00f6rband och utrustning och genom att regelbundet \u00e4ndra patientens position.<\/li>\n<li>att behandla befintliga trycks\u00e5r genom att reng\u00f6ra dem och anv\u00e4nda antibiotika, f\u00f6rb\u00e4ttrat n\u00e4ringsintag, och, i de allvarligaste fallen, kirurgi.<\/li>\n<\/ul>\n<p>De omr\u00e5den som l\u00f6per st\u00f6rst risk att utveckla trycks\u00e5r \u00e4r de delar av kroppen som inte t\u00e4cks av en stor m\u00e4ngd kroppsfett och som \u00e4r i direkt kontakt med en st\u00f6dyta, t.ex. en s\u00e4ng eller rullstol.<\/p>\n<p>Den som \u00e4r s\u00e4ngbunden riskerar att f\u00e5 trycks\u00e5r p\u00e5 bland annat:<\/p>\n<ul>\n<li>axlar och skulderblad<\/li>\n<li>armb\u00e5gar<\/li>\n<li>baksidan av huvudet<\/li>\n<li>\u00f6rats kanter<\/li>\n<li>kn\u00e4n, vrister, h\u00e4lar och t\u00e5r<\/li>\n<li>l\u00e4ndrygg och h\u00f6ftben<\/li>\n<li>k\u00f6nsorgan (hos m\u00e4n)<\/li>\n<li>br\u00f6sten (hos kvinnor).<\/li>\n<\/ul>\n<p>Den som \u00e4r rullstolsburen l\u00f6per risk att f\u00e5 trycks\u00e5r p\u00e5:<\/p>\n<ul>\n<li>skinkorna<\/li>\n<li>svanskotan (det lilla benet l\u00e4ngst ner p\u00e5 ryggraden)<\/li>\n<li>ryggraden<\/li>\n<li>skulderbladen<\/li>\n<li>baksidan av armar och ben.<\/li>\n<\/ul>\n<h3>Gradering av trycks\u00e5r<\/h3>\n<p>H\u00e4lso- och sjukv\u00e5rdspersonal anv\u00e4nder ett graderingssystem f\u00f6r att beskriva hur allvarliga trycks\u00e5r \u00e4r. Graderingarna beskrivs nedan.<\/p>\n<p><strong><a href=\"http:\/\/directhealthcareservices.co.uk\/wp-content\/uploads\/2013\/01\/ulcer1.jpg\"><img loading=\"lazy\" decoding=\"async\" class=\"alignright wp-image-1566\" src=\"http:\/\/directhealthcareservices.co.uk\/wp-content\/uploads\/2013\/01\/ulcer1.jpg\" alt=\"trycks\u00e5r1\" width=\"144\" height=\"96\" \/><\/a>Kategori\u00a0ett<\/strong><\/p>\n<p>Ett trycks\u00e5r av grad 1 \u00e4r den mest ytliga typen av s\u00e5r. Det ber\u00f6rda hudomr\u00e5det \u00e4r missf\u00e4rgat och \u00e4r r\u00f6tt p\u00e5 personer med vit hudf\u00e4rg, och lila eller bl\u00e5tt p\u00e5 personer med m\u00f6rkare hudf\u00e4rg. F\u00f6r ett trycks\u00e5r av grad 1 f\u00f6rblir huden intakt, men det kan g\u00f6ra ont eller klia. Det kan \u00e4ven k\u00e4nnas varmt och svampaktigt eller h\u00e5rt vid ber\u00f6ring.<\/p>\n<p><img loading=\"lazy\" decoding=\"async\" class=\"alignright wp-image-1567\" src=\"http:\/\/directhealthcareservices.co.uk\/wp-content\/uploads\/2013\/01\/ulcer2.jpg\" alt=\"trycks\u00e5r2\" width=\"144\" height=\"96\" \/><\/p>\n<p><strong>Kategori tv\u00e5<\/strong><\/p>\n<p>Ett trycks\u00e5r av grad 2 \u00e4r en delhudsskada av hudens yttre yta (epidermis) och\/eller det djupare hudlagret (dermis), vilket leder till hudf\u00f6rlust.<\/p>\n<p>S\u00e5ret ser ut som ett \u00f6ppet s\u00e5r eller en bl\u00e5sa.<\/p>\n<p><img loading=\"lazy\" decoding=\"async\" class=\"alignright wp-image-1568\" src=\"http:\/\/directhealthcareservices.co.uk\/wp-content\/uploads\/2013\/01\/ulcer3.jpg\" alt=\"trycks\u00e5r3\" width=\"144\" height=\"96\" \/><\/p>\n<p><strong>Kategori tre<\/strong><\/p>\n<p>Ett trycks\u00e5r av grad 3 utg\u00f6r en fullhudsskada d\u00e4r ocks\u00e5 underhudsv\u00e4vnaden \u00e4r skadad. Underliggande muskulatur och skelett \u00e4r inte skadat.<\/p>\n<p>S\u00e5ret blir till en djup h\u00e5lighet.<\/p>\n<p><img loading=\"lazy\" decoding=\"async\" class=\"alignright wp-image-1569\" src=\"http:\/\/directhealthcareservices.co.uk\/wp-content\/uploads\/2013\/01\/ulcer4.jpg\" alt=\"trycks\u00e5r4\" width=\"144\" height=\"96\" \/><\/p>\n<p><strong>Kategori fyra<\/strong><\/p>\n<p>Ett trycks\u00e5r av grad 4 \u00e4r den allvarligaste typen. Huden \u00e4r allvarligt skadad och den omgivande v\u00e4vnaden b\u00f6rjar d\u00f6 (v\u00e4vnadsnekros). Underliggande muskulatur, och skelettet, kan ocks\u00e5 skadas.<\/p>\n<p>Trycks\u00e5r av grad 4 inneb\u00e4r att personen l\u00f6per h\u00f6g risk att utveckla en livshotande infektion.<\/p>\n<p>Eftersom trycks\u00e5r \u00e4r ett komplext h\u00e4lsoproblem, som uppst\u00e5r p\u00e5 grund av m\u00e5nga relaterade faktorer, kan v\u00e5rden ges av ett v\u00e5rdteam best\u00e5ende av flera olika specialister. Den h\u00e4r typen av team kallas ibland f\u00f6r ett tv\u00e4rvetenskapligt team.<\/p>\n<p>Medlemmar i ett tv\u00e4rvetenskapligt team kan omfatta:<\/p>\n<ul>\n<li>sjuksk\u00f6terskor<\/li>\n<li>inkontinensr\u00e5dgivare<\/li>\n<li>socialarbetare<\/li>\n<li>fysioterapeuter<\/li>\n<li>arbetsterapeuter<\/li>\n<li>dietister<\/li>\n<li>urologer (l\u00e4kare som specialiserar sig p\u00e5 behandling av tillst\u00e5nd som p\u00e5verkar urinv\u00e4garna)<\/li>\n<li>gastroenterolog (l\u00e4kare som specialiserar sig p\u00e5 behandling av tillst\u00e5nd som p\u00e5verkar tarmarna)<\/li>\n<li>plastikkirurger<\/li>\n<li>ortopedkirurger (kirurg som \u00e4r specialiserad p\u00e5 behandling av tillst\u00e5nd som p\u00e5verkar leder och skelett)<\/li>\n<li>neurokirurger (kirurg som specialiserar sig p\u00e5 behandling av tillst\u00e5nd som p\u00e5verkar hj\u00e4rnan och nervsystemet)<\/li>\n<\/ul>\n<h3>Byta position<\/h3>\n<p>Att regelbundet f\u00f6rflytta din kropp och \u00e4ndra position \u00e4r ett av de b\u00e4sta s\u00e4tten att f\u00f6rhindra att trycks\u00e5r uppst\u00e5r och lindra trycket p\u00e5 trycks\u00e5r av grad 1 och 2.<\/p>\n<p>N\u00e4r din riskbed\u00f6mning har slutf\u00f6rts kommer v\u00e5rdteamet att uppr\u00e4tta ett schema f\u00f6r byte av position som anger hur ofta du beh\u00f6ver flytta p\u00e5 dig. F\u00f6r vissa personer kan det vara s\u00e5 ofta som var 15:e minut, medan andra endast beh\u00f6ver flytta p\u00e5 sig varannan timme.<\/p>\n<p>En sjuksk\u00f6terska eller fysioterapeut kan ocks\u00e5 ge dig utbildning och r\u00e5d om:<\/p>\n<ul>\n<li>korrekta sittande och liggande positioner<\/li>\n<li>hur du kan justera din sittande och liggande position<\/li>\n<li>hur ofta du beh\u00f6ver flytta p\u00e5 dig eller bli flyttad<\/li>\n<li>hur du b\u00e4st st\u00f6der dina f\u00f6tter<\/li>\n<li>hur du bibeh\u00e5ller en god h\u00e5llning<\/li>\n<li>den specialutrustning som du b\u00f6r anv\u00e4nda och hur du anv\u00e4nder den.<\/li>\n<\/ul>\n<h3>Madrasser och sittdynor<\/h3>\n<p>En rad s\u00e4rskilda madrasser och kuddar finns tillg\u00e4ngliga som kan anv\u00e4ndas f\u00f6r att minska trycket p\u00e5 utsatta delar av kroppen. Ditt v\u00e5rdteam kommer att diskutera vilka typer av madrasser och sittdynor som passar dig b\u00e4st.<\/p>\n<p>Personer som anses vara i riskzonen f\u00f6r att utveckla trycks\u00e5r, eller som redan har trycks\u00e5r av grad 1 eller 2, gynnas vanligen av att vila p\u00e5 en s\u00e4rskilt utformad skummadrass som lindrar trycket p\u00e5 kroppen.<\/p>\n<p>Personer som har trycks\u00e5r av grad 3 eller 4 kr\u00e4ver en mer avancerad madrass eller s\u00e4ngsysteml\u00f6sning. Det finns till exempel madrasser som kan anslutas till ett konstant luftfl\u00f6de som automatiskt regleras f\u00f6r att minska trycket vid behov.<\/p>\n<h3>F\u00f6rband<\/h3>\n<p>Specialdesignade f\u00f6rband och bandage finns tillg\u00e4ngliga som kan anv\u00e4ndas f\u00f6r att skydda trycks\u00e5r och p\u00e5skynda l\u00e4kningsprocessen.<\/p>\n<p>Exempel p\u00e5 s\u00e5dana typer av f\u00f6rband \u00e4r:<\/p>\n<ul>\n<li>Hydrokolloidf\u00f6rband \u2013 f\u00f6rband som inneh\u00e5ller en s\u00e4rskild gel som stimulerar tillv\u00e4xten av nya hudceller i s\u00e5ret och samtidigt h\u00e5ller det omgivande omr\u00e5det friskt och torrt.<\/li>\n<li>Alginatf\u00f6rband \u2013 f\u00f6rband som \u00e4r tillverkade av t\u00e5ng och inneh\u00e5ller natrium och kalcium, vilket p\u00e5skyndar l\u00e4kningsprocessen.<\/li>\n<\/ul>\n<h3>Topikala preparat<\/h3>\n<p>Topikala preparat, t.ex. kr\u00e4m och salvor, kan anv\u00e4ndas f\u00f6r att p\u00e5skynda l\u00e4kningsprocessen och samtidigt f\u00f6rhindra ytterligare v\u00e4vnadsskador. En typ av kemikalie, renh\u00e5llare som binder fria syreradikaler, kan bidra till att f\u00f6rhindra cellskador p\u00e5 genniv\u00e5.<\/p>\n<h3>Antibiotika<\/h3>\n<p>Om du har ett trycks\u00e5r kan du f\u00e5 antibiotika f\u00f6r att f\u00f6rhindra att det blir infekterat av bakterier och, som en f\u00f6rsiktighets\u00e5tg\u00e4rd, f\u00f6rhindra att en sekund\u00e4r infektion utvecklas.<\/p>\n<p>Antiseptisk kr\u00e4m kan \u00e4ven appliceras direkt p\u00e5 alla trycks\u00e5r f\u00f6r att avl\u00e4gsna eventuella bakterier.<\/p>\n<h3>N\u00e4ring<\/h3>\n<p>Vissa kosttillskott, t.ex. protein, zink och C-vitamin, har visat sig p\u00e5skynda s\u00e5rl\u00e4kning. Om din kost saknar de vitaminerna och mineralerna kan huden vara mer ben\u00e4gen att utveckla trycks\u00e5r.<\/p>\n<p>Till f\u00f6ljd av det kan du bli remitterad till en dietist s\u00e5 att en l\u00e4mplig kostplan kan uppr\u00e4ttas f\u00f6r dig.<\/p>\n<h3>Debridering<\/h3>\n<p>I vissa fall kan det vara n\u00f6dv\u00e4ndigt att ta bort d\u00f6d v\u00e4vnad fr\u00e5n s\u00e5ret f\u00f6r att stimulera l\u00e4kningsprocessen. Det kallas f\u00f6r debridering.<\/p>\n<p>Om det finns en liten m\u00e4ngd d\u00f6d v\u00e4vnad kan det vara m\u00f6jligt att ta bort den med hj\u00e4lp av s\u00e4rskilt utformade f\u00f6rband och kr\u00e4mer.<\/p>\n<p>St\u00f6rre m\u00e4ngder d\u00f6d v\u00e4vnad kan avl\u00e4gsnas med mekaniska metoder. N\u00e5gra mekaniska metoder f\u00f6r debridering inkluderar:<\/p>\n<ul>\n<li>reng\u00f6ring och spolning \u2013 d\u00e4r d\u00f6d v\u00e4vnad tas bort med h\u00f6gtrycksspolning<\/li>\n<li>ultraljud \u2013 d\u00e4r d\u00f6d v\u00e4vnad avl\u00e4gsnas med l\u00e5gfrekventa energiv\u00e5gor<\/li>\n<li>laser \u2013 d\u00e4r d\u00f6d v\u00e4vnad tas bort med fokuserade ljusstr\u00e5lar.<\/li>\n<\/ul>\n<h3>Larvterapi<\/h3>\n<p>Larvterapi \u00e4r en alternativ metod f\u00f6r debridering. Larver \u00e4r idealiska f\u00f6r debridering eftersom de livn\u00e4r sig p\u00e5 d\u00f6d och infekterad v\u00e4vnad men l\u00e4mnar frisk v\u00e4vnad or\u00f6rd. De hj\u00e4lper \u00e4ven till att bek\u00e4mpa infektioner genom att frig\u00f6ra \u00e4mnen som d\u00f6dar bakterier och stimulerar l\u00e4kningsprocessen.<\/p>\n<p>Under larvterapin l\u00e4ggs larver i ett s\u00e5rf\u00f6rband och sedan t\u00e4cks omr\u00e5det med gasbinda. Efter n\u00e5gra dagar tas f\u00f6rbandet av och larverna tas bort.<\/p>\n<h3>Kirurgi<\/h3>\n<p>Ibland kan det h\u00e4nda att det inte \u00e4r m\u00f6jligt f\u00f6r ett trycks\u00e5r av grad 3 eller 4 att l\u00e4ka, och att operation kr\u00e4vs f\u00f6r att st\u00e4nga s\u00e5ret och f\u00f6rhindra att ytterligare v\u00e4vnadsskador uppst\u00e5r.<\/p>\n<p>En allm\u00e4nt anv\u00e4nd kirurgisk teknik f\u00f6r behandling av trycks\u00e5r \u00e4r det som kallas lamb\u00e5plastik (hudtransplantation). Med den h\u00e4r tekniken anv\u00e4nder kirurgen en skalpell f\u00f6r att debridera s\u00e5ret fr\u00e5n d\u00f6d v\u00e4vnad. En hud- och muskelflik tas sedan fr\u00e5n en annan del av kroppen och anv\u00e4nds f\u00f6r att t\u00e4cka \u00f6ver s\u00e5romr\u00e5det.<\/p>\n<p>Lamb\u00e5plastik kan vara en utmaning, och det f\u00f6rsv\u00e5ras ofta av det faktum att de flesta m\u00e4nniskor som genomg\u00e5r ingreppet redan har ett d\u00e5ligt h\u00e4lsotillst\u00e5nd. Till f\u00f6ljd av de h\u00e4r riskfaktorerna finns det ett stort antal m\u00f6jliga komplikationer som kan uppst\u00e5 efter operation, bland annat:<\/p>\n<ul>\n<li>infektion<\/li>\n<li>v\u00e4vnadsd\u00f6d i den transplanterade hudfliken<\/li>\n<li>muskelsvaghet<\/li>\n<li>bl\u00e5sor<\/li>\n<li>\u00e5terkommande trycks\u00e5r<\/li>\n<li>infektion i blodet<\/li>\n<li>infektion i skelettet<\/li>\n<li>inre bl\u00f6dning<\/li>\n<li>abscesser<\/li>\n<li>djup ventrombos.<\/li>\n<\/ul>\n<p>Trots den h\u00f6ga risken f\u00f6r komplikationer \u00e4r kirurgi ofta en klinisk n\u00f6dv\u00e4ndighet f\u00f6r att f\u00f6rhindra livshotande komplikationer av trycks\u00e5r som f\u00f6rv\u00e4rras, t.ex. blodf\u00f6rgiftning eller kallbrand.<\/p>\n","protected":false},"excerpt":{"rendered":"<p>Trycks\u00e5r kallas \u00e4ven liggs\u00e5r. De uppst\u00e5r n\u00e4r huden och underliggande v\u00e4vnad skadas. I mycket allvarliga fall kan \u00e4ven underliggande muskulatur och skelett skadas. Personer som inte kan flytta en del av eller hela sin kropp p\u00e5 grund av sjukdom, f\u00f6rlamning eller h\u00f6g \u00e5lder utvecklar ofta trycks\u00e5r. Hur vanligt \u00e4r det med trycks\u00e5r? Trycks\u00e5r \u00e4r ett &hellip; <a href=\"https:\/\/www.directhealthcaregroup.com\/sv\/trycksarsvard\/\">Continued<\/a><\/p>\n","protected":false},"author":2,"featured_media":0,"parent":0,"menu_order":0,"comment_status":"closed","ping_status":"closed","template":"","meta":{"_acf_changed":false,"footnotes":""},"class_list":["post-106177","page","type-page","status-publish","hentry"],"acf":[],"yoast_head":"<!-- This site is optimized with the Yoast SEO plugin v27.4 - https:\/\/yoast.com\/product\/yoast-seo-wordpress\/ -->\n<title>Trycks\u00e5rsv\u00e5rd | DHG<\/title>\n<meta name=\"robots\" content=\"index, follow, max-snippet:-1, max-image-preview:large, max-video-preview:-1\" \/>\n<link rel=\"canonical\" href=\"https:\/\/www.directhealthcaregroup.com\/sv\/trycksarsvard\/\" \/>\n<meta property=\"og:locale\" content=\"sv_SE\" \/>\n<meta property=\"og:type\" content=\"article\" \/>\n<meta property=\"og:title\" content=\"Trycks\u00e5rsv\u00e5rd | DHG\" \/>\n<meta property=\"og:description\" content=\"Trycks\u00e5r kallas \u00e4ven liggs\u00e5r. De uppst\u00e5r n\u00e4r huden och underliggande v\u00e4vnad skadas. I mycket allvarliga fall kan \u00e4ven underliggande muskulatur och skelett skadas. Personer som inte kan flytta en del av eller hela sin kropp p\u00e5 grund av sjukdom, f\u00f6rlamning eller h\u00f6g \u00e5lder utvecklar ofta trycks\u00e5r. Hur vanligt \u00e4r det med trycks\u00e5r? Trycks\u00e5r \u00e4r ett &hellip; Continued\" \/>\n<meta property=\"og:url\" content=\"https:\/\/www.directhealthcaregroup.com\/sv\/trycksarsvard\/\" \/>\n<meta property=\"og:site_name\" content=\"DHG\" \/>\n<meta property=\"article:modified_time\" content=\"2022-01-20T16:02:04+00:00\" \/>\n<meta property=\"og:image\" content=\"http:\/\/directhealthcareservices.co.uk\/wp-content\/uploads\/2013\/01\/ulcer1.jpg\" \/>\n<meta name=\"twitter:card\" content=\"summary_large_image\" \/>\n<meta name=\"twitter:label1\" content=\"Est. reading time\" \/>\n\t<meta name=\"twitter:data1\" content=\"8 minutes\" \/>\n<script type=\"application\/ld+json\" class=\"yoast-schema-graph\">{\"@context\":\"https:\\\/\\\/schema.org\",\"@graph\":[{\"@type\":\"WebPage\",\"@id\":\"https:\\\/\\\/www.directhealthcaregroup.com\\\/sv\\\/trycksarsvard\\\/\",\"url\":\"https:\\\/\\\/www.directhealthcaregroup.com\\\/sv\\\/trycksarsvard\\\/\",\"name\":\"Trycks\u00e5rsv\u00e5rd | DHG\",\"isPartOf\":{\"@id\":\"https:\\\/\\\/www.directhealthcaregroup.com\\\/#website\"},\"primaryImageOfPage\":{\"@id\":\"https:\\\/\\\/www.directhealthcaregroup.com\\\/sv\\\/trycksarsvard\\\/#primaryimage\"},\"image\":{\"@id\":\"https:\\\/\\\/www.directhealthcaregroup.com\\\/sv\\\/trycksarsvard\\\/#primaryimage\"},\"thumbnailUrl\":\"http:\\\/\\\/directhealthcareservices.co.uk\\\/wp-content\\\/uploads\\\/2013\\\/01\\\/ulcer1.jpg\",\"datePublished\":\"2020-11-10T14:24:16+00:00\",\"dateModified\":\"2022-01-20T16:02:04+00:00\",\"breadcrumb\":{\"@id\":\"https:\\\/\\\/www.directhealthcaregroup.com\\\/sv\\\/trycksarsvard\\\/#breadcrumb\"},\"inLanguage\":\"sv-SE\",\"potentialAction\":[{\"@type\":\"ReadAction\",\"target\":[\"https:\\\/\\\/www.directhealthcaregroup.com\\\/sv\\\/trycksarsvard\\\/\"]}]},{\"@type\":\"ImageObject\",\"inLanguage\":\"sv-SE\",\"@id\":\"https:\\\/\\\/www.directhealthcaregroup.com\\\/sv\\\/trycksarsvard\\\/#primaryimage\",\"url\":\"http:\\\/\\\/directhealthcareservices.co.uk\\\/wp-content\\\/uploads\\\/2013\\\/01\\\/ulcer1.jpg\",\"contentUrl\":\"http:\\\/\\\/directhealthcareservices.co.uk\\\/wp-content\\\/uploads\\\/2013\\\/01\\\/ulcer1.jpg\"},{\"@type\":\"BreadcrumbList\",\"@id\":\"https:\\\/\\\/www.directhealthcaregroup.com\\\/sv\\\/trycksarsvard\\\/#breadcrumb\",\"itemListElement\":[{\"@type\":\"ListItem\",\"position\":1,\"name\":\"Home\",\"item\":\"https:\\\/\\\/www.directhealthcaregroup.com\\\/sv\\\/\"},{\"@type\":\"ListItem\",\"position\":2,\"name\":\"Trycks\u00e5rsv\u00e5rd\"}]},{\"@type\":\"WebSite\",\"@id\":\"https:\\\/\\\/www.directhealthcaregroup.com\\\/#website\",\"url\":\"https:\\\/\\\/www.directhealthcaregroup.com\\\/\",\"name\":\"DHG\",\"description\":\"Moving Health Forward\",\"publisher\":{\"@id\":\"https:\\\/\\\/www.directhealthcaregroup.com\\\/#organization\"},\"potentialAction\":[{\"@type\":\"SearchAction\",\"target\":{\"@type\":\"EntryPoint\",\"urlTemplate\":\"https:\\\/\\\/www.directhealthcaregroup.com\\\/?s={search_term_string}\"},\"query-input\":{\"@type\":\"PropertyValueSpecification\",\"valueRequired\":true,\"valueName\":\"search_term_string\"}}],\"inLanguage\":\"sv-SE\"},{\"@type\":\"Organization\",\"@id\":\"https:\\\/\\\/www.directhealthcaregroup.com\\\/#organization\",\"name\":\"Direct Healthcare Group\",\"url\":\"https:\\\/\\\/www.directhealthcaregroup.com\\\/\",\"logo\":{\"@type\":\"ImageObject\",\"inLanguage\":\"sv-SE\",\"@id\":\"https:\\\/\\\/www.directhealthcaregroup.com\\\/#\\\/schema\\\/logo\\\/image\\\/\",\"url\":\"https:\\\/\\\/directhealthcaregroup.com\\\/app\\\/uploads\\\/dhg-logo.png\",\"contentUrl\":\"https:\\\/\\\/directhealthcaregroup.com\\\/app\\\/uploads\\\/dhg-logo.png\",\"width\":556,\"height\":240,\"caption\":\"Direct Healthcare Group\"},\"image\":{\"@id\":\"https:\\\/\\\/www.directhealthcaregroup.com\\\/#\\\/schema\\\/logo\\\/image\\\/\"}}]}<\/script>\n<!-- \/ Yoast SEO plugin. -->","yoast_head_json":{"title":"Trycks\u00e5rsv\u00e5rd | DHG","robots":{"index":"index","follow":"follow","max-snippet":"max-snippet:-1","max-image-preview":"max-image-preview:large","max-video-preview":"max-video-preview:-1"},"canonical":"https:\/\/www.directhealthcaregroup.com\/sv\/trycksarsvard\/","og_locale":"sv_SE","og_type":"article","og_title":"Trycks\u00e5rsv\u00e5rd | DHG","og_description":"Trycks\u00e5r kallas \u00e4ven liggs\u00e5r. De uppst\u00e5r n\u00e4r huden och underliggande v\u00e4vnad skadas. I mycket allvarliga fall kan \u00e4ven underliggande muskulatur och skelett skadas. Personer som inte kan flytta en del av eller hela sin kropp p\u00e5 grund av sjukdom, f\u00f6rlamning eller h\u00f6g \u00e5lder utvecklar ofta trycks\u00e5r. Hur vanligt \u00e4r det med trycks\u00e5r? Trycks\u00e5r \u00e4r ett &hellip; Continued","og_url":"https:\/\/www.directhealthcaregroup.com\/sv\/trycksarsvard\/","og_site_name":"DHG","article_modified_time":"2022-01-20T16:02:04+00:00","og_image":[{"url":"http:\/\/directhealthcareservices.co.uk\/wp-content\/uploads\/2013\/01\/ulcer1.jpg","type":"","width":"","height":""}],"twitter_card":"summary_large_image","twitter_misc":{"Est. reading time":"8 minutes"},"schema":{"@context":"https:\/\/schema.org","@graph":[{"@type":"WebPage","@id":"https:\/\/www.directhealthcaregroup.com\/sv\/trycksarsvard\/","url":"https:\/\/www.directhealthcaregroup.com\/sv\/trycksarsvard\/","name":"Trycks\u00e5rsv\u00e5rd | DHG","isPartOf":{"@id":"https:\/\/www.directhealthcaregroup.com\/#website"},"primaryImageOfPage":{"@id":"https:\/\/www.directhealthcaregroup.com\/sv\/trycksarsvard\/#primaryimage"},"image":{"@id":"https:\/\/www.directhealthcaregroup.com\/sv\/trycksarsvard\/#primaryimage"},"thumbnailUrl":"http:\/\/directhealthcareservices.co.uk\/wp-content\/uploads\/2013\/01\/ulcer1.jpg","datePublished":"2020-11-10T14:24:16+00:00","dateModified":"2022-01-20T16:02:04+00:00","breadcrumb":{"@id":"https:\/\/www.directhealthcaregroup.com\/sv\/trycksarsvard\/#breadcrumb"},"inLanguage":"sv-SE","potentialAction":[{"@type":"ReadAction","target":["https:\/\/www.directhealthcaregroup.com\/sv\/trycksarsvard\/"]}]},{"@type":"ImageObject","inLanguage":"sv-SE","@id":"https:\/\/www.directhealthcaregroup.com\/sv\/trycksarsvard\/#primaryimage","url":"http:\/\/directhealthcareservices.co.uk\/wp-content\/uploads\/2013\/01\/ulcer1.jpg","contentUrl":"http:\/\/directhealthcareservices.co.uk\/wp-content\/uploads\/2013\/01\/ulcer1.jpg"},{"@type":"BreadcrumbList","@id":"https:\/\/www.directhealthcaregroup.com\/sv\/trycksarsvard\/#breadcrumb","itemListElement":[{"@type":"ListItem","position":1,"name":"Home","item":"https:\/\/www.directhealthcaregroup.com\/sv\/"},{"@type":"ListItem","position":2,"name":"Trycks\u00e5rsv\u00e5rd"}]},{"@type":"WebSite","@id":"https:\/\/www.directhealthcaregroup.com\/#website","url":"https:\/\/www.directhealthcaregroup.com\/","name":"DHG","description":"Moving Health Forward","publisher":{"@id":"https:\/\/www.directhealthcaregroup.com\/#organization"},"potentialAction":[{"@type":"SearchAction","target":{"@type":"EntryPoint","urlTemplate":"https:\/\/www.directhealthcaregroup.com\/?s={search_term_string}"},"query-input":{"@type":"PropertyValueSpecification","valueRequired":true,"valueName":"search_term_string"}}],"inLanguage":"sv-SE"},{"@type":"Organization","@id":"https:\/\/www.directhealthcaregroup.com\/#organization","name":"Direct Healthcare Group","url":"https:\/\/www.directhealthcaregroup.com\/","logo":{"@type":"ImageObject","inLanguage":"sv-SE","@id":"https:\/\/www.directhealthcaregroup.com\/#\/schema\/logo\/image\/","url":"https:\/\/directhealthcaregroup.com\/app\/uploads\/dhg-logo.png","contentUrl":"https:\/\/directhealthcaregroup.com\/app\/uploads\/dhg-logo.png","width":556,"height":240,"caption":"Direct Healthcare Group"},"image":{"@id":"https:\/\/www.directhealthcaregroup.com\/#\/schema\/logo\/image\/"}}]}},"_links":{"self":[{"href":"https:\/\/www.directhealthcaregroup.com\/sv\/wp-json\/wp\/v2\/pages\/106177","targetHints":{"allow":["GET"]}}],"collection":[{"href":"https:\/\/www.directhealthcaregroup.com\/sv\/wp-json\/wp\/v2\/pages"}],"about":[{"href":"https:\/\/www.directhealthcaregroup.com\/sv\/wp-json\/wp\/v2\/types\/page"}],"author":[{"embeddable":true,"href":"https:\/\/www.directhealthcaregroup.com\/sv\/wp-json\/wp\/v2\/users\/2"}],"replies":[{"embeddable":true,"href":"https:\/\/www.directhealthcaregroup.com\/sv\/wp-json\/wp\/v2\/comments?post=106177"}],"version-history":[{"count":2,"href":"https:\/\/www.directhealthcaregroup.com\/sv\/wp-json\/wp\/v2\/pages\/106177\/revisions"}],"predecessor-version":[{"id":151459,"href":"https:\/\/www.directhealthcaregroup.com\/sv\/wp-json\/wp\/v2\/pages\/106177\/revisions\/151459"}],"wp:attachment":[{"href":"https:\/\/www.directhealthcaregroup.com\/sv\/wp-json\/wp\/v2\/media?parent=106177"}],"curies":[{"name":"wp","href":"https:\/\/api.w.org\/{rel}","templated":true}]}}