{"id":106178,"date":"2020-11-10T14:24:27","date_gmt":"2020-11-10T14:24:27","guid":{"rendered":"http:\/\/www.directhealthcaregroup.com\/specialstolar\/"},"modified":"2020-11-10T14:24:27","modified_gmt":"2020-11-10T14:24:27","slug":"specialstolar","status":"publish","type":"page","link":"https:\/\/www.directhealthcaregroup.com\/sv\/specialstolar\/","title":{"rendered":"Specialstolar"},"content":{"rendered":"<p>&nbsp;<\/p>\n<h3>Praktisk v\u00e4gledning f\u00f6r bed\u00f6mningar av specialstolar<\/h3>\n<p>Direct Healthcare Groups viktiga handbok f\u00f6r att hj\u00e4lpa dig att tryggt bed\u00f6ma och f\u00f6rskriva en specialstol. Med en introduktion av professor Michael Clark och viktig v\u00e4gledning av OT-ambassad\u00f6ren Ellie Burcher kommer den praktiska v\u00e4gledningen f\u00f6r bed\u00f6mningar av specialstolar att st\u00f6dja l\u00e4karens \u00f6verv\u00e4ganden av de praktiska aspekterna i bed\u00f6mningsprocessen.<\/p>\n<p>Du h\u00e4mtar en kopia av den praktiska handboken f\u00f6r expertbed\u00f6mningar av sittplatser genom att <a class=\"popup-form-modal\" title=\"H\u00e4mta den praktiska v\u00e4gledningen f\u00f6r bed\u00f6mningar av specialstolar\" href=\"#popup-form-modal\">Klicka h\u00e4r<\/a><\/p>\n<h3>Specialstolar<\/h3>\n<p class=\"first_para\">Det \u00e4r vanligt att l\u00e4sa, chatta, arbeta och titta p\u00e5 TV sittande. En bra sittst\u00e4llning g\u00f6r det m\u00f6jligt f\u00f6r oss att utf\u00f6ra dagliga uppgifter utan att beh\u00f6va fundera \u00f6ver hur vi sitter i termer av balans, stabilitet eller komfort.<\/p>\n<p>Sm\u00e5 r\u00f6relser p\u00e5 plats g\u00f6r att vi kan korrigera obehag och beh\u00e5lla v\u00e5r h\u00e5llning efter hur bekv\u00e4ma vi \u00e4r, vad vi g\u00f6r och vad som h\u00e4nder runt&nbsp;oss. Det \u00e4r uppenbart att vi s\u00e4llan \u00e4gnar oss \u00e5t att bara sitta och att vi s\u00e4llan sitter helt stilla.<\/p>\n<p>Om vi tittar p\u00e5 olika typer av stolar ser vi att s\u00e4tets h\u00f6jd och djup, armst\u00f6den och tll och med dynans fasthet, kan p\u00e5verka hur mycket vi \u00e4ndrar v\u00e5r position f\u00f6r b\u00e4ttre st\u00f6d eller f\u00f6r att minska trycket p\u00e5 muskler och leder. Det \u00e4r viktigt att matcha stolens funktioner med brukarens fysiska behov, samt att \u00f6verv\u00e4ga var stolen ska anv\u00e4ndas och vad brukaren ska g\u00f6ra sittande.<\/p>\n<p>Genom att g\u00f6ra det hoppas vi kunna se f\u00f6rdelarna av en god sittst\u00e4llning, t.ex. en mer aktiv och konstruktiv livsstil, snabbare \u00e5terh\u00e4mtning fr\u00e5n sjukdom, underh\u00e5ll av kroppsform och f\u00f6rebyggande av tryckrelaterade problem. P\u00e5 samma s\u00e4tt kan de h\u00e4r f\u00f6rdelarna leda till \u00f6kad sj\u00e4lvst\u00e4ndighet, \u00f6kat v\u00e4lbefinnande och en b\u00e4ttre livsstil f\u00f6r brukaren.<\/p>\n<h3>Vetenskapen om god sittst\u00e4llning<\/h3>\n<p>\u00c4ven om vi alla kan uppskatta vikten av bra sittplatser \u00e4r det ibland sv\u00e5rt att uppn\u00e5 r\u00e4tt sittst\u00e4llning. Det finns ett stort antal faktorer att ta h\u00e4nsyn till i tillhandah\u00e5llandet av specialstolar, men n\u00e5gra viktiga faktorer hj\u00e4lper till att s\u00e4kerst\u00e4lla korrekta f\u00f6reskrifter:<\/p>\n<ul>\n<li>Sitth\u00f6jd<\/li>\n<li>Armst\u00f6dsh\u00f6jd<\/li>\n<li>L\u00e4ndryggsst\u00f6d<\/li>\n<li>S\u00e4tesdjup<\/li>\n<li>S\u00e4tesvinkel<\/li>\n<li>S\u00e4tesbredd<\/li>\n<\/ul>\n<h3>Problem i samband med felaktig sittst\u00e4llning<\/h3>\n<p>Majoriteten av befolkningen anv\u00e4nder en felaktig sittst\u00e4llning och tyv\u00e4rr \u00e4r det vanligt att sitta ihopsjunken och regelbundet \u00e4ndra position. D\u00e5lig sittst\u00e4llning och ol\u00e4mpliga stolar kan utveckla och\/eller f\u00f6rv\u00e4rra b\u00e5de fysiska och medicinska tillst\u00e5nd med l\u00e5ngtg\u00e5ende konsekvenser f\u00f6r livskvaliteten och det allm\u00e4nna v\u00e4lbefinnandet. Att sitta kr\u00e4ver mer anstr\u00e4ngning \u00e4n du tror.<\/p>\n<h3>Sv\u00e5righeter att resa sig<\/h3>\n<p>Det \u00e4r ofta sv\u00e5rt att resa sig till f\u00f6ljd av minskad muskelstyrka och f\u00f6rs\u00e4mrad funktion i lederna. Det kan \u00e4ven f\u00f6rv\u00e4rras p\u00e5 grund av stolen som du sitter i genom:<\/p>\n<ul>\n<li>f\u00f6r l\u00e5g sitth\u00f6jd och\/eller f\u00f6r mjuk sits,<\/li>\n<li>ol\u00e4mpligt s\u00e4tesdjup,<\/li>\n<li>stor ryggst\u00f6dsvinkel,<\/li>\n<li>f\u00f6r korta eller obefintliga armst\u00f6d.<\/li>\n<\/ul>\n<h3>Blockering av vener och nerver<\/h3>\n<p>En \u00f6verdrivet h\u00f6g sittst\u00e4llning med benen h\u00e4ngande kan leda till att vener och nerver blockeras, vilket leder till \u00e5derbr\u00e5ck, sovande ben och domningar.<\/p>\n<h3>Tarmproblem<\/h3>\n<p>Ett alltf\u00f6r l\u00e5gt s\u00e4te med en spetsig vinkel mellan \u00f6verkroppen och l\u00e5ren kan ge upphov till tarmproblem.<\/p>\n<h3>Ryggv\u00e4rk och d\u00e5lig h\u00e5llning<\/h3>\n<p>Ol\u00e4mplig vaddering kan leda till en ihopsjunken rygg och konvex form som kan leda till ryggont och andra relaterade led- och muskelsjukdomar.<\/p>\n<h3>Irriterad v\u00e4vnad och ryggsm\u00e4rtor<\/h3>\n<p>Felaktig s\u00e4tesh\u00f6jd kan orsaka tryck p\u00e5 undersidan. En \u00f6verdriven sned vinkel p\u00e5 ryggen eller f\u00f6r djup\/f\u00f6r l\u00e5g sits, kan leda till irriterad v\u00e4vnad, ryggv\u00e4rk och orsaka sv\u00e5righeter att resa sig.<\/p>\n","protected":false},"excerpt":{"rendered":"<p>&nbsp; Praktisk v\u00e4gledning f\u00f6r bed\u00f6mningar av specialstolar Direct Healthcare Groups viktiga handbok f\u00f6r att hj\u00e4lpa dig att tryggt bed\u00f6ma och f\u00f6rskriva en specialstol. Med en introduktion av professor Michael Clark och viktig v\u00e4gledning av OT-ambassad\u00f6ren Ellie Burcher kommer den praktiska v\u00e4gledningen f\u00f6r bed\u00f6mningar av specialstolar att st\u00f6dja l\u00e4karens \u00f6verv\u00e4ganden av de praktiska aspekterna i bed\u00f6mningsprocessen. &hellip; <a href=\"https:\/\/www.directhealthcaregroup.com\/sv\/specialstolar\/\">Continued<\/a><\/p>\n","protected":false},"author":2,"featured_media":0,"parent":0,"menu_order":0,"comment_status":"closed","ping_status":"closed","template":"","meta":{"_acf_changed":false,"footnotes":""},"class_list":["post-106178","page","type-page","status-publish","hentry"],"acf":[],"yoast_head":"<!-- This site is optimized with the Yoast SEO plugin v26.6 - https:\/\/yoast.com\/wordpress\/plugins\/seo\/ -->\n<title>Specialstolar | DHG<\/title>\n<meta name=\"robots\" content=\"index, follow, max-snippet:-1, max-image-preview:large, max-video-preview:-1\" \/>\n<link rel=\"canonical\" href=\"https:\/\/www.directhealthcaregroup.com\/sv\/specialstolar\/\" \/>\n<meta property=\"og:locale\" content=\"sv_SE\" \/>\n<meta property=\"og:type\" content=\"article\" \/>\n<meta property=\"og:title\" content=\"Specialstolar | DHG\" \/>\n<meta property=\"og:description\" content=\"&nbsp; Praktisk v\u00e4gledning f\u00f6r bed\u00f6mningar av specialstolar Direct Healthcare Groups viktiga handbok f\u00f6r att hj\u00e4lpa dig att tryggt bed\u00f6ma och f\u00f6rskriva en specialstol. Med en introduktion av professor Michael Clark och viktig v\u00e4gledning av OT-ambassad\u00f6ren Ellie Burcher kommer den praktiska v\u00e4gledningen f\u00f6r bed\u00f6mningar av specialstolar att st\u00f6dja l\u00e4karens \u00f6verv\u00e4ganden av de praktiska aspekterna i bed\u00f6mningsprocessen. &hellip; Continued\" \/>\n<meta property=\"og:url\" content=\"https:\/\/www.directhealthcaregroup.com\/sv\/specialstolar\/\" \/>\n<meta property=\"og:site_name\" content=\"DHG\" \/>\n<meta name=\"twitter:card\" content=\"summary_large_image\" \/>\n<meta name=\"twitter:label1\" content=\"Est. reading time\" \/>\n\t<meta name=\"twitter:data1\" content=\"3 minutes\" \/>\n<script type=\"application\/ld+json\" class=\"yoast-schema-graph\">{\"@context\":\"https:\/\/schema.org\",\"@graph\":[{\"@type\":\"WebPage\",\"@id\":\"https:\/\/www.directhealthcaregroup.com\/sv\/specialstolar\/\",\"url\":\"https:\/\/www.directhealthcaregroup.com\/sv\/specialstolar\/\",\"name\":\"Specialstolar | DHG\",\"isPartOf\":{\"@id\":\"https:\/\/www.directhealthcaregroup.com\/#website\"},\"datePublished\":\"2020-11-10T14:24:27+00:00\",\"breadcrumb\":{\"@id\":\"https:\/\/www.directhealthcaregroup.com\/sv\/specialstolar\/#breadcrumb\"},\"inLanguage\":\"sv-SE\",\"potentialAction\":[{\"@type\":\"ReadAction\",\"target\":[\"https:\/\/www.directhealthcaregroup.com\/sv\/specialstolar\/\"]}]},{\"@type\":\"BreadcrumbList\",\"@id\":\"https:\/\/www.directhealthcaregroup.com\/sv\/specialstolar\/#breadcrumb\",\"itemListElement\":[{\"@type\":\"ListItem\",\"position\":1,\"name\":\"Home\",\"item\":\"https:\/\/www.directhealthcaregroup.com\/sv\/\"},{\"@type\":\"ListItem\",\"position\":2,\"name\":\"Specialstolar\"}]},{\"@type\":\"WebSite\",\"@id\":\"https:\/\/www.directhealthcaregroup.com\/#website\",\"url\":\"https:\/\/www.directhealthcaregroup.com\/\",\"name\":\"DHG\",\"description\":\"Moving Health Forward\",\"publisher\":{\"@id\":\"https:\/\/www.directhealthcaregroup.com\/#organization\"},\"potentialAction\":[{\"@type\":\"SearchAction\",\"target\":{\"@type\":\"EntryPoint\",\"urlTemplate\":\"https:\/\/www.directhealthcaregroup.com\/?s={search_term_string}\"},\"query-input\":{\"@type\":\"PropertyValueSpecification\",\"valueRequired\":true,\"valueName\":\"search_term_string\"}}],\"inLanguage\":\"sv-SE\"},{\"@type\":\"Organization\",\"@id\":\"https:\/\/www.directhealthcaregroup.com\/#organization\",\"name\":\"Direct Healthcare Group\",\"url\":\"https:\/\/www.directhealthcaregroup.com\/\",\"logo\":{\"@type\":\"ImageObject\",\"inLanguage\":\"sv-SE\",\"@id\":\"https:\/\/www.directhealthcaregroup.com\/#\/schema\/logo\/image\/\",\"url\":\"https:\/\/directhealthcaregroup.com\/app\/uploads\/dhg-logo.png\",\"contentUrl\":\"https:\/\/directhealthcaregroup.com\/app\/uploads\/dhg-logo.png\",\"width\":556,\"height\":240,\"caption\":\"Direct Healthcare Group\"},\"image\":{\"@id\":\"https:\/\/www.directhealthcaregroup.com\/#\/schema\/logo\/image\/\"}}]}<\/script>\n<!-- \/ Yoast SEO plugin. -->","yoast_head_json":{"title":"Specialstolar | DHG","robots":{"index":"index","follow":"follow","max-snippet":"max-snippet:-1","max-image-preview":"max-image-preview:large","max-video-preview":"max-video-preview:-1"},"canonical":"https:\/\/www.directhealthcaregroup.com\/sv\/specialstolar\/","og_locale":"sv_SE","og_type":"article","og_title":"Specialstolar | DHG","og_description":"&nbsp; Praktisk v\u00e4gledning f\u00f6r bed\u00f6mningar av specialstolar Direct Healthcare Groups viktiga handbok f\u00f6r att hj\u00e4lpa dig att tryggt bed\u00f6ma och f\u00f6rskriva en specialstol. Med en introduktion av professor Michael Clark och viktig v\u00e4gledning av OT-ambassad\u00f6ren Ellie Burcher kommer den praktiska v\u00e4gledningen f\u00f6r bed\u00f6mningar av specialstolar att st\u00f6dja l\u00e4karens \u00f6verv\u00e4ganden av de praktiska aspekterna i bed\u00f6mningsprocessen. &hellip; Continued","og_url":"https:\/\/www.directhealthcaregroup.com\/sv\/specialstolar\/","og_site_name":"DHG","twitter_card":"summary_large_image","twitter_misc":{"Est. reading time":"3 minutes"},"schema":{"@context":"https:\/\/schema.org","@graph":[{"@type":"WebPage","@id":"https:\/\/www.directhealthcaregroup.com\/sv\/specialstolar\/","url":"https:\/\/www.directhealthcaregroup.com\/sv\/specialstolar\/","name":"Specialstolar | DHG","isPartOf":{"@id":"https:\/\/www.directhealthcaregroup.com\/#website"},"datePublished":"2020-11-10T14:24:27+00:00","breadcrumb":{"@id":"https:\/\/www.directhealthcaregroup.com\/sv\/specialstolar\/#breadcrumb"},"inLanguage":"sv-SE","potentialAction":[{"@type":"ReadAction","target":["https:\/\/www.directhealthcaregroup.com\/sv\/specialstolar\/"]}]},{"@type":"BreadcrumbList","@id":"https:\/\/www.directhealthcaregroup.com\/sv\/specialstolar\/#breadcrumb","itemListElement":[{"@type":"ListItem","position":1,"name":"Home","item":"https:\/\/www.directhealthcaregroup.com\/sv\/"},{"@type":"ListItem","position":2,"name":"Specialstolar"}]},{"@type":"WebSite","@id":"https:\/\/www.directhealthcaregroup.com\/#website","url":"https:\/\/www.directhealthcaregroup.com\/","name":"DHG","description":"Moving Health Forward","publisher":{"@id":"https:\/\/www.directhealthcaregroup.com\/#organization"},"potentialAction":[{"@type":"SearchAction","target":{"@type":"EntryPoint","urlTemplate":"https:\/\/www.directhealthcaregroup.com\/?s={search_term_string}"},"query-input":{"@type":"PropertyValueSpecification","valueRequired":true,"valueName":"search_term_string"}}],"inLanguage":"sv-SE"},{"@type":"Organization","@id":"https:\/\/www.directhealthcaregroup.com\/#organization","name":"Direct Healthcare Group","url":"https:\/\/www.directhealthcaregroup.com\/","logo":{"@type":"ImageObject","inLanguage":"sv-SE","@id":"https:\/\/www.directhealthcaregroup.com\/#\/schema\/logo\/image\/","url":"https:\/\/directhealthcaregroup.com\/app\/uploads\/dhg-logo.png","contentUrl":"https:\/\/directhealthcaregroup.com\/app\/uploads\/dhg-logo.png","width":556,"height":240,"caption":"Direct Healthcare Group"},"image":{"@id":"https:\/\/www.directhealthcaregroup.com\/#\/schema\/logo\/image\/"}}]}},"_links":{"self":[{"href":"https:\/\/www.directhealthcaregroup.com\/sv\/wp-json\/wp\/v2\/pages\/106178","targetHints":{"allow":["GET"]}}],"collection":[{"href":"https:\/\/www.directhealthcaregroup.com\/sv\/wp-json\/wp\/v2\/pages"}],"about":[{"href":"https:\/\/www.directhealthcaregroup.com\/sv\/wp-json\/wp\/v2\/types\/page"}],"author":[{"embeddable":true,"href":"https:\/\/www.directhealthcaregroup.com\/sv\/wp-json\/wp\/v2\/users\/2"}],"replies":[{"embeddable":true,"href":"https:\/\/www.directhealthcaregroup.com\/sv\/wp-json\/wp\/v2\/comments?post=106178"}],"version-history":[{"count":0,"href":"https:\/\/www.directhealthcaregroup.com\/sv\/wp-json\/wp\/v2\/pages\/106178\/revisions"}],"wp:attachment":[{"href":"https:\/\/www.directhealthcaregroup.com\/sv\/wp-json\/wp\/v2\/media?parent=106178"}],"curies":[{"name":"wp","href":"https:\/\/api.w.org\/{rel}","templated":true}]}}