{"id":106179,"date":"2020-11-10T14:24:37","date_gmt":"2020-11-10T14:24:37","guid":{"rendered":"http:\/\/www.directhealthcaregroup.com\/foretagets-efterlevnad\/"},"modified":"2020-11-10T14:24:37","modified_gmt":"2020-11-10T14:24:37","slug":"foretagets-efterlevnad","status":"publish","type":"page","link":"https:\/\/www.directhealthcaregroup.com\/sv\/foretagets-efterlevnad\/","title":{"rendered":"F\u00f6retagets efterlevnad"},"content":{"rendered":"<h3>Uppf\u00f6randekod<\/h3>\n<p>Direct Healthcare Group har \u00e5tagit sig att utf\u00f6ra sin verksamhet p\u00e5 ett etiskt och lagligt s\u00e4tt. <a href=\"http:\/\/directhealthcaregroup.com\/corporate-compliance\/code-of-conduct\/\">Klicka h\u00e4r<\/a> f\u00f6r att se v\u00e5r uppf\u00f6randekod med mer information.<\/p>\n<h3>Kontakta v\u00e5r etiska jourtelefon<\/h3>\n<p>Kontakta v\u00e5r etiska jourtelefon om du har n\u00e5gra fr\u00e5gor om n\u00e5gon av de \u00e4mnen som r\u00f6r v\u00e5r f\u00f6retagsefterlevnad. <a href=\"http:\/\/directhealthcaregroup.com\/corporate-compliance\/contact-our-ethics-hotline\/\">Klicka h\u00e4r<\/a> f\u00f6r mer information.<\/p>\n<h3>Riktlinjer f\u00f6r etik och efterlevnad<\/h3>\n<p>Direct Healthcare Groups riktlinjer f\u00f6r etik och regelefterlevnad baseras p\u00e5 Eucomeds etiska regler f\u00f6r aff\u00e4rsverksamhet. <a href=\"http:\/\/directhealthcaregroup.com\/corporate-compliance\/ethics-compliance-guidelines\/\">Klicka h\u00e4r<\/a> f\u00f6r att l\u00e4sa mer.<\/p>\n","protected":false},"excerpt":{"rendered":"<p>Uppf\u00f6randekod Direct Healthcare Group har \u00e5tagit sig att utf\u00f6ra sin verksamhet p\u00e5 ett etiskt och lagligt s\u00e4tt. Klicka h\u00e4r f\u00f6r att se v\u00e5r uppf\u00f6randekod med mer information. Kontakta v\u00e5r etiska jourtelefon Kontakta v\u00e5r etiska jourtelefon om du har n\u00e5gra fr\u00e5gor om n\u00e5gon av de \u00e4mnen som r\u00f6r v\u00e5r f\u00f6retagsefterlevnad. Klicka h\u00e4r f\u00f6r mer information. Riktlinjer &hellip; <a href=\"https:\/\/www.directhealthcaregroup.com\/sv\/foretagets-efterlevnad\/\">Continued<\/a><\/p>\n","protected":false},"author":2,"featured_media":0,"parent":0,"menu_order":0,"comment_status":"closed","ping_status":"closed","template":"","meta":{"_acf_changed":false,"footnotes":""},"class_list":["post-106179","page","type-page","status-publish","hentry"],"acf":[],"yoast_head":"<!-- This site is optimized with the Yoast SEO plugin v26.6 - https:\/\/yoast.com\/wordpress\/plugins\/seo\/ -->\n<title>F\u00f6retagets efterlevnad | DHG<\/title>\n<meta name=\"robots\" content=\"index, follow, max-snippet:-1, max-image-preview:large, max-video-preview:-1\" \/>\n<link rel=\"canonical\" href=\"https:\/\/www.directhealthcaregroup.com\/sv\/foretagets-efterlevnad\/\" \/>\n<meta property=\"og:locale\" content=\"sv_SE\" \/>\n<meta property=\"og:type\" content=\"article\" \/>\n<meta property=\"og:title\" content=\"F\u00f6retagets efterlevnad | DHG\" \/>\n<meta property=\"og:description\" content=\"Uppf\u00f6randekod Direct Healthcare Group har \u00e5tagit sig att utf\u00f6ra sin verksamhet p\u00e5 ett etiskt och lagligt s\u00e4tt. Klicka h\u00e4r f\u00f6r att se v\u00e5r uppf\u00f6randekod med mer information. Kontakta v\u00e5r etiska jourtelefon Kontakta v\u00e5r etiska jourtelefon om du har n\u00e5gra fr\u00e5gor om n\u00e5gon av de \u00e4mnen som r\u00f6r v\u00e5r f\u00f6retagsefterlevnad. Klicka h\u00e4r f\u00f6r mer information. Riktlinjer &hellip; Continued\" \/>\n<meta property=\"og:url\" content=\"https:\/\/www.directhealthcaregroup.com\/sv\/foretagets-efterlevnad\/\" \/>\n<meta property=\"og:site_name\" content=\"DHG\" \/>\n<meta name=\"twitter:card\" content=\"summary_large_image\" \/>\n<meta name=\"twitter:label1\" content=\"Est. reading time\" \/>\n\t<meta name=\"twitter:data1\" content=\"1 minute\" \/>\n<script type=\"application\/ld+json\" class=\"yoast-schema-graph\">{\"@context\":\"https:\/\/schema.org\",\"@graph\":[{\"@type\":\"WebPage\",\"@id\":\"https:\/\/www.directhealthcaregroup.com\/sv\/foretagets-efterlevnad\/\",\"url\":\"https:\/\/www.directhealthcaregroup.com\/sv\/foretagets-efterlevnad\/\",\"name\":\"F\u00f6retagets efterlevnad | DHG\",\"isPartOf\":{\"@id\":\"https:\/\/www.directhealthcaregroup.com\/#website\"},\"datePublished\":\"2020-11-10T14:24:37+00:00\",\"breadcrumb\":{\"@id\":\"https:\/\/www.directhealthcaregroup.com\/sv\/foretagets-efterlevnad\/#breadcrumb\"},\"inLanguage\":\"sv-SE\",\"potentialAction\":[{\"@type\":\"ReadAction\",\"target\":[\"https:\/\/www.directhealthcaregroup.com\/sv\/foretagets-efterlevnad\/\"]}]},{\"@type\":\"BreadcrumbList\",\"@id\":\"https:\/\/www.directhealthcaregroup.com\/sv\/foretagets-efterlevnad\/#breadcrumb\",\"itemListElement\":[{\"@type\":\"ListItem\",\"position\":1,\"name\":\"Home\",\"item\":\"https:\/\/www.directhealthcaregroup.com\/sv\/\"},{\"@type\":\"ListItem\",\"position\":2,\"name\":\"F\u00f6retagets efterlevnad\"}]},{\"@type\":\"WebSite\",\"@id\":\"https:\/\/www.directhealthcaregroup.com\/#website\",\"url\":\"https:\/\/www.directhealthcaregroup.com\/\",\"name\":\"DHG\",\"description\":\"Moving Health Forward\",\"publisher\":{\"@id\":\"https:\/\/www.directhealthcaregroup.com\/#organization\"},\"potentialAction\":[{\"@type\":\"SearchAction\",\"target\":{\"@type\":\"EntryPoint\",\"urlTemplate\":\"https:\/\/www.directhealthcaregroup.com\/?s={search_term_string}\"},\"query-input\":{\"@type\":\"PropertyValueSpecification\",\"valueRequired\":true,\"valueName\":\"search_term_string\"}}],\"inLanguage\":\"sv-SE\"},{\"@type\":\"Organization\",\"@id\":\"https:\/\/www.directhealthcaregroup.com\/#organization\",\"name\":\"Direct Healthcare Group\",\"url\":\"https:\/\/www.directhealthcaregroup.com\/\",\"logo\":{\"@type\":\"ImageObject\",\"inLanguage\":\"sv-SE\",\"@id\":\"https:\/\/www.directhealthcaregroup.com\/#\/schema\/logo\/image\/\",\"url\":\"https:\/\/directhealthcaregroup.com\/app\/uploads\/dhg-logo.png\",\"contentUrl\":\"https:\/\/directhealthcaregroup.com\/app\/uploads\/dhg-logo.png\",\"width\":556,\"height\":240,\"caption\":\"Direct Healthcare Group\"},\"image\":{\"@id\":\"https:\/\/www.directhealthcaregroup.com\/#\/schema\/logo\/image\/\"}}]}<\/script>\n<!-- \/ Yoast SEO plugin. -->","yoast_head_json":{"title":"F\u00f6retagets efterlevnad | DHG","robots":{"index":"index","follow":"follow","max-snippet":"max-snippet:-1","max-image-preview":"max-image-preview:large","max-video-preview":"max-video-preview:-1"},"canonical":"https:\/\/www.directhealthcaregroup.com\/sv\/foretagets-efterlevnad\/","og_locale":"sv_SE","og_type":"article","og_title":"F\u00f6retagets efterlevnad | DHG","og_description":"Uppf\u00f6randekod Direct Healthcare Group har \u00e5tagit sig att utf\u00f6ra sin verksamhet p\u00e5 ett etiskt och lagligt s\u00e4tt. Klicka h\u00e4r f\u00f6r att se v\u00e5r uppf\u00f6randekod med mer information. Kontakta v\u00e5r etiska jourtelefon Kontakta v\u00e5r etiska jourtelefon om du har n\u00e5gra fr\u00e5gor om n\u00e5gon av de \u00e4mnen som r\u00f6r v\u00e5r f\u00f6retagsefterlevnad. Klicka h\u00e4r f\u00f6r mer information. Riktlinjer &hellip; Continued","og_url":"https:\/\/www.directhealthcaregroup.com\/sv\/foretagets-efterlevnad\/","og_site_name":"DHG","twitter_card":"summary_large_image","twitter_misc":{"Est. reading time":"1 minute"},"schema":{"@context":"https:\/\/schema.org","@graph":[{"@type":"WebPage","@id":"https:\/\/www.directhealthcaregroup.com\/sv\/foretagets-efterlevnad\/","url":"https:\/\/www.directhealthcaregroup.com\/sv\/foretagets-efterlevnad\/","name":"F\u00f6retagets efterlevnad | DHG","isPartOf":{"@id":"https:\/\/www.directhealthcaregroup.com\/#website"},"datePublished":"2020-11-10T14:24:37+00:00","breadcrumb":{"@id":"https:\/\/www.directhealthcaregroup.com\/sv\/foretagets-efterlevnad\/#breadcrumb"},"inLanguage":"sv-SE","potentialAction":[{"@type":"ReadAction","target":["https:\/\/www.directhealthcaregroup.com\/sv\/foretagets-efterlevnad\/"]}]},{"@type":"BreadcrumbList","@id":"https:\/\/www.directhealthcaregroup.com\/sv\/foretagets-efterlevnad\/#breadcrumb","itemListElement":[{"@type":"ListItem","position":1,"name":"Home","item":"https:\/\/www.directhealthcaregroup.com\/sv\/"},{"@type":"ListItem","position":2,"name":"F\u00f6retagets efterlevnad"}]},{"@type":"WebSite","@id":"https:\/\/www.directhealthcaregroup.com\/#website","url":"https:\/\/www.directhealthcaregroup.com\/","name":"DHG","description":"Moving Health Forward","publisher":{"@id":"https:\/\/www.directhealthcaregroup.com\/#organization"},"potentialAction":[{"@type":"SearchAction","target":{"@type":"EntryPoint","urlTemplate":"https:\/\/www.directhealthcaregroup.com\/?s={search_term_string}"},"query-input":{"@type":"PropertyValueSpecification","valueRequired":true,"valueName":"search_term_string"}}],"inLanguage":"sv-SE"},{"@type":"Organization","@id":"https:\/\/www.directhealthcaregroup.com\/#organization","name":"Direct Healthcare Group","url":"https:\/\/www.directhealthcaregroup.com\/","logo":{"@type":"ImageObject","inLanguage":"sv-SE","@id":"https:\/\/www.directhealthcaregroup.com\/#\/schema\/logo\/image\/","url":"https:\/\/directhealthcaregroup.com\/app\/uploads\/dhg-logo.png","contentUrl":"https:\/\/directhealthcaregroup.com\/app\/uploads\/dhg-logo.png","width":556,"height":240,"caption":"Direct Healthcare Group"},"image":{"@id":"https:\/\/www.directhealthcaregroup.com\/#\/schema\/logo\/image\/"}}]}},"_links":{"self":[{"href":"https:\/\/www.directhealthcaregroup.com\/sv\/wp-json\/wp\/v2\/pages\/106179","targetHints":{"allow":["GET"]}}],"collection":[{"href":"https:\/\/www.directhealthcaregroup.com\/sv\/wp-json\/wp\/v2\/pages"}],"about":[{"href":"https:\/\/www.directhealthcaregroup.com\/sv\/wp-json\/wp\/v2\/types\/page"}],"author":[{"embeddable":true,"href":"https:\/\/www.directhealthcaregroup.com\/sv\/wp-json\/wp\/v2\/users\/2"}],"replies":[{"embeddable":true,"href":"https:\/\/www.directhealthcaregroup.com\/sv\/wp-json\/wp\/v2\/comments?post=106179"}],"version-history":[{"count":0,"href":"https:\/\/www.directhealthcaregroup.com\/sv\/wp-json\/wp\/v2\/pages\/106179\/revisions"}],"wp:attachment":[{"href":"https:\/\/www.directhealthcaregroup.com\/sv\/wp-json\/wp\/v2\/media?parent=106179"}],"curies":[{"name":"wp","href":"https:\/\/api.w.org\/{rel}","templated":true}]}}