{"id":106180,"date":"2020-11-10T14:24:49","date_gmt":"2020-11-10T14:24:49","guid":{"rendered":"http:\/\/www.directhealthcaregroup.com\/kontakt\/"},"modified":"2024-11-13T15:19:39","modified_gmt":"2024-11-13T15:19:39","slug":"kontakt","status":"publish","type":"page","link":"https:\/\/www.directhealthcaregroup.com\/sv\/kontakt\/","title":{"rendered":"Kundservice"},"content":{"rendered":"\n<div class=\"wp-block-columns contact-form is-layout-flex wp-container-core-columns-is-layout-9d6595d7 wp-block-columns-is-layout-flex\">\n<div class=\"wp-block-column is-layout-flow wp-block-column-is-layout-flow\"><form method=\"post\" enctype=\"multipart\/form-data\" id=\"vfbp-form-33\" class=\"vfbp-form\"><div style=\"display:none;\"><label for=\"vfbp-EMAIL-AN8fuQyoDLXem\">If you are human, leave this field blank.<\/label><input size=\"25\" autocomplete=\"off\" type=\"text\" name=\"vfbp-EMAIL-AN8fuQyoDLXem\" value=\"\" id=\"\"><\/div><input type=\"hidden\" name=\"_vfb-timestamp-33\" value=\"1776203597\" id=\"\"><input type=\"hidden\" name=\"_vfb-form-id\" value=\"33\" id=\"\"><div class=\"vfb-form-group vfb-col-12\"><div><h3 class=\"contact-form\">Kontaktformul\u00e4r<\/h3><\/div><\/div><div class=\"vfb-col-12 vfb-fieldType-heading\" id=\"vfbField387\"><\/div><div class=\"vfb-clearfix\"><\/div><div class=\"vfb-col-12 vfb-fieldType-text\" id=\"vfbField388\"><div class=\"vfb-form-group\"><label for=\"vfb-field-388\" class=\"vfb-control-label\">Namn <span class=\"vfb-required-asterisk\">*<\/span><\/label><div><input id=\"vfb-field-388\" class=\"vfb-form-control\" placeholder=\"\" required=\"required\" type=\"text\" name=\"vfb-field-388\" value=\"\"><\/div><\/div><\/div><div class=\"vfb-clearfix\"><\/div><div class=\"vfb-col-12 vfb-fieldType-email\" id=\"vfbField389\"><div class=\"vfb-form-group\"><label for=\"vfb-field-389\" class=\"vfb-control-label\">E-Post <span class=\"vfb-required-asterisk\">*<\/span><\/label><div><input id=\"vfb-field-389\" class=\"vfb-form-control\" placeholder=\"\" required=\"required\" type=\"email\" name=\"vfb-field-389\" value=\"\"><\/div><\/div><\/div><div class=\"vfb-clearfix\"><\/div><div class=\"vfb-col-12 vfb-fieldType-phone\" id=\"vfbField390\"><div class=\"vfb-form-group\"><label for=\"vfb-field-390\" class=\"vfb-control-label\">Telefonnummer <span class=\"vfb-required-asterisk\">*<\/span><\/label><div><input id=\"vfb-field-390\" class=\"vfb-form-control vfb-intl-phone\" placeholder=\"\" required=\"required\" data-default-country=\"gb\" data-hide-flags=\"1\" data-national-mode=\"1\" data-auto-hide-dial-code=\"1\" type=\"tel\" name=\"vfb-field-390\" value=\"\"><\/div><\/div><\/div><div class=\"vfb-clearfix\"><\/div><div class=\"vfb-col-12 vfb-fieldType-text\" id=\"vfbField391\"><div class=\"vfb-form-group\"><label for=\"vfb-field-391\" class=\"vfb-control-label\"> Postnummer <span class=\"vfb-required-asterisk\">*<\/span><\/label><div><input id=\"vfb-field-391\" class=\"vfb-form-control\" placeholder=\"\" required=\"required\" type=\"text\" name=\"vfb-field-391\" value=\"\"><\/div><\/div><\/div><div class=\"vfb-clearfix\"><\/div><div class=\"vfb-col-12 vfb-fieldType-text\" id=\"vfbField392\"><div class=\"vfb-form-group\"><label for=\"vfb-field-392\" class=\"vfb-control-label\"> Arbetsroll <span class=\"vfb-required-asterisk\">*<\/span><\/label><div><input id=\"vfb-field-392\" class=\"vfb-form-control\" placeholder=\"\" required=\"required\" type=\"text\" name=\"vfb-field-392\" value=\"\"><\/div><\/div><\/div><div class=\"vfb-clearfix\"><\/div><div class=\"vfb-col-12 vfb-fieldType-text\" id=\"vfbField393\"><div class=\"vfb-form-group\"><label for=\"vfb-field-393\" class=\"vfb-control-label\">Organisation <span class=\"vfb-required-asterisk\">*<\/span><\/label><div><input id=\"vfb-field-393\" class=\"vfb-form-control\" placeholder=\"\" required=\"required\" type=\"text\" name=\"vfb-field-393\" value=\"\"><\/div><\/div><\/div><div class=\"vfb-clearfix\"><\/div><div class=\"vfb-col-12 vfb-fieldType-textarea\" id=\"vfbField394\"><div class=\"vfb-form-group\"><label for=\"vfb-field-394\" class=\"vfb-control-label\">F\u00f6rfr\u00e5gan <span class=\"vfb-required-asterisk\">*<\/span><\/label><div><textarea id=\"vfb-field-394\" class=\"vfb-form-control\" placeholder=\"\" required=\"required\" rows=\"10\" name=\"vfb-field-394\" cols=\"50\"><\/textarea><\/div><\/div><\/div><div class=\"vfb-clearfix\"><\/div><div class=\"vfb-col-12 vfb-fieldType-captcha\" id=\"vfbField1111\"><div class=\"vfb-form-group\"><label for=\"vfb-field-1111\" class=\"vfb-control-label\">Captcha <span class=\"vfb-required-asterisk\">*<\/span><\/label><div><div class=\"g-recaptcha\" data-sitekey=\"6Lfc0kAUAAAAAOgERC8Nz_WDk04iHzeuBoPDPe7i\"><\/div><input type=\"hidden\" name=\"_vfb_recaptcha_enabled\" value=\"1\" id=\"\"><div class=\"vfb-has-error\" id=\"vfb-recaptcha-error\"><span class=\"vfb-help-block\">reCAPTCHA kr\u00e4vs.<\/span><\/div><\/div><\/div><\/div><div class=\"vfb-clearfix\"><\/div><div class=\"vfb-col-12 vfb-fieldType-submit\" id=\"vfbField396\"><button id=\"vfb-field-396\" class=\" btn btn-primary\" placeholder=\"\" type=\"submit\" name=\"_vfb-submit\"> Skicka in<\/button><\/div><div class=\"vfb-clearfix\"><\/div><\/form>\n<\/div>\n\n\n\n<div class=\"wp-block-column is-layout-flow wp-block-column-is-layout-flow\">\n<p class=\"has-medium-font-size\"><strong>Kundservice\/ Order<\/strong><\/p>\n\n\n\n<p>Varmt v\u00e4lkommen att kontakta v\u00e5r kundservice f\u00f6r fr\u00e5gor eller f\u00f6r att l\u00e4gga en order. <\/p>\n\n\n\n<p>F\u00f6r order:<br><a href=\"mailto:order.se@directhealthcaregroup.com\">order.se@directhealthcaregroup.com<\/a><\/p>\n\n\n\n<p>F\u00f6r reklamationer och \u00f6vriga \u00e4renden:<br><a href=\"mailto:info.se@directhealthcaregroup.com\">info.se@directhealthcaregroup.com<\/a><\/p>\n\n\n\n<p>F\u00f6r tekniska fr\u00e5gor alternativt fr\u00e5gor om reservdelar: <a href=\"mailto:info.se@directhealthcaregroup.com\">service.se@directhealthcaregroup.com<\/a><\/p>\n\n\n\n<p><\/p>\n\n\n\n<p>F\u00f6r service\u00e4renden Raizer, v\u00e4nligen se denna blankett:<\/p>\n\n\n\n<div class=\"wp-block-file\"><a href=\"https:\/\/www.directhealthcaregroup.com\/app\/uploads\/DHG-Serviceblankett-Raizer-1-1.pdf\">DHG-Serviceblankett-Raizer-1<\/a><a href=\"https:\/\/www.directhealthcaregroup.com\/app\/uploads\/DHG-Serviceblankett-Raizer-1-1.pdf\" class=\"wp-block-file__button\" download>Download<\/a><\/div>\n\n\n\n<p>F\u00f6r \u00f6vriga service\u00e4renden, v\u00e4nligen se denna blankett:<\/p>\n\n\n\n<div class=\"wp-block-file\"><a href=\"https:\/\/www.directhealthcaregroup.com\/app\/uploads\/DHG-Serviceblankett-4-1.pdf\">DHG-Serviceblankett-4<\/a><a href=\"https:\/\/www.directhealthcaregroup.com\/app\/uploads\/DHG-Serviceblankett-4-1.pdf\" class=\"wp-block-file__button\" download>Download<\/a><\/div>\n\n\n\n<p><\/p>\n\n\n\n<p><\/p>\n\n\n\n<p><\/p>\n\n\n\n<p>\u00d6ppettider: m\u00e5ndag-fredag 08.00-16.30<\/p>\n\n\n\n<p>Kontakta kundservice p\u00e5: <\/p>\n\n\n\n<p>Telefon: 08-557 62 200<br>E-post: <a href=\"mailto:info@directhealthcaregroup.com\">info.se@directhealthcaregroup.com<\/a><\/p>\n<\/div>\n<\/div>\n\n\n\n<p>Adress: <\/p>\n\n\n\n<p><strong>Direct Healthcare Group Sverige AB<\/strong><br>Torshamngatan 35<br>164 40 Kista<br>Sweden<\/p>\n\n\n\n<p><\/p>\n","protected":false},"excerpt":{"rendered":"<p>Kundservice\/ Order Varmt v\u00e4lkommen att kontakta v\u00e5r kundservice f\u00f6r fr\u00e5gor eller f\u00f6r att l\u00e4gga en order. F\u00f6r order:order.se@directhealthcaregroup.com F\u00f6r reklamationer och \u00f6vriga \u00e4renden:info.se@directhealthcaregroup.com F\u00f6r tekniska fr\u00e5gor alternativt fr\u00e5gor om reservdelar: service.se@directhealthcaregroup.com F\u00f6r service\u00e4renden Raizer, v\u00e4nligen se denna blankett: F\u00f6r \u00f6vriga service\u00e4renden, v\u00e4nligen se denna blankett: \u00d6ppettider: m\u00e5ndag-fredag 08.00-16.30 Kontakta kundservice p\u00e5: Telefon: 08-557 62 200E-post: &hellip; <a href=\"https:\/\/www.directhealthcaregroup.com\/sv\/kontakt\/\">Continued<\/a><\/p>\n","protected":false},"author":1,"featured_media":0,"parent":0,"menu_order":0,"comment_status":"closed","ping_status":"closed","template":"","meta":{"_acf_changed":false,"footnotes":""},"class_list":["post-106180","page","type-page","status-publish","hentry"],"acf":[],"yoast_head":"<!-- This site is optimized with the Yoast SEO plugin v26.6 - https:\/\/yoast.com\/wordpress\/plugins\/seo\/ -->\n<title>Kundservice | DHG<\/title>\n<meta name=\"robots\" content=\"index, follow, max-snippet:-1, max-image-preview:large, max-video-preview:-1\" \/>\n<link rel=\"canonical\" href=\"https:\/\/www.directhealthcaregroup.com\/sv\/kontakt\/\" \/>\n<meta property=\"og:locale\" content=\"sv_SE\" \/>\n<meta property=\"og:type\" content=\"article\" \/>\n<meta property=\"og:title\" content=\"Kundservice | DHG\" \/>\n<meta property=\"og:description\" content=\"Kundservice\/ Order Varmt v\u00e4lkommen att kontakta v\u00e5r kundservice f\u00f6r fr\u00e5gor eller f\u00f6r att l\u00e4gga en order. F\u00f6r order:order.se@directhealthcaregroup.com F\u00f6r reklamationer och \u00f6vriga \u00e4renden:info.se@directhealthcaregroup.com F\u00f6r tekniska fr\u00e5gor alternativt fr\u00e5gor om reservdelar: service.se@directhealthcaregroup.com F\u00f6r service\u00e4renden Raizer, v\u00e4nligen se denna blankett: F\u00f6r \u00f6vriga service\u00e4renden, v\u00e4nligen se denna blankett: \u00d6ppettider: m\u00e5ndag-fredag 08.00-16.30 Kontakta kundservice p\u00e5: Telefon: 08-557 62 200E-post: &hellip; Continued\" \/>\n<meta property=\"og:url\" content=\"https:\/\/www.directhealthcaregroup.com\/sv\/kontakt\/\" \/>\n<meta property=\"og:site_name\" content=\"DHG\" \/>\n<meta property=\"article:modified_time\" content=\"2024-11-13T15:19:39+00:00\" \/>\n<meta name=\"twitter:card\" content=\"summary_large_image\" \/>\n<meta name=\"twitter:label1\" content=\"Est. reading time\" \/>\n\t<meta name=\"twitter:data1\" content=\"1 minute\" \/>\n<script type=\"application\/ld+json\" class=\"yoast-schema-graph\">{\"@context\":\"https:\/\/schema.org\",\"@graph\":[{\"@type\":\"WebPage\",\"@id\":\"https:\/\/www.directhealthcaregroup.com\/sv\/kontakt\/\",\"url\":\"https:\/\/www.directhealthcaregroup.com\/sv\/kontakt\/\",\"name\":\"Kundservice | DHG\",\"isPartOf\":{\"@id\":\"https:\/\/www.directhealthcaregroup.com\/#website\"},\"datePublished\":\"2020-11-10T14:24:49+00:00\",\"dateModified\":\"2024-11-13T15:19:39+00:00\",\"breadcrumb\":{\"@id\":\"https:\/\/www.directhealthcaregroup.com\/sv\/kontakt\/#breadcrumb\"},\"inLanguage\":\"sv-SE\",\"potentialAction\":[{\"@type\":\"ReadAction\",\"target\":[\"https:\/\/www.directhealthcaregroup.com\/sv\/kontakt\/\"]}]},{\"@type\":\"BreadcrumbList\",\"@id\":\"https:\/\/www.directhealthcaregroup.com\/sv\/kontakt\/#breadcrumb\",\"itemListElement\":[{\"@type\":\"ListItem\",\"position\":1,\"name\":\"Home\",\"item\":\"https:\/\/www.directhealthcaregroup.com\/sv\/\"},{\"@type\":\"ListItem\",\"position\":2,\"name\":\"Kundservice\"}]},{\"@type\":\"WebSite\",\"@id\":\"https:\/\/www.directhealthcaregroup.com\/#website\",\"url\":\"https:\/\/www.directhealthcaregroup.com\/\",\"name\":\"DHG\",\"description\":\"Moving Health Forward\",\"publisher\":{\"@id\":\"https:\/\/www.directhealthcaregroup.com\/#organization\"},\"potentialAction\":[{\"@type\":\"SearchAction\",\"target\":{\"@type\":\"EntryPoint\",\"urlTemplate\":\"https:\/\/www.directhealthcaregroup.com\/?s={search_term_string}\"},\"query-input\":{\"@type\":\"PropertyValueSpecification\",\"valueRequired\":true,\"valueName\":\"search_term_string\"}}],\"inLanguage\":\"sv-SE\"},{\"@type\":\"Organization\",\"@id\":\"https:\/\/www.directhealthcaregroup.com\/#organization\",\"name\":\"Direct Healthcare Group\",\"url\":\"https:\/\/www.directhealthcaregroup.com\/\",\"logo\":{\"@type\":\"ImageObject\",\"inLanguage\":\"sv-SE\",\"@id\":\"https:\/\/www.directhealthcaregroup.com\/#\/schema\/logo\/image\/\",\"url\":\"https:\/\/directhealthcaregroup.com\/app\/uploads\/dhg-logo.png\",\"contentUrl\":\"https:\/\/directhealthcaregroup.com\/app\/uploads\/dhg-logo.png\",\"width\":556,\"height\":240,\"caption\":\"Direct Healthcare Group\"},\"image\":{\"@id\":\"https:\/\/www.directhealthcaregroup.com\/#\/schema\/logo\/image\/\"}}]}<\/script>\n<!-- \/ Yoast SEO plugin. -->","yoast_head_json":{"title":"Kundservice | DHG","robots":{"index":"index","follow":"follow","max-snippet":"max-snippet:-1","max-image-preview":"max-image-preview:large","max-video-preview":"max-video-preview:-1"},"canonical":"https:\/\/www.directhealthcaregroup.com\/sv\/kontakt\/","og_locale":"sv_SE","og_type":"article","og_title":"Kundservice | DHG","og_description":"Kundservice\/ Order Varmt v\u00e4lkommen att kontakta v\u00e5r kundservice f\u00f6r fr\u00e5gor eller f\u00f6r att l\u00e4gga en order. F\u00f6r order:order.se@directhealthcaregroup.com F\u00f6r reklamationer och \u00f6vriga \u00e4renden:info.se@directhealthcaregroup.com F\u00f6r tekniska fr\u00e5gor alternativt fr\u00e5gor om reservdelar: service.se@directhealthcaregroup.com F\u00f6r service\u00e4renden Raizer, v\u00e4nligen se denna blankett: F\u00f6r \u00f6vriga service\u00e4renden, v\u00e4nligen se denna blankett: \u00d6ppettider: m\u00e5ndag-fredag 08.00-16.30 Kontakta kundservice p\u00e5: Telefon: 08-557 62 200E-post: &hellip; Continued","og_url":"https:\/\/www.directhealthcaregroup.com\/sv\/kontakt\/","og_site_name":"DHG","article_modified_time":"2024-11-13T15:19:39+00:00","twitter_card":"summary_large_image","twitter_misc":{"Est. reading time":"1 minute"},"schema":{"@context":"https:\/\/schema.org","@graph":[{"@type":"WebPage","@id":"https:\/\/www.directhealthcaregroup.com\/sv\/kontakt\/","url":"https:\/\/www.directhealthcaregroup.com\/sv\/kontakt\/","name":"Kundservice | DHG","isPartOf":{"@id":"https:\/\/www.directhealthcaregroup.com\/#website"},"datePublished":"2020-11-10T14:24:49+00:00","dateModified":"2024-11-13T15:19:39+00:00","breadcrumb":{"@id":"https:\/\/www.directhealthcaregroup.com\/sv\/kontakt\/#breadcrumb"},"inLanguage":"sv-SE","potentialAction":[{"@type":"ReadAction","target":["https:\/\/www.directhealthcaregroup.com\/sv\/kontakt\/"]}]},{"@type":"BreadcrumbList","@id":"https:\/\/www.directhealthcaregroup.com\/sv\/kontakt\/#breadcrumb","itemListElement":[{"@type":"ListItem","position":1,"name":"Home","item":"https:\/\/www.directhealthcaregroup.com\/sv\/"},{"@type":"ListItem","position":2,"name":"Kundservice"}]},{"@type":"WebSite","@id":"https:\/\/www.directhealthcaregroup.com\/#website","url":"https:\/\/www.directhealthcaregroup.com\/","name":"DHG","description":"Moving Health Forward","publisher":{"@id":"https:\/\/www.directhealthcaregroup.com\/#organization"},"potentialAction":[{"@type":"SearchAction","target":{"@type":"EntryPoint","urlTemplate":"https:\/\/www.directhealthcaregroup.com\/?s={search_term_string}"},"query-input":{"@type":"PropertyValueSpecification","valueRequired":true,"valueName":"search_term_string"}}],"inLanguage":"sv-SE"},{"@type":"Organization","@id":"https:\/\/www.directhealthcaregroup.com\/#organization","name":"Direct Healthcare Group","url":"https:\/\/www.directhealthcaregroup.com\/","logo":{"@type":"ImageObject","inLanguage":"sv-SE","@id":"https:\/\/www.directhealthcaregroup.com\/#\/schema\/logo\/image\/","url":"https:\/\/directhealthcaregroup.com\/app\/uploads\/dhg-logo.png","contentUrl":"https:\/\/directhealthcaregroup.com\/app\/uploads\/dhg-logo.png","width":556,"height":240,"caption":"Direct Healthcare Group"},"image":{"@id":"https:\/\/www.directhealthcaregroup.com\/#\/schema\/logo\/image\/"}}]}},"_links":{"self":[{"href":"https:\/\/www.directhealthcaregroup.com\/sv\/wp-json\/wp\/v2\/pages\/106180","targetHints":{"allow":["GET"]}}],"collection":[{"href":"https:\/\/www.directhealthcaregroup.com\/sv\/wp-json\/wp\/v2\/pages"}],"about":[{"href":"https:\/\/www.directhealthcaregroup.com\/sv\/wp-json\/wp\/v2\/types\/page"}],"author":[{"embeddable":true,"href":"https:\/\/www.directhealthcaregroup.com\/sv\/wp-json\/wp\/v2\/users\/1"}],"replies":[{"embeddable":true,"href":"https:\/\/www.directhealthcaregroup.com\/sv\/wp-json\/wp\/v2\/comments?post=106180"}],"version-history":[{"count":41,"href":"https:\/\/www.directhealthcaregroup.com\/sv\/wp-json\/wp\/v2\/pages\/106180\/revisions"}],"predecessor-version":[{"id":235562,"href":"https:\/\/www.directhealthcaregroup.com\/sv\/wp-json\/wp\/v2\/pages\/106180\/revisions\/235562"}],"wp:attachment":[{"href":"https:\/\/www.directhealthcaregroup.com\/sv\/wp-json\/wp\/v2\/media?parent=106180"}],"curies":[{"name":"wp","href":"https:\/\/api.w.org\/{rel}","templated":true}]}}