{"id":106185,"date":"2020-11-10T14:25:25","date_gmt":"2020-11-10T14:25:25","guid":{"rendered":"http:\/\/www.directhealthcaregroup.com\/materialalternativ\/"},"modified":"2020-11-10T14:25:25","modified_gmt":"2020-11-10T14:25:25","slug":"materialalternativ","status":"publish","type":"page","link":"https:\/\/www.directhealthcaregroup.com\/sv\/materialalternativ\/","title":{"rendered":"Materialalternativ"},"content":{"rendered":"<p>Vi erbjuder ett brett utbud av kl\u00e4dslar och f\u00e4rger f\u00f6r v\u00e5ra stolar, f\u00f6r att tillgodose alla behov och smaker. Se nedan f\u00f6r v\u00e5rt sortiment.<\/p>\n<p>Observera att f\u00e4rgerna som visas endast \u00e4r avsedda som illustration. P\u00e5 grund av skillnader i sk\u00e4rmar kan f\u00e4rgerna p\u00e5 produkterna se annorlunda ut \u00e4n som de visas p\u00e5 webbplatsen.<\/p>\n<p>Kontakta v\u00e5r kundtj\u00e4nst p\u00e5 telefon 0800 212 709 f\u00f6r att se om det g\u00e5r att skicka prover till dig s\u00e5 att du blir n\u00f6jd med ditt val av kl\u00e4dsel.<\/p>\n<p>Dessutom kan vissa vinyler och tyger vara ol\u00e4mpliga f\u00f6r din produkt eller milj\u00f6. V\u00e5rt hj\u00e4lpsamma kundtj\u00e4nstteam hj\u00e4lper dig g\u00e4rna med ditt val av kl\u00e4dsel.<\/p>\n","protected":false},"excerpt":{"rendered":"<p>Vi erbjuder ett brett utbud av kl\u00e4dslar och f\u00e4rger f\u00f6r v\u00e5ra stolar, f\u00f6r att tillgodose alla behov och smaker. Se nedan f\u00f6r v\u00e5rt sortiment. Observera att f\u00e4rgerna som visas endast \u00e4r avsedda som illustration. P\u00e5 grund av skillnader i sk\u00e4rmar kan f\u00e4rgerna p\u00e5 produkterna se annorlunda ut \u00e4n som de visas p\u00e5 webbplatsen. Kontakta v\u00e5r &hellip; <a href=\"https:\/\/www.directhealthcaregroup.com\/sv\/materialalternativ\/\">Continued<\/a><\/p>\n","protected":false},"author":1,"featured_media":0,"parent":0,"menu_order":0,"comment_status":"closed","ping_status":"closed","template":"","meta":{"_acf_changed":false,"footnotes":""},"class_list":["post-106185","page","type-page","status-publish","hentry"],"acf":[],"yoast_head":"<!-- This site is optimized with the Yoast SEO plugin v27.4 - https:\/\/yoast.com\/product\/yoast-seo-wordpress\/ -->\n<title>Materialalternativ | DHG<\/title>\n<meta name=\"robots\" content=\"index, follow, max-snippet:-1, max-image-preview:large, max-video-preview:-1\" \/>\n<link rel=\"canonical\" href=\"https:\/\/www.directhealthcaregroup.com\/sv\/materialalternativ\/\" \/>\n<meta property=\"og:locale\" content=\"sv_SE\" \/>\n<meta property=\"og:type\" content=\"article\" \/>\n<meta property=\"og:title\" content=\"Materialalternativ | DHG\" \/>\n<meta property=\"og:description\" content=\"Vi erbjuder ett brett utbud av kl\u00e4dslar och f\u00e4rger f\u00f6r v\u00e5ra stolar, f\u00f6r att tillgodose alla behov och smaker. Se nedan f\u00f6r v\u00e5rt sortiment. Observera att f\u00e4rgerna som visas endast \u00e4r avsedda som illustration. P\u00e5 grund av skillnader i sk\u00e4rmar kan f\u00e4rgerna p\u00e5 produkterna se annorlunda ut \u00e4n som de visas p\u00e5 webbplatsen. Kontakta v\u00e5r &hellip; Continued\" \/>\n<meta property=\"og:url\" content=\"https:\/\/www.directhealthcaregroup.com\/sv\/materialalternativ\/\" \/>\n<meta property=\"og:site_name\" content=\"DHG\" \/>\n<meta name=\"twitter:card\" content=\"summary_large_image\" \/>\n<meta name=\"twitter:label1\" content=\"Est. reading time\" \/>\n\t<meta name=\"twitter:data1\" content=\"1 minute\" \/>\n<script type=\"application\/ld+json\" class=\"yoast-schema-graph\">{\"@context\":\"https:\\\/\\\/schema.org\",\"@graph\":[{\"@type\":\"WebPage\",\"@id\":\"https:\\\/\\\/www.directhealthcaregroup.com\\\/sv\\\/materialalternativ\\\/\",\"url\":\"https:\\\/\\\/www.directhealthcaregroup.com\\\/sv\\\/materialalternativ\\\/\",\"name\":\"Materialalternativ | DHG\",\"isPartOf\":{\"@id\":\"https:\\\/\\\/www.directhealthcaregroup.com\\\/#website\"},\"datePublished\":\"2020-11-10T14:25:25+00:00\",\"breadcrumb\":{\"@id\":\"https:\\\/\\\/www.directhealthcaregroup.com\\\/sv\\\/materialalternativ\\\/#breadcrumb\"},\"inLanguage\":\"sv-SE\",\"potentialAction\":[{\"@type\":\"ReadAction\",\"target\":[\"https:\\\/\\\/www.directhealthcaregroup.com\\\/sv\\\/materialalternativ\\\/\"]}]},{\"@type\":\"BreadcrumbList\",\"@id\":\"https:\\\/\\\/www.directhealthcaregroup.com\\\/sv\\\/materialalternativ\\\/#breadcrumb\",\"itemListElement\":[{\"@type\":\"ListItem\",\"position\":1,\"name\":\"Home\",\"item\":\"https:\\\/\\\/www.directhealthcaregroup.com\\\/sv\\\/\"},{\"@type\":\"ListItem\",\"position\":2,\"name\":\"Materialalternativ\"}]},{\"@type\":\"WebSite\",\"@id\":\"https:\\\/\\\/www.directhealthcaregroup.com\\\/#website\",\"url\":\"https:\\\/\\\/www.directhealthcaregroup.com\\\/\",\"name\":\"DHG\",\"description\":\"Moving Health Forward\",\"publisher\":{\"@id\":\"https:\\\/\\\/www.directhealthcaregroup.com\\\/#organization\"},\"potentialAction\":[{\"@type\":\"SearchAction\",\"target\":{\"@type\":\"EntryPoint\",\"urlTemplate\":\"https:\\\/\\\/www.directhealthcaregroup.com\\\/?s={search_term_string}\"},\"query-input\":{\"@type\":\"PropertyValueSpecification\",\"valueRequired\":true,\"valueName\":\"search_term_string\"}}],\"inLanguage\":\"sv-SE\"},{\"@type\":\"Organization\",\"@id\":\"https:\\\/\\\/www.directhealthcaregroup.com\\\/#organization\",\"name\":\"Direct Healthcare Group\",\"url\":\"https:\\\/\\\/www.directhealthcaregroup.com\\\/\",\"logo\":{\"@type\":\"ImageObject\",\"inLanguage\":\"sv-SE\",\"@id\":\"https:\\\/\\\/www.directhealthcaregroup.com\\\/#\\\/schema\\\/logo\\\/image\\\/\",\"url\":\"https:\\\/\\\/directhealthcaregroup.com\\\/app\\\/uploads\\\/dhg-logo.png\",\"contentUrl\":\"https:\\\/\\\/directhealthcaregroup.com\\\/app\\\/uploads\\\/dhg-logo.png\",\"width\":556,\"height\":240,\"caption\":\"Direct Healthcare Group\"},\"image\":{\"@id\":\"https:\\\/\\\/www.directhealthcaregroup.com\\\/#\\\/schema\\\/logo\\\/image\\\/\"}}]}<\/script>\n<!-- \/ Yoast SEO plugin. -->","yoast_head_json":{"title":"Materialalternativ | DHG","robots":{"index":"index","follow":"follow","max-snippet":"max-snippet:-1","max-image-preview":"max-image-preview:large","max-video-preview":"max-video-preview:-1"},"canonical":"https:\/\/www.directhealthcaregroup.com\/sv\/materialalternativ\/","og_locale":"sv_SE","og_type":"article","og_title":"Materialalternativ | DHG","og_description":"Vi erbjuder ett brett utbud av kl\u00e4dslar och f\u00e4rger f\u00f6r v\u00e5ra stolar, f\u00f6r att tillgodose alla behov och smaker. Se nedan f\u00f6r v\u00e5rt sortiment. Observera att f\u00e4rgerna som visas endast \u00e4r avsedda som illustration. P\u00e5 grund av skillnader i sk\u00e4rmar kan f\u00e4rgerna p\u00e5 produkterna se annorlunda ut \u00e4n som de visas p\u00e5 webbplatsen. Kontakta v\u00e5r &hellip; Continued","og_url":"https:\/\/www.directhealthcaregroup.com\/sv\/materialalternativ\/","og_site_name":"DHG","twitter_card":"summary_large_image","twitter_misc":{"Est. reading time":"1 minute"},"schema":{"@context":"https:\/\/schema.org","@graph":[{"@type":"WebPage","@id":"https:\/\/www.directhealthcaregroup.com\/sv\/materialalternativ\/","url":"https:\/\/www.directhealthcaregroup.com\/sv\/materialalternativ\/","name":"Materialalternativ | DHG","isPartOf":{"@id":"https:\/\/www.directhealthcaregroup.com\/#website"},"datePublished":"2020-11-10T14:25:25+00:00","breadcrumb":{"@id":"https:\/\/www.directhealthcaregroup.com\/sv\/materialalternativ\/#breadcrumb"},"inLanguage":"sv-SE","potentialAction":[{"@type":"ReadAction","target":["https:\/\/www.directhealthcaregroup.com\/sv\/materialalternativ\/"]}]},{"@type":"BreadcrumbList","@id":"https:\/\/www.directhealthcaregroup.com\/sv\/materialalternativ\/#breadcrumb","itemListElement":[{"@type":"ListItem","position":1,"name":"Home","item":"https:\/\/www.directhealthcaregroup.com\/sv\/"},{"@type":"ListItem","position":2,"name":"Materialalternativ"}]},{"@type":"WebSite","@id":"https:\/\/www.directhealthcaregroup.com\/#website","url":"https:\/\/www.directhealthcaregroup.com\/","name":"DHG","description":"Moving Health Forward","publisher":{"@id":"https:\/\/www.directhealthcaregroup.com\/#organization"},"potentialAction":[{"@type":"SearchAction","target":{"@type":"EntryPoint","urlTemplate":"https:\/\/www.directhealthcaregroup.com\/?s={search_term_string}"},"query-input":{"@type":"PropertyValueSpecification","valueRequired":true,"valueName":"search_term_string"}}],"inLanguage":"sv-SE"},{"@type":"Organization","@id":"https:\/\/www.directhealthcaregroup.com\/#organization","name":"Direct Healthcare Group","url":"https:\/\/www.directhealthcaregroup.com\/","logo":{"@type":"ImageObject","inLanguage":"sv-SE","@id":"https:\/\/www.directhealthcaregroup.com\/#\/schema\/logo\/image\/","url":"https:\/\/directhealthcaregroup.com\/app\/uploads\/dhg-logo.png","contentUrl":"https:\/\/directhealthcaregroup.com\/app\/uploads\/dhg-logo.png","width":556,"height":240,"caption":"Direct Healthcare Group"},"image":{"@id":"https:\/\/www.directhealthcaregroup.com\/#\/schema\/logo\/image\/"}}]}},"_links":{"self":[{"href":"https:\/\/www.directhealthcaregroup.com\/sv\/wp-json\/wp\/v2\/pages\/106185","targetHints":{"allow":["GET"]}}],"collection":[{"href":"https:\/\/www.directhealthcaregroup.com\/sv\/wp-json\/wp\/v2\/pages"}],"about":[{"href":"https:\/\/www.directhealthcaregroup.com\/sv\/wp-json\/wp\/v2\/types\/page"}],"author":[{"embeddable":true,"href":"https:\/\/www.directhealthcaregroup.com\/sv\/wp-json\/wp\/v2\/users\/1"}],"replies":[{"embeddable":true,"href":"https:\/\/www.directhealthcaregroup.com\/sv\/wp-json\/wp\/v2\/comments?post=106185"}],"version-history":[{"count":0,"href":"https:\/\/www.directhealthcaregroup.com\/sv\/wp-json\/wp\/v2\/pages\/106185\/revisions"}],"wp:attachment":[{"href":"https:\/\/www.directhealthcaregroup.com\/sv\/wp-json\/wp\/v2\/media?parent=106185"}],"curies":[{"name":"wp","href":"https:\/\/api.w.org\/{rel}","templated":true}]}}