{"id":106186,"date":"2020-11-10T14:25:34","date_gmt":"2020-11-10T14:25:34","guid":{"rendered":"http:\/\/www.directhealthcaregroup.com\/vi-behover-alla-rora-pa-oss-for-att-leva\/"},"modified":"2021-12-10T15:48:30","modified_gmt":"2021-12-10T15:48:30","slug":"vi-behover-alla-rora-pa-oss-for-att-leva","status":"publish","type":"page","link":"https:\/\/www.directhealthcaregroup.com\/sv\/vi-behover-alla-rora-pa-oss-for-att-leva\/","title":{"rendered":"R\u00f6relse \u00e4r avg\u00f6rande f\u00f6r v\u00e5r \u00e5terh\u00e4mtning, rehabilitering och sj\u00e4lvst\u00e4ndighet."},"content":{"rendered":"<p style=\"text-align: center;\">Direct Healthcare Group grundades 2009 som Direct Healthcare Services (DHS) och utvecklades snabbt till en erk\u00e4nd ledare inom utveckling och tillverkning av v\u00e5rdsl\u00f6sningar f\u00f6r att f\u00f6rebygga och behandla trycks\u00e5r. Produkterna som utvecklades var fr\u00e4mst statiska-, dynamiska- och hybridmadrasser, sittdynor och tillbeh\u00f6r.<\/p>\n<p style=\"text-align: center;\">Idag best\u00e5r Direct Healthcare Group av ett antal varum\u00e4rken vilka alla utvecklar, tillverkar och f\u00f6rfinar medicintekniska produkter som \u00e4r inriktade p\u00e5 tidig mobilisering av patienter f\u00f6r att f\u00f6rhindra minskad r\u00f6rlighet. Anv\u00e4ndningen av Direct Healthcare Groups produkter medf\u00f6r att allvarliga medicinska problem i samband med minskad patientr\u00f6rlighet uppfattas, hanteras och l\u00f6ses.<\/p>\n<p style=\"text-align: center;\">Direct Healthcare Group f\u00f6rv\u00e4rvade under 2020 Handicare Patient Handling (ej USA) och Gate Rehab.<\/p>\n<p style=\"text-align: center;\">Direct Healthcare Group har sitt huvudkontor och tillverkning i Caerphilly, s\u00f6dra Wales. Under \u00e5ren har Direct Healthcare Group vuxit fr\u00e5n att leverera produkter och tj\u00e4nster till Storbritannien och arbeta med globala distribut\u00f6rer, till att nu ha en direkt s\u00e4ljn\u00e4rvaro i fem europeiska l\u00e4nder och leverera till \u00f6ver 40 l\u00e4nder v\u00e4rlden \u00f6ver.<\/p>\n<p style=\"text-align: center;\">Vi p\u00e5 DHG har en djup f\u00f6rst\u00e5else f\u00f6r vikten av r\u00f6relse och dess relation till b\u00e5de fysisk och psykisk h\u00e4lsa, i synnerhet n\u00e4r behovet av att r\u00f6ra sig direkt p\u00e5verkar v\u00e5r livskvalitet i vardagen. Genom den f\u00f6rst\u00e5elsen och v\u00e5rt n\u00e4ra samarbete med sjukv\u00e5rdspersonal str\u00e4var vi efter att tillhandah\u00e5lla effektiva, r\u00f6relsebaserade l\u00f6sningar som \u00f6kar livskvaliteten i v\u00e5rd- och boendemilj\u00f6er.<\/p>\n<p style=\"text-align: center;\">V\u00e5ra l\u00f6sningar st\u00f6der v\u00e5rdleverans till ett brett patientspektrum, inklusive de som har komplexa, kroniska tillst\u00e5nd, fr\u00e5n effektiv prevention och behandling av trycks\u00e5r till att fr\u00e4mja trygg sj\u00e4lvst\u00e4ndighet och undvika patientfall. Vi p\u00e5 Direct Healthcare Group g\u00f6r det m\u00f6jligt att f\u00f6rutse, hantera och i m\u00e5nga fall l\u00f6sa de h\u00e4lsoproblem som \u00e4r f\u00f6rknippade med minskad patientr\u00f6rlighet, till st\u00f6d f\u00f6r b\u00e5de v\u00e5rdgivare och v\u00e5rdtagare.<\/p>\n<p style=\"text-align: center;\">Att ha d\u00e5lig h\u00e4lsa kan minska v\u00e5r r\u00f6relsef\u00f6rm\u00e5ga, vilket kan leda till ytterligare h\u00e4lsokomplikationer och l\u00e5ngsammare \u00e5terh\u00e4mtning. Vi p\u00e5 DHG framh\u00e5ller att r\u00f6relse \u00e4r avg\u00f6rande f\u00f6r v\u00e5r \u00e5terh\u00e4mtning, rehabilitering och sj\u00e4lvst\u00e4ndighet. Vi anser att det \u00e4r viktigt att st\u00f6dja r\u00f6rlighet och sj\u00e4lvst\u00e4ndighet f\u00f6r att uppn\u00e5 och uppr\u00e4tth\u00e5lla god h\u00e4lsa.<\/p>\n<p style=\"text-align: center;\">R\u00f6relse leder till b\u00e4ttre h\u00e4lsoresultat, snabbare \u00e5terh\u00e4mtning och en enklare vardag.<\/p>\n","protected":false},"excerpt":{"rendered":"<p>Direct Healthcare Group grundades 2009 som Direct Healthcare Services (DHS) och utvecklades snabbt till en erk\u00e4nd ledare inom utveckling och tillverkning av v\u00e5rdsl\u00f6sningar f\u00f6r att f\u00f6rebygga och behandla trycks\u00e5r. Produkterna som utvecklades var fr\u00e4mst statiska-, dynamiska- och hybridmadrasser, sittdynor och tillbeh\u00f6r. Idag best\u00e5r Direct Healthcare Group av ett antal varum\u00e4rken vilka alla utvecklar, tillverkar och &hellip; <a href=\"https:\/\/www.directhealthcaregroup.com\/sv\/vi-behover-alla-rora-pa-oss-for-att-leva\/\">Continued<\/a><\/p>\n","protected":false},"author":1,"featured_media":137113,"parent":0,"menu_order":0,"comment_status":"closed","ping_status":"closed","template":"template-brands.php","meta":{"_acf_changed":false,"footnotes":""},"class_list":["post-106186","page","type-page","status-publish","has-post-thumbnail","hentry"],"acf":[],"yoast_head":"<!-- This site is optimized with the Yoast SEO plugin v26.6 - https:\/\/yoast.com\/wordpress\/plugins\/seo\/ -->\n<title>R\u00f6relse \u00e4r avg\u00f6rande f\u00f6r v\u00e5r \u00e5terh\u00e4mtning, rehabilitering och sj\u00e4lvst\u00e4ndighet. | DHG<\/title>\n<meta name=\"robots\" content=\"index, follow, max-snippet:-1, max-image-preview:large, max-video-preview:-1\" \/>\n<link rel=\"canonical\" href=\"https:\/\/www.directhealthcaregroup.com\/sv\/vi-behover-alla-rora-pa-oss-for-att-leva\/\" \/>\n<meta property=\"og:locale\" content=\"sv_SE\" \/>\n<meta property=\"og:type\" content=\"article\" \/>\n<meta property=\"og:title\" content=\"R\u00f6relse \u00e4r avg\u00f6rande f\u00f6r v\u00e5r \u00e5terh\u00e4mtning, rehabilitering och sj\u00e4lvst\u00e4ndighet. | DHG\" \/>\n<meta property=\"og:description\" content=\"Direct Healthcare Group grundades 2009 som Direct Healthcare Services (DHS) och utvecklades snabbt till en erk\u00e4nd ledare inom utveckling och tillverkning av v\u00e5rdsl\u00f6sningar f\u00f6r att f\u00f6rebygga och behandla trycks\u00e5r. Produkterna som utvecklades var fr\u00e4mst statiska-, dynamiska- och hybridmadrasser, sittdynor och tillbeh\u00f6r. Idag best\u00e5r Direct Healthcare Group av ett antal varum\u00e4rken vilka alla utvecklar, tillverkar och &hellip; Continued\" \/>\n<meta property=\"og:url\" content=\"https:\/\/www.directhealthcaregroup.com\/sv\/vi-behover-alla-rora-pa-oss-for-att-leva\/\" \/>\n<meta property=\"og:site_name\" content=\"DHG\" \/>\n<meta property=\"article:modified_time\" content=\"2021-12-10T15:48:30+00:00\" \/>\n<meta property=\"og:image\" content=\"https:\/\/www.directhealthcaregroup.com\/app\/uploads\/webish_whiteish_couple-kopia-2.jpg\" \/>\n\t<meta property=\"og:image:width\" content=\"1344\" \/>\n\t<meta property=\"og:image:height\" content=\"756\" \/>\n\t<meta property=\"og:image:type\" content=\"image\/jpeg\" \/>\n<meta name=\"twitter:card\" content=\"summary_large_image\" \/>\n<meta name=\"twitter:label1\" content=\"Est. reading time\" \/>\n\t<meta name=\"twitter:data1\" content=\"2 minutes\" \/>\n<script type=\"application\/ld+json\" class=\"yoast-schema-graph\">{\"@context\":\"https:\/\/schema.org\",\"@graph\":[{\"@type\":\"WebPage\",\"@id\":\"https:\/\/www.directhealthcaregroup.com\/sv\/vi-behover-alla-rora-pa-oss-for-att-leva\/\",\"url\":\"https:\/\/www.directhealthcaregroup.com\/sv\/vi-behover-alla-rora-pa-oss-for-att-leva\/\",\"name\":\"R\u00f6relse \u00e4r avg\u00f6rande f\u00f6r v\u00e5r \u00e5terh\u00e4mtning, rehabilitering och sj\u00e4lvst\u00e4ndighet. | DHG\",\"isPartOf\":{\"@id\":\"https:\/\/www.directhealthcaregroup.com\/#website\"},\"primaryImageOfPage\":{\"@id\":\"https:\/\/www.directhealthcaregroup.com\/sv\/vi-behover-alla-rora-pa-oss-for-att-leva\/#primaryimage\"},\"image\":{\"@id\":\"https:\/\/www.directhealthcaregroup.com\/sv\/vi-behover-alla-rora-pa-oss-for-att-leva\/#primaryimage\"},\"thumbnailUrl\":\"https:\/\/www.directhealthcaregroup.com\/app\/uploads\/webish_whiteish_couple-kopia-2.jpg\",\"datePublished\":\"2020-11-10T14:25:34+00:00\",\"dateModified\":\"2021-12-10T15:48:30+00:00\",\"breadcrumb\":{\"@id\":\"https:\/\/www.directhealthcaregroup.com\/sv\/vi-behover-alla-rora-pa-oss-for-att-leva\/#breadcrumb\"},\"inLanguage\":\"sv-SE\",\"potentialAction\":[{\"@type\":\"ReadAction\",\"target\":[\"https:\/\/www.directhealthcaregroup.com\/sv\/vi-behover-alla-rora-pa-oss-for-att-leva\/\"]}]},{\"@type\":\"ImageObject\",\"inLanguage\":\"sv-SE\",\"@id\":\"https:\/\/www.directhealthcaregroup.com\/sv\/vi-behover-alla-rora-pa-oss-for-att-leva\/#primaryimage\",\"url\":\"https:\/\/www.directhealthcaregroup.com\/app\/uploads\/webish_whiteish_couple-kopia-2.jpg\",\"contentUrl\":\"https:\/\/www.directhealthcaregroup.com\/app\/uploads\/webish_whiteish_couple-kopia-2.jpg\",\"width\":1344,\"height\":756},{\"@type\":\"BreadcrumbList\",\"@id\":\"https:\/\/www.directhealthcaregroup.com\/sv\/vi-behover-alla-rora-pa-oss-for-att-leva\/#breadcrumb\",\"itemListElement\":[{\"@type\":\"ListItem\",\"position\":1,\"name\":\"Home\",\"item\":\"https:\/\/www.directhealthcaregroup.com\/sv\/\"},{\"@type\":\"ListItem\",\"position\":2,\"name\":\"R\u00f6relse \u00e4r avg\u00f6rande f\u00f6r v\u00e5r \u00e5terh\u00e4mtning, rehabilitering och sj\u00e4lvst\u00e4ndighet.\"}]},{\"@type\":\"WebSite\",\"@id\":\"https:\/\/www.directhealthcaregroup.com\/#website\",\"url\":\"https:\/\/www.directhealthcaregroup.com\/\",\"name\":\"DHG\",\"description\":\"Moving Health Forward\",\"publisher\":{\"@id\":\"https:\/\/www.directhealthcaregroup.com\/#organization\"},\"potentialAction\":[{\"@type\":\"SearchAction\",\"target\":{\"@type\":\"EntryPoint\",\"urlTemplate\":\"https:\/\/www.directhealthcaregroup.com\/?s={search_term_string}\"},\"query-input\":{\"@type\":\"PropertyValueSpecification\",\"valueRequired\":true,\"valueName\":\"search_term_string\"}}],\"inLanguage\":\"sv-SE\"},{\"@type\":\"Organization\",\"@id\":\"https:\/\/www.directhealthcaregroup.com\/#organization\",\"name\":\"Direct Healthcare Group\",\"url\":\"https:\/\/www.directhealthcaregroup.com\/\",\"logo\":{\"@type\":\"ImageObject\",\"inLanguage\":\"sv-SE\",\"@id\":\"https:\/\/www.directhealthcaregroup.com\/#\/schema\/logo\/image\/\",\"url\":\"https:\/\/directhealthcaregroup.com\/app\/uploads\/dhg-logo.png\",\"contentUrl\":\"https:\/\/directhealthcaregroup.com\/app\/uploads\/dhg-logo.png\",\"width\":556,\"height\":240,\"caption\":\"Direct Healthcare Group\"},\"image\":{\"@id\":\"https:\/\/www.directhealthcaregroup.com\/#\/schema\/logo\/image\/\"}}]}<\/script>\n<!-- \/ Yoast SEO plugin. -->","yoast_head_json":{"title":"R\u00f6relse \u00e4r avg\u00f6rande f\u00f6r v\u00e5r \u00e5terh\u00e4mtning, rehabilitering och sj\u00e4lvst\u00e4ndighet. | DHG","robots":{"index":"index","follow":"follow","max-snippet":"max-snippet:-1","max-image-preview":"max-image-preview:large","max-video-preview":"max-video-preview:-1"},"canonical":"https:\/\/www.directhealthcaregroup.com\/sv\/vi-behover-alla-rora-pa-oss-for-att-leva\/","og_locale":"sv_SE","og_type":"article","og_title":"R\u00f6relse \u00e4r avg\u00f6rande f\u00f6r v\u00e5r \u00e5terh\u00e4mtning, rehabilitering och sj\u00e4lvst\u00e4ndighet. | DHG","og_description":"Direct Healthcare Group grundades 2009 som Direct Healthcare Services (DHS) och utvecklades snabbt till en erk\u00e4nd ledare inom utveckling och tillverkning av v\u00e5rdsl\u00f6sningar f\u00f6r att f\u00f6rebygga och behandla trycks\u00e5r. Produkterna som utvecklades var fr\u00e4mst statiska-, dynamiska- och hybridmadrasser, sittdynor och tillbeh\u00f6r. Idag best\u00e5r Direct Healthcare Group av ett antal varum\u00e4rken vilka alla utvecklar, tillverkar och &hellip; Continued","og_url":"https:\/\/www.directhealthcaregroup.com\/sv\/vi-behover-alla-rora-pa-oss-for-att-leva\/","og_site_name":"DHG","article_modified_time":"2021-12-10T15:48:30+00:00","og_image":[{"width":1344,"height":756,"url":"https:\/\/www.directhealthcaregroup.com\/app\/uploads\/webish_whiteish_couple-kopia-2.jpg","type":"image\/jpeg"}],"twitter_card":"summary_large_image","twitter_misc":{"Est. reading time":"2 minutes"},"schema":{"@context":"https:\/\/schema.org","@graph":[{"@type":"WebPage","@id":"https:\/\/www.directhealthcaregroup.com\/sv\/vi-behover-alla-rora-pa-oss-for-att-leva\/","url":"https:\/\/www.directhealthcaregroup.com\/sv\/vi-behover-alla-rora-pa-oss-for-att-leva\/","name":"R\u00f6relse \u00e4r avg\u00f6rande f\u00f6r v\u00e5r \u00e5terh\u00e4mtning, rehabilitering och sj\u00e4lvst\u00e4ndighet. | DHG","isPartOf":{"@id":"https:\/\/www.directhealthcaregroup.com\/#website"},"primaryImageOfPage":{"@id":"https:\/\/www.directhealthcaregroup.com\/sv\/vi-behover-alla-rora-pa-oss-for-att-leva\/#primaryimage"},"image":{"@id":"https:\/\/www.directhealthcaregroup.com\/sv\/vi-behover-alla-rora-pa-oss-for-att-leva\/#primaryimage"},"thumbnailUrl":"https:\/\/www.directhealthcaregroup.com\/app\/uploads\/webish_whiteish_couple-kopia-2.jpg","datePublished":"2020-11-10T14:25:34+00:00","dateModified":"2021-12-10T15:48:30+00:00","breadcrumb":{"@id":"https:\/\/www.directhealthcaregroup.com\/sv\/vi-behover-alla-rora-pa-oss-for-att-leva\/#breadcrumb"},"inLanguage":"sv-SE","potentialAction":[{"@type":"ReadAction","target":["https:\/\/www.directhealthcaregroup.com\/sv\/vi-behover-alla-rora-pa-oss-for-att-leva\/"]}]},{"@type":"ImageObject","inLanguage":"sv-SE","@id":"https:\/\/www.directhealthcaregroup.com\/sv\/vi-behover-alla-rora-pa-oss-for-att-leva\/#primaryimage","url":"https:\/\/www.directhealthcaregroup.com\/app\/uploads\/webish_whiteish_couple-kopia-2.jpg","contentUrl":"https:\/\/www.directhealthcaregroup.com\/app\/uploads\/webish_whiteish_couple-kopia-2.jpg","width":1344,"height":756},{"@type":"BreadcrumbList","@id":"https:\/\/www.directhealthcaregroup.com\/sv\/vi-behover-alla-rora-pa-oss-for-att-leva\/#breadcrumb","itemListElement":[{"@type":"ListItem","position":1,"name":"Home","item":"https:\/\/www.directhealthcaregroup.com\/sv\/"},{"@type":"ListItem","position":2,"name":"R\u00f6relse \u00e4r avg\u00f6rande f\u00f6r v\u00e5r \u00e5terh\u00e4mtning, rehabilitering och sj\u00e4lvst\u00e4ndighet."}]},{"@type":"WebSite","@id":"https:\/\/www.directhealthcaregroup.com\/#website","url":"https:\/\/www.directhealthcaregroup.com\/","name":"DHG","description":"Moving Health Forward","publisher":{"@id":"https:\/\/www.directhealthcaregroup.com\/#organization"},"potentialAction":[{"@type":"SearchAction","target":{"@type":"EntryPoint","urlTemplate":"https:\/\/www.directhealthcaregroup.com\/?s={search_term_string}"},"query-input":{"@type":"PropertyValueSpecification","valueRequired":true,"valueName":"search_term_string"}}],"inLanguage":"sv-SE"},{"@type":"Organization","@id":"https:\/\/www.directhealthcaregroup.com\/#organization","name":"Direct Healthcare Group","url":"https:\/\/www.directhealthcaregroup.com\/","logo":{"@type":"ImageObject","inLanguage":"sv-SE","@id":"https:\/\/www.directhealthcaregroup.com\/#\/schema\/logo\/image\/","url":"https:\/\/directhealthcaregroup.com\/app\/uploads\/dhg-logo.png","contentUrl":"https:\/\/directhealthcaregroup.com\/app\/uploads\/dhg-logo.png","width":556,"height":240,"caption":"Direct Healthcare Group"},"image":{"@id":"https:\/\/www.directhealthcaregroup.com\/#\/schema\/logo\/image\/"}}]}},"_links":{"self":[{"href":"https:\/\/www.directhealthcaregroup.com\/sv\/wp-json\/wp\/v2\/pages\/106186","targetHints":{"allow":["GET"]}}],"collection":[{"href":"https:\/\/www.directhealthcaregroup.com\/sv\/wp-json\/wp\/v2\/pages"}],"about":[{"href":"https:\/\/www.directhealthcaregroup.com\/sv\/wp-json\/wp\/v2\/types\/page"}],"author":[{"embeddable":true,"href":"https:\/\/www.directhealthcaregroup.com\/sv\/wp-json\/wp\/v2\/users\/1"}],"replies":[{"embeddable":true,"href":"https:\/\/www.directhealthcaregroup.com\/sv\/wp-json\/wp\/v2\/comments?post=106186"}],"version-history":[{"count":4,"href":"https:\/\/www.directhealthcaregroup.com\/sv\/wp-json\/wp\/v2\/pages\/106186\/revisions"}],"predecessor-version":[{"id":148660,"href":"https:\/\/www.directhealthcaregroup.com\/sv\/wp-json\/wp\/v2\/pages\/106186\/revisions\/148660"}],"wp:featuredmedia":[{"embeddable":true,"href":"https:\/\/www.directhealthcaregroup.com\/sv\/wp-json\/wp\/v2\/media\/137113"}],"wp:attachment":[{"href":"https:\/\/www.directhealthcaregroup.com\/sv\/wp-json\/wp\/v2\/media?parent=106186"}],"curies":[{"name":"wp","href":"https:\/\/api.w.org\/{rel}","templated":true}]}}