{"id":106188,"date":"2020-11-10T14:26:40","date_gmt":"2020-11-10T14:26:40","guid":{"rendered":"http:\/\/www.directhealthcaregroup.com\/forbattra-rorelse-och-halsa\/"},"modified":"2022-12-21T09:07:00","modified_gmt":"2022-12-21T09:07:00","slug":"forbattra-rorelse-och-halsa","status":"publish","type":"page","link":"https:\/\/www.directhealthcaregroup.com\/sv\/","title":{"rendered":"F\u00f6rb\u00e4ttra r\u00f6relse och h\u00e4lsa"},"content":{"rendered":"<h3 class=\"color--black\" style=\"text-align: center;\">R\u00d6RELSE \u00c4R GRUNDL\u00c4GGANDE F\u00d6R V\u00c5R H\u00c4LSA OCH LIVSKVALITET.<\/h3>\n<p class=\"lead\" style=\"text-align: center;\">Direct Healthcare Group g\u00f6r det m\u00f6jligt att f\u00f6rutse, hantera och i m\u00e5nga fall l\u00f6sa de h\u00e4lsoproblem som \u00e4r f\u00f6rknippade med minskad patientr\u00f6relse och som kan anv\u00e4ndas f\u00f6r att hj\u00e4lpa v\u00e5rdgivare och patienter. Allt leder till b\u00e4ttre h\u00e4lsoresultat, snabbare \u00e5terh\u00e4mtning och en enklare vardag.<\/p>\n","protected":false},"excerpt":{"rendered":"<p>R\u00d6RELSE \u00c4R GRUNDL\u00c4GGANDE F\u00d6R V\u00c5R H\u00c4LSA OCH LIVSKVALITET. Direct Healthcare Group g\u00f6r det m\u00f6jligt att f\u00f6rutse, hantera och i m\u00e5nga fall l\u00f6sa de h\u00e4lsoproblem som \u00e4r f\u00f6rknippade med minskad patientr\u00f6relse och som kan anv\u00e4ndas f\u00f6r att hj\u00e4lpa v\u00e5rdgivare och patienter. Allt leder till b\u00e4ttre h\u00e4lsoresultat, snabbare \u00e5terh\u00e4mtning och en enklare vardag.<\/p>\n","protected":false},"author":1,"featured_media":0,"parent":0,"menu_order":0,"comment_status":"closed","ping_status":"closed","template":"","meta":{"_acf_changed":false,"footnotes":""},"class_list":["post-106188","page","type-page","status-publish","hentry"],"acf":[],"yoast_head":"<!-- This site is optimized with the Yoast SEO plugin v27.4 - https:\/\/yoast.com\/product\/yoast-seo-wordpress\/ -->\n<title>F\u00f6rb\u00e4ttra r\u00f6relse och h\u00e4lsa | DHG<\/title>\n<meta name=\"robots\" content=\"index, follow, max-snippet:-1, max-image-preview:large, max-video-preview:-1\" \/>\n<link rel=\"canonical\" href=\"https:\/\/www.directhealthcaregroup.com\/sv\/\" \/>\n<meta property=\"og:locale\" content=\"sv_SE\" \/>\n<meta property=\"og:type\" content=\"article\" \/>\n<meta property=\"og:title\" content=\"F\u00f6rb\u00e4ttra r\u00f6relse och h\u00e4lsa | DHG\" \/>\n<meta property=\"og:description\" content=\"R\u00d6RELSE \u00c4R GRUNDL\u00c4GGANDE F\u00d6R V\u00c5R H\u00c4LSA OCH LIVSKVALITET. Direct Healthcare Group g\u00f6r det m\u00f6jligt att f\u00f6rutse, hantera och i m\u00e5nga fall l\u00f6sa de h\u00e4lsoproblem som \u00e4r f\u00f6rknippade med minskad patientr\u00f6relse och som kan anv\u00e4ndas f\u00f6r att hj\u00e4lpa v\u00e5rdgivare och patienter. Allt leder till b\u00e4ttre h\u00e4lsoresultat, snabbare \u00e5terh\u00e4mtning och en enklare vardag.\" \/>\n<meta property=\"og:url\" content=\"https:\/\/www.directhealthcaregroup.com\/sv\/\" \/>\n<meta property=\"og:site_name\" content=\"DHG\" \/>\n<meta property=\"article:modified_time\" content=\"2022-12-21T09:07:00+00:00\" \/>\n<meta name=\"twitter:card\" content=\"summary_large_image\" \/>\n<script type=\"application\/ld+json\" class=\"yoast-schema-graph\">{\"@context\":\"https:\\\/\\\/schema.org\",\"@graph\":[{\"@type\":\"WebPage\",\"@id\":\"https:\\\/\\\/www.directhealthcaregroup.com\\\/sv\\\/\",\"url\":\"https:\\\/\\\/www.directhealthcaregroup.com\\\/sv\\\/\",\"name\":\"F\u00f6rb\u00e4ttra r\u00f6relse och h\u00e4lsa | DHG\",\"isPartOf\":{\"@id\":\"https:\\\/\\\/www.directhealthcaregroup.com\\\/#website\"},\"datePublished\":\"2020-11-10T14:26:40+00:00\",\"dateModified\":\"2022-12-21T09:07:00+00:00\",\"breadcrumb\":{\"@id\":\"https:\\\/\\\/www.directhealthcaregroup.com\\\/sv\\\/#breadcrumb\"},\"inLanguage\":\"sv-SE\",\"potentialAction\":[{\"@type\":\"ReadAction\",\"target\":[\"https:\\\/\\\/www.directhealthcaregroup.com\\\/sv\\\/\"]}]},{\"@type\":\"BreadcrumbList\",\"@id\":\"https:\\\/\\\/www.directhealthcaregroup.com\\\/sv\\\/#breadcrumb\",\"itemListElement\":[{\"@type\":\"ListItem\",\"position\":1,\"name\":\"Home\",\"item\":\"https:\\\/\\\/www.directhealthcaregroup.com\\\/sv\\\/\"},{\"@type\":\"ListItem\",\"position\":2,\"name\":\"F\u00f6rb\u00e4ttra r\u00f6relse och h\u00e4lsa\"}]},{\"@type\":\"WebSite\",\"@id\":\"https:\\\/\\\/www.directhealthcaregroup.com\\\/#website\",\"url\":\"https:\\\/\\\/www.directhealthcaregroup.com\\\/\",\"name\":\"DHG\",\"description\":\"Moving Health Forward\",\"publisher\":{\"@id\":\"https:\\\/\\\/www.directhealthcaregroup.com\\\/#organization\"},\"potentialAction\":[{\"@type\":\"SearchAction\",\"target\":{\"@type\":\"EntryPoint\",\"urlTemplate\":\"https:\\\/\\\/www.directhealthcaregroup.com\\\/?s={search_term_string}\"},\"query-input\":{\"@type\":\"PropertyValueSpecification\",\"valueRequired\":true,\"valueName\":\"search_term_string\"}}],\"inLanguage\":\"sv-SE\"},{\"@type\":\"Organization\",\"@id\":\"https:\\\/\\\/www.directhealthcaregroup.com\\\/#organization\",\"name\":\"Direct Healthcare Group\",\"url\":\"https:\\\/\\\/www.directhealthcaregroup.com\\\/\",\"logo\":{\"@type\":\"ImageObject\",\"inLanguage\":\"sv-SE\",\"@id\":\"https:\\\/\\\/www.directhealthcaregroup.com\\\/#\\\/schema\\\/logo\\\/image\\\/\",\"url\":\"https:\\\/\\\/directhealthcaregroup.com\\\/app\\\/uploads\\\/dhg-logo.png\",\"contentUrl\":\"https:\\\/\\\/directhealthcaregroup.com\\\/app\\\/uploads\\\/dhg-logo.png\",\"width\":556,\"height\":240,\"caption\":\"Direct Healthcare Group\"},\"image\":{\"@id\":\"https:\\\/\\\/www.directhealthcaregroup.com\\\/#\\\/schema\\\/logo\\\/image\\\/\"}}]}<\/script>\n<!-- \/ Yoast SEO plugin. -->","yoast_head_json":{"title":"F\u00f6rb\u00e4ttra r\u00f6relse och h\u00e4lsa | DHG","robots":{"index":"index","follow":"follow","max-snippet":"max-snippet:-1","max-image-preview":"max-image-preview:large","max-video-preview":"max-video-preview:-1"},"canonical":"https:\/\/www.directhealthcaregroup.com\/sv\/","og_locale":"sv_SE","og_type":"article","og_title":"F\u00f6rb\u00e4ttra r\u00f6relse och h\u00e4lsa | DHG","og_description":"R\u00d6RELSE \u00c4R GRUNDL\u00c4GGANDE F\u00d6R V\u00c5R H\u00c4LSA OCH LIVSKVALITET. Direct Healthcare Group g\u00f6r det m\u00f6jligt att f\u00f6rutse, hantera och i m\u00e5nga fall l\u00f6sa de h\u00e4lsoproblem som \u00e4r f\u00f6rknippade med minskad patientr\u00f6relse och som kan anv\u00e4ndas f\u00f6r att hj\u00e4lpa v\u00e5rdgivare och patienter. Allt leder till b\u00e4ttre h\u00e4lsoresultat, snabbare \u00e5terh\u00e4mtning och en enklare vardag.","og_url":"https:\/\/www.directhealthcaregroup.com\/sv\/","og_site_name":"DHG","article_modified_time":"2022-12-21T09:07:00+00:00","twitter_card":"summary_large_image","schema":{"@context":"https:\/\/schema.org","@graph":[{"@type":"WebPage","@id":"https:\/\/www.directhealthcaregroup.com\/sv\/","url":"https:\/\/www.directhealthcaregroup.com\/sv\/","name":"F\u00f6rb\u00e4ttra r\u00f6relse och h\u00e4lsa | DHG","isPartOf":{"@id":"https:\/\/www.directhealthcaregroup.com\/#website"},"datePublished":"2020-11-10T14:26:40+00:00","dateModified":"2022-12-21T09:07:00+00:00","breadcrumb":{"@id":"https:\/\/www.directhealthcaregroup.com\/sv\/#breadcrumb"},"inLanguage":"sv-SE","potentialAction":[{"@type":"ReadAction","target":["https:\/\/www.directhealthcaregroup.com\/sv\/"]}]},{"@type":"BreadcrumbList","@id":"https:\/\/www.directhealthcaregroup.com\/sv\/#breadcrumb","itemListElement":[{"@type":"ListItem","position":1,"name":"Home","item":"https:\/\/www.directhealthcaregroup.com\/sv\/"},{"@type":"ListItem","position":2,"name":"F\u00f6rb\u00e4ttra r\u00f6relse och h\u00e4lsa"}]},{"@type":"WebSite","@id":"https:\/\/www.directhealthcaregroup.com\/#website","url":"https:\/\/www.directhealthcaregroup.com\/","name":"DHG","description":"Moving Health Forward","publisher":{"@id":"https:\/\/www.directhealthcaregroup.com\/#organization"},"potentialAction":[{"@type":"SearchAction","target":{"@type":"EntryPoint","urlTemplate":"https:\/\/www.directhealthcaregroup.com\/?s={search_term_string}"},"query-input":{"@type":"PropertyValueSpecification","valueRequired":true,"valueName":"search_term_string"}}],"inLanguage":"sv-SE"},{"@type":"Organization","@id":"https:\/\/www.directhealthcaregroup.com\/#organization","name":"Direct Healthcare Group","url":"https:\/\/www.directhealthcaregroup.com\/","logo":{"@type":"ImageObject","inLanguage":"sv-SE","@id":"https:\/\/www.directhealthcaregroup.com\/#\/schema\/logo\/image\/","url":"https:\/\/directhealthcaregroup.com\/app\/uploads\/dhg-logo.png","contentUrl":"https:\/\/directhealthcaregroup.com\/app\/uploads\/dhg-logo.png","width":556,"height":240,"caption":"Direct Healthcare Group"},"image":{"@id":"https:\/\/www.directhealthcaregroup.com\/#\/schema\/logo\/image\/"}}]}},"_links":{"self":[{"href":"https:\/\/www.directhealthcaregroup.com\/sv\/wp-json\/wp\/v2\/pages\/106188","targetHints":{"allow":["GET"]}}],"collection":[{"href":"https:\/\/www.directhealthcaregroup.com\/sv\/wp-json\/wp\/v2\/pages"}],"about":[{"href":"https:\/\/www.directhealthcaregroup.com\/sv\/wp-json\/wp\/v2\/types\/page"}],"author":[{"embeddable":true,"href":"https:\/\/www.directhealthcaregroup.com\/sv\/wp-json\/wp\/v2\/users\/1"}],"replies":[{"embeddable":true,"href":"https:\/\/www.directhealthcaregroup.com\/sv\/wp-json\/wp\/v2\/comments?post=106188"}],"version-history":[{"count":3,"href":"https:\/\/www.directhealthcaregroup.com\/sv\/wp-json\/wp\/v2\/pages\/106188\/revisions"}],"predecessor-version":[{"id":234006,"href":"https:\/\/www.directhealthcaregroup.com\/sv\/wp-json\/wp\/v2\/pages\/106188\/revisions\/234006"}],"wp:attachment":[{"href":"https:\/\/www.directhealthcaregroup.com\/sv\/wp-json\/wp\/v2\/media?parent=106188"}],"curies":[{"name":"wp","href":"https:\/\/api.w.org\/{rel}","templated":true}]}}