{"id":136434,"date":"2021-04-07T10:00:26","date_gmt":"2021-04-07T09:00:26","guid":{"rendered":"https:\/\/www.directhealthcaregroup.com\/?page_id=136434"},"modified":"2025-08-08T08:07:25","modified_gmt":"2025-08-08T07:07:25","slug":"broschyrer","status":"publish","type":"page","link":"https:\/\/www.directhealthcaregroup.com\/sv\/broschyrer\/","title":{"rendered":"Broschyrer"},"content":{"rendered":"\n<figure class=\"wp-block-gallery has-nested-images columns-default is-cropped wp-block-gallery-1 is-layout-flex wp-block-gallery-is-layout-flex\">\n<figure class=\"wp-block-image size-large\"><img loading=\"lazy\" decoding=\"async\" width=\"1024\" height=\"722\" data-id=\"136444\" src=\"https:\/\/www.directhealthcaregroup.com\/app\/uploads\/katalogbilder_web_2021_SE-1024x722.jpg\" alt=\"\" class=\"wp-image-136444\" srcset=\"https:\/\/www.directhealthcaregroup.com\/app\/uploads\/katalogbilder_web_2021_SE-1024x722.jpg 1024w, https:\/\/www.directhealthcaregroup.com\/app\/uploads\/katalogbilder_web_2021_SE-300x211.jpg 300w, https:\/\/www.directhealthcaregroup.com\/app\/uploads\/katalogbilder_web_2021_SE-768x541.jpg 768w, https:\/\/www.directhealthcaregroup.com\/app\/uploads\/katalogbilder_web_2021_SE-320x226.jpg 320w, https:\/\/www.directhealthcaregroup.com\/app\/uploads\/katalogbilder_web_2021_SE-800x564.jpg 800w, https:\/\/www.directhealthcaregroup.com\/app\/uploads\/katalogbilder_web_2021_SE.jpg 1240w\" sizes=\"auto, (max-width: 1024px) 100vw, 1024px\" \/><\/figure>\n\n\n\n<figure class=\"wp-block-image size-large\"><img loading=\"lazy\" decoding=\"async\" width=\"1024\" height=\"722\" data-id=\"136465\" src=\"https:\/\/www.directhealthcaregroup.com\/app\/uploads\/Sheets_alloccassions_web_2021_SE-1024x722.jpg\" alt=\"\" class=\"wp-image-136465\" srcset=\"https:\/\/www.directhealthcaregroup.com\/app\/uploads\/Sheets_alloccassions_web_2021_SE-1024x722.jpg 1024w, https:\/\/www.directhealthcaregroup.com\/app\/uploads\/Sheets_alloccassions_web_2021_SE-300x211.jpg 300w, https:\/\/www.directhealthcaregroup.com\/app\/uploads\/Sheets_alloccassions_web_2021_SE-768x541.jpg 768w, https:\/\/www.directhealthcaregroup.com\/app\/uploads\/Sheets_alloccassions_web_2021_SE-320x226.jpg 320w, https:\/\/www.directhealthcaregroup.com\/app\/uploads\/Sheets_alloccassions_web_2021_SE-800x564.jpg 800w, https:\/\/www.directhealthcaregroup.com\/app\/uploads\/Sheets_alloccassions_web_2021_SE.jpg 1240w\" sizes=\"auto, (max-width: 1024px) 100vw, 1024px\" \/><\/figure>\n<\/figure>\n\n\n\n<div class=\"wp-block-columns is-layout-flex wp-container-core-columns-is-layout-9d6595d7 wp-block-columns-is-layout-flex\">\n<div class=\"wp-block-column is-layout-flow wp-block-column-is-layout-flow\">\n<p class=\"has-normal-font-size\"><span class=\"has-inline-color has-light-green-cyan-color\"><a href=\"https:\/\/www.directhealthcaregroup.com\/app\/uploads\/DHG_Product_catalogue_SE_2021_mars_low.pdf\" data-type=\"URL\" data-id=\"https:\/\/www.directhealthcaregroup.com\/app\/uploads\/DHG_Product_catalogue_SE_2021_mars_low.pdf\">F\u00f6rlyttnings- och lyfthj\u00e4lpmedel SystemRoMedic produktkatalog<\/a> <\/span><\/p>\n<\/div>\n\n\n\n<div class=\"wp-block-column is-layout-flow wp-block-column-is-layout-flow\">\n<p class=\"has-normal-font-size\"><span class=\"has-inline-color has-light-green-cyan-color\"><a href=\"https:\/\/www.directhealthcaregroup.com\/app\/uploads\/Sheets_brochure_SE_DHG_dec2021_20sid-low-2.pdf\">Lakan f\u00f6r alla tillf\u00e4llen<\/a><\/span> <\/p>\n<\/div>\n<\/div>\n\n\n\n<div class=\"wp-block-columns is-layout-flex wp-container-core-columns-is-layout-9d6595d7 wp-block-columns-is-layout-flex\">\n<div class=\"wp-block-column is-layout-flow wp-block-column-is-layout-flow\" style=\"flex-basis:100%\"><div class=\"wp-block-image\">\n<figure class=\"alignleft size-large is-resized\"><img loading=\"lazy\" decoding=\"async\" width=\"1024\" height=\"722\" src=\"https:\/\/www.directhealthcaregroup.com\/app\/uploads\/selbroschyrsbilder_web_2021_SE-1024x722.jpg\" alt=\"\" class=\"wp-image-136455\" style=\"aspect-ratio:1.4193548387096775;width:393px;height:auto\" srcset=\"https:\/\/www.directhealthcaregroup.com\/app\/uploads\/selbroschyrsbilder_web_2021_SE-1024x722.jpg 1024w, https:\/\/www.directhealthcaregroup.com\/app\/uploads\/selbroschyrsbilder_web_2021_SE-300x211.jpg 300w, https:\/\/www.directhealthcaregroup.com\/app\/uploads\/selbroschyrsbilder_web_2021_SE-768x541.jpg 768w, https:\/\/www.directhealthcaregroup.com\/app\/uploads\/selbroschyrsbilder_web_2021_SE-320x226.jpg 320w, https:\/\/www.directhealthcaregroup.com\/app\/uploads\/selbroschyrsbilder_web_2021_SE-800x564.jpg 800w, https:\/\/www.directhealthcaregroup.com\/app\/uploads\/selbroschyrsbilder_web_2021_SE.jpg 1240w\" sizes=\"auto, (max-width: 1024px) 100vw, 1024px\" \/><\/figure>\n<\/div>\n\n<div class=\"wp-block-image\">\n<figure class=\"alignright size-large is-resized\"><img loading=\"lazy\" decoding=\"async\" width=\"1024\" height=\"691\" src=\"https:\/\/www.directhealthcaregroup.com\/app\/uploads\/Skarmbild-WendyLett-lakansguide-1024x691.png\" alt=\"\" class=\"wp-image-249483\" style=\"width:354px;height:auto\" srcset=\"https:\/\/www.directhealthcaregroup.com\/app\/uploads\/Skarmbild-WendyLett-lakansguide-1024x691.png 1024w, https:\/\/www.directhealthcaregroup.com\/app\/uploads\/Skarmbild-WendyLett-lakansguide-300x202.png 300w, https:\/\/www.directhealthcaregroup.com\/app\/uploads\/Skarmbild-WendyLett-lakansguide-768x518.png 768w, https:\/\/www.directhealthcaregroup.com\/app\/uploads\/Skarmbild-WendyLett-lakansguide-320x216.png 320w, https:\/\/www.directhealthcaregroup.com\/app\/uploads\/Skarmbild-WendyLett-lakansguide-800x540.png 800w, https:\/\/www.directhealthcaregroup.com\/app\/uploads\/Skarmbild-WendyLett-lakansguide.png 1246w\" sizes=\"auto, (max-width: 1024px) 100vw, 1024px\" \/><\/figure>\n<\/div><\/div>\n<\/div>\n\n\n\n<p><a href=\"https:\/\/www.directhealthcaregroup.com\/app\/uploads\/WendyLett-lakansguide-SE-2025-06.pdf\" target=\"_blank\" rel=\"noreferrer noopener\">WendyLett lakansguide<\/a><\/p>\n\n\n\n<p><a href=\"https:\/\/www.directhealthcaregroup.com\/app\/uploads\/Lyftselar_low.pdf\" target=\"_blank\" rel=\"noreferrer noopener\">Lyftselar<\/a><a href=\"https:\/\/www.directhealthcaregroup.com\/app\/uploads\/DHG_selbroschyr_2020_okt_SE_48sid utan rek kg.pdf\"> <\/a><\/p>\n\n\n\n<p><a href=\"https:\/\/www.directhealthcaregroup.com\/app\/uploads\/DHG_Poster_A3_Selar_SE_2021_standing_walk_stand.pdf\">Guide f\u00f6r val av r\u00e4tt sele <\/a><\/p>\n\n\n\n<div class=\"wp-block-file\"><a href=\"https:\/\/www.directhealthcaregroup.com\/app\/uploads\/DHG-Storleksguide-for-lyftselar_220830_SE-1.pdf\">DHG Storleksguide f\u00f6r lyftselar_220830_SE<\/a><a href=\"https:\/\/www.directhealthcaregroup.com\/app\/uploads\/DHG-Storleksguide-for-lyftselar_220830_SE-1.pdf\" class=\"wp-block-file__button wp-element-button\" download>Download<\/a><\/div>\n\n\n\n<p><a href=\"https:\/\/www.directhealthcaregroup.com\/app\/uploads\/Kirton_Product_Literature_2021_SE-1.pdf\">Kirton v\u00e5rdarman\u00f6vrerade komfortrullstolar produktkatalog<\/a><\/p>\n\n\n\n<p><a href=\"https:\/\/www.directhealthcaregroup.com\/app\/uploads\/DHG_Enkla-hjm-som-reducerar-smittspridn_Nov-2020_alt_converted.pdf\">Enkla hj\u00e4lpmedel som f\u00f6rhindrar smittspridning<\/a><\/p>\n\n\n\n<p><a href=\"https:\/\/www.directhealthcaregroup.com\/app\/uploads\/DHG_Support_Surface_Guide_Poster_A3L_AW_SE.pdf\">Guide till val av antidecubitusmadrass<\/a><\/p>\n\n\n\n<p><a href=\"https:\/\/www.directhealthcaregroup.com\/app\/uploads\/Bure-Gabord-Produktkatalog-SE-202411-01.pdf\">Bure g\u00e5bord produktkatalog<\/a><\/p>\n\n\n\n<p><a href=\"https:\/\/www.directhealthcaregroup.com\/app\/uploads\/DHG_Miniflyer_alla-produkter_SE_sep_2024.pdf\">\u00d6versikt miniflyer-alla produkter DHG<\/a><\/p>\n\n\n\n<p><\/p>\n","protected":false},"excerpt":{"rendered":"<p>F\u00f6rlyttnings- och lyfthj\u00e4lpmedel SystemRoMedic produktkatalog Lakan f\u00f6r alla tillf\u00e4llen WendyLett lakansguide Lyftselar Guide f\u00f6r val av r\u00e4tt sele Kirton v\u00e5rdarman\u00f6vrerade komfortrullstolar produktkatalog Enkla hj\u00e4lpmedel som f\u00f6rhindrar smittspridning Guide till val av antidecubitusmadrass Bure g\u00e5bord produktkatalog \u00d6versikt miniflyer-alla produkter DHG<\/p>\n","protected":false},"author":2,"featured_media":0,"parent":0,"menu_order":0,"comment_status":"closed","ping_status":"closed","template":"","meta":{"_acf_changed":false,"footnotes":""},"class_list":["post-136434","page","type-page","status-publish","hentry"],"acf":[],"yoast_head":"<!-- This site is optimized with the Yoast SEO plugin v27.4 - https:\/\/yoast.com\/product\/yoast-seo-wordpress\/ -->\n<title>Broschyrer | DHG<\/title>\n<meta name=\"robots\" content=\"index, follow, max-snippet:-1, max-image-preview:large, max-video-preview:-1\" \/>\n<link rel=\"canonical\" href=\"https:\/\/www.directhealthcaregroup.com\/sv\/broschyrer\/\" \/>\n<meta property=\"og:locale\" content=\"sv_SE\" \/>\n<meta property=\"og:type\" content=\"article\" \/>\n<meta property=\"og:title\" content=\"Broschyrer | DHG\" \/>\n<meta property=\"og:description\" content=\"F\u00f6rlyttnings- och lyfthj\u00e4lpmedel SystemRoMedic produktkatalog Lakan f\u00f6r alla tillf\u00e4llen WendyLett lakansguide Lyftselar Guide f\u00f6r val av r\u00e4tt sele Kirton v\u00e5rdarman\u00f6vrerade komfortrullstolar produktkatalog Enkla hj\u00e4lpmedel som f\u00f6rhindrar smittspridning Guide till val av antidecubitusmadrass Bure g\u00e5bord produktkatalog \u00d6versikt miniflyer-alla produkter DHG\" \/>\n<meta property=\"og:url\" content=\"https:\/\/www.directhealthcaregroup.com\/sv\/broschyrer\/\" \/>\n<meta property=\"og:site_name\" content=\"DHG\" \/>\n<meta property=\"article:modified_time\" content=\"2025-08-08T07:07:25+00:00\" \/>\n<meta property=\"og:image\" content=\"https:\/\/www.directhealthcaregroup.com\/app\/uploads\/katalogbilder_web_2021_SE-1024x722.jpg\" \/>\n<meta name=\"twitter:card\" content=\"summary_large_image\" \/>\n<script type=\"application\/ld+json\" class=\"yoast-schema-graph\">{\"@context\":\"https:\\\/\\\/schema.org\",\"@graph\":[{\"@type\":\"WebPage\",\"@id\":\"https:\\\/\\\/www.directhealthcaregroup.com\\\/sv\\\/broschyrer\\\/\",\"url\":\"https:\\\/\\\/www.directhealthcaregroup.com\\\/sv\\\/broschyrer\\\/\",\"name\":\"Broschyrer | DHG\",\"isPartOf\":{\"@id\":\"https:\\\/\\\/www.directhealthcaregroup.com\\\/#website\"},\"primaryImageOfPage\":{\"@id\":\"https:\\\/\\\/www.directhealthcaregroup.com\\\/sv\\\/broschyrer\\\/#primaryimage\"},\"image\":{\"@id\":\"https:\\\/\\\/www.directhealthcaregroup.com\\\/sv\\\/broschyrer\\\/#primaryimage\"},\"thumbnailUrl\":\"https:\\\/\\\/www.directhealthcaregroup.com\\\/app\\\/uploads\\\/katalogbilder_web_2021_SE-1024x722.jpg\",\"datePublished\":\"2021-04-07T09:00:26+00:00\",\"dateModified\":\"2025-08-08T07:07:25+00:00\",\"breadcrumb\":{\"@id\":\"https:\\\/\\\/www.directhealthcaregroup.com\\\/sv\\\/broschyrer\\\/#breadcrumb\"},\"inLanguage\":\"sv-SE\",\"potentialAction\":[{\"@type\":\"ReadAction\",\"target\":[\"https:\\\/\\\/www.directhealthcaregroup.com\\\/sv\\\/broschyrer\\\/\"]}]},{\"@type\":\"ImageObject\",\"inLanguage\":\"sv-SE\",\"@id\":\"https:\\\/\\\/www.directhealthcaregroup.com\\\/sv\\\/broschyrer\\\/#primaryimage\",\"url\":\"https:\\\/\\\/www.directhealthcaregroup.com\\\/app\\\/uploads\\\/katalogbilder_web_2021_SE-1024x722.jpg\",\"contentUrl\":\"https:\\\/\\\/www.directhealthcaregroup.com\\\/app\\\/uploads\\\/katalogbilder_web_2021_SE-1024x722.jpg\"},{\"@type\":\"BreadcrumbList\",\"@id\":\"https:\\\/\\\/www.directhealthcaregroup.com\\\/sv\\\/broschyrer\\\/#breadcrumb\",\"itemListElement\":[{\"@type\":\"ListItem\",\"position\":1,\"name\":\"Home\",\"item\":\"https:\\\/\\\/www.directhealthcaregroup.com\\\/sv\\\/\"},{\"@type\":\"ListItem\",\"position\":2,\"name\":\"Broschyrer\"}]},{\"@type\":\"WebSite\",\"@id\":\"https:\\\/\\\/www.directhealthcaregroup.com\\\/#website\",\"url\":\"https:\\\/\\\/www.directhealthcaregroup.com\\\/\",\"name\":\"DHG\",\"description\":\"Moving Health Forward\",\"publisher\":{\"@id\":\"https:\\\/\\\/www.directhealthcaregroup.com\\\/#organization\"},\"potentialAction\":[{\"@type\":\"SearchAction\",\"target\":{\"@type\":\"EntryPoint\",\"urlTemplate\":\"https:\\\/\\\/www.directhealthcaregroup.com\\\/?s={search_term_string}\"},\"query-input\":{\"@type\":\"PropertyValueSpecification\",\"valueRequired\":true,\"valueName\":\"search_term_string\"}}],\"inLanguage\":\"sv-SE\"},{\"@type\":\"Organization\",\"@id\":\"https:\\\/\\\/www.directhealthcaregroup.com\\\/#organization\",\"name\":\"Direct Healthcare Group\",\"url\":\"https:\\\/\\\/www.directhealthcaregroup.com\\\/\",\"logo\":{\"@type\":\"ImageObject\",\"inLanguage\":\"sv-SE\",\"@id\":\"https:\\\/\\\/www.directhealthcaregroup.com\\\/#\\\/schema\\\/logo\\\/image\\\/\",\"url\":\"https:\\\/\\\/directhealthcaregroup.com\\\/app\\\/uploads\\\/dhg-logo.png\",\"contentUrl\":\"https:\\\/\\\/directhealthcaregroup.com\\\/app\\\/uploads\\\/dhg-logo.png\",\"width\":556,\"height\":240,\"caption\":\"Direct Healthcare Group\"},\"image\":{\"@id\":\"https:\\\/\\\/www.directhealthcaregroup.com\\\/#\\\/schema\\\/logo\\\/image\\\/\"}}]}<\/script>\n<!-- \/ Yoast SEO plugin. -->","yoast_head_json":{"title":"Broschyrer | DHG","robots":{"index":"index","follow":"follow","max-snippet":"max-snippet:-1","max-image-preview":"max-image-preview:large","max-video-preview":"max-video-preview:-1"},"canonical":"https:\/\/www.directhealthcaregroup.com\/sv\/broschyrer\/","og_locale":"sv_SE","og_type":"article","og_title":"Broschyrer | DHG","og_description":"F\u00f6rlyttnings- och lyfthj\u00e4lpmedel SystemRoMedic produktkatalog Lakan f\u00f6r alla tillf\u00e4llen WendyLett lakansguide Lyftselar Guide f\u00f6r val av r\u00e4tt sele Kirton v\u00e5rdarman\u00f6vrerade komfortrullstolar produktkatalog Enkla hj\u00e4lpmedel som f\u00f6rhindrar smittspridning Guide till val av antidecubitusmadrass Bure g\u00e5bord produktkatalog \u00d6versikt miniflyer-alla produkter DHG","og_url":"https:\/\/www.directhealthcaregroup.com\/sv\/broschyrer\/","og_site_name":"DHG","article_modified_time":"2025-08-08T07:07:25+00:00","og_image":[{"url":"https:\/\/www.directhealthcaregroup.com\/app\/uploads\/katalogbilder_web_2021_SE-1024x722.jpg","type":"","width":"","height":""}],"twitter_card":"summary_large_image","schema":{"@context":"https:\/\/schema.org","@graph":[{"@type":"WebPage","@id":"https:\/\/www.directhealthcaregroup.com\/sv\/broschyrer\/","url":"https:\/\/www.directhealthcaregroup.com\/sv\/broschyrer\/","name":"Broschyrer | DHG","isPartOf":{"@id":"https:\/\/www.directhealthcaregroup.com\/#website"},"primaryImageOfPage":{"@id":"https:\/\/www.directhealthcaregroup.com\/sv\/broschyrer\/#primaryimage"},"image":{"@id":"https:\/\/www.directhealthcaregroup.com\/sv\/broschyrer\/#primaryimage"},"thumbnailUrl":"https:\/\/www.directhealthcaregroup.com\/app\/uploads\/katalogbilder_web_2021_SE-1024x722.jpg","datePublished":"2021-04-07T09:00:26+00:00","dateModified":"2025-08-08T07:07:25+00:00","breadcrumb":{"@id":"https:\/\/www.directhealthcaregroup.com\/sv\/broschyrer\/#breadcrumb"},"inLanguage":"sv-SE","potentialAction":[{"@type":"ReadAction","target":["https:\/\/www.directhealthcaregroup.com\/sv\/broschyrer\/"]}]},{"@type":"ImageObject","inLanguage":"sv-SE","@id":"https:\/\/www.directhealthcaregroup.com\/sv\/broschyrer\/#primaryimage","url":"https:\/\/www.directhealthcaregroup.com\/app\/uploads\/katalogbilder_web_2021_SE-1024x722.jpg","contentUrl":"https:\/\/www.directhealthcaregroup.com\/app\/uploads\/katalogbilder_web_2021_SE-1024x722.jpg"},{"@type":"BreadcrumbList","@id":"https:\/\/www.directhealthcaregroup.com\/sv\/broschyrer\/#breadcrumb","itemListElement":[{"@type":"ListItem","position":1,"name":"Home","item":"https:\/\/www.directhealthcaregroup.com\/sv\/"},{"@type":"ListItem","position":2,"name":"Broschyrer"}]},{"@type":"WebSite","@id":"https:\/\/www.directhealthcaregroup.com\/#website","url":"https:\/\/www.directhealthcaregroup.com\/","name":"DHG","description":"Moving Health Forward","publisher":{"@id":"https:\/\/www.directhealthcaregroup.com\/#organization"},"potentialAction":[{"@type":"SearchAction","target":{"@type":"EntryPoint","urlTemplate":"https:\/\/www.directhealthcaregroup.com\/?s={search_term_string}"},"query-input":{"@type":"PropertyValueSpecification","valueRequired":true,"valueName":"search_term_string"}}],"inLanguage":"sv-SE"},{"@type":"Organization","@id":"https:\/\/www.directhealthcaregroup.com\/#organization","name":"Direct Healthcare Group","url":"https:\/\/www.directhealthcaregroup.com\/","logo":{"@type":"ImageObject","inLanguage":"sv-SE","@id":"https:\/\/www.directhealthcaregroup.com\/#\/schema\/logo\/image\/","url":"https:\/\/directhealthcaregroup.com\/app\/uploads\/dhg-logo.png","contentUrl":"https:\/\/directhealthcaregroup.com\/app\/uploads\/dhg-logo.png","width":556,"height":240,"caption":"Direct Healthcare Group"},"image":{"@id":"https:\/\/www.directhealthcaregroup.com\/#\/schema\/logo\/image\/"}}]}},"_links":{"self":[{"href":"https:\/\/www.directhealthcaregroup.com\/sv\/wp-json\/wp\/v2\/pages\/136434","targetHints":{"allow":["GET"]}}],"collection":[{"href":"https:\/\/www.directhealthcaregroup.com\/sv\/wp-json\/wp\/v2\/pages"}],"about":[{"href":"https:\/\/www.directhealthcaregroup.com\/sv\/wp-json\/wp\/v2\/types\/page"}],"author":[{"embeddable":true,"href":"https:\/\/www.directhealthcaregroup.com\/sv\/wp-json\/wp\/v2\/users\/2"}],"replies":[{"embeddable":true,"href":"https:\/\/www.directhealthcaregroup.com\/sv\/wp-json\/wp\/v2\/comments?post=136434"}],"version-history":[{"count":73,"href":"https:\/\/www.directhealthcaregroup.com\/sv\/wp-json\/wp\/v2\/pages\/136434\/revisions"}],"predecessor-version":[{"id":249499,"href":"https:\/\/www.directhealthcaregroup.com\/sv\/wp-json\/wp\/v2\/pages\/136434\/revisions\/249499"}],"wp:attachment":[{"href":"https:\/\/www.directhealthcaregroup.com\/sv\/wp-json\/wp\/v2\/media?parent=136434"}],"curies":[{"name":"wp","href":"https:\/\/api.w.org\/{rel}","templated":true}]}}