{"id":137130,"date":"2021-04-13T14:12:42","date_gmt":"2021-04-13T13:12:42","guid":{"rendered":"https:\/\/www.directhealthcaregroup.com\/?page_id=137130"},"modified":"2021-04-20T08:58:01","modified_gmt":"2021-04-20T07:58:01","slug":"valkommen-pa-digital-massa-den-20-maj-2021-med-temat-forflyttning-tryckavlastning-24-timmar-om-dygnet","status":"publish","type":"page","link":"https:\/\/www.directhealthcaregroup.com\/sv\/valkommen-pa-digital-massa-den-20-maj-2021-med-temat-forflyttning-tryckavlastning-24-timmar-om-dygnet\/","title":{"rendered":""},"content":{"rendered":"\n<div class=\"wp-block-image\"><figure class=\"aligncenter size-large\"><img loading=\"lazy\" decoding=\"async\" width=\"1000\" height=\"354\" src=\"https:\/\/www.directhealthcaregroup.com\/app\/uploads\/banner-bredd-1000.jpg\" alt=\"\" class=\"wp-image-137463\" srcset=\"https:\/\/www.directhealthcaregroup.com\/app\/uploads\/banner-bredd-1000.jpg 1000w, https:\/\/www.directhealthcaregroup.com\/app\/uploads\/banner-bredd-1000-300x106.jpg 300w, https:\/\/www.directhealthcaregroup.com\/app\/uploads\/banner-bredd-1000-768x272.jpg 768w, https:\/\/www.directhealthcaregroup.com\/app\/uploads\/banner-bredd-1000-320x113.jpg 320w, https:\/\/www.directhealthcaregroup.com\/app\/uploads\/banner-bredd-1000-800x283.jpg 800w\" sizes=\"auto, (max-width: 1000px) 100vw, 1000px\" \/><\/figure><\/div>\n\n\n\n<p>V\u00e4lkommen p\u00e5 m\u00e4ssa hos oss p\u00e5 Direct Healthcare Group! Vi bjuder p\u00e5 ett fullsp\u00e4ckat schema d\u00e4r vi presenterar nyheter, visar upp v\u00e5rt breda produktsortiment, presenterar v\u00e5r s\u00e4ljk\u00e5r och v\u00e5ra utbildningsm\u00f6jligheter. Fokus p\u00e5 m\u00e4ssan kommer att ligga p\u00e5 f\u00f6rflyttning och tryckavlastning.<\/p>\n\n\n\n<p>Detta \u00e4r en digital m\u00e4ssa som kommer att k\u00f6ras via Teams. Du som deltagare kommer att f\u00e5 en l\u00e4nk skickad till dig och det \u00e4r via den som du deltar p\u00e5 dagens aktiviteter.<\/p>\n\n\n\n<p>Var: Online via Teams<br>N\u00e4r: 20 maj 2021 kl: 09.00 &#8211; 15.30<br>F\u00f6r vem: F\u00f6rskrivare, arbetsterapeuter, fysioterapeuter och alla ni som jobbar med hj\u00e4lpmedel<\/p>\n\n\n\n<p><br>Anm\u00e4lan: anm\u00e4l dig via formul\u00e4ret nedan. Dagarna innan m\u00e4ssan kommer du som \u00e4r anm\u00e4ld att f\u00e5 en personlig deltagarl\u00e4nk i din mailbox.<\/p>\n\n\n\n<p>Evenemanget \u00e4r kostnadsfritt.<\/p>\n\n\n\n<p><strong>PROGRAM<\/strong><\/p>\n\n\n\n<div class=\"wp-block-group\"><div class=\"wp-block-group__inner-container is-layout-flow wp-block-group-is-layout-flow\">\n<div class=\"wp-block-group\"><div class=\"wp-block-group__inner-container is-layout-flow wp-block-group-is-layout-flow\">\n<p><em>09.00-09.30 Presentation av f\u00f6retaget, svenska organisationen och det breda              produktprogrammet<br>09.30-10.00 Mover Aqua, en produkt \u2013 flera funktioner<br>10.00-10.30 F\u00f6rflyttning upp i s\u00e4ng<br>10.30-11.00&nbsp;G\u00e5bord \u2013 ett multifunktionellt koncept<br>11.00-11.30 Hybridmadrasser \u2013 framtidens tryckavlastning<br>11.30-12.00 Raizer \u2013upp fr\u00e5n Golv<br>12.00-13.00 Lunch<br>13.00-13.30 Att mobilisera \u2013 fr\u00e5n liggande till sittande i s\u00e4ng<br>13.30-14.00 Kirton, en v\u00e5rdarman\u00f6vrerad tryckavlastande komfortstol<br>14.00-14.30 Produkter f\u00f6r tunga brukare \u2013 bredden i DHGs sortiment<br>14.30-15.00 Tryckavlastande madrasser i kombination med draglakan<br>15.00-15.30 Ethos \u2013 Ett utbildningskoncept<\/em><\/p>\n\n\n\n<p><\/p>\n<\/div><\/div>\n<\/div><\/div>\n\n\n\n<p><em>Missa inte detta tillf\u00e4lle att tr\u00e4ffa v\u00e5r s\u00e4ljk\u00e5r och se v\u00e5rt breda produktsortiment! Vi kommer \u00e4ven att bjuda p\u00e5 tips och id\u00e9er<\/em> <em>p\u00e5 praktisk anv\u00e4ndning av produkterna.<\/em><\/p>\n\n\n<form method=\"post\" enctype=\"multipart\/form-data\" id=\"vfbp-form-35\" class=\"vfbp-form\"><div style=\"display:none;\"><label for=\"vfbp-EMAIL-AN8fuQyoDLXem\">If you are human, leave this field blank.<\/label><input size=\"25\" autocomplete=\"off\" type=\"text\" name=\"vfbp-EMAIL-AN8fuQyoDLXem\" value=\"\" id=\"\"><\/div><input type=\"hidden\" name=\"_vfb-timestamp-35\" value=\"1778924878\" id=\"\"><input type=\"hidden\" name=\"_vfb-form-id\" value=\"35\" id=\"\"><div class=\"vfb-form-group vfb-col-12\"><div><h2 class=\"contact-form\">Anm\u00e4l dig h\u00e4r<\/h2><\/div><\/div><div class=\"vfb-col-12 vfb-fieldType-heading\" id=\"vfbField400\"><\/div><div class=\"vfb-clearfix\"><\/div><div class=\"vfb-col-12 vfb-fieldType-text\" id=\"vfbField401\"><div class=\"vfb-form-group\"><label for=\"vfb-field-401\" class=\"vfb-control-label\">Namn <span class=\"vfb-required-asterisk\">*<\/span><\/label><div><input id=\"vfb-field-401\" class=\"vfb-form-control\" placeholder=\"\" required=\"required\" type=\"text\" name=\"vfb-field-401\" value=\"\"><\/div><\/div><\/div><div class=\"vfb-clearfix\"><\/div><div class=\"vfb-col-12 vfb-fieldType-email\" id=\"vfbField402\"><div class=\"vfb-form-group\"><label for=\"vfb-field-402\" class=\"vfb-control-label\">E-Post <span class=\"vfb-required-asterisk\">*<\/span><\/label><div><input id=\"vfb-field-402\" class=\"vfb-form-control\" placeholder=\"\" required=\"required\" type=\"email\" name=\"vfb-field-402\" value=\"\"><\/div><\/div><\/div><div class=\"vfb-clearfix\"><\/div><div class=\"vfb-col-12 vfb-fieldType-phone\" id=\"vfbField410\"><div class=\"vfb-form-group\"><label for=\"vfb-field-410\" class=\"vfb-control-label\">Telefonnummer<\/label><div><input id=\"vfb-field-410\" class=\"vfb-form-control vfb-intl-phone\" placeholder=\"\" type=\"tel\" name=\"vfb-field-410\" value=\"\"><\/div><\/div><\/div><div class=\"vfb-clearfix\"><\/div><div class=\"vfb-col-12 vfb-fieldType-text\" id=\"vfbField405\"><div class=\"vfb-form-group\"><label for=\"vfb-field-405\" class=\"vfb-control-label\"> Arbetsroll <span class=\"vfb-required-asterisk\">*<\/span><\/label><div><input id=\"vfb-field-405\" class=\"vfb-form-control\" placeholder=\"\" required=\"required\" type=\"text\" name=\"vfb-field-405\" value=\"\"><\/div><\/div><\/div><div class=\"vfb-clearfix\"><\/div><div class=\"vfb-col-12 vfb-fieldType-text\" id=\"vfbField406\"><div class=\"vfb-form-group\"><label for=\"vfb-field-406\" class=\"vfb-control-label\">Organisation <span class=\"vfb-required-asterisk\">*<\/span><\/label><div><input id=\"vfb-field-406\" class=\"vfb-form-control\" placeholder=\"\" required=\"required\" type=\"text\" name=\"vfb-field-406\" value=\"\"><\/div><\/div><\/div><div class=\"vfb-clearfix\"><\/div><div class=\"vfb-col-12 vfb-fieldType-captcha\" id=\"vfbField408\"><div class=\"vfb-form-group\"><label for=\"vfb-field-408\" class=\"vfb-control-label\">Captcha <span class=\"vfb-required-asterisk\">*<\/span><\/label><div><div class=\"g-recaptcha\" data-sitekey=\"6Lfc0kAUAAAAAOgERC8Nz_WDk04iHzeuBoPDPe7i\"><\/div><input type=\"hidden\" name=\"_vfb_recaptcha_enabled\" value=\"1\" id=\"\"><div class=\"vfb-has-error\" id=\"vfb-recaptcha-error\"><span class=\"vfb-help-block\">reCAPTCHA kr\u00e4vs.<\/span><\/div><\/div><\/div><\/div><div class=\"vfb-clearfix\"><\/div><div class=\"vfb-col-12 vfb-fieldType-submit\" id=\"vfbField409\"><button id=\"vfb-field-409\" class=\" btn btn-primary\" placeholder=\"\" type=\"submit\" name=\"_vfb-submit\"> Skicka in<\/button><\/div><div class=\"vfb-clearfix\"><\/div><\/form>\n\n\n\n<p><\/p>\n","protected":false},"excerpt":{"rendered":"<p>V\u00e4lkommen p\u00e5 m\u00e4ssa hos oss p\u00e5 Direct Healthcare Group! Vi bjuder p\u00e5 ett fullsp\u00e4ckat schema d\u00e4r vi presenterar nyheter, visar upp v\u00e5rt breda produktsortiment, presenterar v\u00e5r s\u00e4ljk\u00e5r och v\u00e5ra utbildningsm\u00f6jligheter. Fokus p\u00e5 m\u00e4ssan kommer att ligga p\u00e5 f\u00f6rflyttning och tryckavlastning. Detta \u00e4r en digital m\u00e4ssa som kommer att k\u00f6ras via Teams. Du som deltagare kommer &hellip; <a href=\"https:\/\/www.directhealthcaregroup.com\/sv\/valkommen-pa-digital-massa-den-20-maj-2021-med-temat-forflyttning-tryckavlastning-24-timmar-om-dygnet\/\">Continued<\/a><\/p>\n","protected":false},"author":2,"featured_media":0,"parent":0,"menu_order":0,"comment_status":"closed","ping_status":"closed","template":"","meta":{"_acf_changed":false,"footnotes":""},"class_list":["post-137130","page","type-page","status-publish","hentry"],"acf":[],"yoast_head":"<!-- This site is optimized with the Yoast SEO plugin v27.4 - https:\/\/yoast.com\/product\/yoast-seo-wordpress\/ -->\n<title>| DHG<\/title>\n<meta name=\"robots\" content=\"index, follow, max-snippet:-1, max-image-preview:large, max-video-preview:-1\" \/>\n<link rel=\"canonical\" href=\"https:\/\/www.directhealthcaregroup.com\/sv\/valkommen-pa-digital-massa-den-20-maj-2021-med-temat-forflyttning-tryckavlastning-24-timmar-om-dygnet\/\" \/>\n<meta property=\"og:locale\" content=\"sv_SE\" \/>\n<meta property=\"og:type\" content=\"article\" \/>\n<meta property=\"og:title\" content=\"| DHG\" \/>\n<meta property=\"og:description\" content=\"V\u00e4lkommen p\u00e5 m\u00e4ssa hos oss p\u00e5 Direct Healthcare Group! Vi bjuder p\u00e5 ett fullsp\u00e4ckat schema d\u00e4r vi presenterar nyheter, visar upp v\u00e5rt breda produktsortiment, presenterar v\u00e5r s\u00e4ljk\u00e5r och v\u00e5ra utbildningsm\u00f6jligheter. Fokus p\u00e5 m\u00e4ssan kommer att ligga p\u00e5 f\u00f6rflyttning och tryckavlastning. Detta \u00e4r en digital m\u00e4ssa som kommer att k\u00f6ras via Teams. Du som deltagare kommer &hellip; Continued\" \/>\n<meta property=\"og:url\" content=\"https:\/\/www.directhealthcaregroup.com\/sv\/valkommen-pa-digital-massa-den-20-maj-2021-med-temat-forflyttning-tryckavlastning-24-timmar-om-dygnet\/\" \/>\n<meta property=\"og:site_name\" content=\"DHG\" \/>\n<meta property=\"article:modified_time\" content=\"2021-04-20T07:58:01+00:00\" \/>\n<meta property=\"og:image\" content=\"https:\/\/www.directhealthcaregroup.com\/app\/uploads\/banner-bredd-1000.jpg\" \/>\n<meta name=\"twitter:card\" content=\"summary_large_image\" \/>\n<meta name=\"twitter:label1\" content=\"Est. reading time\" \/>\n\t<meta name=\"twitter:data1\" content=\"1 minute\" \/>\n<script type=\"application\/ld+json\" class=\"yoast-schema-graph\">{\"@context\":\"https:\\\/\\\/schema.org\",\"@graph\":[{\"@type\":\"WebPage\",\"@id\":\"https:\\\/\\\/www.directhealthcaregroup.com\\\/sv\\\/valkommen-pa-digital-massa-den-20-maj-2021-med-temat-forflyttning-tryckavlastning-24-timmar-om-dygnet\\\/\",\"url\":\"https:\\\/\\\/www.directhealthcaregroup.com\\\/sv\\\/valkommen-pa-digital-massa-den-20-maj-2021-med-temat-forflyttning-tryckavlastning-24-timmar-om-dygnet\\\/\",\"name\":\"| DHG\",\"isPartOf\":{\"@id\":\"https:\\\/\\\/www.directhealthcaregroup.com\\\/#website\"},\"primaryImageOfPage\":{\"@id\":\"https:\\\/\\\/www.directhealthcaregroup.com\\\/sv\\\/valkommen-pa-digital-massa-den-20-maj-2021-med-temat-forflyttning-tryckavlastning-24-timmar-om-dygnet\\\/#primaryimage\"},\"image\":{\"@id\":\"https:\\\/\\\/www.directhealthcaregroup.com\\\/sv\\\/valkommen-pa-digital-massa-den-20-maj-2021-med-temat-forflyttning-tryckavlastning-24-timmar-om-dygnet\\\/#primaryimage\"},\"thumbnailUrl\":\"https:\\\/\\\/www.directhealthcaregroup.com\\\/app\\\/uploads\\\/banner-bredd-1000.jpg\",\"datePublished\":\"2021-04-13T13:12:42+00:00\",\"dateModified\":\"2021-04-20T07:58:01+00:00\",\"inLanguage\":\"sv-SE\",\"potentialAction\":[{\"@type\":\"ReadAction\",\"target\":[\"https:\\\/\\\/www.directhealthcaregroup.com\\\/sv\\\/valkommen-pa-digital-massa-den-20-maj-2021-med-temat-forflyttning-tryckavlastning-24-timmar-om-dygnet\\\/\"]}]},{\"@type\":\"ImageObject\",\"inLanguage\":\"sv-SE\",\"@id\":\"https:\\\/\\\/www.directhealthcaregroup.com\\\/sv\\\/valkommen-pa-digital-massa-den-20-maj-2021-med-temat-forflyttning-tryckavlastning-24-timmar-om-dygnet\\\/#primaryimage\",\"url\":\"https:\\\/\\\/www.directhealthcaregroup.com\\\/app\\\/uploads\\\/banner-bredd-1000.jpg\",\"contentUrl\":\"https:\\\/\\\/www.directhealthcaregroup.com\\\/app\\\/uploads\\\/banner-bredd-1000.jpg\"},{\"@type\":\"WebSite\",\"@id\":\"https:\\\/\\\/www.directhealthcaregroup.com\\\/#website\",\"url\":\"https:\\\/\\\/www.directhealthcaregroup.com\\\/\",\"name\":\"DHG\",\"description\":\"Moving Health Forward\",\"publisher\":{\"@id\":\"https:\\\/\\\/www.directhealthcaregroup.com\\\/#organization\"},\"potentialAction\":[{\"@type\":\"SearchAction\",\"target\":{\"@type\":\"EntryPoint\",\"urlTemplate\":\"https:\\\/\\\/www.directhealthcaregroup.com\\\/?s={search_term_string}\"},\"query-input\":{\"@type\":\"PropertyValueSpecification\",\"valueRequired\":true,\"valueName\":\"search_term_string\"}}],\"inLanguage\":\"sv-SE\"},{\"@type\":\"Organization\",\"@id\":\"https:\\\/\\\/www.directhealthcaregroup.com\\\/#organization\",\"name\":\"Direct Healthcare Group\",\"url\":\"https:\\\/\\\/www.directhealthcaregroup.com\\\/\",\"logo\":{\"@type\":\"ImageObject\",\"inLanguage\":\"sv-SE\",\"@id\":\"https:\\\/\\\/www.directhealthcaregroup.com\\\/#\\\/schema\\\/logo\\\/image\\\/\",\"url\":\"https:\\\/\\\/directhealthcaregroup.com\\\/app\\\/uploads\\\/dhg-logo.png\",\"contentUrl\":\"https:\\\/\\\/directhealthcaregroup.com\\\/app\\\/uploads\\\/dhg-logo.png\",\"width\":556,\"height\":240,\"caption\":\"Direct Healthcare Group\"},\"image\":{\"@id\":\"https:\\\/\\\/www.directhealthcaregroup.com\\\/#\\\/schema\\\/logo\\\/image\\\/\"}}]}<\/script>\n<!-- \/ Yoast SEO plugin. -->","yoast_head_json":{"title":"| DHG","robots":{"index":"index","follow":"follow","max-snippet":"max-snippet:-1","max-image-preview":"max-image-preview:large","max-video-preview":"max-video-preview:-1"},"canonical":"https:\/\/www.directhealthcaregroup.com\/sv\/valkommen-pa-digital-massa-den-20-maj-2021-med-temat-forflyttning-tryckavlastning-24-timmar-om-dygnet\/","og_locale":"sv_SE","og_type":"article","og_title":"| DHG","og_description":"V\u00e4lkommen p\u00e5 m\u00e4ssa hos oss p\u00e5 Direct Healthcare Group! Vi bjuder p\u00e5 ett fullsp\u00e4ckat schema d\u00e4r vi presenterar nyheter, visar upp v\u00e5rt breda produktsortiment, presenterar v\u00e5r s\u00e4ljk\u00e5r och v\u00e5ra utbildningsm\u00f6jligheter. Fokus p\u00e5 m\u00e4ssan kommer att ligga p\u00e5 f\u00f6rflyttning och tryckavlastning. Detta \u00e4r en digital m\u00e4ssa som kommer att k\u00f6ras via Teams. Du som deltagare kommer &hellip; Continued","og_url":"https:\/\/www.directhealthcaregroup.com\/sv\/valkommen-pa-digital-massa-den-20-maj-2021-med-temat-forflyttning-tryckavlastning-24-timmar-om-dygnet\/","og_site_name":"DHG","article_modified_time":"2021-04-20T07:58:01+00:00","og_image":[{"url":"https:\/\/www.directhealthcaregroup.com\/app\/uploads\/banner-bredd-1000.jpg","type":"","width":"","height":""}],"twitter_card":"summary_large_image","twitter_misc":{"Est. reading time":"1 minute"},"schema":{"@context":"https:\/\/schema.org","@graph":[{"@type":"WebPage","@id":"https:\/\/www.directhealthcaregroup.com\/sv\/valkommen-pa-digital-massa-den-20-maj-2021-med-temat-forflyttning-tryckavlastning-24-timmar-om-dygnet\/","url":"https:\/\/www.directhealthcaregroup.com\/sv\/valkommen-pa-digital-massa-den-20-maj-2021-med-temat-forflyttning-tryckavlastning-24-timmar-om-dygnet\/","name":"| DHG","isPartOf":{"@id":"https:\/\/www.directhealthcaregroup.com\/#website"},"primaryImageOfPage":{"@id":"https:\/\/www.directhealthcaregroup.com\/sv\/valkommen-pa-digital-massa-den-20-maj-2021-med-temat-forflyttning-tryckavlastning-24-timmar-om-dygnet\/#primaryimage"},"image":{"@id":"https:\/\/www.directhealthcaregroup.com\/sv\/valkommen-pa-digital-massa-den-20-maj-2021-med-temat-forflyttning-tryckavlastning-24-timmar-om-dygnet\/#primaryimage"},"thumbnailUrl":"https:\/\/www.directhealthcaregroup.com\/app\/uploads\/banner-bredd-1000.jpg","datePublished":"2021-04-13T13:12:42+00:00","dateModified":"2021-04-20T07:58:01+00:00","inLanguage":"sv-SE","potentialAction":[{"@type":"ReadAction","target":["https:\/\/www.directhealthcaregroup.com\/sv\/valkommen-pa-digital-massa-den-20-maj-2021-med-temat-forflyttning-tryckavlastning-24-timmar-om-dygnet\/"]}]},{"@type":"ImageObject","inLanguage":"sv-SE","@id":"https:\/\/www.directhealthcaregroup.com\/sv\/valkommen-pa-digital-massa-den-20-maj-2021-med-temat-forflyttning-tryckavlastning-24-timmar-om-dygnet\/#primaryimage","url":"https:\/\/www.directhealthcaregroup.com\/app\/uploads\/banner-bredd-1000.jpg","contentUrl":"https:\/\/www.directhealthcaregroup.com\/app\/uploads\/banner-bredd-1000.jpg"},{"@type":"WebSite","@id":"https:\/\/www.directhealthcaregroup.com\/#website","url":"https:\/\/www.directhealthcaregroup.com\/","name":"DHG","description":"Moving Health Forward","publisher":{"@id":"https:\/\/www.directhealthcaregroup.com\/#organization"},"potentialAction":[{"@type":"SearchAction","target":{"@type":"EntryPoint","urlTemplate":"https:\/\/www.directhealthcaregroup.com\/?s={search_term_string}"},"query-input":{"@type":"PropertyValueSpecification","valueRequired":true,"valueName":"search_term_string"}}],"inLanguage":"sv-SE"},{"@type":"Organization","@id":"https:\/\/www.directhealthcaregroup.com\/#organization","name":"Direct Healthcare Group","url":"https:\/\/www.directhealthcaregroup.com\/","logo":{"@type":"ImageObject","inLanguage":"sv-SE","@id":"https:\/\/www.directhealthcaregroup.com\/#\/schema\/logo\/image\/","url":"https:\/\/directhealthcaregroup.com\/app\/uploads\/dhg-logo.png","contentUrl":"https:\/\/directhealthcaregroup.com\/app\/uploads\/dhg-logo.png","width":556,"height":240,"caption":"Direct Healthcare Group"},"image":{"@id":"https:\/\/www.directhealthcaregroup.com\/#\/schema\/logo\/image\/"}}]}},"_links":{"self":[{"href":"https:\/\/www.directhealthcaregroup.com\/sv\/wp-json\/wp\/v2\/pages\/137130","targetHints":{"allow":["GET"]}}],"collection":[{"href":"https:\/\/www.directhealthcaregroup.com\/sv\/wp-json\/wp\/v2\/pages"}],"about":[{"href":"https:\/\/www.directhealthcaregroup.com\/sv\/wp-json\/wp\/v2\/types\/page"}],"author":[{"embeddable":true,"href":"https:\/\/www.directhealthcaregroup.com\/sv\/wp-json\/wp\/v2\/users\/2"}],"replies":[{"embeddable":true,"href":"https:\/\/www.directhealthcaregroup.com\/sv\/wp-json\/wp\/v2\/comments?post=137130"}],"version-history":[{"count":34,"href":"https:\/\/www.directhealthcaregroup.com\/sv\/wp-json\/wp\/v2\/pages\/137130\/revisions"}],"predecessor-version":[{"id":137474,"href":"https:\/\/www.directhealthcaregroup.com\/sv\/wp-json\/wp\/v2\/pages\/137130\/revisions\/137474"}],"wp:attachment":[{"href":"https:\/\/www.directhealthcaregroup.com\/sv\/wp-json\/wp\/v2\/media?parent=137130"}],"curies":[{"name":"wp","href":"https:\/\/api.w.org\/{rel}","templated":true}]}}