{"id":138106,"date":"2021-05-11T13:21:25","date_gmt":"2021-05-11T12:21:25","guid":{"rendered":"https:\/\/www.directhealthcaregroup.com\/?page_id=138106"},"modified":"2025-12-10T11:50:22","modified_gmt":"2025-12-10T11:50:22","slug":"forsaljning","status":"publish","type":"page","link":"https:\/\/www.directhealthcaregroup.com\/sv\/forsaljning\/","title":{"rendered":"S\u00e4ljorganisation"},"content":{"rendered":"\n<p class=\"has-medium-font-size\"><em><strong>Vill du veta mer om v\u00e5ra produkter eller \u00e4r intresserad av v\u00e5ra utbildningar, kontakta n\u00e5gon av v\u00e5ra s\u00e4ljare nedan.<\/strong><\/em><\/p>\n\n\n\n<div class=\"wp-block-columns is-layout-flex wp-container-core-columns-is-layout-9d6595d7 wp-block-columns-is-layout-flex\">\n<div class=\"wp-block-column is-layout-flow wp-block-column-is-layout-flow\">\n<div class=\"wp-block-group\"><div class=\"wp-block-group__inner-container is-layout-flow wp-block-group-is-layout-flow\"><\/div><\/div>\n<\/div>\n\n\n\n<div class=\"wp-block-column is-layout-flow wp-block-column-is-layout-flow\">\n<p class=\"has-normal-font-size\"><\/p>\n<\/div>\n<\/div>\n\n\n\n<p><\/p>\n\n\n\n<p class=\"has-medium-font-size\"><strong><span style=\"color:#38b6ac\" class=\"has-inline-color\">TEAM PATIENT HANDLING<\/span><\/strong><\/p>\n\n\n\n<p class=\"has-medium-font-size\"><strong>Produkter f\u00f6r s\u00e4ker f\u00f6rflyttning och patienthantering<\/strong><\/p>\n\n\n\n<div class=\"wp-block-columns is-layout-flex wp-container-core-columns-is-layout-9d6595d7 wp-block-columns-is-layout-flex\">\n<div class=\"wp-block-column is-layout-flow wp-block-column-is-layout-flow\">\n<p class=\"has-normal-font-size\"><strong>Jonas Agnepil<br><\/strong>Senior Account Manager\/Leg. Arbetsterapeut<br>Stockholms l\u00e4n, Gotland, \u00d6sterg\u00f6tland, V\u00e4sternorrland, V\u00e4sterbotten, Norrbotten, J\u00e4mtland<br>08-525 28 703<br><a href=\"mailto:jonas.agnepil@directhealthcaregroup.com\">jonas.agnepil@directhealthcaregroup.com<\/a><\/p>\n<\/div>\n\n\n\n<div class=\"wp-block-column is-layout-flow wp-block-column-is-layout-flow\">\n<p class=\"has-normal-font-size\"><strong><br><\/strong>F\u00f6r fr\u00e5gor g\u00e4llande distrikt<br>Halland, Sk\u00e5ne, J\u00f6nk\u00f6pings l\u00e4n, Blekinge, Kalmar l\u00e4n, Kronoberg, v\u00e4nligen ta kontakt med v\u00e5r kundservice<br>08-557 62 200, <a href=\"mailto:info.se@directhealthcaregroup.com\" target=\"_blank\" rel=\"noreferrer noopener\">info.se@directhealthcaregroup.com<\/a><\/p>\n\n\n\n<p><\/p>\n<\/div>\n<\/div>\n\n\n\n<div class=\"wp-block-columns is-layout-flex wp-container-core-columns-is-layout-9d6595d7 wp-block-columns-is-layout-flex\">\n<div class=\"wp-block-column is-layout-flow wp-block-column-is-layout-flow\">\n<p class=\"has-normal-font-size\"><strong>Joel Cederholm<br><\/strong>Distriktsansvarig s\u00e4ljare:<br>V\u00e4stra G\u00f6taland, V\u00e4rmland, \u00d6rebro, Uppsala, Dalarna, G\u00e4vleborg, <br>S\u00f6rmland, V\u00e4stmanland<br>070-064 96 54<br><a href=\"mailto:joel.cederholm@directhealthcaregroup.com\">joel.cederholm@directhealthcaregroup.com<\/a><\/p>\n\n\n\n<p><\/p>\n<\/div>\n<\/div>\n\n\n\n<p class=\"has-medium-font-size\"><strong><span style=\"color:#38b6ac\" class=\"has-inline-color\">TEAM PRESSURE AREA CARE (PAC)<\/span><\/strong><\/p>\n\n\n\n<p class=\"has-medium-font-size\"><strong>Produkter f\u00f6r trycks\u00e5rsbehandling, s\u00e4ngar och l\u00f6sningar f\u00f6r hygien och badrum<\/strong><\/p>\n\n\n\n<p><\/p>\n\n\n\n<div class=\"wp-block-columns is-layout-flex wp-container-core-columns-is-layout-9d6595d7 wp-block-columns-is-layout-flex\">\n<div class=\"wp-block-column is-layout-flow wp-block-column-is-layout-flow\">\n<p class=\"has-normal-font-size\"><strong>Kalle Eriksson<br><\/strong>Sales Manager Pressure Area Care<br>070-698 51 00<br><a href=\"kalle.eriksson@directhealthcaregroup.com\"><\/a><a href=\"mailto:kalle.eriksson@directhealthcaregroup.com\">kalle.eriksson@directhealthcaregroup.com<\/a><\/p>\n<\/div>\n\n\n\n<div class=\"wp-block-column is-layout-flow wp-block-column-is-layout-flow\">\n<p style=\"font-size:16px\"><strong>Oscar Berg<br><\/strong>Distriktsansvarig s\u00e4ljare<br>Stockholm, Gotland,&nbsp; Uppsala, \u00d6sterg\u00f6tland, Dalarna, G\u00e4vleborg, S\u00f6rmland, V\u00e4stmanland, \u00d6rebro, V\u00e4sternorrland, V\u00e4sterbotten, Norrbotten, J\u00e4mtland, V\u00e4rmland<br>076-829 06 00<br><a href=\"mailto:oscar.berg@directhealthcaregroup.com\">oscar.berg@directhealthcaregroup.com<\/a><\/p>\n<\/div>\n<\/div>\n\n\n\n<p><\/p>\n\n\n\n<p><\/p>\n\n\n\n<p style=\"font-size:17px\"><strong>Ulrika Ihl Swerin<\/strong><br>Distriktsansvarig s\u00e4ljare<br>V\u00e4stra G\u00f6taland, Halland, Sk\u00e5ne, Blekinge, Kalmar l\u00e4n, J\u00f6nk\u00f6ping l\u00e4n, <br>Kronoberg<br>070-140 60 67<br><a href=\"mailto:ulrika.ihlswerin@directhealthcaregroup.com\" target=\"_blank\" rel=\"noreferrer noopener\">ulrika.ihlswerin@directhealthcaregroup.com<\/a><\/p>\n\n\n\n<p style=\"font-size:17px\"><a href=\"https:\/\/www.directhealthcaregroup.com\/app\/uploads\/Saljorganisation-hemsida-2025-08-1.pdf\" target=\"_blank\" rel=\"noreferrer noopener\">Presentation av v\u00e5rt s\u00e4ljteam<\/a><\/p>\n\n\n\n<p><\/p>\n","protected":false},"excerpt":{"rendered":"<p>Vill du veta mer om v\u00e5ra produkter eller \u00e4r intresserad av v\u00e5ra utbildningar, kontakta n\u00e5gon av v\u00e5ra s\u00e4ljare nedan. TEAM PATIENT HANDLING Produkter f\u00f6r s\u00e4ker f\u00f6rflyttning och patienthantering Jonas AgnepilSenior Account Manager\/Leg. ArbetsterapeutStockholms l\u00e4n, Gotland, \u00d6sterg\u00f6tland, V\u00e4sternorrland, V\u00e4sterbotten, Norrbotten, J\u00e4mtland08-525 28 703jonas.agnepil@directhealthcaregroup.com F\u00f6r fr\u00e5gor g\u00e4llande distriktHalland, Sk\u00e5ne, J\u00f6nk\u00f6pings l\u00e4n, Blekinge, Kalmar l\u00e4n, Kronoberg, v\u00e4nligen ta &hellip; <a href=\"https:\/\/www.directhealthcaregroup.com\/sv\/forsaljning\/\">Continued<\/a><\/p>\n","protected":false},"author":2,"featured_media":0,"parent":0,"menu_order":0,"comment_status":"closed","ping_status":"closed","template":"","meta":{"_acf_changed":false,"footnotes":""},"class_list":["post-138106","page","type-page","status-publish","hentry"],"acf":[],"yoast_head":"<!-- This site is optimized with the Yoast SEO plugin v26.6 - https:\/\/yoast.com\/wordpress\/plugins\/seo\/ -->\n<title>S\u00e4ljorganisation | DHG<\/title>\n<meta name=\"robots\" content=\"index, follow, max-snippet:-1, max-image-preview:large, max-video-preview:-1\" \/>\n<link rel=\"canonical\" href=\"https:\/\/www.directhealthcaregroup.com\/sv\/forsaljning\/\" \/>\n<meta property=\"og:locale\" content=\"sv_SE\" \/>\n<meta property=\"og:type\" content=\"article\" \/>\n<meta property=\"og:title\" content=\"S\u00e4ljorganisation | DHG\" \/>\n<meta property=\"og:description\" content=\"Vill du veta mer om v\u00e5ra produkter eller \u00e4r intresserad av v\u00e5ra utbildningar, kontakta n\u00e5gon av v\u00e5ra s\u00e4ljare nedan. TEAM PATIENT HANDLING Produkter f\u00f6r s\u00e4ker f\u00f6rflyttning och patienthantering Jonas AgnepilSenior Account Manager\/Leg. ArbetsterapeutStockholms l\u00e4n, Gotland, \u00d6sterg\u00f6tland, V\u00e4sternorrland, V\u00e4sterbotten, Norrbotten, J\u00e4mtland08-525 28 703jonas.agnepil@directhealthcaregroup.com F\u00f6r fr\u00e5gor g\u00e4llande distriktHalland, Sk\u00e5ne, J\u00f6nk\u00f6pings l\u00e4n, Blekinge, Kalmar l\u00e4n, Kronoberg, v\u00e4nligen ta &hellip; Continued\" \/>\n<meta property=\"og:url\" content=\"https:\/\/www.directhealthcaregroup.com\/sv\/forsaljning\/\" \/>\n<meta property=\"og:site_name\" content=\"DHG\" \/>\n<meta property=\"article:modified_time\" content=\"2025-12-10T11:50:22+00:00\" \/>\n<meta name=\"twitter:card\" content=\"summary_large_image\" \/>\n<meta name=\"twitter:label1\" content=\"Est. reading time\" \/>\n\t<meta name=\"twitter:data1\" content=\"1 minute\" \/>\n<script type=\"application\/ld+json\" class=\"yoast-schema-graph\">{\"@context\":\"https:\/\/schema.org\",\"@graph\":[{\"@type\":\"WebPage\",\"@id\":\"https:\/\/www.directhealthcaregroup.com\/sv\/forsaljning\/\",\"url\":\"https:\/\/www.directhealthcaregroup.com\/sv\/forsaljning\/\",\"name\":\"S\u00e4ljorganisation | DHG\",\"isPartOf\":{\"@id\":\"https:\/\/www.directhealthcaregroup.com\/#website\"},\"datePublished\":\"2021-05-11T12:21:25+00:00\",\"dateModified\":\"2025-12-10T11:50:22+00:00\",\"breadcrumb\":{\"@id\":\"https:\/\/www.directhealthcaregroup.com\/sv\/forsaljning\/#breadcrumb\"},\"inLanguage\":\"sv-SE\",\"potentialAction\":[{\"@type\":\"ReadAction\",\"target\":[\"https:\/\/www.directhealthcaregroup.com\/sv\/forsaljning\/\"]}]},{\"@type\":\"BreadcrumbList\",\"@id\":\"https:\/\/www.directhealthcaregroup.com\/sv\/forsaljning\/#breadcrumb\",\"itemListElement\":[{\"@type\":\"ListItem\",\"position\":1,\"name\":\"Home\",\"item\":\"https:\/\/www.directhealthcaregroup.com\/sv\/\"},{\"@type\":\"ListItem\",\"position\":2,\"name\":\"S\u00e4ljorganisation\"}]},{\"@type\":\"WebSite\",\"@id\":\"https:\/\/www.directhealthcaregroup.com\/#website\",\"url\":\"https:\/\/www.directhealthcaregroup.com\/\",\"name\":\"DHG\",\"description\":\"Moving Health Forward\",\"publisher\":{\"@id\":\"https:\/\/www.directhealthcaregroup.com\/#organization\"},\"potentialAction\":[{\"@type\":\"SearchAction\",\"target\":{\"@type\":\"EntryPoint\",\"urlTemplate\":\"https:\/\/www.directhealthcaregroup.com\/?s={search_term_string}\"},\"query-input\":{\"@type\":\"PropertyValueSpecification\",\"valueRequired\":true,\"valueName\":\"search_term_string\"}}],\"inLanguage\":\"sv-SE\"},{\"@type\":\"Organization\",\"@id\":\"https:\/\/www.directhealthcaregroup.com\/#organization\",\"name\":\"Direct Healthcare Group\",\"url\":\"https:\/\/www.directhealthcaregroup.com\/\",\"logo\":{\"@type\":\"ImageObject\",\"inLanguage\":\"sv-SE\",\"@id\":\"https:\/\/www.directhealthcaregroup.com\/#\/schema\/logo\/image\/\",\"url\":\"https:\/\/directhealthcaregroup.com\/app\/uploads\/dhg-logo.png\",\"contentUrl\":\"https:\/\/directhealthcaregroup.com\/app\/uploads\/dhg-logo.png\",\"width\":556,\"height\":240,\"caption\":\"Direct Healthcare Group\"},\"image\":{\"@id\":\"https:\/\/www.directhealthcaregroup.com\/#\/schema\/logo\/image\/\"}}]}<\/script>\n<!-- \/ Yoast SEO plugin. -->","yoast_head_json":{"title":"S\u00e4ljorganisation | DHG","robots":{"index":"index","follow":"follow","max-snippet":"max-snippet:-1","max-image-preview":"max-image-preview:large","max-video-preview":"max-video-preview:-1"},"canonical":"https:\/\/www.directhealthcaregroup.com\/sv\/forsaljning\/","og_locale":"sv_SE","og_type":"article","og_title":"S\u00e4ljorganisation | DHG","og_description":"Vill du veta mer om v\u00e5ra produkter eller \u00e4r intresserad av v\u00e5ra utbildningar, kontakta n\u00e5gon av v\u00e5ra s\u00e4ljare nedan. TEAM PATIENT HANDLING Produkter f\u00f6r s\u00e4ker f\u00f6rflyttning och patienthantering Jonas AgnepilSenior Account Manager\/Leg. ArbetsterapeutStockholms l\u00e4n, Gotland, \u00d6sterg\u00f6tland, V\u00e4sternorrland, V\u00e4sterbotten, Norrbotten, J\u00e4mtland08-525 28 703jonas.agnepil@directhealthcaregroup.com F\u00f6r fr\u00e5gor g\u00e4llande distriktHalland, Sk\u00e5ne, J\u00f6nk\u00f6pings l\u00e4n, Blekinge, Kalmar l\u00e4n, Kronoberg, v\u00e4nligen ta &hellip; Continued","og_url":"https:\/\/www.directhealthcaregroup.com\/sv\/forsaljning\/","og_site_name":"DHG","article_modified_time":"2025-12-10T11:50:22+00:00","twitter_card":"summary_large_image","twitter_misc":{"Est. reading time":"1 minute"},"schema":{"@context":"https:\/\/schema.org","@graph":[{"@type":"WebPage","@id":"https:\/\/www.directhealthcaregroup.com\/sv\/forsaljning\/","url":"https:\/\/www.directhealthcaregroup.com\/sv\/forsaljning\/","name":"S\u00e4ljorganisation | DHG","isPartOf":{"@id":"https:\/\/www.directhealthcaregroup.com\/#website"},"datePublished":"2021-05-11T12:21:25+00:00","dateModified":"2025-12-10T11:50:22+00:00","breadcrumb":{"@id":"https:\/\/www.directhealthcaregroup.com\/sv\/forsaljning\/#breadcrumb"},"inLanguage":"sv-SE","potentialAction":[{"@type":"ReadAction","target":["https:\/\/www.directhealthcaregroup.com\/sv\/forsaljning\/"]}]},{"@type":"BreadcrumbList","@id":"https:\/\/www.directhealthcaregroup.com\/sv\/forsaljning\/#breadcrumb","itemListElement":[{"@type":"ListItem","position":1,"name":"Home","item":"https:\/\/www.directhealthcaregroup.com\/sv\/"},{"@type":"ListItem","position":2,"name":"S\u00e4ljorganisation"}]},{"@type":"WebSite","@id":"https:\/\/www.directhealthcaregroup.com\/#website","url":"https:\/\/www.directhealthcaregroup.com\/","name":"DHG","description":"Moving Health Forward","publisher":{"@id":"https:\/\/www.directhealthcaregroup.com\/#organization"},"potentialAction":[{"@type":"SearchAction","target":{"@type":"EntryPoint","urlTemplate":"https:\/\/www.directhealthcaregroup.com\/?s={search_term_string}"},"query-input":{"@type":"PropertyValueSpecification","valueRequired":true,"valueName":"search_term_string"}}],"inLanguage":"sv-SE"},{"@type":"Organization","@id":"https:\/\/www.directhealthcaregroup.com\/#organization","name":"Direct Healthcare Group","url":"https:\/\/www.directhealthcaregroup.com\/","logo":{"@type":"ImageObject","inLanguage":"sv-SE","@id":"https:\/\/www.directhealthcaregroup.com\/#\/schema\/logo\/image\/","url":"https:\/\/directhealthcaregroup.com\/app\/uploads\/dhg-logo.png","contentUrl":"https:\/\/directhealthcaregroup.com\/app\/uploads\/dhg-logo.png","width":556,"height":240,"caption":"Direct Healthcare Group"},"image":{"@id":"https:\/\/www.directhealthcaregroup.com\/#\/schema\/logo\/image\/"}}]}},"_links":{"self":[{"href":"https:\/\/www.directhealthcaregroup.com\/sv\/wp-json\/wp\/v2\/pages\/138106","targetHints":{"allow":["GET"]}}],"collection":[{"href":"https:\/\/www.directhealthcaregroup.com\/sv\/wp-json\/wp\/v2\/pages"}],"about":[{"href":"https:\/\/www.directhealthcaregroup.com\/sv\/wp-json\/wp\/v2\/types\/page"}],"author":[{"embeddable":true,"href":"https:\/\/www.directhealthcaregroup.com\/sv\/wp-json\/wp\/v2\/users\/2"}],"replies":[{"embeddable":true,"href":"https:\/\/www.directhealthcaregroup.com\/sv\/wp-json\/wp\/v2\/comments?post=138106"}],"version-history":[{"count":87,"href":"https:\/\/www.directhealthcaregroup.com\/sv\/wp-json\/wp\/v2\/pages\/138106\/revisions"}],"predecessor-version":[{"id":252817,"href":"https:\/\/www.directhealthcaregroup.com\/sv\/wp-json\/wp\/v2\/pages\/138106\/revisions\/252817"}],"wp:attachment":[{"href":"https:\/\/www.directhealthcaregroup.com\/sv\/wp-json\/wp\/v2\/media?parent=138106"}],"curies":[{"name":"wp","href":"https:\/\/api.w.org\/{rel}","templated":true}]}}