{"id":141761,"date":"2021-08-19T12:59:00","date_gmt":"2021-08-19T11:59:00","guid":{"rendered":"https:\/\/www.directhealthcaregroup.com\/?page_id=141761"},"modified":"2026-02-24T08:20:07","modified_gmt":"2026-02-24T08:20:07","slug":"utbildning-med-ethos-dhgs-kursprogram","status":"publish","type":"page","link":"https:\/\/www.directhealthcaregroup.com\/sv\/utbildning-med-ethos-dhgs-kursprogram\/","title":{"rendered":"Ethos Education &#8211; Utbildningsprogram"},"content":{"rendered":"\n<p><\/p>\n\n\n\n<div class=\"wp-block-columns is-layout-flex wp-container-core-columns-is-layout-9d6595d7 wp-block-columns-is-layout-flex\">\n<div class=\"wp-block-column is-layout-flow wp-block-column-is-layout-flow\">\n<figure class=\"wp-block-image size-large is-resized\"><img loading=\"lazy\" decoding=\"async\" width=\"534\" height=\"232\" src=\"https:\/\/www.directhealthcaregroup.com\/app\/uploads\/Ethos-Logo-New-2-1.png\" alt=\"\" class=\"wp-image-141832\" style=\"width:267px;height:116px\" srcset=\"https:\/\/www.directhealthcaregroup.com\/app\/uploads\/Ethos-Logo-New-2-1.png 534w, https:\/\/www.directhealthcaregroup.com\/app\/uploads\/Ethos-Logo-New-2-1-300x130.png 300w, https:\/\/www.directhealthcaregroup.com\/app\/uploads\/Ethos-Logo-New-2-1-320x139.png 320w\" sizes=\"auto, (max-width: 534px) 100vw, 534px\" \/><\/figure>\n<\/div>\n\n\n\n<div class=\"wp-block-column is-layout-flow wp-block-column-is-layout-flow\"><\/div>\n<\/div>\n\n\n\n<figure class=\"wp-block-image size-large\"><img loading=\"lazy\" decoding=\"async\" width=\"1024\" height=\"330\" src=\"https:\/\/www.directhealthcaregroup.com\/app\/uploads\/kurssidan-1200x400-px-2-1024x330.jpg\" alt=\"\" class=\"wp-image-142033\" srcset=\"https:\/\/www.directhealthcaregroup.com\/app\/uploads\/kurssidan-1200x400-px-2-1024x330.jpg 1024w, https:\/\/www.directhealthcaregroup.com\/app\/uploads\/kurssidan-1200x400-px-2-300x97.jpg 300w, https:\/\/www.directhealthcaregroup.com\/app\/uploads\/kurssidan-1200x400-px-2-768x248.jpg 768w, https:\/\/www.directhealthcaregroup.com\/app\/uploads\/kurssidan-1200x400-px-2-320x103.jpg 320w, https:\/\/www.directhealthcaregroup.com\/app\/uploads\/kurssidan-1200x400-px-2-800x258.jpg 800w, https:\/\/www.directhealthcaregroup.com\/app\/uploads\/kurssidan-1200x400-px-2.jpg 1240w\" sizes=\"auto, (max-width: 1024px) 100vw, 1024px\" \/><\/figure>\n\n\n\n<div style=\"height:100px\" aria-hidden=\"true\" class=\"wp-block-spacer\"><\/div>\n\n\n\n<p><em><strong>Vi vill inspirera er med utbildningar d\u00e4r vi fokuserar p\u00e5 \u201dN\u00c4R-VAD-HUR\u201d v\u00e5ra hj\u00e4lpmedel ska anv\u00e4ndas.<\/strong><\/em> <strong><em>Ta g\u00e4rna del av v\u00e5ra webbutbildningar nedan.<\/em><\/strong><\/p>\n\n\n\n<p><\/p>\n\n\n\n<div class=\"wp-block-columns is-layout-flex wp-container-core-columns-is-layout-9d6595d7 wp-block-columns-is-layout-flex\"><\/div>\n\n\n\n<hr class=\"wp-block-separator has-css-opacity\"\/>\n\n\n\n<p><\/p>\n\n\n\n<p><\/p>\n\n\n\n<p><\/p>\n\n\n\n<div class=\"wp-block-columns is-layout-flex wp-container-core-columns-is-layout-9d6595d7 wp-block-columns-is-layout-flex\">\n<div class=\"wp-block-column is-layout-flow wp-block-column-is-layout-flow\"><\/div>\n\n\n\n<div class=\"wp-block-column is-layout-flow wp-block-column-is-layout-flow\"><\/div>\n\n\n\n<div class=\"wp-block-column is-layout-flow wp-block-column-is-layout-flow\"><\/div>\n<\/div>\n\n\n<h3 style=\"text-align: center;\"><span style=\"color: #000000;\"><strong>V\u00e5r serie av webinarier \u00e4r fria att anv\u00e4nda och dela med sig av inom arbetslaget<\/strong><\/span><\/h3>\n\n\n<hr class=\"wp-block-separator has-css-opacity\"\/>\n\n\n\n<div class=\"wp-block-columns is-layout-flex wp-container-core-columns-is-layout-9d6595d7 wp-block-columns-is-layout-flex\">\n<div class=\"wp-block-column is-layout-flow wp-block-column-is-layout-flow\">\n<p class=\"has-medium-font-size\"><strong><span style=\"color:#38b6ac\" class=\"has-inline-color\">POSITIONERING I S\u00c4NG<\/span><\/strong> <span style=\"color:#38b6ac\" class=\"has-inline-color\"><strong>STEG 1-3<\/strong><\/span><\/p>\n<\/div>\n\n\n\n<div class=\"wp-block-column is-layout-flow wp-block-column-is-layout-flow\">\n<p class=\"has-medium-font-size\"><strong><span style=\"color:#38b6ac\" class=\"has-inline-color\">FR\u00c5N LIGGANDE TILL G\u00c5ENDE STEG 1-3<\/span><\/strong><\/p>\n<\/div>\n<\/div>\n\n\n\n<div class=\"wp-block-columns is-layout-flex wp-container-core-columns-is-layout-9d6595d7 wp-block-columns-is-layout-flex\">\n<div class=\"wp-block-column is-layout-flow wp-block-column-is-layout-flow\">\n<p>Ett  webbinarium d\u00e4r vi g\u00e5r igenom olika f\u00f6rflyttningsl\u00f6sningar och hur man kan arbeta med enklare hj\u00e4lpmedel f\u00f6r att positionera brukare i s\u00e4ng. (Steg 1, 2 och 3)<\/p>\n\n\n\n<p><\/p>\n\n\n\n<p><\/p>\n\n\n\n<div class=\"wp-block-buttons is-layout-flex wp-block-buttons-is-layout-flex\">\n<div class=\"wp-block-button is-style-outline is-style-outline--1\"><a class=\"wp-block-button__link wp-element-button\" href=\"https:\/\/youtu.be\/hRBgB2qSE4A\">DHG Positionering i s\u00e4ng 1<\/a><\/div>\n\n\n\n<div class=\"wp-block-button is-style-outline is-style-outline--2\"><a class=\"wp-block-button__link wp-element-button\" href=\"https:\/\/youtu.be\/nUKvB_OXDiw\">DHG Positionering i s\u00e4ng 2<\/a><\/div>\n\n\n\n<div class=\"wp-block-button is-style-outline is-style-outline--3\"><a class=\"wp-block-button__link wp-element-button\" href=\"https:\/\/youtu.be\/GpErB-fMU4Y\">DHG Positionering i s\u00e4ng &#8211; Steg 3<\/a><\/div>\n<\/div>\n<\/div>\n\n\n\n<div class=\"wp-block-column is-layout-flow wp-block-column-is-layout-flow\">\n<p>Ett l\u00e4rorikt webbinarium d\u00e4r vi g\u00e5r igenom olika f\u00f6rflyttningsl\u00f6sningar och hur man kan arbeta med hj\u00e4lpmedel f\u00f6r att mobilisera brukare fr\u00e5n liggande i s\u00e4ng till sittande p\u00e5 s\u00e4ngkant och vidare upp till g\u00e5ende.<\/p>\n\n\n\n<div class=\"wp-block-buttons is-layout-flex wp-block-buttons-is-layout-flex\">\n<div class=\"wp-block-button is-style-outline is-style-outline--4\"><a class=\"wp-block-button__link wp-element-button\" href=\"https:\/\/youtu.be\/MEBU52EUbHM\">DHG Fr\u00e5n liggande till g\u00e5ende &#8211; Steg 1<\/a><\/div>\n<\/div>\n\n\n\n<div class=\"wp-block-buttons is-layout-flex wp-block-buttons-is-layout-flex\">\n<div class=\"wp-block-button is-style-outline is-style-outline--5\"><a class=\"wp-block-button__link wp-element-button\" href=\"https:\/\/youtu.be\/QW9VpwmM0Mk\">DHG Fr\u00e5n liggande till g\u00e5ende &#8211; Steg 2<\/a><\/div>\n<\/div>\n\n\n\n<div class=\"wp-block-buttons is-layout-flex wp-block-buttons-is-layout-flex\">\n<div class=\"wp-block-button is-style-outline is-style-outline--6\"><a class=\"wp-block-button__link wp-element-button\" href=\"https:\/\/youtu.be\/Qp-RfW5UPbk\">DHG Fr\u00e5n liggande till g\u00e5ende &#8211; Steg 3<\/a><\/div>\n<\/div>\n<\/div>\n<\/div>\n\n\n\n<hr class=\"wp-block-separator has-css-opacity\"\/>\n\n\n\n<div class=\"wp-block-columns is-layout-flex wp-container-core-columns-is-layout-9d6595d7 wp-block-columns-is-layout-flex\">\n<div class=\"wp-block-column is-layout-flow wp-block-column-is-layout-flow\"><\/div>\n<\/div>\n\n\n\n<div class=\"wp-block-columns is-layout-flex wp-container-core-columns-is-layout-9d6595d7 wp-block-columns-is-layout-flex\">\n<div class=\"wp-block-column is-layout-flow wp-block-column-is-layout-flow\"><\/div>\n\n\n\n<div class=\"wp-block-column is-layout-flow wp-block-column-is-layout-flow\"><\/div>\n<\/div>\n\n\n\n<div class=\"wp-block-columns is-layout-flex wp-container-core-columns-is-layout-9d6595d7 wp-block-columns-is-layout-flex\">\n<div class=\"wp-block-column is-layout-flow wp-block-column-is-layout-flow\"><\/div>\n\n\n\n<div class=\"wp-block-column is-layout-flow wp-block-column-is-layout-flow\"><\/div>\n<\/div>\n\n\n\n<div class=\"wp-block-columns is-layout-flex wp-container-core-columns-is-layout-9d6595d7 wp-block-columns-is-layout-flex\">\n<div class=\"wp-block-column is-layout-flow wp-block-column-is-layout-flow\">\n<p class=\"has-medium-font-size\"><\/p>\n<\/div>\n\n\n\n<div class=\"wp-block-column is-layout-flow wp-block-column-is-layout-flow\">\n<div class=\"wp-block-columns is-layout-flex wp-container-core-columns-is-layout-9d6595d7 wp-block-columns-is-layout-flex\">\n<div class=\"wp-block-column is-layout-flow wp-block-column-is-layout-flow\">\n<p><\/p>\n<\/div>\n\n\n\n<div class=\"wp-block-column is-layout-flow wp-block-column-is-layout-flow\"><\/div>\n\n\n\n<div class=\"wp-block-column is-layout-flow wp-block-column-is-layout-flow\"><\/div>\n<\/div>\n<\/div>\n<\/div>\n\n\n\n<div class=\"wp-block-columns is-layout-flex wp-container-core-columns-is-layout-9d6595d7 wp-block-columns-is-layout-flex\">\n<div class=\"wp-block-column is-layout-flow wp-block-column-is-layout-flow\"><\/div>\n\n\n\n<div class=\"wp-block-column is-layout-flow wp-block-column-is-layout-flow\"><\/div>\n\n\n\n<div class=\"wp-block-column is-layout-flow wp-block-column-is-layout-flow\"><\/div>\n<\/div>\n","protected":false},"excerpt":{"rendered":"<p>Vi vill inspirera er med utbildningar d\u00e4r vi fokuserar p\u00e5 \u201dN\u00c4R-VAD-HUR\u201d v\u00e5ra hj\u00e4lpmedel ska anv\u00e4ndas. Ta g\u00e4rna del av v\u00e5ra webbutbildningar nedan. V\u00e5r serie av webinarier \u00e4r fria att anv\u00e4nda och dela med sig av inom arbetslaget POSITIONERING I S\u00c4NG STEG 1-3 FR\u00c5N LIGGANDE TILL G\u00c5ENDE STEG 1-3 Ett webbinarium d\u00e4r vi g\u00e5r igenom olika &hellip; <a href=\"https:\/\/www.directhealthcaregroup.com\/sv\/utbildning-med-ethos-dhgs-kursprogram\/\">Continued<\/a><\/p>\n","protected":false},"author":92,"featured_media":0,"parent":0,"menu_order":0,"comment_status":"closed","ping_status":"closed","template":"","meta":{"_acf_changed":false,"footnotes":""},"class_list":["post-141761","page","type-page","status-publish","hentry"],"acf":[],"yoast_head":"<!-- This site is optimized with the Yoast SEO plugin v27.4 - https:\/\/yoast.com\/product\/yoast-seo-wordpress\/ -->\n<title>Ethos Education - Utbildningsprogram | DHG<\/title>\n<meta name=\"robots\" content=\"index, follow, max-snippet:-1, max-image-preview:large, max-video-preview:-1\" \/>\n<link rel=\"canonical\" href=\"https:\/\/www.directhealthcaregroup.com\/sv\/utbildning-med-ethos-dhgs-kursprogram\/\" \/>\n<meta property=\"og:locale\" content=\"sv_SE\" \/>\n<meta property=\"og:type\" content=\"article\" \/>\n<meta property=\"og:title\" content=\"Ethos Education - Utbildningsprogram | DHG\" \/>\n<meta property=\"og:description\" content=\"Vi vill inspirera er med utbildningar d\u00e4r vi fokuserar p\u00e5 \u201dN\u00c4R-VAD-HUR\u201d v\u00e5ra hj\u00e4lpmedel ska anv\u00e4ndas. Ta g\u00e4rna del av v\u00e5ra webbutbildningar nedan. V\u00e5r serie av webinarier \u00e4r fria att anv\u00e4nda och dela med sig av inom arbetslaget POSITIONERING I S\u00c4NG STEG 1-3 FR\u00c5N LIGGANDE TILL G\u00c5ENDE STEG 1-3 Ett webbinarium d\u00e4r vi g\u00e5r igenom olika &hellip; Continued\" \/>\n<meta property=\"og:url\" content=\"https:\/\/www.directhealthcaregroup.com\/sv\/utbildning-med-ethos-dhgs-kursprogram\/\" \/>\n<meta property=\"og:site_name\" content=\"DHG\" \/>\n<meta property=\"article:modified_time\" content=\"2026-02-24T08:20:07+00:00\" \/>\n<meta property=\"og:image\" content=\"https:\/\/www.directhealthcaregroup.com\/app\/uploads\/Ethos-Logo-New-2-1.png\" \/>\n\t<meta property=\"og:image:width\" content=\"534\" \/>\n\t<meta property=\"og:image:height\" content=\"232\" \/>\n\t<meta property=\"og:image:type\" content=\"image\/png\" \/>\n<meta name=\"twitter:card\" content=\"summary_large_image\" \/>\n<meta name=\"twitter:label1\" content=\"Est. reading time\" \/>\n\t<meta name=\"twitter:data1\" content=\"2 minutes\" \/>\n<script type=\"application\/ld+json\" class=\"yoast-schema-graph\">{\"@context\":\"https:\\\/\\\/schema.org\",\"@graph\":[{\"@type\":\"WebPage\",\"@id\":\"https:\\\/\\\/www.directhealthcaregroup.com\\\/sv\\\/utbildning-med-ethos-dhgs-kursprogram\\\/\",\"url\":\"https:\\\/\\\/www.directhealthcaregroup.com\\\/sv\\\/utbildning-med-ethos-dhgs-kursprogram\\\/\",\"name\":\"Ethos Education - Utbildningsprogram | DHG\",\"isPartOf\":{\"@id\":\"https:\\\/\\\/www.directhealthcaregroup.com\\\/#website\"},\"primaryImageOfPage\":{\"@id\":\"https:\\\/\\\/www.directhealthcaregroup.com\\\/sv\\\/utbildning-med-ethos-dhgs-kursprogram\\\/#primaryimage\"},\"image\":{\"@id\":\"https:\\\/\\\/www.directhealthcaregroup.com\\\/sv\\\/utbildning-med-ethos-dhgs-kursprogram\\\/#primaryimage\"},\"thumbnailUrl\":\"https:\\\/\\\/www.directhealthcaregroup.com\\\/app\\\/uploads\\\/Ethos-Logo-New-2-1.png\",\"datePublished\":\"2021-08-19T11:59:00+00:00\",\"dateModified\":\"2026-02-24T08:20:07+00:00\",\"breadcrumb\":{\"@id\":\"https:\\\/\\\/www.directhealthcaregroup.com\\\/sv\\\/utbildning-med-ethos-dhgs-kursprogram\\\/#breadcrumb\"},\"inLanguage\":\"sv-SE\",\"potentialAction\":[{\"@type\":\"ReadAction\",\"target\":[\"https:\\\/\\\/www.directhealthcaregroup.com\\\/sv\\\/utbildning-med-ethos-dhgs-kursprogram\\\/\"]}]},{\"@type\":\"ImageObject\",\"inLanguage\":\"sv-SE\",\"@id\":\"https:\\\/\\\/www.directhealthcaregroup.com\\\/sv\\\/utbildning-med-ethos-dhgs-kursprogram\\\/#primaryimage\",\"url\":\"https:\\\/\\\/www.directhealthcaregroup.com\\\/app\\\/uploads\\\/Ethos-Logo-New-2-1.png\",\"contentUrl\":\"https:\\\/\\\/www.directhealthcaregroup.com\\\/app\\\/uploads\\\/Ethos-Logo-New-2-1.png\"},{\"@type\":\"BreadcrumbList\",\"@id\":\"https:\\\/\\\/www.directhealthcaregroup.com\\\/sv\\\/utbildning-med-ethos-dhgs-kursprogram\\\/#breadcrumb\",\"itemListElement\":[{\"@type\":\"ListItem\",\"position\":1,\"name\":\"Home\",\"item\":\"https:\\\/\\\/www.directhealthcaregroup.com\\\/sv\\\/\"},{\"@type\":\"ListItem\",\"position\":2,\"name\":\"Ethos Education &#8211; Utbildningsprogram\"}]},{\"@type\":\"WebSite\",\"@id\":\"https:\\\/\\\/www.directhealthcaregroup.com\\\/#website\",\"url\":\"https:\\\/\\\/www.directhealthcaregroup.com\\\/\",\"name\":\"DHG\",\"description\":\"Moving Health Forward\",\"publisher\":{\"@id\":\"https:\\\/\\\/www.directhealthcaregroup.com\\\/#organization\"},\"potentialAction\":[{\"@type\":\"SearchAction\",\"target\":{\"@type\":\"EntryPoint\",\"urlTemplate\":\"https:\\\/\\\/www.directhealthcaregroup.com\\\/?s={search_term_string}\"},\"query-input\":{\"@type\":\"PropertyValueSpecification\",\"valueRequired\":true,\"valueName\":\"search_term_string\"}}],\"inLanguage\":\"sv-SE\"},{\"@type\":\"Organization\",\"@id\":\"https:\\\/\\\/www.directhealthcaregroup.com\\\/#organization\",\"name\":\"Direct Healthcare Group\",\"url\":\"https:\\\/\\\/www.directhealthcaregroup.com\\\/\",\"logo\":{\"@type\":\"ImageObject\",\"inLanguage\":\"sv-SE\",\"@id\":\"https:\\\/\\\/www.directhealthcaregroup.com\\\/#\\\/schema\\\/logo\\\/image\\\/\",\"url\":\"https:\\\/\\\/directhealthcaregroup.com\\\/app\\\/uploads\\\/dhg-logo.png\",\"contentUrl\":\"https:\\\/\\\/directhealthcaregroup.com\\\/app\\\/uploads\\\/dhg-logo.png\",\"width\":556,\"height\":240,\"caption\":\"Direct Healthcare Group\"},\"image\":{\"@id\":\"https:\\\/\\\/www.directhealthcaregroup.com\\\/#\\\/schema\\\/logo\\\/image\\\/\"}}]}<\/script>\n<!-- \/ Yoast SEO plugin. -->","yoast_head_json":{"title":"Ethos Education - Utbildningsprogram | DHG","robots":{"index":"index","follow":"follow","max-snippet":"max-snippet:-1","max-image-preview":"max-image-preview:large","max-video-preview":"max-video-preview:-1"},"canonical":"https:\/\/www.directhealthcaregroup.com\/sv\/utbildning-med-ethos-dhgs-kursprogram\/","og_locale":"sv_SE","og_type":"article","og_title":"Ethos Education - Utbildningsprogram | DHG","og_description":"Vi vill inspirera er med utbildningar d\u00e4r vi fokuserar p\u00e5 \u201dN\u00c4R-VAD-HUR\u201d v\u00e5ra hj\u00e4lpmedel ska anv\u00e4ndas. Ta g\u00e4rna del av v\u00e5ra webbutbildningar nedan. V\u00e5r serie av webinarier \u00e4r fria att anv\u00e4nda och dela med sig av inom arbetslaget POSITIONERING I S\u00c4NG STEG 1-3 FR\u00c5N LIGGANDE TILL G\u00c5ENDE STEG 1-3 Ett webbinarium d\u00e4r vi g\u00e5r igenom olika &hellip; Continued","og_url":"https:\/\/www.directhealthcaregroup.com\/sv\/utbildning-med-ethos-dhgs-kursprogram\/","og_site_name":"DHG","article_modified_time":"2026-02-24T08:20:07+00:00","og_image":[{"width":534,"height":232,"url":"https:\/\/www.directhealthcaregroup.com\/app\/uploads\/Ethos-Logo-New-2-1.png","type":"image\/png"}],"twitter_card":"summary_large_image","twitter_misc":{"Est. reading time":"2 minutes"},"schema":{"@context":"https:\/\/schema.org","@graph":[{"@type":"WebPage","@id":"https:\/\/www.directhealthcaregroup.com\/sv\/utbildning-med-ethos-dhgs-kursprogram\/","url":"https:\/\/www.directhealthcaregroup.com\/sv\/utbildning-med-ethos-dhgs-kursprogram\/","name":"Ethos Education - Utbildningsprogram | DHG","isPartOf":{"@id":"https:\/\/www.directhealthcaregroup.com\/#website"},"primaryImageOfPage":{"@id":"https:\/\/www.directhealthcaregroup.com\/sv\/utbildning-med-ethos-dhgs-kursprogram\/#primaryimage"},"image":{"@id":"https:\/\/www.directhealthcaregroup.com\/sv\/utbildning-med-ethos-dhgs-kursprogram\/#primaryimage"},"thumbnailUrl":"https:\/\/www.directhealthcaregroup.com\/app\/uploads\/Ethos-Logo-New-2-1.png","datePublished":"2021-08-19T11:59:00+00:00","dateModified":"2026-02-24T08:20:07+00:00","breadcrumb":{"@id":"https:\/\/www.directhealthcaregroup.com\/sv\/utbildning-med-ethos-dhgs-kursprogram\/#breadcrumb"},"inLanguage":"sv-SE","potentialAction":[{"@type":"ReadAction","target":["https:\/\/www.directhealthcaregroup.com\/sv\/utbildning-med-ethos-dhgs-kursprogram\/"]}]},{"@type":"ImageObject","inLanguage":"sv-SE","@id":"https:\/\/www.directhealthcaregroup.com\/sv\/utbildning-med-ethos-dhgs-kursprogram\/#primaryimage","url":"https:\/\/www.directhealthcaregroup.com\/app\/uploads\/Ethos-Logo-New-2-1.png","contentUrl":"https:\/\/www.directhealthcaregroup.com\/app\/uploads\/Ethos-Logo-New-2-1.png"},{"@type":"BreadcrumbList","@id":"https:\/\/www.directhealthcaregroup.com\/sv\/utbildning-med-ethos-dhgs-kursprogram\/#breadcrumb","itemListElement":[{"@type":"ListItem","position":1,"name":"Home","item":"https:\/\/www.directhealthcaregroup.com\/sv\/"},{"@type":"ListItem","position":2,"name":"Ethos Education &#8211; Utbildningsprogram"}]},{"@type":"WebSite","@id":"https:\/\/www.directhealthcaregroup.com\/#website","url":"https:\/\/www.directhealthcaregroup.com\/","name":"DHG","description":"Moving Health Forward","publisher":{"@id":"https:\/\/www.directhealthcaregroup.com\/#organization"},"potentialAction":[{"@type":"SearchAction","target":{"@type":"EntryPoint","urlTemplate":"https:\/\/www.directhealthcaregroup.com\/?s={search_term_string}"},"query-input":{"@type":"PropertyValueSpecification","valueRequired":true,"valueName":"search_term_string"}}],"inLanguage":"sv-SE"},{"@type":"Organization","@id":"https:\/\/www.directhealthcaregroup.com\/#organization","name":"Direct Healthcare Group","url":"https:\/\/www.directhealthcaregroup.com\/","logo":{"@type":"ImageObject","inLanguage":"sv-SE","@id":"https:\/\/www.directhealthcaregroup.com\/#\/schema\/logo\/image\/","url":"https:\/\/directhealthcaregroup.com\/app\/uploads\/dhg-logo.png","contentUrl":"https:\/\/directhealthcaregroup.com\/app\/uploads\/dhg-logo.png","width":556,"height":240,"caption":"Direct Healthcare Group"},"image":{"@id":"https:\/\/www.directhealthcaregroup.com\/#\/schema\/logo\/image\/"}}]}},"_links":{"self":[{"href":"https:\/\/www.directhealthcaregroup.com\/sv\/wp-json\/wp\/v2\/pages\/141761","targetHints":{"allow":["GET"]}}],"collection":[{"href":"https:\/\/www.directhealthcaregroup.com\/sv\/wp-json\/wp\/v2\/pages"}],"about":[{"href":"https:\/\/www.directhealthcaregroup.com\/sv\/wp-json\/wp\/v2\/types\/page"}],"author":[{"embeddable":true,"href":"https:\/\/www.directhealthcaregroup.com\/sv\/wp-json\/wp\/v2\/users\/92"}],"replies":[{"embeddable":true,"href":"https:\/\/www.directhealthcaregroup.com\/sv\/wp-json\/wp\/v2\/comments?post=141761"}],"version-history":[{"count":9,"href":"https:\/\/www.directhealthcaregroup.com\/sv\/wp-json\/wp\/v2\/pages\/141761\/revisions"}],"predecessor-version":[{"id":254664,"href":"https:\/\/www.directhealthcaregroup.com\/sv\/wp-json\/wp\/v2\/pages\/141761\/revisions\/254664"}],"wp:attachment":[{"href":"https:\/\/www.directhealthcaregroup.com\/sv\/wp-json\/wp\/v2\/media?parent=141761"}],"curies":[{"name":"wp","href":"https:\/\/api.w.org\/{rel}","templated":true}]}}