{"id":151505,"date":"2022-01-24T09:48:35","date_gmt":"2022-01-24T09:48:35","guid":{"rendered":"https:\/\/www.directhealthcaregroup.com\/?page_id=151505"},"modified":"2025-02-20T09:22:41","modified_gmt":"2025-02-20T09:22:41","slug":"madrassinventering","status":"publish","type":"page","link":"https:\/\/www.directhealthcaregroup.com\/sv\/madrassinventering\/","title":{"rendered":"Madrassinventering"},"content":{"rendered":"\n<p class=\"has-medium-font-size\"><strong>Vi hj\u00e4lper er g\u00e4rna med madrassinventering. <\/strong><\/p>\n\n\n\n<figure class=\"wp-block-image size-medium\"><img loading=\"lazy\" decoding=\"async\" width=\"300\" height=\"225\" src=\"https:\/\/www.directhealthcaregroup.com\/app\/uploads\/Picture1-300x225.jpg\" alt=\"\" class=\"wp-image-151516\" srcset=\"https:\/\/www.directhealthcaregroup.com\/app\/uploads\/Picture1-300x225.jpg 300w, https:\/\/www.directhealthcaregroup.com\/app\/uploads\/Picture1-1024x768.jpg 1024w, https:\/\/www.directhealthcaregroup.com\/app\/uploads\/Picture1-768x576.jpg 768w, https:\/\/www.directhealthcaregroup.com\/app\/uploads\/Picture1-320x240.jpg 320w, https:\/\/www.directhealthcaregroup.com\/app\/uploads\/Picture1-800x600.jpg 800w, https:\/\/www.directhealthcaregroup.com\/app\/uploads\/Picture1-297x223.jpg 297w, https:\/\/www.directhealthcaregroup.com\/app\/uploads\/Picture1.jpg 1120w\" sizes=\"auto, (max-width: 300px) 100vw, 300px\" \/><\/figure>\n\n\n\n<p class=\"has-medium-font-size\">Identifiera individer i riskzon <\/p>\n\n\n\n<p>\u201dG\u00f6r en bed\u00f6mning om personen har begr\u00e4nsad r\u00f6rlighet, f\u00f6rs\u00e4mrad aktivitetsf\u00f6rm\u00e5ga, \u00e4r i h\u00f6g risk att uts\u00e4ttas f\u00f6r friktion och skjuv, och riskerar att utveckla trycks\u00e5r\u201d<sup>1<\/sup>.<br><\/p>\n\n\n\n<p class=\"has-medium-font-size\">G\u00f6r regelbunden madrassinventering <\/p>\n\n\n\n<p>I v\u00e5rdhandboken st\u00e5r: \u201cSkum \u00e5ldras och p\u00e5verkas av allt som ligger p\u00e5 madrassen, \u00e4ven av fukt som kan tr\u00e4nga in i skummet. F\u00f6r att kontrollera att skummet sviktar tillbaka \u00e4r det viktigt att k\u00e4nna igenom madrassen regelbundet. Allt f\u00f6r att identifiera madrasser som m\u00e5ste bytas ut f\u00f6r att personen som ligger p\u00e5 den \u201dbottnar\u201d \u2013 eller ligger igenom madrassen. Om detta sker har den tryckf\u00f6rdelande effekten minskat eller f\u00f6rsvunnit.<\/p>\n\n\n\n<p>Testa genom att l\u00e4gga h\u00e4nderna ovan p\u00e5 varandra, och pressa ner l\u00e4tt i madrassen, n\u00e4r du k\u00e4nner igenom den. Speciellt viktigt att kontrollera d\u00e4r madrassen har belastats mest. Sviktar inte madrassen tillbaka n\u00e4r pressen l\u00e4ttar finns risk f\u00f6r att den tryckf\u00f6rdelade f\u00f6rm\u00e5gan har f\u00f6rs\u00e4mrats. Genom att k\u00e4nna efter vid madrassens h\u00f6rn (ungef\u00e4r 20 cm fr\u00e5n sj\u00e4lva h\u00f6rnet) &#8211; d\u00e4r madrassen inte har blivit belastad kan madrassens kvarst\u00e5ende tryckf\u00f6rdelande f\u00f6rm\u00e5ga j\u00e4mf\u00f6ras med de omr\u00e5den som har varit utsatt f\u00f6r belastning. Belastat omr\u00e5de k\u00e4nns mjukare och mer eftergivlig. Beslut m\u00e5ste d\u00e5 tas om madrassen ska kasseras\u201c <sup>2<\/sup>.<\/p>\n\n\n\n<p>V\u00e5ra kunniga s\u00e4ljare hj\u00e4lper er g\u00e4rna med madrassinventering, f\u00f6r mer information kontakta din <a href=\"https:\/\/www.directhealthcaregroup.com\/sv\/forsaljning\/\">distriktss\u00e4ljare <\/a>eller ring <a href=\"https:\/\/www.directhealthcaregroup.com\/sv\/kontakt\/\">kundservice<\/a>. <\/p>\n\n\n\n<p>Se \u00e4ven v\u00e5r instruktionsfilm om madrassinventering h\u00e4r nedan.<\/p>\n\n\n\n<figure class=\"wp-block-embed is-type-video is-provider-youtube wp-block-embed-youtube wp-embed-aspect-16-9 wp-has-aspect-ratio\"><div class=\"wp-block-embed__wrapper\">\n<iframe loading=\"lazy\" title=\"DHG Madrassinventering statisk skummadrass - 2025\" width=\"500\" height=\"281\" src=\"https:\/\/www.youtube.com\/embed\/viaL92KNgLM?feature=oembed\" frameborder=\"0\" allow=\"accelerometer; autoplay; clipboard-write; encrypted-media; gyroscope; picture-in-picture; web-share\" referrerpolicy=\"strict-origin-when-cross-origin\" allowfullscreen><\/iframe>\n<\/div><\/figure>\n\n\n\n<p><\/p>\n\n\n\n<hr class=\"wp-block-separator has-css-opacity\"\/>\n\n\n\n<p>K\u00e4lla:<\/p>\n\n\n\n<ol class=\"wp-block-list\">\n<li>EPUAP, NPUAP, PPPIA. 2019 Kortversion av riktlinje. Prevention och Behandling av Trycks\u00e5r Riskfaktorer och riskbed\u00f6mning. 1.1. Sid 15.<\/li>\n\n\n\n<li>V\u00e5rdhandboken. Utrustning och rutiner. https:\/\/www.vardhandboken.se\/vard-och-behandling\/basal-och-preventiv-omvardnad\/sangenvardbadden\/utrustning-och-rutiner\/ 2020-07-09<\/li>\n<\/ol>\n","protected":false},"excerpt":{"rendered":"<p>Vi hj\u00e4lper er g\u00e4rna med madrassinventering. Identifiera individer i riskzon \u201dG\u00f6r en bed\u00f6mning om personen har begr\u00e4nsad r\u00f6rlighet, f\u00f6rs\u00e4mrad aktivitetsf\u00f6rm\u00e5ga, \u00e4r i h\u00f6g risk att uts\u00e4ttas f\u00f6r friktion och skjuv, och riskerar att utveckla trycks\u00e5r\u201d1. G\u00f6r regelbunden madrassinventering I v\u00e5rdhandboken st\u00e5r: \u201cSkum \u00e5ldras och p\u00e5verkas av allt som ligger p\u00e5 madrassen, \u00e4ven av fukt som &hellip; <a href=\"https:\/\/www.directhealthcaregroup.com\/sv\/madrassinventering\/\">Continued<\/a><\/p>\n","protected":false},"author":2,"featured_media":0,"parent":0,"menu_order":0,"comment_status":"closed","ping_status":"closed","template":"","meta":{"_acf_changed":false,"footnotes":""},"class_list":["post-151505","page","type-page","status-publish","hentry"],"acf":[],"yoast_head":"<!-- This site is optimized with the Yoast SEO plugin v27.4 - https:\/\/yoast.com\/product\/yoast-seo-wordpress\/ -->\n<title>Madrassinventering | DHG<\/title>\n<meta name=\"robots\" content=\"index, follow, max-snippet:-1, max-image-preview:large, max-video-preview:-1\" \/>\n<link rel=\"canonical\" href=\"https:\/\/www.directhealthcaregroup.com\/sv\/madrassinventering\/\" \/>\n<meta property=\"og:locale\" content=\"sv_SE\" \/>\n<meta property=\"og:type\" content=\"article\" \/>\n<meta property=\"og:title\" content=\"Madrassinventering | DHG\" \/>\n<meta property=\"og:description\" content=\"Vi hj\u00e4lper er g\u00e4rna med madrassinventering. Identifiera individer i riskzon \u201dG\u00f6r en bed\u00f6mning om personen har begr\u00e4nsad r\u00f6rlighet, f\u00f6rs\u00e4mrad aktivitetsf\u00f6rm\u00e5ga, \u00e4r i h\u00f6g risk att uts\u00e4ttas f\u00f6r friktion och skjuv, och riskerar att utveckla trycks\u00e5r\u201d1. G\u00f6r regelbunden madrassinventering I v\u00e5rdhandboken st\u00e5r: \u201cSkum \u00e5ldras och p\u00e5verkas av allt som ligger p\u00e5 madrassen, \u00e4ven av fukt som &hellip; Continued\" \/>\n<meta property=\"og:url\" content=\"https:\/\/www.directhealthcaregroup.com\/sv\/madrassinventering\/\" \/>\n<meta property=\"og:site_name\" content=\"DHG\" \/>\n<meta property=\"article:modified_time\" content=\"2025-02-20T09:22:41+00:00\" \/>\n<meta property=\"og:image\" content=\"https:\/\/www.directhealthcaregroup.com\/app\/uploads\/Picture1-300x225.jpg\" \/>\n<meta name=\"twitter:card\" content=\"summary_large_image\" \/>\n<meta name=\"twitter:label1\" content=\"Est. reading time\" \/>\n\t<meta name=\"twitter:data1\" content=\"2 minutes\" \/>\n<script type=\"application\/ld+json\" class=\"yoast-schema-graph\">{\"@context\":\"https:\\\/\\\/schema.org\",\"@graph\":[{\"@type\":\"WebPage\",\"@id\":\"https:\\\/\\\/www.directhealthcaregroup.com\\\/sv\\\/madrassinventering\\\/\",\"url\":\"https:\\\/\\\/www.directhealthcaregroup.com\\\/sv\\\/madrassinventering\\\/\",\"name\":\"Madrassinventering | DHG\",\"isPartOf\":{\"@id\":\"https:\\\/\\\/www.directhealthcaregroup.com\\\/#website\"},\"primaryImageOfPage\":{\"@id\":\"https:\\\/\\\/www.directhealthcaregroup.com\\\/sv\\\/madrassinventering\\\/#primaryimage\"},\"image\":{\"@id\":\"https:\\\/\\\/www.directhealthcaregroup.com\\\/sv\\\/madrassinventering\\\/#primaryimage\"},\"thumbnailUrl\":\"https:\\\/\\\/www.directhealthcaregroup.com\\\/app\\\/uploads\\\/Picture1-300x225.jpg\",\"datePublished\":\"2022-01-24T09:48:35+00:00\",\"dateModified\":\"2025-02-20T09:22:41+00:00\",\"breadcrumb\":{\"@id\":\"https:\\\/\\\/www.directhealthcaregroup.com\\\/sv\\\/madrassinventering\\\/#breadcrumb\"},\"inLanguage\":\"sv-SE\",\"potentialAction\":[{\"@type\":\"ReadAction\",\"target\":[\"https:\\\/\\\/www.directhealthcaregroup.com\\\/sv\\\/madrassinventering\\\/\"]}]},{\"@type\":\"ImageObject\",\"inLanguage\":\"sv-SE\",\"@id\":\"https:\\\/\\\/www.directhealthcaregroup.com\\\/sv\\\/madrassinventering\\\/#primaryimage\",\"url\":\"https:\\\/\\\/www.directhealthcaregroup.com\\\/app\\\/uploads\\\/Picture1-300x225.jpg\",\"contentUrl\":\"https:\\\/\\\/www.directhealthcaregroup.com\\\/app\\\/uploads\\\/Picture1-300x225.jpg\"},{\"@type\":\"BreadcrumbList\",\"@id\":\"https:\\\/\\\/www.directhealthcaregroup.com\\\/sv\\\/madrassinventering\\\/#breadcrumb\",\"itemListElement\":[{\"@type\":\"ListItem\",\"position\":1,\"name\":\"Home\",\"item\":\"https:\\\/\\\/www.directhealthcaregroup.com\\\/sv\\\/\"},{\"@type\":\"ListItem\",\"position\":2,\"name\":\"Madrassinventering\"}]},{\"@type\":\"WebSite\",\"@id\":\"https:\\\/\\\/www.directhealthcaregroup.com\\\/#website\",\"url\":\"https:\\\/\\\/www.directhealthcaregroup.com\\\/\",\"name\":\"DHG\",\"description\":\"Moving Health Forward\",\"publisher\":{\"@id\":\"https:\\\/\\\/www.directhealthcaregroup.com\\\/#organization\"},\"potentialAction\":[{\"@type\":\"SearchAction\",\"target\":{\"@type\":\"EntryPoint\",\"urlTemplate\":\"https:\\\/\\\/www.directhealthcaregroup.com\\\/?s={search_term_string}\"},\"query-input\":{\"@type\":\"PropertyValueSpecification\",\"valueRequired\":true,\"valueName\":\"search_term_string\"}}],\"inLanguage\":\"sv-SE\"},{\"@type\":\"Organization\",\"@id\":\"https:\\\/\\\/www.directhealthcaregroup.com\\\/#organization\",\"name\":\"Direct Healthcare Group\",\"url\":\"https:\\\/\\\/www.directhealthcaregroup.com\\\/\",\"logo\":{\"@type\":\"ImageObject\",\"inLanguage\":\"sv-SE\",\"@id\":\"https:\\\/\\\/www.directhealthcaregroup.com\\\/#\\\/schema\\\/logo\\\/image\\\/\",\"url\":\"https:\\\/\\\/directhealthcaregroup.com\\\/app\\\/uploads\\\/dhg-logo.png\",\"contentUrl\":\"https:\\\/\\\/directhealthcaregroup.com\\\/app\\\/uploads\\\/dhg-logo.png\",\"width\":556,\"height\":240,\"caption\":\"Direct Healthcare Group\"},\"image\":{\"@id\":\"https:\\\/\\\/www.directhealthcaregroup.com\\\/#\\\/schema\\\/logo\\\/image\\\/\"}}]}<\/script>\n<!-- \/ Yoast SEO plugin. -->","yoast_head_json":{"title":"Madrassinventering | DHG","robots":{"index":"index","follow":"follow","max-snippet":"max-snippet:-1","max-image-preview":"max-image-preview:large","max-video-preview":"max-video-preview:-1"},"canonical":"https:\/\/www.directhealthcaregroup.com\/sv\/madrassinventering\/","og_locale":"sv_SE","og_type":"article","og_title":"Madrassinventering | DHG","og_description":"Vi hj\u00e4lper er g\u00e4rna med madrassinventering. Identifiera individer i riskzon \u201dG\u00f6r en bed\u00f6mning om personen har begr\u00e4nsad r\u00f6rlighet, f\u00f6rs\u00e4mrad aktivitetsf\u00f6rm\u00e5ga, \u00e4r i h\u00f6g risk att uts\u00e4ttas f\u00f6r friktion och skjuv, och riskerar att utveckla trycks\u00e5r\u201d1. G\u00f6r regelbunden madrassinventering I v\u00e5rdhandboken st\u00e5r: \u201cSkum \u00e5ldras och p\u00e5verkas av allt som ligger p\u00e5 madrassen, \u00e4ven av fukt som &hellip; Continued","og_url":"https:\/\/www.directhealthcaregroup.com\/sv\/madrassinventering\/","og_site_name":"DHG","article_modified_time":"2025-02-20T09:22:41+00:00","og_image":[{"url":"https:\/\/www.directhealthcaregroup.com\/app\/uploads\/Picture1-300x225.jpg","type":"","width":"","height":""}],"twitter_card":"summary_large_image","twitter_misc":{"Est. reading time":"2 minutes"},"schema":{"@context":"https:\/\/schema.org","@graph":[{"@type":"WebPage","@id":"https:\/\/www.directhealthcaregroup.com\/sv\/madrassinventering\/","url":"https:\/\/www.directhealthcaregroup.com\/sv\/madrassinventering\/","name":"Madrassinventering | DHG","isPartOf":{"@id":"https:\/\/www.directhealthcaregroup.com\/#website"},"primaryImageOfPage":{"@id":"https:\/\/www.directhealthcaregroup.com\/sv\/madrassinventering\/#primaryimage"},"image":{"@id":"https:\/\/www.directhealthcaregroup.com\/sv\/madrassinventering\/#primaryimage"},"thumbnailUrl":"https:\/\/www.directhealthcaregroup.com\/app\/uploads\/Picture1-300x225.jpg","datePublished":"2022-01-24T09:48:35+00:00","dateModified":"2025-02-20T09:22:41+00:00","breadcrumb":{"@id":"https:\/\/www.directhealthcaregroup.com\/sv\/madrassinventering\/#breadcrumb"},"inLanguage":"sv-SE","potentialAction":[{"@type":"ReadAction","target":["https:\/\/www.directhealthcaregroup.com\/sv\/madrassinventering\/"]}]},{"@type":"ImageObject","inLanguage":"sv-SE","@id":"https:\/\/www.directhealthcaregroup.com\/sv\/madrassinventering\/#primaryimage","url":"https:\/\/www.directhealthcaregroup.com\/app\/uploads\/Picture1-300x225.jpg","contentUrl":"https:\/\/www.directhealthcaregroup.com\/app\/uploads\/Picture1-300x225.jpg"},{"@type":"BreadcrumbList","@id":"https:\/\/www.directhealthcaregroup.com\/sv\/madrassinventering\/#breadcrumb","itemListElement":[{"@type":"ListItem","position":1,"name":"Home","item":"https:\/\/www.directhealthcaregroup.com\/sv\/"},{"@type":"ListItem","position":2,"name":"Madrassinventering"}]},{"@type":"WebSite","@id":"https:\/\/www.directhealthcaregroup.com\/#website","url":"https:\/\/www.directhealthcaregroup.com\/","name":"DHG","description":"Moving Health Forward","publisher":{"@id":"https:\/\/www.directhealthcaregroup.com\/#organization"},"potentialAction":[{"@type":"SearchAction","target":{"@type":"EntryPoint","urlTemplate":"https:\/\/www.directhealthcaregroup.com\/?s={search_term_string}"},"query-input":{"@type":"PropertyValueSpecification","valueRequired":true,"valueName":"search_term_string"}}],"inLanguage":"sv-SE"},{"@type":"Organization","@id":"https:\/\/www.directhealthcaregroup.com\/#organization","name":"Direct Healthcare Group","url":"https:\/\/www.directhealthcaregroup.com\/","logo":{"@type":"ImageObject","inLanguage":"sv-SE","@id":"https:\/\/www.directhealthcaregroup.com\/#\/schema\/logo\/image\/","url":"https:\/\/directhealthcaregroup.com\/app\/uploads\/dhg-logo.png","contentUrl":"https:\/\/directhealthcaregroup.com\/app\/uploads\/dhg-logo.png","width":556,"height":240,"caption":"Direct Healthcare Group"},"image":{"@id":"https:\/\/www.directhealthcaregroup.com\/#\/schema\/logo\/image\/"}}]}},"_links":{"self":[{"href":"https:\/\/www.directhealthcaregroup.com\/sv\/wp-json\/wp\/v2\/pages\/151505","targetHints":{"allow":["GET"]}}],"collection":[{"href":"https:\/\/www.directhealthcaregroup.com\/sv\/wp-json\/wp\/v2\/pages"}],"about":[{"href":"https:\/\/www.directhealthcaregroup.com\/sv\/wp-json\/wp\/v2\/types\/page"}],"author":[{"embeddable":true,"href":"https:\/\/www.directhealthcaregroup.com\/sv\/wp-json\/wp\/v2\/users\/2"}],"replies":[{"embeddable":true,"href":"https:\/\/www.directhealthcaregroup.com\/sv\/wp-json\/wp\/v2\/comments?post=151505"}],"version-history":[{"count":13,"href":"https:\/\/www.directhealthcaregroup.com\/sv\/wp-json\/wp\/v2\/pages\/151505\/revisions"}],"predecessor-version":[{"id":242268,"href":"https:\/\/www.directhealthcaregroup.com\/sv\/wp-json\/wp\/v2\/pages\/151505\/revisions\/242268"}],"wp:attachment":[{"href":"https:\/\/www.directhealthcaregroup.com\/sv\/wp-json\/wp\/v2\/media?parent=151505"}],"curies":[{"name":"wp","href":"https:\/\/api.w.org\/{rel}","templated":true}]}}