{"id":165884,"date":"2022-11-11T08:37:16","date_gmt":"2022-11-11T08:37:16","guid":{"rendered":"https:\/\/www.directhealthcaregroup.com\/?page_id=165884"},"modified":"2023-12-22T11:02:08","modified_gmt":"2023-12-22T11:02:08","slug":"periodisk-inspektion-av-romedic-lyftselar","status":"publish","type":"page","link":"https:\/\/www.directhealthcaregroup.com\/sv\/periodisk-inspektion-av-romedic-lyftselar\/","title":{"rendered":"Periodisk Inspektion av RoMedic Lyftselar"},"content":{"rendered":"\n<figure class=\"wp-block-embed-youtube wp-block-embed is-type-video is-provider-youtube wp-embed-aspect-16-9 wp-has-aspect-ratio\"><div class=\"wp-block-embed__wrapper\">\n<iframe loading=\"lazy\" title=\"Periodisk Inspektion av RoMedic Lyftselar\" width=\"500\" height=\"281\" src=\"https:\/\/www.youtube.com\/embed\/St8RBF-RaXQ?feature=oembed\" frameborder=\"0\" allow=\"accelerometer; autoplay; clipboard-write; encrypted-media; gyroscope; picture-in-picture; web-share\" referrerpolicy=\"strict-origin-when-cross-origin\" allowfullscreen><\/iframe>\n<\/div><\/figure>\n\n\n\n<p class=\"has-medium-font-size\"><a href=\"https:\/\/www.directhealthcaregroup.com\/app\/uploads\/Produktinformation-lyftselar-vavd-produktetikett-nov-22-QR-3.pdf\">Periodisk Inspektion av RoMedic Lyftselar<\/a><\/p>\n\n\n\n<p class=\"has-medium-font-size\"><a href=\"https:\/\/www.directhealthcaregroup.com\/app\/uploads\/Checklist_periodic_inspection_multilingual_SE-2023.pdf\">Dokument: Periodisk inspektion av DHG lyftselar<\/a><\/p>\n\n\n\n<p class=\"has-medium-font-size\"><strong>Inspektera produktetiketten<\/strong><\/p>\n\n\n\n<p style=\"font-size:17px\">Etiketten som sitter p\u00e5 baksidan av lyftselen, har en del m\u00e4rkningar som skall g\u00e5 att utl\u00e4sa vid inspektion, maxlast, artikelnummer, serienummer, storlek, tillverknings\u00e5r och tv\u00e4ttr\u00e5d. <\/p>\n\n\n\n<p class=\"has-medium-font-size\"><strong>Notera att informationen om lyftselens tillverknings\u00e5r och serienummer finns inuti den v\u00e4vda etiketten.<\/strong><\/p>\n\n\n\n<div class=\"wp-block-image is-style-default\"><figure class=\"alignleft size-large is-resized\"><img loading=\"lazy\" decoding=\"async\" src=\"https:\/\/www.directhealthcaregroup.com\/app\/uploads\/Etikett-Lyftsele-1.jpg\" alt=\"\" class=\"wp-image-194643\" width=\"527\" height=\"244\" srcset=\"https:\/\/www.directhealthcaregroup.com\/app\/uploads\/Etikett-Lyftsele-1.jpg 873w, https:\/\/www.directhealthcaregroup.com\/app\/uploads\/Etikett-Lyftsele-1-300x139.jpg 300w, https:\/\/www.directhealthcaregroup.com\/app\/uploads\/Etikett-Lyftsele-1-768x355.jpg 768w, https:\/\/www.directhealthcaregroup.com\/app\/uploads\/Etikett-Lyftsele-1-320x148.jpg 320w, https:\/\/www.directhealthcaregroup.com\/app\/uploads\/Etikett-Lyftsele-1-800x370.jpg 800w\" sizes=\"auto, (max-width: 527px) 100vw, 527px\" \/><\/figure><\/div>\n\n\n\n<figure class=\"wp-block-image size-large is-style-default\"><img loading=\"lazy\" decoding=\"async\" width=\"578\" height=\"288\" src=\"https:\/\/www.directhealthcaregroup.com\/app\/uploads\/Tillverkningsar-och-serienummer.jpg\" alt=\"\" class=\"wp-image-194342\" srcset=\"https:\/\/www.directhealthcaregroup.com\/app\/uploads\/Tillverkningsar-och-serienummer.jpg 578w, https:\/\/www.directhealthcaregroup.com\/app\/uploads\/Tillverkningsar-och-serienummer-300x149.jpg 300w, https:\/\/www.directhealthcaregroup.com\/app\/uploads\/Tillverkningsar-och-serienummer-320x159.jpg 320w, https:\/\/www.directhealthcaregroup.com\/app\/uploads\/Tillverkningsar-och-serienummer-400x200.jpg 400w\" sizes=\"auto, (max-width: 578px) 100vw, 578px\" \/><\/figure>\n","protected":false},"excerpt":{"rendered":"<p>Periodisk Inspektion av RoMedic Lyftselar Dokument: Periodisk inspektion av DHG lyftselar Inspektera produktetiketten Etiketten som sitter p\u00e5 baksidan av lyftselen, har en del m\u00e4rkningar som skall g\u00e5 att utl\u00e4sa vid inspektion, maxlast, artikelnummer, serienummer, storlek, tillverknings\u00e5r och tv\u00e4ttr\u00e5d. Notera att informationen om lyftselens tillverknings\u00e5r och serienummer finns inuti den v\u00e4vda etiketten.<\/p>\n","protected":false},"author":2,"featured_media":0,"parent":0,"menu_order":0,"comment_status":"closed","ping_status":"closed","template":"","meta":{"_acf_changed":false,"footnotes":""},"class_list":["post-165884","page","type-page","status-publish","hentry"],"acf":[],"yoast_head":"<!-- This site is optimized with the Yoast SEO plugin v26.6 - https:\/\/yoast.com\/wordpress\/plugins\/seo\/ -->\n<title>Periodisk Inspektion av RoMedic Lyftselar | DHG<\/title>\n<meta name=\"robots\" content=\"index, follow, max-snippet:-1, max-image-preview:large, max-video-preview:-1\" \/>\n<link rel=\"canonical\" href=\"https:\/\/www.directhealthcaregroup.com\/sv\/periodisk-inspektion-av-romedic-lyftselar\/\" \/>\n<meta property=\"og:locale\" content=\"sv_SE\" \/>\n<meta property=\"og:type\" content=\"article\" \/>\n<meta property=\"og:title\" content=\"Periodisk Inspektion av RoMedic Lyftselar | DHG\" \/>\n<meta property=\"og:description\" content=\"Periodisk Inspektion av RoMedic Lyftselar Dokument: Periodisk inspektion av DHG lyftselar Inspektera produktetiketten Etiketten som sitter p\u00e5 baksidan av lyftselen, har en del m\u00e4rkningar som skall g\u00e5 att utl\u00e4sa vid inspektion, maxlast, artikelnummer, serienummer, storlek, tillverknings\u00e5r och tv\u00e4ttr\u00e5d. Notera att informationen om lyftselens tillverknings\u00e5r och serienummer finns inuti den v\u00e4vda etiketten.\" \/>\n<meta property=\"og:url\" content=\"https:\/\/www.directhealthcaregroup.com\/sv\/periodisk-inspektion-av-romedic-lyftselar\/\" \/>\n<meta property=\"og:site_name\" content=\"DHG\" \/>\n<meta property=\"article:modified_time\" content=\"2023-12-22T11:02:08+00:00\" \/>\n<meta property=\"og:image\" content=\"https:\/\/www.directhealthcaregroup.com\/app\/uploads\/Etikett-Lyftsele-1.jpg\" \/>\n<meta name=\"twitter:card\" content=\"summary_large_image\" \/>\n<script type=\"application\/ld+json\" class=\"yoast-schema-graph\">{\"@context\":\"https:\/\/schema.org\",\"@graph\":[{\"@type\":\"WebPage\",\"@id\":\"https:\/\/www.directhealthcaregroup.com\/sv\/periodisk-inspektion-av-romedic-lyftselar\/\",\"url\":\"https:\/\/www.directhealthcaregroup.com\/sv\/periodisk-inspektion-av-romedic-lyftselar\/\",\"name\":\"Periodisk Inspektion av RoMedic Lyftselar | DHG\",\"isPartOf\":{\"@id\":\"https:\/\/www.directhealthcaregroup.com\/#website\"},\"primaryImageOfPage\":{\"@id\":\"https:\/\/www.directhealthcaregroup.com\/sv\/periodisk-inspektion-av-romedic-lyftselar\/#primaryimage\"},\"image\":{\"@id\":\"https:\/\/www.directhealthcaregroup.com\/sv\/periodisk-inspektion-av-romedic-lyftselar\/#primaryimage\"},\"thumbnailUrl\":\"https:\/\/www.directhealthcaregroup.com\/app\/uploads\/Etikett-Lyftsele-1.jpg\",\"datePublished\":\"2022-11-11T08:37:16+00:00\",\"dateModified\":\"2023-12-22T11:02:08+00:00\",\"breadcrumb\":{\"@id\":\"https:\/\/www.directhealthcaregroup.com\/sv\/periodisk-inspektion-av-romedic-lyftselar\/#breadcrumb\"},\"inLanguage\":\"sv-SE\",\"potentialAction\":[{\"@type\":\"ReadAction\",\"target\":[\"https:\/\/www.directhealthcaregroup.com\/sv\/periodisk-inspektion-av-romedic-lyftselar\/\"]}]},{\"@type\":\"ImageObject\",\"inLanguage\":\"sv-SE\",\"@id\":\"https:\/\/www.directhealthcaregroup.com\/sv\/periodisk-inspektion-av-romedic-lyftselar\/#primaryimage\",\"url\":\"https:\/\/www.directhealthcaregroup.com\/app\/uploads\/Etikett-Lyftsele-1.jpg\",\"contentUrl\":\"https:\/\/www.directhealthcaregroup.com\/app\/uploads\/Etikett-Lyftsele-1.jpg\"},{\"@type\":\"BreadcrumbList\",\"@id\":\"https:\/\/www.directhealthcaregroup.com\/sv\/periodisk-inspektion-av-romedic-lyftselar\/#breadcrumb\",\"itemListElement\":[{\"@type\":\"ListItem\",\"position\":1,\"name\":\"Home\",\"item\":\"https:\/\/www.directhealthcaregroup.com\/sv\/\"},{\"@type\":\"ListItem\",\"position\":2,\"name\":\"Periodisk Inspektion av RoMedic Lyftselar\"}]},{\"@type\":\"WebSite\",\"@id\":\"https:\/\/www.directhealthcaregroup.com\/#website\",\"url\":\"https:\/\/www.directhealthcaregroup.com\/\",\"name\":\"DHG\",\"description\":\"Moving Health Forward\",\"publisher\":{\"@id\":\"https:\/\/www.directhealthcaregroup.com\/#organization\"},\"potentialAction\":[{\"@type\":\"SearchAction\",\"target\":{\"@type\":\"EntryPoint\",\"urlTemplate\":\"https:\/\/www.directhealthcaregroup.com\/?s={search_term_string}\"},\"query-input\":{\"@type\":\"PropertyValueSpecification\",\"valueRequired\":true,\"valueName\":\"search_term_string\"}}],\"inLanguage\":\"sv-SE\"},{\"@type\":\"Organization\",\"@id\":\"https:\/\/www.directhealthcaregroup.com\/#organization\",\"name\":\"Direct Healthcare Group\",\"url\":\"https:\/\/www.directhealthcaregroup.com\/\",\"logo\":{\"@type\":\"ImageObject\",\"inLanguage\":\"sv-SE\",\"@id\":\"https:\/\/www.directhealthcaregroup.com\/#\/schema\/logo\/image\/\",\"url\":\"https:\/\/directhealthcaregroup.com\/app\/uploads\/dhg-logo.png\",\"contentUrl\":\"https:\/\/directhealthcaregroup.com\/app\/uploads\/dhg-logo.png\",\"width\":556,\"height\":240,\"caption\":\"Direct Healthcare Group\"},\"image\":{\"@id\":\"https:\/\/www.directhealthcaregroup.com\/#\/schema\/logo\/image\/\"}}]}<\/script>\n<!-- \/ Yoast SEO plugin. -->","yoast_head_json":{"title":"Periodisk Inspektion av RoMedic Lyftselar | DHG","robots":{"index":"index","follow":"follow","max-snippet":"max-snippet:-1","max-image-preview":"max-image-preview:large","max-video-preview":"max-video-preview:-1"},"canonical":"https:\/\/www.directhealthcaregroup.com\/sv\/periodisk-inspektion-av-romedic-lyftselar\/","og_locale":"sv_SE","og_type":"article","og_title":"Periodisk Inspektion av RoMedic Lyftselar | DHG","og_description":"Periodisk Inspektion av RoMedic Lyftselar Dokument: Periodisk inspektion av DHG lyftselar Inspektera produktetiketten Etiketten som sitter p\u00e5 baksidan av lyftselen, har en del m\u00e4rkningar som skall g\u00e5 att utl\u00e4sa vid inspektion, maxlast, artikelnummer, serienummer, storlek, tillverknings\u00e5r och tv\u00e4ttr\u00e5d. Notera att informationen om lyftselens tillverknings\u00e5r och serienummer finns inuti den v\u00e4vda etiketten.","og_url":"https:\/\/www.directhealthcaregroup.com\/sv\/periodisk-inspektion-av-romedic-lyftselar\/","og_site_name":"DHG","article_modified_time":"2023-12-22T11:02:08+00:00","og_image":[{"url":"https:\/\/www.directhealthcaregroup.com\/app\/uploads\/Etikett-Lyftsele-1.jpg","type":"","width":"","height":""}],"twitter_card":"summary_large_image","schema":{"@context":"https:\/\/schema.org","@graph":[{"@type":"WebPage","@id":"https:\/\/www.directhealthcaregroup.com\/sv\/periodisk-inspektion-av-romedic-lyftselar\/","url":"https:\/\/www.directhealthcaregroup.com\/sv\/periodisk-inspektion-av-romedic-lyftselar\/","name":"Periodisk Inspektion av RoMedic Lyftselar | DHG","isPartOf":{"@id":"https:\/\/www.directhealthcaregroup.com\/#website"},"primaryImageOfPage":{"@id":"https:\/\/www.directhealthcaregroup.com\/sv\/periodisk-inspektion-av-romedic-lyftselar\/#primaryimage"},"image":{"@id":"https:\/\/www.directhealthcaregroup.com\/sv\/periodisk-inspektion-av-romedic-lyftselar\/#primaryimage"},"thumbnailUrl":"https:\/\/www.directhealthcaregroup.com\/app\/uploads\/Etikett-Lyftsele-1.jpg","datePublished":"2022-11-11T08:37:16+00:00","dateModified":"2023-12-22T11:02:08+00:00","breadcrumb":{"@id":"https:\/\/www.directhealthcaregroup.com\/sv\/periodisk-inspektion-av-romedic-lyftselar\/#breadcrumb"},"inLanguage":"sv-SE","potentialAction":[{"@type":"ReadAction","target":["https:\/\/www.directhealthcaregroup.com\/sv\/periodisk-inspektion-av-romedic-lyftselar\/"]}]},{"@type":"ImageObject","inLanguage":"sv-SE","@id":"https:\/\/www.directhealthcaregroup.com\/sv\/periodisk-inspektion-av-romedic-lyftselar\/#primaryimage","url":"https:\/\/www.directhealthcaregroup.com\/app\/uploads\/Etikett-Lyftsele-1.jpg","contentUrl":"https:\/\/www.directhealthcaregroup.com\/app\/uploads\/Etikett-Lyftsele-1.jpg"},{"@type":"BreadcrumbList","@id":"https:\/\/www.directhealthcaregroup.com\/sv\/periodisk-inspektion-av-romedic-lyftselar\/#breadcrumb","itemListElement":[{"@type":"ListItem","position":1,"name":"Home","item":"https:\/\/www.directhealthcaregroup.com\/sv\/"},{"@type":"ListItem","position":2,"name":"Periodisk Inspektion av RoMedic Lyftselar"}]},{"@type":"WebSite","@id":"https:\/\/www.directhealthcaregroup.com\/#website","url":"https:\/\/www.directhealthcaregroup.com\/","name":"DHG","description":"Moving Health Forward","publisher":{"@id":"https:\/\/www.directhealthcaregroup.com\/#organization"},"potentialAction":[{"@type":"SearchAction","target":{"@type":"EntryPoint","urlTemplate":"https:\/\/www.directhealthcaregroup.com\/?s={search_term_string}"},"query-input":{"@type":"PropertyValueSpecification","valueRequired":true,"valueName":"search_term_string"}}],"inLanguage":"sv-SE"},{"@type":"Organization","@id":"https:\/\/www.directhealthcaregroup.com\/#organization","name":"Direct Healthcare Group","url":"https:\/\/www.directhealthcaregroup.com\/","logo":{"@type":"ImageObject","inLanguage":"sv-SE","@id":"https:\/\/www.directhealthcaregroup.com\/#\/schema\/logo\/image\/","url":"https:\/\/directhealthcaregroup.com\/app\/uploads\/dhg-logo.png","contentUrl":"https:\/\/directhealthcaregroup.com\/app\/uploads\/dhg-logo.png","width":556,"height":240,"caption":"Direct Healthcare Group"},"image":{"@id":"https:\/\/www.directhealthcaregroup.com\/#\/schema\/logo\/image\/"}}]}},"_links":{"self":[{"href":"https:\/\/www.directhealthcaregroup.com\/sv\/wp-json\/wp\/v2\/pages\/165884","targetHints":{"allow":["GET"]}}],"collection":[{"href":"https:\/\/www.directhealthcaregroup.com\/sv\/wp-json\/wp\/v2\/pages"}],"about":[{"href":"https:\/\/www.directhealthcaregroup.com\/sv\/wp-json\/wp\/v2\/types\/page"}],"author":[{"embeddable":true,"href":"https:\/\/www.directhealthcaregroup.com\/sv\/wp-json\/wp\/v2\/users\/2"}],"replies":[{"embeddable":true,"href":"https:\/\/www.directhealthcaregroup.com\/sv\/wp-json\/wp\/v2\/comments?post=165884"}],"version-history":[{"count":18,"href":"https:\/\/www.directhealthcaregroup.com\/sv\/wp-json\/wp\/v2\/pages\/165884\/revisions"}],"predecessor-version":[{"id":194773,"href":"https:\/\/www.directhealthcaregroup.com\/sv\/wp-json\/wp\/v2\/pages\/165884\/revisions\/194773"}],"wp:attachment":[{"href":"https:\/\/www.directhealthcaregroup.com\/sv\/wp-json\/wp\/v2\/media?parent=165884"}],"curies":[{"name":"wp","href":"https:\/\/api.w.org\/{rel}","templated":true}]}}