{"id":168099,"date":"2022-12-21T08:51:04","date_gmt":"2022-12-21T08:51:04","guid":{"rendered":"https:\/\/www.directhealthcaregroup.com\/?page_id=168099"},"modified":"2023-10-27T11:43:37","modified_gmt":"2023-10-27T10:43:37","slug":"forflyttningskunskap","status":"publish","type":"page","link":"https:\/\/www.directhealthcaregroup.com\/sv\/forflyttningskunskap\/","title":{"rendered":"F\u00d6RFLYTTNINGSKUNSKAP"},"content":{"rendered":"\n<p class=\"has-text-align-center\">Vi vill inspirera er med utbildningar d\u00e4r vi fokuserar p\u00e5 \u201dN\u00c4R-VAD-HUR\u201d v\u00e5ra hj\u00e4lpmedel ska anv\u00e4ndas. Att vara l\u00f6sningsorienterad har l\u00e4nge varit v\u00e5rt signum och d\u00e4rf\u00f6r kommer vi \u00e4ven ha med tips och r\u00e5d f\u00f6r de problemst\u00e4llningar vi ofta f\u00e5r fr\u00e5n v\u00e5rdpersonal. N\u00e5gra av v\u00e5ra utbildningar \u00e4r uppdelade i olika steg.<\/p>\n\n\n\n<p class=\"has-text-align-center\"><strong>V\u00e5r serie av webbinarium \u00e4r fria att anv\u00e4nda och dela med sig av inom arbetslaget<\/strong><\/p>\n\n\n\n<div class=\"wp-block-group alignwide\"><div class=\"wp-block-group__inner-container is-layout-flow wp-block-group-is-layout-flow\">\n<div class=\"wp-block-columns alignwide is-layout-flex wp-container-core-columns-is-layout-9d6595d7 wp-block-columns-is-layout-flex\">\n<div class=\"wp-block-column is-layout-flow wp-block-column-is-layout-flow\">\n<p class=\"has-text-align-left\"><strong>POSITIONERING I S\u00c4NG<\/strong>&nbsp;<strong>STEG 1-3<\/strong><\/p>\n\n\n\n<div class=\"wp-block-buttons is-layout-flex wp-block-buttons-is-layout-flex\">\n<div class=\"wp-block-button is-style-outline is-style-outline--1\"><a class=\"wp-block-button__link\" href=\"https:\/\/www.youtube.com\/watch?v=hRBgB2qSE4A\">DHG Positionering i s\u00e4ng 1<\/a><\/div>\n\n\n\n<div class=\"wp-block-button is-style-outline is-style-outline--2\"><a class=\"wp-block-button__link\" href=\"https:\/\/www.youtube.com\/watch?v=nUKvB_OXDiw\">DHG Positionering i s\u00e4ng 2<\/a><\/div>\n\n\n\n<div class=\"wp-block-button is-style-outline is-style-outline--3\"><a class=\"wp-block-button__link\" href=\"https:\/\/www.youtube.com\/watch?v=GpErB-fMU4Y\">DHG Positionering i s\u00e4ng &#8211; Steg 3<\/a><\/div>\n<\/div>\n<\/div>\n\n\n\n<div class=\"wp-block-column is-layout-flow wp-block-column-is-layout-flow\">\n<p class=\"has-text-align-left\"><strong>FR\u00c5N LIGGANDE TILL G\u00c5ENDE STEG 1-3<\/strong><\/p>\n\n\n\n<div class=\"wp-block-buttons is-layout-flex wp-block-buttons-is-layout-flex\">\n<div class=\"wp-block-button is-style-outline is-style-outline--4\"><a class=\"wp-block-button__link\" href=\"https:\/\/www.youtube.com\/watch?v=MEBU52EUbHM\">DHG Fr\u00e5n liggande till g\u00e5ende &#8211; Steg 1<\/a><\/div>\n\n\n\n<div class=\"wp-block-button is-style-outline is-style-outline--5\"><a class=\"wp-block-button__link\" href=\"https:\/\/www.youtube.com\/watch?v=QW9VpwmM0Mk\">DHG Fr\u00e5n liggande till g\u00e5ende &#8211; Steg 2<\/a><\/div>\n\n\n\n<div class=\"wp-block-button is-style-outline is-style-outline--6\"><a class=\"wp-block-button__link\" href=\"https:\/\/youtu.be\/Qp-RfW5UPbk\">DHG Fr\u00e5n liggande till g\u00e5ende &#8211; Steg 3<\/a><\/div>\n<\/div>\n<\/div>\n\n\n\n<div class=\"wp-block-column is-layout-flow wp-block-column-is-layout-flow\">\n<p class=\"has-text-align-left\"><strong>SITTANDE F\u00d6RFLYTTNINGAR<\/strong><\/p>\n\n\n\n<div class=\"wp-block-buttons is-layout-flex wp-block-buttons-is-layout-flex\">\n<div class=\"wp-block-button is-style-outline is-style-outline--7\"><a class=\"wp-block-button__link\" href=\"https:\/\/www.youtube.com\/watch?v=jo51KdkpLRU\">DHG Sittandelagaforflyttningar SV<\/a><\/div>\n<\/div>\n<\/div>\n<\/div>\n<\/div><\/div>\n","protected":false},"excerpt":{"rendered":"<p>Vi vill inspirera er med utbildningar d\u00e4r vi fokuserar p\u00e5 \u201dN\u00c4R-VAD-HUR\u201d v\u00e5ra hj\u00e4lpmedel ska anv\u00e4ndas. Att vara l\u00f6sningsorienterad har l\u00e4nge varit v\u00e5rt signum och d\u00e4rf\u00f6r kommer vi \u00e4ven ha med tips och r\u00e5d f\u00f6r de problemst\u00e4llningar vi ofta f\u00e5r fr\u00e5n v\u00e5rdpersonal. N\u00e5gra av v\u00e5ra utbildningar \u00e4r uppdelade i olika steg. V\u00e5r serie av webbinarium \u00e4r &hellip; <a href=\"https:\/\/www.directhealthcaregroup.com\/sv\/forflyttningskunskap\/\">Continued<\/a><\/p>\n","protected":false},"author":32,"featured_media":0,"parent":0,"menu_order":0,"comment_status":"closed","ping_status":"closed","template":"","meta":{"_acf_changed":false,"footnotes":""},"class_list":["post-168099","page","type-page","status-publish","hentry"],"acf":[],"yoast_head":"<!-- This site is optimized with the Yoast SEO plugin v26.6 - https:\/\/yoast.com\/wordpress\/plugins\/seo\/ -->\n<title>F\u00d6RFLYTTNINGSKUNSKAP | DHG<\/title>\n<meta name=\"robots\" content=\"index, follow, max-snippet:-1, max-image-preview:large, max-video-preview:-1\" \/>\n<link rel=\"canonical\" href=\"https:\/\/www.directhealthcaregroup.com\/sv\/forflyttningskunskap\/\" \/>\n<meta property=\"og:locale\" content=\"sv_SE\" \/>\n<meta property=\"og:type\" content=\"article\" \/>\n<meta property=\"og:title\" content=\"F\u00d6RFLYTTNINGSKUNSKAP | DHG\" \/>\n<meta property=\"og:description\" content=\"Vi vill inspirera er med utbildningar d\u00e4r vi fokuserar p\u00e5 \u201dN\u00c4R-VAD-HUR\u201d v\u00e5ra hj\u00e4lpmedel ska anv\u00e4ndas. Att vara l\u00f6sningsorienterad har l\u00e4nge varit v\u00e5rt signum och d\u00e4rf\u00f6r kommer vi \u00e4ven ha med tips och r\u00e5d f\u00f6r de problemst\u00e4llningar vi ofta f\u00e5r fr\u00e5n v\u00e5rdpersonal. N\u00e5gra av v\u00e5ra utbildningar \u00e4r uppdelade i olika steg. V\u00e5r serie av webbinarium \u00e4r &hellip; Continued\" \/>\n<meta property=\"og:url\" content=\"https:\/\/www.directhealthcaregroup.com\/sv\/forflyttningskunskap\/\" \/>\n<meta property=\"og:site_name\" content=\"DHG\" \/>\n<meta property=\"article:modified_time\" content=\"2023-10-27T10:43:37+00:00\" \/>\n<meta name=\"twitter:card\" content=\"summary_large_image\" \/>\n<meta name=\"twitter:label1\" content=\"Est. reading time\" \/>\n\t<meta name=\"twitter:data1\" content=\"1 minute\" \/>\n<script type=\"application\/ld+json\" class=\"yoast-schema-graph\">{\"@context\":\"https:\/\/schema.org\",\"@graph\":[{\"@type\":\"WebPage\",\"@id\":\"https:\/\/www.directhealthcaregroup.com\/sv\/forflyttningskunskap\/\",\"url\":\"https:\/\/www.directhealthcaregroup.com\/sv\/forflyttningskunskap\/\",\"name\":\"F\u00d6RFLYTTNINGSKUNSKAP | DHG\",\"isPartOf\":{\"@id\":\"https:\/\/www.directhealthcaregroup.com\/#website\"},\"datePublished\":\"2022-12-21T08:51:04+00:00\",\"dateModified\":\"2023-10-27T10:43:37+00:00\",\"breadcrumb\":{\"@id\":\"https:\/\/www.directhealthcaregroup.com\/sv\/forflyttningskunskap\/#breadcrumb\"},\"inLanguage\":\"sv-SE\",\"potentialAction\":[{\"@type\":\"ReadAction\",\"target\":[\"https:\/\/www.directhealthcaregroup.com\/sv\/forflyttningskunskap\/\"]}]},{\"@type\":\"BreadcrumbList\",\"@id\":\"https:\/\/www.directhealthcaregroup.com\/sv\/forflyttningskunskap\/#breadcrumb\",\"itemListElement\":[{\"@type\":\"ListItem\",\"position\":1,\"name\":\"Home\",\"item\":\"https:\/\/www.directhealthcaregroup.com\/sv\/\"},{\"@type\":\"ListItem\",\"position\":2,\"name\":\"F\u00d6RFLYTTNINGSKUNSKAP\"}]},{\"@type\":\"WebSite\",\"@id\":\"https:\/\/www.directhealthcaregroup.com\/#website\",\"url\":\"https:\/\/www.directhealthcaregroup.com\/\",\"name\":\"DHG\",\"description\":\"Moving Health Forward\",\"publisher\":{\"@id\":\"https:\/\/www.directhealthcaregroup.com\/#organization\"},\"potentialAction\":[{\"@type\":\"SearchAction\",\"target\":{\"@type\":\"EntryPoint\",\"urlTemplate\":\"https:\/\/www.directhealthcaregroup.com\/?s={search_term_string}\"},\"query-input\":{\"@type\":\"PropertyValueSpecification\",\"valueRequired\":true,\"valueName\":\"search_term_string\"}}],\"inLanguage\":\"sv-SE\"},{\"@type\":\"Organization\",\"@id\":\"https:\/\/www.directhealthcaregroup.com\/#organization\",\"name\":\"Direct Healthcare Group\",\"url\":\"https:\/\/www.directhealthcaregroup.com\/\",\"logo\":{\"@type\":\"ImageObject\",\"inLanguage\":\"sv-SE\",\"@id\":\"https:\/\/www.directhealthcaregroup.com\/#\/schema\/logo\/image\/\",\"url\":\"https:\/\/directhealthcaregroup.com\/app\/uploads\/dhg-logo.png\",\"contentUrl\":\"https:\/\/directhealthcaregroup.com\/app\/uploads\/dhg-logo.png\",\"width\":556,\"height\":240,\"caption\":\"Direct Healthcare Group\"},\"image\":{\"@id\":\"https:\/\/www.directhealthcaregroup.com\/#\/schema\/logo\/image\/\"}}]}<\/script>\n<!-- \/ Yoast SEO plugin. -->","yoast_head_json":{"title":"F\u00d6RFLYTTNINGSKUNSKAP | DHG","robots":{"index":"index","follow":"follow","max-snippet":"max-snippet:-1","max-image-preview":"max-image-preview:large","max-video-preview":"max-video-preview:-1"},"canonical":"https:\/\/www.directhealthcaregroup.com\/sv\/forflyttningskunskap\/","og_locale":"sv_SE","og_type":"article","og_title":"F\u00d6RFLYTTNINGSKUNSKAP | DHG","og_description":"Vi vill inspirera er med utbildningar d\u00e4r vi fokuserar p\u00e5 \u201dN\u00c4R-VAD-HUR\u201d v\u00e5ra hj\u00e4lpmedel ska anv\u00e4ndas. Att vara l\u00f6sningsorienterad har l\u00e4nge varit v\u00e5rt signum och d\u00e4rf\u00f6r kommer vi \u00e4ven ha med tips och r\u00e5d f\u00f6r de problemst\u00e4llningar vi ofta f\u00e5r fr\u00e5n v\u00e5rdpersonal. N\u00e5gra av v\u00e5ra utbildningar \u00e4r uppdelade i olika steg. V\u00e5r serie av webbinarium \u00e4r &hellip; Continued","og_url":"https:\/\/www.directhealthcaregroup.com\/sv\/forflyttningskunskap\/","og_site_name":"DHG","article_modified_time":"2023-10-27T10:43:37+00:00","twitter_card":"summary_large_image","twitter_misc":{"Est. reading time":"1 minute"},"schema":{"@context":"https:\/\/schema.org","@graph":[{"@type":"WebPage","@id":"https:\/\/www.directhealthcaregroup.com\/sv\/forflyttningskunskap\/","url":"https:\/\/www.directhealthcaregroup.com\/sv\/forflyttningskunskap\/","name":"F\u00d6RFLYTTNINGSKUNSKAP | DHG","isPartOf":{"@id":"https:\/\/www.directhealthcaregroup.com\/#website"},"datePublished":"2022-12-21T08:51:04+00:00","dateModified":"2023-10-27T10:43:37+00:00","breadcrumb":{"@id":"https:\/\/www.directhealthcaregroup.com\/sv\/forflyttningskunskap\/#breadcrumb"},"inLanguage":"sv-SE","potentialAction":[{"@type":"ReadAction","target":["https:\/\/www.directhealthcaregroup.com\/sv\/forflyttningskunskap\/"]}]},{"@type":"BreadcrumbList","@id":"https:\/\/www.directhealthcaregroup.com\/sv\/forflyttningskunskap\/#breadcrumb","itemListElement":[{"@type":"ListItem","position":1,"name":"Home","item":"https:\/\/www.directhealthcaregroup.com\/sv\/"},{"@type":"ListItem","position":2,"name":"F\u00d6RFLYTTNINGSKUNSKAP"}]},{"@type":"WebSite","@id":"https:\/\/www.directhealthcaregroup.com\/#website","url":"https:\/\/www.directhealthcaregroup.com\/","name":"DHG","description":"Moving Health Forward","publisher":{"@id":"https:\/\/www.directhealthcaregroup.com\/#organization"},"potentialAction":[{"@type":"SearchAction","target":{"@type":"EntryPoint","urlTemplate":"https:\/\/www.directhealthcaregroup.com\/?s={search_term_string}"},"query-input":{"@type":"PropertyValueSpecification","valueRequired":true,"valueName":"search_term_string"}}],"inLanguage":"sv-SE"},{"@type":"Organization","@id":"https:\/\/www.directhealthcaregroup.com\/#organization","name":"Direct Healthcare Group","url":"https:\/\/www.directhealthcaregroup.com\/","logo":{"@type":"ImageObject","inLanguage":"sv-SE","@id":"https:\/\/www.directhealthcaregroup.com\/#\/schema\/logo\/image\/","url":"https:\/\/directhealthcaregroup.com\/app\/uploads\/dhg-logo.png","contentUrl":"https:\/\/directhealthcaregroup.com\/app\/uploads\/dhg-logo.png","width":556,"height":240,"caption":"Direct Healthcare Group"},"image":{"@id":"https:\/\/www.directhealthcaregroup.com\/#\/schema\/logo\/image\/"}}]}},"_links":{"self":[{"href":"https:\/\/www.directhealthcaregroup.com\/sv\/wp-json\/wp\/v2\/pages\/168099","targetHints":{"allow":["GET"]}}],"collection":[{"href":"https:\/\/www.directhealthcaregroup.com\/sv\/wp-json\/wp\/v2\/pages"}],"about":[{"href":"https:\/\/www.directhealthcaregroup.com\/sv\/wp-json\/wp\/v2\/types\/page"}],"author":[{"embeddable":true,"href":"https:\/\/www.directhealthcaregroup.com\/sv\/wp-json\/wp\/v2\/users\/32"}],"replies":[{"embeddable":true,"href":"https:\/\/www.directhealthcaregroup.com\/sv\/wp-json\/wp\/v2\/comments?post=168099"}],"version-history":[{"count":22,"href":"https:\/\/www.directhealthcaregroup.com\/sv\/wp-json\/wp\/v2\/pages\/168099\/revisions"}],"predecessor-version":[{"id":192393,"href":"https:\/\/www.directhealthcaregroup.com\/sv\/wp-json\/wp\/v2\/pages\/168099\/revisions\/192393"}],"wp:attachment":[{"href":"https:\/\/www.directhealthcaregroup.com\/sv\/wp-json\/wp\/v2\/media?parent=168099"}],"curies":[{"name":"wp","href":"https:\/\/api.w.org\/{rel}","templated":true}]}}