{"id":185903,"date":"2023-06-15T12:56:00","date_gmt":"2023-06-15T11:56:00","guid":{"rendered":"https:\/\/www.directhealthcaregroup.com\/?page_id=185903"},"modified":"2024-01-11T13:33:26","modified_gmt":"2024-01-11T13:33:26","slug":"se-procleantm","status":"publish","type":"page","link":"https:\/\/www.directhealthcaregroup.com\/sv\/se-procleantm\/","title":{"rendered":"SE &#8211; ProCleanTM"},"content":{"rendered":"\n\n<style>\n\n\n.rental-container {\n  display: flex;\n  flex-wrap: wrap;\n  text-align: center;\n}\n\n.rental-container h3,.rental-container h4, .rental h4 {\n\tfont-family:'acumin-pro-extra-condensed';font-weight:700;margin-top:-.2em}\n\n\n}  \n\n .rental-container p.brodtext{\n  font-family:arial, sans-serif!important;font-weight: normal;line-height: 120%;margin-top:50px!important;display: block;}\n}\n\n.rental-hero-container{\n\ttext-align: center!important;\n\tbackground-color: #9cd4d6;\n\tmargin: 0px;\n\tpadding: 100px 0px!important;\n\tbox-sizing: border-box;\n\t\n}\n\n.rental-container .rental-item-three img.imagewidth {\ndisplay: inline-block;\n\n}\n\n.rental-item-left {\n  padding: 10% 0px  0px 15%;\n  flex: 50%;\n  text-align: left;\n}\n\n.rental-item-right {\n  padding: 10px;\n  flex: 50%;\n}\n\n.contactspace{margin:0px auto;width100%;max-width:700px!important;}\n\n.rental-item-three {\n  background-color: #f7f7f7;\n  padding: 20px 40px 20px 40px;\n  flex: 33%;\n}\n\n.rental-item-full {\n  background-color: #f7f7f7;\n  padding: 20px 40px 20px 40px;\n  flex:100%;\n  max-width: 800px;\n  margin: 0px auto;\n}\n\n.rental-item-four {\n  background-color: #fff;\n  padding: 40px 20px 40px 20px;\n  flex: 25%;\n}\n\n\n\/* Responsive layout - makes a one column-layout instead of a two-column layout *\/\n@media (max-width: 800px) {\n  .rental-item-right, .rental-item-left, .rental-item-three,.rental-item-four  {\n    flex: 100%;\n  }\n  .rental-item-left {\n  padding: 10% 5%  10% 5%;\n  flex: 100%;\n  text-align: center!important;\n}\n}\n\n\/* ENABLE FULL WIDTH *\/ \n\n.page-intro {\n    display: none;\n}\n.background--white.pt-5.pb-4 {\n    width: 100%!important;\n    max-width: none;\n    padding: 0px!important;\n}\n\n@media (min-width: 1200px){\n.background--white .container {\n    max-width: none!important;\n    padding: 0px!important;\n}\n}\n\n.wp-block-columns {\n    max-width: 800px!important;\n    margin: 0px auto;\n    padding: 20px;\n}\n<\/style>\n\n\n<div class=\"rental-hero-container\" style=\"text-align: center;background-color: #9cd4d6;\tpadding: 100px 20px!important;background-image: url('https:\/\/www.directhealthcaregroup.com\/app\/uploads\/DHG-HERO-PROCLEAN.jpg');background-size: cover;background-position: center center;\">\n\t<img decoding=\"async\" src=\"https:\/\/www.directhealthcaregroup.com\/app\/uploads\/Pro-Clean-Transp.png\" class=\"imagewidth\" class=\"imagewidth\" style=\"width: 100%;max-width: 360px!important;\">\n<h1 class=\"heading-thick\" style=\"font-size: 4rem;\">Reng\u00f6ring och dekontaminering<\/h1><br>\n<h3 style=\"max-width: 800px;margin: 0px auto;\">Orena, smutsiga produkter f\u00f6rs\u00e4mrar v\u00e5rdkvaliten och kan \u00e4ventyra patienter och v\u00e5rdpersonalens h\u00e4lsa.\nDessutom kan smutsiga produker p\u00e5verka produktens livsl\u00e4ngd. P\u00e5 grund av arbetsbelastningen hinner v\u00e5rdpersonalen inte alltid med att reng\u00f6ra som \u00f6nskat. Det \u00e4r h\u00e4r som v\u00e5r reng\u00f6rings- och dekontamineringstj\u00e4nst kommer in.<\/h3>\n<\/div>\n\n<div class=\"rental-container\" style=\"  background-color: #fff;padding-top:3%;padding-bottom: 3%;\">\n  <div class=\"rental-item-left\" style=\"text-align: left;\"><h3 style=\"font-size: 3rem;color: #9cd4d6;\">F\u00f6rdelar med reng\u00f6ring och dekontaminering med DHG:<\/h3>\n  \t\t<ul style=\"margin-top: 40px;margin-bottom: 40px;\">\n\t  \t\t<li><h4 style=\"font-size: 1.5rem;\">Minskar risken f\u00f6r korskontaminering. Bidrar till h\u00f6gre v\u00e5rdkvalitet.<\/h4><\/li>\n\t  \t\t<li><h4 style=\"font-size: 1.5rem;\">Arbeta s\u00e4krare och effektivare med rena produkter.<\/h4><\/li>\n\t  \t\t<li><h4 style=\"font-size: 1.5rem;\">V\u00e4sentlig f\u00f6rl\u00e4ngning av hj\u00e4lpmedlets livsl\u00e4ngd.<\/h4><\/li>\n\t  \t\t<li><h4 style=\"font-size: 1.5rem;\">Avlastar v\u00e5rdpersonalen fr\u00e5n reng\u00f6ring, vilket ger mer tid till patientn\u00e4ra v\u00e5rd.<\/h4><\/li>\n\t  \t\t<li><h4 style=\"font-size: 1.5rem;\">En effektiv och s\u00e4ker reng\u00f6ringsprocess som minimerar st\u00f6rningar i v\u00e5rdprocesser.<\/h4><\/li>\n\n  \t\t<\/ul>\n\n\n  <\/div>\n  <div class=\"rental-item-right\" style=\"padding: 0px;\"><img decoding=\"async\" src=\"https:\/\/www.directhealthcaregroup.com\/app\/uploads\/PRO-CLEAN-INFO-PICTURE.jpg\" style=\"width: 100%;max-width: 500px!important;\"><\/div>\n<\/div>\n\n\n\n<div class=\"rental-container\" style=\"padding:5% 2%;background-color: #f7f7f7;\">\n  <div class=\"rental-item-full\">\n\t<img decoding=\"async\" src=\"https:\/\/www.directhealthcaregroup.com\/app\/uploads\/Pro-Clean-Transp.png\" class=\"imagewidth\" class=\"imagewidth\" style=\"width: 100%;max-width: 260px!important;\">\n\t  <br>\n\t  <h3 style=\"font-size: 2rem;\">Reng\u00f6ring &#038; Dekontaminering<\/h3>\n\t  <p>Med v\u00e5r ProCleanTM &#8211; tj\u00e4nst, samlas produkterna in och desinficeras i DHG:s lokaler.\nP\u00e5 v\u00e5ra anl\u00e4ggningar har vi en reng\u00f6ringsprocess med fastst\u00e4llda dekontamineringsrutiner s\u00e5 att vi kan garantera kvaliteten p\u00e5 tj\u00e4nsten.<\/p>\n\n\t  <p class=\"brodtext\">F\u00f6r att kunna f\u00f6rs\u00e4kra dig om korrekt desinficerade hj\u00e4lpmedel har vi fastst\u00e4llt v\u00e5r arbetsprocess. Detta inkluderar fr\u00e5gor som ber\u00f6r hygienaspekter, f\u00f6rebyggande av korskontaminering, f\u00f6rfaranden f\u00f6r intag av kontaminerade produkter, transport av anv\u00e4nda produkter samt reng\u00f6rings- och dekontaminerings- f\u00f6rfaranden.\n<\/p>\n\n\n\t  <p class=\"brodtext\">Vi kontrollerar ocks\u00e5 v\u00e5r dekontamineringsprocess med hj\u00e4lp av ATP-testet. Adenosintrifosfat (ATP) \u00e4r ett enzym som finns i alla levande celler. Ett ATP \u00f6vervakningssystemet kan detektera m\u00e4ngden organiskt material som l\u00e4mnas kvar efter reng\u00f6ring av en milj\u00f6yta eller medicinsk utrustning. DHG anv\u00e4nder ett ATP-baserat system f\u00f6r \u00f6vervakning av sanit\u00e4ra f\u00f6rh\u00e5llanden vid alla uthyrnings- och servicedep\u00e5er. Detta g\u00f6r det m\u00f6jligt f\u00f6r oss att \u00f6vervaka effektiviteten av reng\u00f6rings- och desinfektionsinsatser. M\u00e4ngden och platsen f\u00f6r ATP som uppt\u00e4cks ger information om omr\u00e5den som kan beh\u00f6va reng\u00f6ras p\u00e5 nytt och om DHG:s reng\u00f6ringsprotokoll kan beh\u00f6va f\u00f6rb\u00e4ttras.<\/p>\n  <\/div>\n<\/div>\n\n\n<div class=\"rental-hero-container\" style=\"text-align: center;background-color: #fff;padding: 220px 20px!important;background-image: url('https:\/\/www.directhealthcaregroup.com\/app\/uploads\/DHG-DIVIDER-SECTION.jpg');background-size: cover;background-position: center center;\">\n<h2 class=\"heading-thick\" style=\"font-size: 4rem;\">Uppt\u00e4ck f\u00f6rdelarna med DHG <span style=\"color:#fff;\">Pro<\/span>Services&trade;<\/h2>\n<\/div>\n\n<div class=\"rental-container\" style=\"padding:0% 0%;\">\n\t  <div class=\"rental-item-three\" style=\"background-color:#9cd4d6;text-align: left!important;padding: 40px 20px;\"><h4 style=\"font-size: 1.8rem;\">F\u00f6rdelar med reng\u00f6ring och dekontaminering med DHG:<\/h4>\n\t  <br>\n\t  <ul>\n\t\t  <li>Minskar risken f\u00f6r korskontaminering. Bidrar till h\u00f6gre v\u00e5rdkvalitet.<\/li>\n\t\t  <li>Arbeta s\u00e4krare och effektivare med rena produkter.<\/li>\n\t\t  <li>V\u00e4sentlig f\u00f6rl\u00e4ngning av hj\u00e4lpmedlets livsl\u00e4ngd.<\/li>\n\t\t  <li>Avlastar v\u00e5rdpersonalen fr\u00e5n reng\u00f6ring, vilket ger mer tid till patientn\u00e4ra v\u00e5rd<\/li>.\n\t\t  <li>En effektiv och s\u00e4ker reng\u00f6ringsprocess som minimerar st\u00f6rningar i v\u00e5rdprocesser.<\/li>\n\t  <\/ul>\n\t  <\/div>\n\t  <div class=\"rental-item-three\" style=\"background-color:#f7f7f7;text-align: left!important;padding: 40px 20px;\"><h4 style=\"font-size: 1.8rem;\">F\u00f6rdelar med att hyra hj\u00e4lpmedel:<\/h4><br>\n\t\t  <ul>\n\t\t\t  <li>Flexibilitet, finns d\u00e4r n\u00e4r det beh\u00f6vs.<\/li>\n\t\t\t  <li>Garanterad kvalitet med rengjorda\/ dekontaminerade, kompletta och fungerande produkter.<\/li>\n\t\t\t  <li>Inga initiala investeringar kr\u00e4vs och ingen avskrivningsavgift tillkommer.<\/li>\n\t\t\t  <li>Inget\/mindre lagringsutrymme kr\u00e4vs och d\u00e4rmed l\u00e4gre lagringskostnader.<\/li>\n\t\t\t  <li>Ni slipper kostnader f\u00f6r underh\u00e5ll, reparationer och f\u00f6rs\u00e4kringar.<\/li>\n\t\t  <\/ul>\n\t  <\/div>\t\n\t  \n\t  <div class=\"rental-item-three\"  style=\"background-color:#9cd4d6;text-align: left!important;padding: 40px 20px;\">\n\t\t  <h4 style=\"font-size: 1.8rem;\">F\u00f6rdelarna med ProServe, r\u00e4tt underh\u00e5ll bidrar till:<\/h4><br>\n\t\t  <ul>\n\t\t\t  <li>F\u00f6rb\u00e4ttrad s\u00e4kerhet.<\/li>\n\t\t\t  <li>\u00d6kad livsl\u00e4ngd f\u00f6r produkter.<\/li>\n\t\t\t  <li>F\u00e4rre fel och driftstopp.<\/li>\n\t\t\t  <li>Mindre st\u00f6rningar under v\u00e5rdprocessen.<\/li>\n\t\t\t  <li>Sparar v\u00e4rdefull tid f\u00f6r v\u00e5rdpersonalen.<\/li>\n\t\t\t  <li>H\u00f6gre kvalitetsupplevelse f\u00f6r v\u00e5rdtagaren.<\/li>\n\t\t\t  <li>B\u00e4ttre arbetsmilj\u00f6 och upplevelse f\u00f6r v\u00e5rdgivaren.<\/li>\n\t\t\t  <li>En mer h\u00e5llbar och kostnadseffektiv resurspolitik.<\/li>\n\t\t  <\/ul>\n\t  <\/div>\t\n<\/div>\n\n<div class=\"rental\" style=\"padding:5% 5%;text-align: center;\">\n\n<h4 style=\"color:#38b6ac;font-size: 4rem;\">\u00c4r du nyfiken p\u00e5 vad DHG Pro<span style=\"color:#222!important;\">Services<\/span>&trade; kan g\u00f6ra f\u00f6r din organisation?<\/h4>\n<br>\n<p>Kontakta oss g\u00e4rna. Detta kan g\u00f6ras via formul\u00e4ret nedan, eller via telefon &amp; email.<\/p>\n<p>\u00d6ppettider: m\u00e5ndag-fredag 08.00-16.30<br>\n<br<\nKontakta kundservice p\u00e5:\n<br>\nT: 08-557 62 200<br>\nF: 08-557 62 299<br>\n<a href=\"mailto:info.se@directhealthcaregroup.com\">info.se@directhealthcaregroup.com<\/a><br>\n<\/p>\n<p>F\u00f6r order:<br>\n<a href=\"mailto:order.se@directhealthcaregroup.com\">order.se@directhealthcaregroup.com<\/a>\n<\/p>\n<\/div>\n\n\n\n<div class=\"wp-block-columns is-layout-flex wp-container-core-columns-is-layout-9d6595d7 wp-block-columns-is-layout-flex\">\n<div class=\"wp-block-column is-layout-flow wp-block-column-is-layout-flow\" style=\"flex-basis:100%\"><form method=\"post\" enctype=\"multipart\/form-data\" id=\"vfbp-form-66\" class=\"vfbp-form\"><div style=\"display:none;\"><label for=\"vfbp-EMAIL-AN8fuQyoDLXem\">If you are human, leave this field blank.<\/label><input size=\"25\" autocomplete=\"off\" type=\"text\" name=\"vfbp-EMAIL-AN8fuQyoDLXem\" value=\"\" id=\"\"><\/div><input type=\"hidden\" name=\"_vfb-timestamp-66\" value=\"1775935335\" id=\"\"><input type=\"hidden\" name=\"_vfb-form-id\" value=\"66\" id=\"\"><div class=\"vfb-form-group vfb-col-12\"><div><div class=\"\">ProServices Kontaktformul\u00e4r<\/div><\/div><\/div><div class=\"vfb-col-12 vfb-fieldType-heading\" id=\"vfbField693\"><\/div><div class=\"vfb-clearfix\"><\/div><div class=\"vfb-col-12 vfb-fieldType-name\" id=\"vfbField688\"><div class=\"vfb-form-group\"><label for=\"vfb-field-688\" class=\"vfb-control-label\">Namn <span class=\"vfb-required-asterisk\">*<\/span><\/label><div class=\"vfb-name-block\"><div class=\"vfb-form-group\"><div class=\"vfb-col-6\"><input id=\"vfb-field-688-first\" class=\"vfb-form-control vfb-namepart-first\" placeholder=\"First\" required=\"required\" type=\"text\" name=\"vfb-field-688[first]\"><\/div><\/div><div class=\"vfb-form-group\"><div class=\"vfb-col-6\"><input id=\"vfb-field-688-last\" class=\"vfb-form-control vfb-namepart-last\" placeholder=\"Last\" required=\"required\" type=\"text\" name=\"vfb-field-688[last]\"><\/div><\/div><\/div><\/div><\/div><div class=\"vfb-clearfix\"><\/div><div class=\"vfb-col-12 vfb-fieldType-email\" id=\"vfbField689\"><div class=\"vfb-form-group\"><label for=\"vfb-field-689\" class=\"vfb-control-label\">E-post <span class=\"vfb-required-asterisk\">*<\/span><\/label><div><input id=\"vfb-field-689\" class=\"vfb-form-control\" placeholder=\"\" required=\"required\" type=\"email\" name=\"vfb-field-689\" value=\"\"><\/div><\/div><\/div><div class=\"vfb-clearfix\"><\/div><div class=\"vfb-col-12 vfb-fieldType-phone\" id=\"vfbField691\"><div class=\"vfb-form-group\"><label for=\"vfb-field-691\" class=\"vfb-control-label\">Telefon<\/label><div><input id=\"vfb-field-691\" class=\"vfb-form-control vfb-intl-phone\" placeholder=\"\" data-default-country=\"se\" type=\"tel\" name=\"vfb-field-691\" value=\"\"><\/div><\/div><\/div><div class=\"vfb-clearfix\"><\/div><div class=\"vfb-col-12 vfb-fieldType-text\" id=\"vfbField692\"><div class=\"vfb-form-group\"><label for=\"vfb-field-692\" class=\"vfb-control-label\">Organisation <span class=\"vfb-required-asterisk\">*<\/span><\/label><div><input id=\"vfb-field-692\" class=\"vfb-form-control\" placeholder=\"\" required=\"required\" type=\"text\" name=\"vfb-field-692\" value=\"\"><\/div><\/div><\/div><div class=\"vfb-clearfix\"><\/div><div class=\"vfb-col-12 vfb-fieldType-text\" id=\"vfbField694\"><div class=\"vfb-form-group\"><label for=\"vfb-field-694\" class=\"vfb-control-label\">Funktion<\/label><div><input id=\"vfb-field-694\" class=\"vfb-form-control\" placeholder=\"\" type=\"text\" name=\"vfb-field-694\" value=\"\"><\/div><\/div><\/div><div class=\"vfb-clearfix\"><\/div><div class=\"vfb-col-12 vfb-fieldType-textarea\" id=\"vfbField695\"><div class=\"vfb-form-group\"><label for=\"vfb-field-695\" class=\"vfb-control-label\">Beskriv din f\u00f6rfr\u00e5gan <span class=\"vfb-required-asterisk\">*<\/span><\/label><div><textarea id=\"vfb-field-695\" class=\"vfb-form-control\" placeholder=\"\" required=\"required\" rows=\"10\" name=\"vfb-field-695\" cols=\"50\"><\/textarea><\/div><\/div><\/div><div class=\"vfb-clearfix\"><\/div><div class=\"vfb-col-12 vfb-fieldType-captcha\" id=\"vfbField696\"><div class=\"vfb-form-group\"><label for=\"vfb-field-696\" class=\"vfb-control-label\">Captcha <span class=\"vfb-required-asterisk\">*<\/span><\/label><div><div class=\"g-recaptcha\" data-sitekey=\"6Lfc0kAUAAAAAOgERC8Nz_WDk04iHzeuBoPDPe7i\"><\/div><input type=\"hidden\" name=\"_vfb_recaptcha_enabled\" value=\"1\" id=\"\"><div class=\"vfb-has-error\" id=\"vfb-recaptcha-error\"><span class=\"vfb-help-block\">reCAPTCHA kr\u00e4vs.<\/span><\/div><\/div><\/div><\/div><div class=\"vfb-clearfix\"><\/div><div class=\"vfb-col-12 vfb-fieldType-submit\" id=\"vfbField697\"><button id=\"vfb-field-697\" class=\" btn btn-primary\" placeholder=\"\" type=\"submit\" name=\"_vfb-submit\">Skicka<\/button><\/div><div class=\"vfb-clearfix\"><\/div><\/form>\n<\/div>\n\n\n\n<div class=\"wp-block-column is-layout-flow wp-block-column-is-layout-flow\"><\/div>\n<\/div>\n","protected":false},"excerpt":{"rendered":"<p>Reng\u00f6ring och dekontaminering Orena, smutsiga produkter f\u00f6rs\u00e4mrar v\u00e5rdkvaliten och kan \u00e4ventyra patienter och v\u00e5rdpersonalens h\u00e4lsa. Dessutom kan smutsiga produker p\u00e5verka produktens livsl\u00e4ngd. P\u00e5 grund av arbetsbelastningen hinner v\u00e5rdpersonalen inte alltid med att reng\u00f6ra som \u00f6nskat. Det \u00e4r h\u00e4r som v\u00e5r reng\u00f6rings- och dekontamineringstj\u00e4nst kommer in. F\u00f6rdelar med reng\u00f6ring och dekontaminering med DHG: Minskar risken f\u00f6r &hellip; <a href=\"https:\/\/www.directhealthcaregroup.com\/sv\/se-procleantm\/\">Continued<\/a><\/p>\n","protected":false},"author":57,"featured_media":0,"parent":0,"menu_order":0,"comment_status":"closed","ping_status":"closed","template":"","meta":{"_acf_changed":false,"footnotes":""},"class_list":["post-185903","page","type-page","status-publish","hentry"],"acf":[],"yoast_head":"<!-- This site is optimized with the Yoast SEO plugin v26.6 - https:\/\/yoast.com\/wordpress\/plugins\/seo\/ -->\n<title>SE - ProCleanTM | DHG<\/title>\n<meta name=\"robots\" content=\"index, follow, max-snippet:-1, max-image-preview:large, max-video-preview:-1\" \/>\n<link rel=\"canonical\" href=\"https:\/\/www.directhealthcaregroup.com\/sv\/se-procleantm\/\" \/>\n<meta property=\"og:locale\" content=\"sv_SE\" \/>\n<meta property=\"og:type\" content=\"article\" \/>\n<meta property=\"og:title\" content=\"SE - ProCleanTM | DHG\" \/>\n<meta property=\"og:description\" content=\"Reng\u00f6ring och dekontaminering Orena, smutsiga produkter f\u00f6rs\u00e4mrar v\u00e5rdkvaliten och kan \u00e4ventyra patienter och v\u00e5rdpersonalens h\u00e4lsa. Dessutom kan smutsiga produker p\u00e5verka produktens livsl\u00e4ngd. P\u00e5 grund av arbetsbelastningen hinner v\u00e5rdpersonalen inte alltid med att reng\u00f6ra som \u00f6nskat. Det \u00e4r h\u00e4r som v\u00e5r reng\u00f6rings- och dekontamineringstj\u00e4nst kommer in. F\u00f6rdelar med reng\u00f6ring och dekontaminering med DHG: Minskar risken f\u00f6r &hellip; Continued\" \/>\n<meta property=\"og:url\" content=\"https:\/\/www.directhealthcaregroup.com\/sv\/se-procleantm\/\" \/>\n<meta property=\"og:site_name\" content=\"DHG\" \/>\n<meta property=\"article:modified_time\" content=\"2024-01-11T13:33:26+00:00\" \/>\n<meta property=\"og:image\" content=\"https:\/\/www.directhealthcaregroup.com\/app\/uploads\/Pro-Clean-Transp.png\" \/>\n<meta name=\"twitter:card\" content=\"summary_large_image\" \/>\n<meta name=\"twitter:label1\" content=\"Est. reading time\" \/>\n\t<meta name=\"twitter:data1\" content=\"3 minutes\" \/>\n<script type=\"application\/ld+json\" class=\"yoast-schema-graph\">{\"@context\":\"https:\/\/schema.org\",\"@graph\":[{\"@type\":\"WebPage\",\"@id\":\"https:\/\/www.directhealthcaregroup.com\/sv\/se-procleantm\/\",\"url\":\"https:\/\/www.directhealthcaregroup.com\/sv\/se-procleantm\/\",\"name\":\"SE - ProCleanTM | DHG\",\"isPartOf\":{\"@id\":\"https:\/\/www.directhealthcaregroup.com\/#website\"},\"primaryImageOfPage\":{\"@id\":\"https:\/\/www.directhealthcaregroup.com\/sv\/se-procleantm\/#primaryimage\"},\"image\":{\"@id\":\"https:\/\/www.directhealthcaregroup.com\/sv\/se-procleantm\/#primaryimage\"},\"thumbnailUrl\":\"https:\/\/www.directhealthcaregroup.com\/app\/uploads\/Pro-Clean-Transp.png\",\"datePublished\":\"2023-06-15T11:56:00+00:00\",\"dateModified\":\"2024-01-11T13:33:26+00:00\",\"breadcrumb\":{\"@id\":\"https:\/\/www.directhealthcaregroup.com\/sv\/se-procleantm\/#breadcrumb\"},\"inLanguage\":\"sv-SE\",\"potentialAction\":[{\"@type\":\"ReadAction\",\"target\":[\"https:\/\/www.directhealthcaregroup.com\/sv\/se-procleantm\/\"]}]},{\"@type\":\"ImageObject\",\"inLanguage\":\"sv-SE\",\"@id\":\"https:\/\/www.directhealthcaregroup.com\/sv\/se-procleantm\/#primaryimage\",\"url\":\"https:\/\/www.directhealthcaregroup.com\/app\/uploads\/Pro-Clean-Transp.png\",\"contentUrl\":\"https:\/\/www.directhealthcaregroup.com\/app\/uploads\/Pro-Clean-Transp.png\"},{\"@type\":\"BreadcrumbList\",\"@id\":\"https:\/\/www.directhealthcaregroup.com\/sv\/se-procleantm\/#breadcrumb\",\"itemListElement\":[{\"@type\":\"ListItem\",\"position\":1,\"name\":\"Home\",\"item\":\"https:\/\/www.directhealthcaregroup.com\/sv\/\"},{\"@type\":\"ListItem\",\"position\":2,\"name\":\"SE &#8211; ProCleanTM\"}]},{\"@type\":\"WebSite\",\"@id\":\"https:\/\/www.directhealthcaregroup.com\/#website\",\"url\":\"https:\/\/www.directhealthcaregroup.com\/\",\"name\":\"DHG\",\"description\":\"Moving Health Forward\",\"publisher\":{\"@id\":\"https:\/\/www.directhealthcaregroup.com\/#organization\"},\"potentialAction\":[{\"@type\":\"SearchAction\",\"target\":{\"@type\":\"EntryPoint\",\"urlTemplate\":\"https:\/\/www.directhealthcaregroup.com\/?s={search_term_string}\"},\"query-input\":{\"@type\":\"PropertyValueSpecification\",\"valueRequired\":true,\"valueName\":\"search_term_string\"}}],\"inLanguage\":\"sv-SE\"},{\"@type\":\"Organization\",\"@id\":\"https:\/\/www.directhealthcaregroup.com\/#organization\",\"name\":\"Direct Healthcare Group\",\"url\":\"https:\/\/www.directhealthcaregroup.com\/\",\"logo\":{\"@type\":\"ImageObject\",\"inLanguage\":\"sv-SE\",\"@id\":\"https:\/\/www.directhealthcaregroup.com\/#\/schema\/logo\/image\/\",\"url\":\"https:\/\/directhealthcaregroup.com\/app\/uploads\/dhg-logo.png\",\"contentUrl\":\"https:\/\/directhealthcaregroup.com\/app\/uploads\/dhg-logo.png\",\"width\":556,\"height\":240,\"caption\":\"Direct Healthcare Group\"},\"image\":{\"@id\":\"https:\/\/www.directhealthcaregroup.com\/#\/schema\/logo\/image\/\"}}]}<\/script>\n<!-- \/ Yoast SEO plugin. -->","yoast_head_json":{"title":"SE - ProCleanTM | DHG","robots":{"index":"index","follow":"follow","max-snippet":"max-snippet:-1","max-image-preview":"max-image-preview:large","max-video-preview":"max-video-preview:-1"},"canonical":"https:\/\/www.directhealthcaregroup.com\/sv\/se-procleantm\/","og_locale":"sv_SE","og_type":"article","og_title":"SE - ProCleanTM | DHG","og_description":"Reng\u00f6ring och dekontaminering Orena, smutsiga produkter f\u00f6rs\u00e4mrar v\u00e5rdkvaliten och kan \u00e4ventyra patienter och v\u00e5rdpersonalens h\u00e4lsa. Dessutom kan smutsiga produker p\u00e5verka produktens livsl\u00e4ngd. P\u00e5 grund av arbetsbelastningen hinner v\u00e5rdpersonalen inte alltid med att reng\u00f6ra som \u00f6nskat. Det \u00e4r h\u00e4r som v\u00e5r reng\u00f6rings- och dekontamineringstj\u00e4nst kommer in. F\u00f6rdelar med reng\u00f6ring och dekontaminering med DHG: Minskar risken f\u00f6r &hellip; Continued","og_url":"https:\/\/www.directhealthcaregroup.com\/sv\/se-procleantm\/","og_site_name":"DHG","article_modified_time":"2024-01-11T13:33:26+00:00","og_image":[{"url":"https:\/\/www.directhealthcaregroup.com\/app\/uploads\/Pro-Clean-Transp.png","type":"","width":"","height":""}],"twitter_card":"summary_large_image","twitter_misc":{"Est. reading time":"3 minutes"},"schema":{"@context":"https:\/\/schema.org","@graph":[{"@type":"WebPage","@id":"https:\/\/www.directhealthcaregroup.com\/sv\/se-procleantm\/","url":"https:\/\/www.directhealthcaregroup.com\/sv\/se-procleantm\/","name":"SE - ProCleanTM | DHG","isPartOf":{"@id":"https:\/\/www.directhealthcaregroup.com\/#website"},"primaryImageOfPage":{"@id":"https:\/\/www.directhealthcaregroup.com\/sv\/se-procleantm\/#primaryimage"},"image":{"@id":"https:\/\/www.directhealthcaregroup.com\/sv\/se-procleantm\/#primaryimage"},"thumbnailUrl":"https:\/\/www.directhealthcaregroup.com\/app\/uploads\/Pro-Clean-Transp.png","datePublished":"2023-06-15T11:56:00+00:00","dateModified":"2024-01-11T13:33:26+00:00","breadcrumb":{"@id":"https:\/\/www.directhealthcaregroup.com\/sv\/se-procleantm\/#breadcrumb"},"inLanguage":"sv-SE","potentialAction":[{"@type":"ReadAction","target":["https:\/\/www.directhealthcaregroup.com\/sv\/se-procleantm\/"]}]},{"@type":"ImageObject","inLanguage":"sv-SE","@id":"https:\/\/www.directhealthcaregroup.com\/sv\/se-procleantm\/#primaryimage","url":"https:\/\/www.directhealthcaregroup.com\/app\/uploads\/Pro-Clean-Transp.png","contentUrl":"https:\/\/www.directhealthcaregroup.com\/app\/uploads\/Pro-Clean-Transp.png"},{"@type":"BreadcrumbList","@id":"https:\/\/www.directhealthcaregroup.com\/sv\/se-procleantm\/#breadcrumb","itemListElement":[{"@type":"ListItem","position":1,"name":"Home","item":"https:\/\/www.directhealthcaregroup.com\/sv\/"},{"@type":"ListItem","position":2,"name":"SE &#8211; ProCleanTM"}]},{"@type":"WebSite","@id":"https:\/\/www.directhealthcaregroup.com\/#website","url":"https:\/\/www.directhealthcaregroup.com\/","name":"DHG","description":"Moving Health Forward","publisher":{"@id":"https:\/\/www.directhealthcaregroup.com\/#organization"},"potentialAction":[{"@type":"SearchAction","target":{"@type":"EntryPoint","urlTemplate":"https:\/\/www.directhealthcaregroup.com\/?s={search_term_string}"},"query-input":{"@type":"PropertyValueSpecification","valueRequired":true,"valueName":"search_term_string"}}],"inLanguage":"sv-SE"},{"@type":"Organization","@id":"https:\/\/www.directhealthcaregroup.com\/#organization","name":"Direct Healthcare Group","url":"https:\/\/www.directhealthcaregroup.com\/","logo":{"@type":"ImageObject","inLanguage":"sv-SE","@id":"https:\/\/www.directhealthcaregroup.com\/#\/schema\/logo\/image\/","url":"https:\/\/directhealthcaregroup.com\/app\/uploads\/dhg-logo.png","contentUrl":"https:\/\/directhealthcaregroup.com\/app\/uploads\/dhg-logo.png","width":556,"height":240,"caption":"Direct Healthcare Group"},"image":{"@id":"https:\/\/www.directhealthcaregroup.com\/#\/schema\/logo\/image\/"}}]}},"_links":{"self":[{"href":"https:\/\/www.directhealthcaregroup.com\/sv\/wp-json\/wp\/v2\/pages\/185903","targetHints":{"allow":["GET"]}}],"collection":[{"href":"https:\/\/www.directhealthcaregroup.com\/sv\/wp-json\/wp\/v2\/pages"}],"about":[{"href":"https:\/\/www.directhealthcaregroup.com\/sv\/wp-json\/wp\/v2\/types\/page"}],"author":[{"embeddable":true,"href":"https:\/\/www.directhealthcaregroup.com\/sv\/wp-json\/wp\/v2\/users\/57"}],"replies":[{"embeddable":true,"href":"https:\/\/www.directhealthcaregroup.com\/sv\/wp-json\/wp\/v2\/comments?post=185903"}],"version-history":[{"count":4,"href":"https:\/\/www.directhealthcaregroup.com\/sv\/wp-json\/wp\/v2\/pages\/185903\/revisions"}],"predecessor-version":[{"id":195239,"href":"https:\/\/www.directhealthcaregroup.com\/sv\/wp-json\/wp\/v2\/pages\/185903\/revisions\/195239"}],"wp:attachment":[{"href":"https:\/\/www.directhealthcaregroup.com\/sv\/wp-json\/wp\/v2\/media?parent=185903"}],"curies":[{"name":"wp","href":"https:\/\/api.w.org\/{rel}","templated":true}]}}