{"id":186714,"date":"2023-06-20T13:33:56","date_gmt":"2023-06-20T12:33:56","guid":{"rendered":"https:\/\/www.directhealthcaregroup.com\/?page_id=186714"},"modified":"2024-01-11T13:31:01","modified_gmt":"2024-01-11T13:31:01","slug":"se-proservetm","status":"publish","type":"page","link":"https:\/\/www.directhealthcaregroup.com\/sv\/se-proservetm\/","title":{"rendered":"SE &#8211; ProServeTM"},"content":{"rendered":"\n<style>\n\n\n.rental-container {\n  display: flex;\n  flex-wrap: wrap;\n  text-align: center;\n}\n\n.rental-container h3,.rental-container h4, .rental h4 {\n\tfont-family:'acumin-pro-extra-condensed';font-weight:700;margin-top:-.2em}\n\n\n}  \n\n .rental-container p.brodtext{\n  font-family:arial, sans-serif!important;font-weight: normal;line-height: 120%;margin-top:50px!important;display: block;}\n}\n\n.rental-hero-container{\n\ttext-align: center!important;\n\tbackground-color: #9cd4d6;\n\tmargin: 0px;\n\tpadding: 100px 0px!important;\n\tbox-sizing: border-box;\n\t\n}\n\n.rental-container .rental-item-three img.imagewidth {\ndisplay: inline-block;\n\n}\n\n.rental-item-left {\n  padding: 10% 0px  0px 15%;\n  flex: 50%;\n  text-align: left;\n}\n\n.rental-item-right {\n  padding: 10px;\n  flex: 50%;\n}\n\n.contactspace{margin:0px auto;width100%;max-width:700px!important;}\n\n.rental-item-three {\n  background-color: #f7f7f7;\n  padding: 20px 40px 20px 40px;\n  flex: 33%;\n}\n\n.rental-item-full {\n  background-color: #f7f7f7;\n  padding: 20px 40px 20px 40px;\n  flex:100%;\n  max-width: 800px;\n  margin: 0px auto;\n}\n\n.rental-item-four {\n  background-color: #fff;\n  padding: 40px 20px 40px 20px;\n  flex: 25%;\n}\n\n\n\/* Responsive layout - makes a one column-layout instead of a two-column layout *\/\n@media (max-width: 800px) {\n  .rental-item-right, .rental-item-left, .rental-item-three,.rental-item-four  {\n    flex: 100%;\n  }\n  .rental-item-left {\n  padding: 10% 5%  10% 5%;\n  flex: 100%;\n  text-align: center!important;\n}\n}\n\n\/* ENABLE FULL WIDTH *\/ \n\n.page-intro {\n    display: none;\n}\n.background--white.pt-5.pb-4 {\n    width: 100%!important;\n    max-width: none;\n    padding: 0px!important;\n}\n\n@media (min-width: 1200px){\n.background--white .container {\n    max-width: none!important;\n    padding: 0px!important;\n}\n}\n\n.wp-block-columns {\n    max-width: 800px!important;\n    margin: 0px auto;\n    padding: 20px;\n}\n<\/style>\n\n\n<div class=\"rental-hero-container\" style=\"text-align: center;background-color: #9cd4d6;\tpadding: 100px 20px!important;background-image: url('https:\/\/www.directhealthcaregroup.com\/app\/uploads\/TOP-BILD-SERVE.jpg');background-size: cover;background-position: center center;\">\n\t<img decoding=\"async\" src=\"https:\/\/www.directhealthcaregroup.com\/app\/uploads\/Pro-Serve-Transp.png\" class=\"imagewidth\" class=\"imagewidth\" style=\"width: 100%;max-width: 360px!important;\">\n<h1 class=\"heading-thick\" style=\"font-size: 4rem;\">Inspektion, underh\u00e5ll och reparation<\/h1><br>\n<h3 style=\"max-width: 800px;margin: 0px auto;\">Tj\u00e4nsten vi erbjuder hj\u00e4lper till att maximera er anv\u00e4ndning av utrustning, med s\u00e4krad tillg\u00e5ng till fungerade utrusning i r\u00e4tt tid. Vi planerar v\u00e5rt servicearbete i samarbete med er, s\u00e5 att ni kan fokusera p\u00e5 att uppn\u00e5 era kliniska m\u00e5l f\u00f6r patient och verksamhet.<\/h3>\n<\/div>\n\n\n<div class=\"rental-container\" style=\"padding:5% 2%;background-color: #f7f7f7;\">\n  <div class=\"rental-item-full\">\n\t<img decoding=\"async\" src=\"https:\/\/www.directhealthcaregroup.com\/app\/uploads\/Pro-Serve-Transp.png\" class=\"imagewidth\" style=\"width: 100%;max-width: 260px!important;\">\n\t  <br>\n\t  <h3 style=\"font-size: 2rem;\">Serviceavtal och Ad-hoc service<\/h3>\n <p>Vi erbjuder servicepaket med kundanpassade l\u00f6sningar till er organisation. Ad hoc-reparationer utan avtal \u00e4r ocks\u00e5 en m\u00f6jlighet.<\/p>\n\n\t  <h3 style=\"font-size: 2rem;\">Inspektion och underh\u00e5ll av madrasser<\/h3>\n\n\t  <p class=\"brodtext\">Skum \u00e5ldras och p\u00e5verkas av allt som ligger p\u00e5 madrassen, \u00e4ven av fukt som kan tr\u00e4nga in i skummet. F\u00f6r att kontrollera att skummet sviktar tillbaka \u00e4r det viktigt att utf\u00f6ra inspektion av madrasser regelbundet. Genom att utf\u00f6ra en regelbunden madrassinventering kan ni planera ink\u00f6p och service p\u00e5 ett mer effektivt s\u00e4tt. V\u00e5ra kunniga s\u00e4ljare hj\u00e4lper er g\u00e4rna med detta. Kontakta oss f\u00f6r att f\u00e5 veta vilka m\u00f6jligheter som finns f\u00f6r service och underh\u00e5ll.<\/p>\n\n\t  <h3 style=\"font-size: 2rem;\">Service med h\u00f6g kvalitet<\/h3>\n\t  <p class=\"brodtext\">Er utrustning \u00e4r i b\u00e4sta h\u00e4nder hos v\u00e5rt kvalificerade och erfarna underh\u00e5llsteam. Underh\u00e5llet utf\u00f6rs enligt riktlinjerna av tillverkaren och i enlighet med v\u00e5ra etablerade protokoll, s\u00e5 att er utrustning alltid \u00e4r i perfekt skick.<\/p>\n  <\/div>\n<\/div>\n\n\n<div class=\"rental-hero-container\" style=\"text-align: center;background-color: #fff;padding: 220px 20px!important;background-image: url('https:\/\/www.directhealthcaregroup.com\/app\/uploads\/DHG-DIVIDER-SECTION.jpg');background-size: cover;background-position: center center;\">\n<h2 class=\"heading-thick\" style=\"font-size: 4rem;\">Uppt\u00e4ck f\u00f6rdelarna med DHG <span style=\"color:#fff;\">Pro<\/span>Services&trade;<\/h2>\n<\/div>\n\n<div class=\"rental-container\" style=\"padding:0% 0%;\">\n\t  <div class=\"rental-item-three\" style=\"background-color:#9cd4d6;text-align: left!important;padding: 40px 20px;\"><h4 style=\"font-size: 1.8rem;\">F\u00f6rdelar med reng\u00f6ring och dekontaminering med DHG:<\/h4>\n\t  <br>\n\t  <ul>\n\t\t  <li>Minskar risken f\u00f6r korskontaminering. Bidrar till h\u00f6gre v\u00e5rdkvalitet.<\/li>\n\t\t  <li>Arbeta s\u00e4krare och effektivare med rena produkter.<\/li>\n\t\t  <li>V\u00e4sentlig f\u00f6rl\u00e4ngning av hj\u00e4lpmedlets livsl\u00e4ngd.<\/li>\n\t\t  <li>Avlastar v\u00e5rdpersonalen fr\u00e5n reng\u00f6ring, vilket ger mer tid till patientn\u00e4ra v\u00e5rd<\/li>.\n\t\t  <li>En effektiv och s\u00e4ker reng\u00f6ringsprocess som minimerar st\u00f6rningar i v\u00e5rdprocesser.<\/li>\n\t  <\/ul>\n\t  <\/div>\n\t  <div class=\"rental-item-three\" style=\"background-color:#f7f7f7;text-align: left!important;padding: 40px 20px;\"><h4 style=\"font-size: 1.8rem;\">F\u00f6rdelar med att hyra hj\u00e4lpmedel:<\/h4><br>\n\t\t  <ul>\n\t\t\t  <li>Flexibilitet, finns d\u00e4r n\u00e4r det beh\u00f6vs.<\/li>\n\t\t\t  <li>Garanterad kvalitet med rengjorda\/ dekontaminerade, kompletta och fungerande produkter.<\/li>\n\t\t\t  <li>Inga initiala investeringar kr\u00e4vs och ingen avskrivningsavgift tillkommer.<\/li>\n\t\t\t  <li>Inget\/mindre lagringsutrymme kr\u00e4vs och d\u00e4rmed l\u00e4gre lagringskostnader.<\/li>\n\t\t\t  <li>Ni slipper kostnader f\u00f6r underh\u00e5ll, reparationer och f\u00f6rs\u00e4kringar.<\/li>\n\t\t  <\/ul>\n\t  <\/div>\t\n\t  \n\t  <div class=\"rental-item-three\"  style=\"background-color:#9cd4d6;text-align: left!important;padding: 40px 20px;\">\n\t\t  <h4 style=\"font-size: 1.8rem;\">F\u00f6rdelarna med ProServe, r\u00e4tt underh\u00e5ll bidrar till:<\/h4><br>\n\t\t  <ul>\n\t\t\t  <li>F\u00f6rb\u00e4ttrad s\u00e4kerhet.<\/li>\n\t\t\t  <li>\u00d6kad livsl\u00e4ngd f\u00f6r produkter.<\/li>\n\t\t\t  <li>F\u00e4rre fel och driftstopp.<\/li>\n\t\t\t  <li>Mindre st\u00f6rningar under v\u00e5rdprocessen.<\/li>\n\t\t\t  <li>Sparar v\u00e4rdefull tid f\u00f6r v\u00e5rdpersonalen.<\/li>\n\t\t\t  <li>H\u00f6gre kvalitetsupplevelse f\u00f6r v\u00e5rdtagaren.<\/li>\n\t\t\t  <li>B\u00e4ttre arbetsmilj\u00f6 och upplevelse f\u00f6r v\u00e5rdgivaren.<\/li>\n\t\t\t  <li>En mer h\u00e5llbar och kostnadseffektiv resurspolitik.<\/li>\n\t\t  <\/ul>\n\t  <\/div>\t\n<\/div>\n\n<div class=\"rental\" style=\"padding:5% 5%;text-align: center;\">\n\n<h4 style=\"color:#38b6ac;font-size: 4rem;\">\u00c4r du nyfiken p\u00e5 vad DHG Pro<span style=\"color:#222!important;\">Services<\/span>&trade; kan g\u00f6ra f\u00f6r din organisation?<\/h4>\n<br>\n<p>Kontakta oss g\u00e4rna. Detta kan g\u00f6ras via formul\u00e4ret nedan, eller via telefon &amp; email.<\/p>\n<p>\u00d6ppettider: m\u00e5ndag-fredag 08.00-16.30<br>\n<br>\nKontakta kundservice p\u00e5:\n<br>\nT: 08-557 62 200<br>\nF: 08-557 62 299<br>\n<a href=\"mailto:info.se@directhealthcaregroup.com\">info.se@directhealthcaregroup.com<\/a><br>\n<\/p>\n<p>F\u00f6r order:<br>\n<a href=\"mailto:order.se@directhealthcaregroup.com\">order.se@directhealthcaregroup.com<\/a>\n<\/p>\n<\/div>\n\n\n\n<div class=\"wp-block-columns is-layout-flex wp-container-core-columns-is-layout-9d6595d7 wp-block-columns-is-layout-flex\">\n<div class=\"wp-block-column is-layout-flow wp-block-column-is-layout-flow\" style=\"flex-basis:100%\"><form method=\"post\" enctype=\"multipart\/form-data\" id=\"vfbp-form-66\" class=\"vfbp-form\"><div style=\"display:none;\"><label for=\"vfbp-EMAIL-AN8fuQyoDLXem\">If you are human, leave this field blank.<\/label><input size=\"25\" autocomplete=\"off\" type=\"text\" name=\"vfbp-EMAIL-AN8fuQyoDLXem\" value=\"\" id=\"\"><\/div><input type=\"hidden\" name=\"_vfb-timestamp-66\" value=\"1775395605\" id=\"\"><input type=\"hidden\" name=\"_vfb-form-id\" value=\"66\" id=\"\"><div class=\"vfb-form-group vfb-col-12\"><div><div class=\"\">ProServices Kontaktformul\u00e4r<\/div><\/div><\/div><div class=\"vfb-col-12 vfb-fieldType-heading\" id=\"vfbField693\"><\/div><div class=\"vfb-clearfix\"><\/div><div class=\"vfb-col-12 vfb-fieldType-name\" id=\"vfbField688\"><div class=\"vfb-form-group\"><label for=\"vfb-field-688\" class=\"vfb-control-label\">Namn <span class=\"vfb-required-asterisk\">*<\/span><\/label><div class=\"vfb-name-block\"><div class=\"vfb-form-group\"><div class=\"vfb-col-6\"><input id=\"vfb-field-688-first\" class=\"vfb-form-control vfb-namepart-first\" placeholder=\"First\" required=\"required\" type=\"text\" name=\"vfb-field-688[first]\"><\/div><\/div><div class=\"vfb-form-group\"><div class=\"vfb-col-6\"><input id=\"vfb-field-688-last\" class=\"vfb-form-control vfb-namepart-last\" placeholder=\"Last\" required=\"required\" type=\"text\" name=\"vfb-field-688[last]\"><\/div><\/div><\/div><\/div><\/div><div class=\"vfb-clearfix\"><\/div><div class=\"vfb-col-12 vfb-fieldType-email\" id=\"vfbField689\"><div class=\"vfb-form-group\"><label for=\"vfb-field-689\" class=\"vfb-control-label\">E-post <span class=\"vfb-required-asterisk\">*<\/span><\/label><div><input id=\"vfb-field-689\" class=\"vfb-form-control\" placeholder=\"\" required=\"required\" type=\"email\" name=\"vfb-field-689\" value=\"\"><\/div><\/div><\/div><div class=\"vfb-clearfix\"><\/div><div class=\"vfb-col-12 vfb-fieldType-phone\" id=\"vfbField691\"><div class=\"vfb-form-group\"><label for=\"vfb-field-691\" class=\"vfb-control-label\">Telefon<\/label><div><input id=\"vfb-field-691\" class=\"vfb-form-control vfb-intl-phone\" placeholder=\"\" data-default-country=\"se\" type=\"tel\" name=\"vfb-field-691\" value=\"\"><\/div><\/div><\/div><div class=\"vfb-clearfix\"><\/div><div class=\"vfb-col-12 vfb-fieldType-text\" id=\"vfbField692\"><div class=\"vfb-form-group\"><label for=\"vfb-field-692\" class=\"vfb-control-label\">Organisation <span class=\"vfb-required-asterisk\">*<\/span><\/label><div><input id=\"vfb-field-692\" class=\"vfb-form-control\" placeholder=\"\" required=\"required\" type=\"text\" name=\"vfb-field-692\" value=\"\"><\/div><\/div><\/div><div class=\"vfb-clearfix\"><\/div><div class=\"vfb-col-12 vfb-fieldType-text\" id=\"vfbField694\"><div class=\"vfb-form-group\"><label for=\"vfb-field-694\" class=\"vfb-control-label\">Funktion<\/label><div><input id=\"vfb-field-694\" class=\"vfb-form-control\" placeholder=\"\" type=\"text\" name=\"vfb-field-694\" value=\"\"><\/div><\/div><\/div><div class=\"vfb-clearfix\"><\/div><div class=\"vfb-col-12 vfb-fieldType-textarea\" id=\"vfbField695\"><div class=\"vfb-form-group\"><label for=\"vfb-field-695\" class=\"vfb-control-label\">Beskriv din f\u00f6rfr\u00e5gan <span class=\"vfb-required-asterisk\">*<\/span><\/label><div><textarea id=\"vfb-field-695\" class=\"vfb-form-control\" placeholder=\"\" required=\"required\" rows=\"10\" name=\"vfb-field-695\" cols=\"50\"><\/textarea><\/div><\/div><\/div><div class=\"vfb-clearfix\"><\/div><div class=\"vfb-col-12 vfb-fieldType-captcha\" id=\"vfbField696\"><div class=\"vfb-form-group\"><label for=\"vfb-field-696\" class=\"vfb-control-label\">Captcha <span class=\"vfb-required-asterisk\">*<\/span><\/label><div><div class=\"g-recaptcha\" data-sitekey=\"6Lfc0kAUAAAAAOgERC8Nz_WDk04iHzeuBoPDPe7i\"><\/div><input type=\"hidden\" name=\"_vfb_recaptcha_enabled\" value=\"1\" id=\"\"><div class=\"vfb-has-error\" id=\"vfb-recaptcha-error\"><span class=\"vfb-help-block\">reCAPTCHA kr\u00e4vs.<\/span><\/div><\/div><\/div><\/div><div class=\"vfb-clearfix\"><\/div><div class=\"vfb-col-12 vfb-fieldType-submit\" id=\"vfbField697\"><button id=\"vfb-field-697\" class=\" btn btn-primary\" placeholder=\"\" type=\"submit\" name=\"_vfb-submit\">Skicka<\/button><\/div><div class=\"vfb-clearfix\"><\/div><\/form>\n<\/div>\n\n\n\n<div class=\"wp-block-column is-layout-flow wp-block-column-is-layout-flow\"><\/div>\n<\/div>\n","protected":false},"excerpt":{"rendered":"<p>Inspektion, underh\u00e5ll och reparation Tj\u00e4nsten vi erbjuder hj\u00e4lper till att maximera er anv\u00e4ndning av utrustning, med s\u00e4krad tillg\u00e5ng till fungerade utrusning i r\u00e4tt tid. Vi planerar v\u00e5rt servicearbete i samarbete med er, s\u00e5 att ni kan fokusera p\u00e5 att uppn\u00e5 era kliniska m\u00e5l f\u00f6r patient och verksamhet. Serviceavtal och Ad-hoc service Vi erbjuder servicepaket med &hellip; <a href=\"https:\/\/www.directhealthcaregroup.com\/sv\/se-proservetm\/\">Continued<\/a><\/p>\n","protected":false},"author":57,"featured_media":0,"parent":0,"menu_order":0,"comment_status":"closed","ping_status":"closed","template":"","meta":{"_acf_changed":false,"footnotes":""},"class_list":["post-186714","page","type-page","status-publish","hentry"],"acf":[],"yoast_head":"<!-- This site is optimized with the Yoast SEO plugin v26.6 - https:\/\/yoast.com\/wordpress\/plugins\/seo\/ -->\n<title>SE - ProServeTM | DHG<\/title>\n<meta name=\"robots\" content=\"index, follow, max-snippet:-1, max-image-preview:large, max-video-preview:-1\" \/>\n<link rel=\"canonical\" href=\"https:\/\/www.directhealthcaregroup.com\/sv\/se-proservetm\/\" \/>\n<meta property=\"og:locale\" content=\"sv_SE\" \/>\n<meta property=\"og:type\" content=\"article\" \/>\n<meta property=\"og:title\" content=\"SE - ProServeTM | DHG\" \/>\n<meta property=\"og:description\" content=\"Inspektion, underh\u00e5ll och reparation Tj\u00e4nsten vi erbjuder hj\u00e4lper till att maximera er anv\u00e4ndning av utrustning, med s\u00e4krad tillg\u00e5ng till fungerade utrusning i r\u00e4tt tid. Vi planerar v\u00e5rt servicearbete i samarbete med er, s\u00e5 att ni kan fokusera p\u00e5 att uppn\u00e5 era kliniska m\u00e5l f\u00f6r patient och verksamhet. Serviceavtal och Ad-hoc service Vi erbjuder servicepaket med &hellip; Continued\" \/>\n<meta property=\"og:url\" content=\"https:\/\/www.directhealthcaregroup.com\/sv\/se-proservetm\/\" \/>\n<meta property=\"og:site_name\" content=\"DHG\" \/>\n<meta property=\"article:modified_time\" content=\"2024-01-11T13:31:01+00:00\" \/>\n<meta property=\"og:image\" content=\"https:\/\/www.directhealthcaregroup.com\/app\/uploads\/Pro-Serve-Transp.png\" \/>\n<meta name=\"twitter:card\" content=\"summary_large_image\" \/>\n<meta name=\"twitter:label1\" content=\"Est. reading time\" \/>\n\t<meta name=\"twitter:data1\" content=\"2 minutes\" \/>\n<script type=\"application\/ld+json\" class=\"yoast-schema-graph\">{\"@context\":\"https:\/\/schema.org\",\"@graph\":[{\"@type\":\"WebPage\",\"@id\":\"https:\/\/www.directhealthcaregroup.com\/sv\/se-proservetm\/\",\"url\":\"https:\/\/www.directhealthcaregroup.com\/sv\/se-proservetm\/\",\"name\":\"SE - ProServeTM | DHG\",\"isPartOf\":{\"@id\":\"https:\/\/www.directhealthcaregroup.com\/#website\"},\"primaryImageOfPage\":{\"@id\":\"https:\/\/www.directhealthcaregroup.com\/sv\/se-proservetm\/#primaryimage\"},\"image\":{\"@id\":\"https:\/\/www.directhealthcaregroup.com\/sv\/se-proservetm\/#primaryimage\"},\"thumbnailUrl\":\"https:\/\/www.directhealthcaregroup.com\/app\/uploads\/Pro-Serve-Transp.png\",\"datePublished\":\"2023-06-20T12:33:56+00:00\",\"dateModified\":\"2024-01-11T13:31:01+00:00\",\"breadcrumb\":{\"@id\":\"https:\/\/www.directhealthcaregroup.com\/sv\/se-proservetm\/#breadcrumb\"},\"inLanguage\":\"sv-SE\",\"potentialAction\":[{\"@type\":\"ReadAction\",\"target\":[\"https:\/\/www.directhealthcaregroup.com\/sv\/se-proservetm\/\"]}]},{\"@type\":\"ImageObject\",\"inLanguage\":\"sv-SE\",\"@id\":\"https:\/\/www.directhealthcaregroup.com\/sv\/se-proservetm\/#primaryimage\",\"url\":\"https:\/\/www.directhealthcaregroup.com\/app\/uploads\/Pro-Serve-Transp.png\",\"contentUrl\":\"https:\/\/www.directhealthcaregroup.com\/app\/uploads\/Pro-Serve-Transp.png\"},{\"@type\":\"BreadcrumbList\",\"@id\":\"https:\/\/www.directhealthcaregroup.com\/sv\/se-proservetm\/#breadcrumb\",\"itemListElement\":[{\"@type\":\"ListItem\",\"position\":1,\"name\":\"Home\",\"item\":\"https:\/\/www.directhealthcaregroup.com\/sv\/\"},{\"@type\":\"ListItem\",\"position\":2,\"name\":\"SE &#8211; ProServeTM\"}]},{\"@type\":\"WebSite\",\"@id\":\"https:\/\/www.directhealthcaregroup.com\/#website\",\"url\":\"https:\/\/www.directhealthcaregroup.com\/\",\"name\":\"DHG\",\"description\":\"Moving Health Forward\",\"publisher\":{\"@id\":\"https:\/\/www.directhealthcaregroup.com\/#organization\"},\"potentialAction\":[{\"@type\":\"SearchAction\",\"target\":{\"@type\":\"EntryPoint\",\"urlTemplate\":\"https:\/\/www.directhealthcaregroup.com\/?s={search_term_string}\"},\"query-input\":{\"@type\":\"PropertyValueSpecification\",\"valueRequired\":true,\"valueName\":\"search_term_string\"}}],\"inLanguage\":\"sv-SE\"},{\"@type\":\"Organization\",\"@id\":\"https:\/\/www.directhealthcaregroup.com\/#organization\",\"name\":\"Direct Healthcare Group\",\"url\":\"https:\/\/www.directhealthcaregroup.com\/\",\"logo\":{\"@type\":\"ImageObject\",\"inLanguage\":\"sv-SE\",\"@id\":\"https:\/\/www.directhealthcaregroup.com\/#\/schema\/logo\/image\/\",\"url\":\"https:\/\/directhealthcaregroup.com\/app\/uploads\/dhg-logo.png\",\"contentUrl\":\"https:\/\/directhealthcaregroup.com\/app\/uploads\/dhg-logo.png\",\"width\":556,\"height\":240,\"caption\":\"Direct Healthcare Group\"},\"image\":{\"@id\":\"https:\/\/www.directhealthcaregroup.com\/#\/schema\/logo\/image\/\"}}]}<\/script>\n<!-- \/ Yoast SEO plugin. -->","yoast_head_json":{"title":"SE - ProServeTM | DHG","robots":{"index":"index","follow":"follow","max-snippet":"max-snippet:-1","max-image-preview":"max-image-preview:large","max-video-preview":"max-video-preview:-1"},"canonical":"https:\/\/www.directhealthcaregroup.com\/sv\/se-proservetm\/","og_locale":"sv_SE","og_type":"article","og_title":"SE - ProServeTM | DHG","og_description":"Inspektion, underh\u00e5ll och reparation Tj\u00e4nsten vi erbjuder hj\u00e4lper till att maximera er anv\u00e4ndning av utrustning, med s\u00e4krad tillg\u00e5ng till fungerade utrusning i r\u00e4tt tid. Vi planerar v\u00e5rt servicearbete i samarbete med er, s\u00e5 att ni kan fokusera p\u00e5 att uppn\u00e5 era kliniska m\u00e5l f\u00f6r patient och verksamhet. Serviceavtal och Ad-hoc service Vi erbjuder servicepaket med &hellip; Continued","og_url":"https:\/\/www.directhealthcaregroup.com\/sv\/se-proservetm\/","og_site_name":"DHG","article_modified_time":"2024-01-11T13:31:01+00:00","og_image":[{"url":"https:\/\/www.directhealthcaregroup.com\/app\/uploads\/Pro-Serve-Transp.png","type":"","width":"","height":""}],"twitter_card":"summary_large_image","twitter_misc":{"Est. reading time":"2 minutes"},"schema":{"@context":"https:\/\/schema.org","@graph":[{"@type":"WebPage","@id":"https:\/\/www.directhealthcaregroup.com\/sv\/se-proservetm\/","url":"https:\/\/www.directhealthcaregroup.com\/sv\/se-proservetm\/","name":"SE - ProServeTM | DHG","isPartOf":{"@id":"https:\/\/www.directhealthcaregroup.com\/#website"},"primaryImageOfPage":{"@id":"https:\/\/www.directhealthcaregroup.com\/sv\/se-proservetm\/#primaryimage"},"image":{"@id":"https:\/\/www.directhealthcaregroup.com\/sv\/se-proservetm\/#primaryimage"},"thumbnailUrl":"https:\/\/www.directhealthcaregroup.com\/app\/uploads\/Pro-Serve-Transp.png","datePublished":"2023-06-20T12:33:56+00:00","dateModified":"2024-01-11T13:31:01+00:00","breadcrumb":{"@id":"https:\/\/www.directhealthcaregroup.com\/sv\/se-proservetm\/#breadcrumb"},"inLanguage":"sv-SE","potentialAction":[{"@type":"ReadAction","target":["https:\/\/www.directhealthcaregroup.com\/sv\/se-proservetm\/"]}]},{"@type":"ImageObject","inLanguage":"sv-SE","@id":"https:\/\/www.directhealthcaregroup.com\/sv\/se-proservetm\/#primaryimage","url":"https:\/\/www.directhealthcaregroup.com\/app\/uploads\/Pro-Serve-Transp.png","contentUrl":"https:\/\/www.directhealthcaregroup.com\/app\/uploads\/Pro-Serve-Transp.png"},{"@type":"BreadcrumbList","@id":"https:\/\/www.directhealthcaregroup.com\/sv\/se-proservetm\/#breadcrumb","itemListElement":[{"@type":"ListItem","position":1,"name":"Home","item":"https:\/\/www.directhealthcaregroup.com\/sv\/"},{"@type":"ListItem","position":2,"name":"SE &#8211; ProServeTM"}]},{"@type":"WebSite","@id":"https:\/\/www.directhealthcaregroup.com\/#website","url":"https:\/\/www.directhealthcaregroup.com\/","name":"DHG","description":"Moving Health Forward","publisher":{"@id":"https:\/\/www.directhealthcaregroup.com\/#organization"},"potentialAction":[{"@type":"SearchAction","target":{"@type":"EntryPoint","urlTemplate":"https:\/\/www.directhealthcaregroup.com\/?s={search_term_string}"},"query-input":{"@type":"PropertyValueSpecification","valueRequired":true,"valueName":"search_term_string"}}],"inLanguage":"sv-SE"},{"@type":"Organization","@id":"https:\/\/www.directhealthcaregroup.com\/#organization","name":"Direct Healthcare Group","url":"https:\/\/www.directhealthcaregroup.com\/","logo":{"@type":"ImageObject","inLanguage":"sv-SE","@id":"https:\/\/www.directhealthcaregroup.com\/#\/schema\/logo\/image\/","url":"https:\/\/directhealthcaregroup.com\/app\/uploads\/dhg-logo.png","contentUrl":"https:\/\/directhealthcaregroup.com\/app\/uploads\/dhg-logo.png","width":556,"height":240,"caption":"Direct Healthcare Group"},"image":{"@id":"https:\/\/www.directhealthcaregroup.com\/#\/schema\/logo\/image\/"}}]}},"_links":{"self":[{"href":"https:\/\/www.directhealthcaregroup.com\/sv\/wp-json\/wp\/v2\/pages\/186714","targetHints":{"allow":["GET"]}}],"collection":[{"href":"https:\/\/www.directhealthcaregroup.com\/sv\/wp-json\/wp\/v2\/pages"}],"about":[{"href":"https:\/\/www.directhealthcaregroup.com\/sv\/wp-json\/wp\/v2\/types\/page"}],"author":[{"embeddable":true,"href":"https:\/\/www.directhealthcaregroup.com\/sv\/wp-json\/wp\/v2\/users\/57"}],"replies":[{"embeddable":true,"href":"https:\/\/www.directhealthcaregroup.com\/sv\/wp-json\/wp\/v2\/comments?post=186714"}],"version-history":[{"count":7,"href":"https:\/\/www.directhealthcaregroup.com\/sv\/wp-json\/wp\/v2\/pages\/186714\/revisions"}],"predecessor-version":[{"id":195238,"href":"https:\/\/www.directhealthcaregroup.com\/sv\/wp-json\/wp\/v2\/pages\/186714\/revisions\/195238"}],"wp:attachment":[{"href":"https:\/\/www.directhealthcaregroup.com\/sv\/wp-json\/wp\/v2\/media?parent=186714"}],"curies":[{"name":"wp","href":"https:\/\/api.w.org\/{rel}","templated":true}]}}